{"id":16731,"date":"2026-03-23T18:19:22","date_gmt":"2026-03-23T17:19:22","guid":{"rendered":"https:\/\/frenkylewis.com\/?post_type=product&#038;p=16731"},"modified":"2026-03-23T18:20:25","modified_gmt":"2026-03-23T17:20:25","slug":"shampoing-sec-spray-conditionneur-naturel-kopie-kopie-kopie-kopie","status":"publish","type":"product","link":"https:\/\/frenkylewis.com\/fr\/p\/shampoing-sec-spray-conditionneur-naturel-kopie-kopie-kopie-kopie\/","title":{"rendered":"Shampoing Sec &#038; Spray Conditionneur Naturel (kopie) (kopie) (kopie) (kopie)"},"content":{"rendered":"<p>Chaud, bois\u00e9 et riche est la meilleure description de ce parfum. La combinaison de Th\u00e9 Vert, Bergamote &amp; Ch\u00eane vous transporte dans une for\u00eat automnale parfum\u00e9e. Laissez-vous emporter par les arbres ancestraux avec ce parfum classique.<\/p>\n<p>Plus de produits avec ce parfum Noble Woods ? D\u00e9couvrez toute la ligne ! Vous trouverez ici notre <a href=\"https:\/\/frenkylewis.com\/fr\/p\/barre-de-shampoing-naturelle-pour-chien-chene-noir-cedre-pins-fr\/\">barre de shampoing<\/a>, <a href=\"https:\/\/frenkylewis.com\/fr\/p\/shampoing-naturel-pour-chien-200ml-the-vert-bergamote-fr\/\">shampoing<\/a> et <a href=\"https:\/\/frenkylewis.com\/fr\/p\/shampoing-sec-spray-conditionneur-naturel-150ml-the-vert-bergamote-fr\/\">apr\u00e8s-shampoing<\/a> au Th\u00e9 Vert, Bergamote &amp; Ch\u00eane.<\/p>\n","protected":false},"excerpt":{"rendered":"<p>Notes olfactives : ch\u00eane noir, c\u00e8dre &amp; pins. Doux pour le nez du chien : peu de tons doux et acides.<\/p>\n","protected":false},"featured_media":16735,"comment_status":"closed","ping_status":"closed","template":"","meta":{"_acf_changed":false,"_monsterinsights_skip_tracking":false,"_monsterinsights_sitenote_active":false,"_monsterinsights_sitenote_note":"","_monsterinsights_sitenote_category":0},"product_brand":[],"product_cat":[278,264],"product_tag":[],"class_list":{"0":"post-16731","1":"product","2":"type-product","3":"status-publish","4":"has-post-thumbnail","6":"product_cat-pure-hypo","7":"product_cat-spray-pour-pelage","8":"product_shipping_class-verzorgingsproducten","10":"first","11":"outofstock","12":"taxable","13":"shipping-taxable","14":"purchasable","15":"product-type-simple"},"acf":[],"yoast_head":"<!-- This site is optimized with the Yoast SEO plugin v26.9 - https:\/\/yoast.com\/product\/yoast-seo-wordpress\/ -->\n<title>Shampoing Sec &amp; Spray Conditionneur Naturel (kopie) (kopie) (kopie) (kopie) - Frenky Lewis<\/title>\n<meta name=\"robots\" content=\"index, follow, max-snippet:-1, max-image-preview:large, max-video-preview:-1\" \/>\n<link rel=\"canonical\" href=\"https:\/\/frenkylewis.com\/fr\/p\/shampoing-sec-spray-conditionneur-naturel-kopie-kopie-kopie-kopie\/\" \/>\n<meta property=\"og:locale\" content=\"fr_FR\" \/>\n<meta property=\"og:type\" content=\"article\" \/>\n<meta property=\"og:title\" content=\"Shampoing Sec &amp; Spray Conditionneur Naturel (kopie) (kopie) (kopie) (kopie) - Frenky Lewis\" \/>\n<meta property=\"og:description\" content=\"Notes olfactives : ch\u00eane noir, c\u00e8dre &amp; pins. Doux pour le nez du chien : peu de tons doux et acides.\" \/>\n<meta property=\"og:url\" content=\"https:\/\/frenkylewis.com\/fr\/p\/shampoing-sec-spray-conditionneur-naturel-kopie-kopie-kopie-kopie\/\" \/>\n<meta property=\"og:site_name\" content=\"Frenky Lewis\" \/>\n<meta property=\"article:modified_time\" content=\"2026-03-23T17:20:25+00:00\" \/>\n<meta property=\"og:image\" content=\"https:\/\/frenkylewis.com\/wp-content\/uploads\/2022\/08\/logo-black.png\" \/>\n<meta name=\"twitter:card\" content=\"summary_large_image\" \/>\n<script type=\"application\/ld+json\" class=\"yoast-schema-graph\">{\"@context\":\"https:\/\/schema.org\",\"@graph\":[{\"@type\":\"WebPage\",\"@id\":\"https:\/\/frenkylewis.com\/fr\/p\/shampoing-sec-spray-conditionneur-naturel-kopie-kopie-kopie-kopie\/\",\"url\":\"https:\/\/frenkylewis.com\/fr\/p\/shampoing-sec-spray-conditionneur-naturel-kopie-kopie-kopie-kopie\/\",\"name\":\"Shampoing Sec & Spray Conditionneur Naturel (kopie) (kopie) (kopie) (kopie) - Frenky Lewis\",\"isPartOf\":{\"@id\":\"https:\/\/frenkylewis.com\/#website\"},\"primaryImageOfPage\":{\"@id\":\"https:\/\/frenkylewis.com\/fr\/p\/shampoing-sec-spray-conditionneur-naturel-kopie-kopie-kopie-kopie\/#primaryimage\"},\"image\":{\"@id\":\"https:\/\/frenkylewis.com\/fr\/p\/shampoing-sec-spray-conditionneur-naturel-kopie-kopie-kopie-kopie\/#primaryimage\"},\"thumbnailUrl\":\"https:\/\/frenkylewis.com\/wp-content\/uploads\/2026\/03\/Frenky-lewisproducten-Coatspray-vierkant.png\",\"datePublished\":\"2026-03-23T17:19:22+00:00\",\"dateModified\":\"2026-03-23T17:20:25+00:00\",\"breadcrumb\":{\"@id\":\"https:\/\/frenkylewis.com\/fr\/p\/shampoing-sec-spray-conditionneur-naturel-kopie-kopie-kopie-kopie\/#breadcrumb\"},\"inLanguage\":\"fr-FR\",\"potentialAction\":[{\"@type\":\"ReadAction\",\"target\":[\"https:\/\/frenkylewis.com\/fr\/p\/shampoing-sec-spray-conditionneur-naturel-kopie-kopie-kopie-kopie\/\"]}]},{\"@type\":\"ImageObject\",\"inLanguage\":\"fr-FR\",\"@id\":\"https:\/\/frenkylewis.com\/fr\/p\/shampoing-sec-spray-conditionneur-naturel-kopie-kopie-kopie-kopie\/#primaryimage\",\"url\":\"https:\/\/frenkylewis.com\/wp-content\/uploads\/2026\/03\/Frenky-lewisproducten-Coatspray-vierkant.png\",\"contentUrl\":\"https:\/\/frenkylewis.com\/wp-content\/uploads\/2026\/03\/Frenky-lewisproducten-Coatspray-vierkant.png\",\"width\":1240,\"height\":1240},{\"@type\":\"BreadcrumbList\",\"@id\":\"https:\/\/frenkylewis.com\/fr\/p\/shampoing-sec-spray-conditionneur-naturel-kopie-kopie-kopie-kopie\/#breadcrumb\",\"itemListElement\":[{\"@type\":\"ListItem\",\"position\":1,\"name\":\"Home\",\"item\":\"https:\/\/frenkylewis.com\/\"},{\"@type\":\"ListItem\",\"position\":2,\"name\":\"Boutique\",\"item\":\"https:\/\/frenkylewis.com\/fr\/boutique\/\"},{\"@type\":\"ListItem\",\"position\":3,\"name\":\"Shampoing Sec &#038; Spray Conditionneur Naturel (kopie) (kopie) (kopie) (kopie)\"}]},{\"@type\":\"WebSite\",\"@id\":\"https:\/\/frenkylewis.com\/#website\",\"url\":\"https:\/\/frenkylewis.com\/\",\"name\":\"Frenky Lewis\",\"description\":\"100% natural dogcare\",\"publisher\":{\"@id\":\"https:\/\/frenkylewis.com\/#organization\"},\"potentialAction\":[{\"@type\":\"SearchAction\",\"target\":{\"@type\":\"EntryPoint\",\"urlTemplate\":\"https:\/\/frenkylewis.com\/?s={search_term_string}\"},\"query-input\":{\"@type\":\"PropertyValueSpecification\",\"valueRequired\":true,\"valueName\":\"search_term_string\"}}],\"inLanguage\":\"fr-FR\"},{\"@type\":\"Organization\",\"@id\":\"https:\/\/frenkylewis.com\/#organization\",\"name\":\"Frenky Lewis\",\"url\":\"https:\/\/frenkylewis.com\/\",\"logo\":{\"@type\":\"ImageObject\",\"inLanguage\":\"fr-FR\",\"@id\":\"https:\/\/frenkylewis.com\/#\/schema\/logo\/image\/\",\"url\":\"https:\/\/frenkylewis.com\/wp-content\/uploads\/2022\/08\/logo-black.png\",\"contentUrl\":\"https:\/\/frenkylewis.com\/wp-content\/uploads\/2022\/08\/logo-black.png\",\"width\":2607,\"height\":661,\"caption\":\"Frenky Lewis\"},\"image\":{\"@id\":\"https:\/\/frenkylewis.com\/#\/schema\/logo\/image\/\"}}]}<\/script>\n<!-- \/ Yoast SEO plugin. -->","yoast_head_json":{"title":"Shampoing Sec & Spray Conditionneur Naturel (kopie) (kopie) (kopie) (kopie) - Frenky Lewis","robots":{"index":"index","follow":"follow","max-snippet":"max-snippet:-1","max-image-preview":"max-image-preview:large","max-video-preview":"max-video-preview:-1"},"canonical":"https:\/\/frenkylewis.com\/fr\/p\/shampoing-sec-spray-conditionneur-naturel-kopie-kopie-kopie-kopie\/","og_locale":"fr_FR","og_type":"article","og_title":"Shampoing Sec & Spray Conditionneur Naturel (kopie) (kopie) (kopie) (kopie) - Frenky Lewis","og_description":"Notes olfactives : ch\u00eane noir, c\u00e8dre &amp; pins. Doux pour le nez du chien : peu de tons doux et acides.","og_url":"https:\/\/frenkylewis.com\/fr\/p\/shampoing-sec-spray-conditionneur-naturel-kopie-kopie-kopie-kopie\/","og_site_name":"Frenky Lewis","article_modified_time":"2026-03-23T17:20:25+00:00","og_image":[{"url":"https:\/\/frenkylewis.com\/wp-content\/uploads\/2022\/08\/logo-black.png","type":"","width":"","height":""}],"twitter_card":"summary_large_image","schema":{"@context":"https:\/\/schema.org","@graph":[{"@type":"WebPage","@id":"https:\/\/frenkylewis.com\/fr\/p\/shampoing-sec-spray-conditionneur-naturel-kopie-kopie-kopie-kopie\/","url":"https:\/\/frenkylewis.com\/fr\/p\/shampoing-sec-spray-conditionneur-naturel-kopie-kopie-kopie-kopie\/","name":"Shampoing Sec & Spray Conditionneur Naturel (kopie) (kopie) (kopie) (kopie) - Frenky Lewis","isPartOf":{"@id":"https:\/\/frenkylewis.com\/#website"},"primaryImageOfPage":{"@id":"https:\/\/frenkylewis.com\/fr\/p\/shampoing-sec-spray-conditionneur-naturel-kopie-kopie-kopie-kopie\/#primaryimage"},"image":{"@id":"https:\/\/frenkylewis.com\/fr\/p\/shampoing-sec-spray-conditionneur-naturel-kopie-kopie-kopie-kopie\/#primaryimage"},"thumbnailUrl":"https:\/\/frenkylewis.com\/wp-content\/uploads\/2026\/03\/Frenky-lewisproducten-Coatspray-vierkant.png","datePublished":"2026-03-23T17:19:22+00:00","dateModified":"2026-03-23T17:20:25+00:00","breadcrumb":{"@id":"https:\/\/frenkylewis.com\/fr\/p\/shampoing-sec-spray-conditionneur-naturel-kopie-kopie-kopie-kopie\/#breadcrumb"},"inLanguage":"fr-FR","potentialAction":[{"@type":"ReadAction","target":["https:\/\/frenkylewis.com\/fr\/p\/shampoing-sec-spray-conditionneur-naturel-kopie-kopie-kopie-kopie\/"]}]},{"@type":"ImageObject","inLanguage":"fr-FR","@id":"https:\/\/frenkylewis.com\/fr\/p\/shampoing-sec-spray-conditionneur-naturel-kopie-kopie-kopie-kopie\/#primaryimage","url":"https:\/\/frenkylewis.com\/wp-content\/uploads\/2026\/03\/Frenky-lewisproducten-Coatspray-vierkant.png","contentUrl":"https:\/\/frenkylewis.com\/wp-content\/uploads\/2026\/03\/Frenky-lewisproducten-Coatspray-vierkant.png","width":1240,"height":1240},{"@type":"BreadcrumbList","@id":"https:\/\/frenkylewis.com\/fr\/p\/shampoing-sec-spray-conditionneur-naturel-kopie-kopie-kopie-kopie\/#breadcrumb","itemListElement":[{"@type":"ListItem","position":1,"name":"Home","item":"https:\/\/frenkylewis.com\/"},{"@type":"ListItem","position":2,"name":"Boutique","item":"https:\/\/frenkylewis.com\/fr\/boutique\/"},{"@type":"ListItem","position":3,"name":"Shampoing Sec &#038; Spray Conditionneur Naturel (kopie) (kopie) (kopie) (kopie)"}]},{"@type":"WebSite","@id":"https:\/\/frenkylewis.com\/#website","url":"https:\/\/frenkylewis.com\/","name":"Frenky Lewis","description":"100% natural dogcare","publisher":{"@id":"https:\/\/frenkylewis.com\/#organization"},"potentialAction":[{"@type":"SearchAction","target":{"@type":"EntryPoint","urlTemplate":"https:\/\/frenkylewis.com\/?s={search_term_string}"},"query-input":{"@type":"PropertyValueSpecification","valueRequired":true,"valueName":"search_term_string"}}],"inLanguage":"fr-FR"},{"@type":"Organization","@id":"https:\/\/frenkylewis.com\/#organization","name":"Frenky Lewis","url":"https:\/\/frenkylewis.com\/","logo":{"@type":"ImageObject","inLanguage":"fr-FR","@id":"https:\/\/frenkylewis.com\/#\/schema\/logo\/image\/","url":"https:\/\/frenkylewis.com\/wp-content\/uploads\/2022\/08\/logo-black.png","contentUrl":"https:\/\/frenkylewis.com\/wp-content\/uploads\/2022\/08\/logo-black.png","width":2607,"height":661,"caption":"Frenky Lewis"},"image":{"@id":"https:\/\/frenkylewis.com\/#\/schema\/logo\/image\/"}}]}},"_links":{"self":[{"href":"https:\/\/frenkylewis.com\/fr\/wp-json\/wp\/v2\/product\/16731","targetHints":{"allow":["GET"]}}],"collection":[{"href":"https:\/\/frenkylewis.com\/fr\/wp-json\/wp\/v2\/product"}],"about":[{"href":"https:\/\/frenkylewis.com\/fr\/wp-json\/wp\/v2\/types\/product"}],"replies":[{"embeddable":true,"href":"https:\/\/frenkylewis.com\/fr\/wp-json\/wp\/v2\/comments?post=16731"}],"wp:featuredmedia":[{"embeddable":true,"href":"https:\/\/frenkylewis.com\/fr\/wp-json\/wp\/v2\/media\/16735"}],"wp:attachment":[{"href":"https:\/\/frenkylewis.com\/fr\/wp-json\/wp\/v2\/media?parent=16731"}],"wp:term":[{"taxonomy":"product_brand","embeddable":true,"href":"https:\/\/frenkylewis.com\/fr\/wp-json\/wp\/v2\/product_brand?post=16731"},{"taxonomy":"product_cat","embeddable":true,"href":"https:\/\/frenkylewis.com\/fr\/wp-json\/wp\/v2\/product_cat?post=16731"},{"taxonomy":"product_tag","embeddable":true,"href":"https:\/\/frenkylewis.com\/fr\/wp-json\/wp\/v2\/product_tag?post=16731"}],"curies":[{"name":"wp","href":"https:\/\/api.w.org\/{rel}","templated":true}]}}