{"id":16492,"date":"2023-06-06T13:11:11","date_gmt":"2023-06-06T11:11:11","guid":{"rendered":"https:\/\/frenkylewis.com\/p\/barre-de-shampoing-naturelle-pour-chien-rose-blanche-lavande-ylang-ylang-fr\/"},"modified":"2026-03-09T21:15:27","modified_gmt":"2026-03-09T20:15:27","slug":"barre-de-shampoing-naturelle-pour-chien-rose-blanche-lavande-ylang-ylang-fr","status":"publish","type":"product","link":"https:\/\/frenkylewis.com\/fr\/p\/barre-de-shampoing-naturelle-pour-chien-rose-blanche-lavande-ylang-ylang-fr\/","title":{"rendered":"Barre de Shampoing Naturelle pour Chien &#8211; Rose Blanche, Lavande, Ylang Ylang"},"content":{"rendered":"<p>Une for\u00eat automnale fra\u00eeche, des bruy\u00e8res en fleurs et des prairies verdoyantes \u2013 nous n&rsquo;utilisons que des tons doux que votre chien reconna\u00eet des promenades que vous faites ensemble.<\/p>\n<p>Ce shampoing subtil est sp\u00e9cialement con\u00e7u pour les chiens, mais r\u00e9pond aux normes europ\u00e9ennes \u00e9lev\u00e9es applicables aux humains.<\/p>\n<p>La barre de shampoing est exempte d&rsquo;allerg\u00e8nes et convient aux chiens \u00e0 peau sensible.<\/p>\n<p>Les huiles naturelles ont un effet relipidant et nourrissent la peau et le pelage.<\/p>\n<ul>\n<li>Antibact\u00e9rien : emp\u00eache le d\u00e9veloppement des bact\u00e9ries<\/li>\n<li>Antiparasitaire : emp\u00eache le d\u00e9veloppement des maladies parasitaires<\/li>\n<li>Revitalisant : contribue \u00e0 la r\u00e9cup\u00e9ration du pelage<\/li>\n<li>Anti-inflammatoire : r\u00e9duit les infections et les inflammations<\/li>\n<li>Respecte le pH des chiens<\/li>\n<\/ul>\n","protected":false},"excerpt":{"rendered":"<p>Deze shampoo bar voor honden is gemaakt met respect voor hond \u00e9n natuur. Dat zie en ruik je aan de ingredi\u00ebnten. De meeste zoete en zure tonen halen we eruit, omdat honden daar niet van houden. Geuren uit de natuur, daar worden honden blij van.<\/p>\n<p>Deze shampoo bar ruikt naar\u00a0witte roos, lavendel en ylang ylang. Meer producten met deze Spring Notes geuren? Bekijk de <a href=\"https:\/\/frenkylewis.com\/p\/natuurlijke-dog-parfume-30ml-spring-notes\/\">Spring Notes parfum<\/a>, <a href=\"https:\/\/frenkylewis.com\/fr\/p\/shampoing-naturel-pour-chien-200ml-rose-blanche-lavande-ylang-ylang-fr\/\">shampoo<\/a> en\u00a0<a href=\"https:\/\/frenkylewis.com\/fr\/p\/shampoing-sec-spray-conditionneur-naturel-150ml-rose-blanche-lavande-ylang-ylang-fr\/\">conditioner<\/a>.<\/p>\n","protected":false},"featured_media":9672,"comment_status":"closed","ping_status":"closed","template":"","meta":{"_acf_changed":false,"_monsterinsights_skip_tracking":false,"_monsterinsights_sitenote_active":false,"_monsterinsights_sitenote_note":"","_monsterinsights_sitenote_category":0},"product_brand":[],"product_cat":[241,197,244],"product_tag":[],"class_list":{"0":"post-16492","1":"product","2":"type-product","3":"status-publish","4":"has-post-thumbnail","6":"product_cat-barre-de-shampoing","7":"product_cat-parfum-rose-blanche-lavande-ylang-ylang","8":"product_cat-produits-de-soins","10":"first","11":"instock","12":"taxable","13":"shipping-taxable","14":"purchasable","15":"product-type-simple"},"acf":[],"yoast_head":"<!-- This site is optimized with the Yoast SEO plugin v26.9 - https:\/\/yoast.com\/product\/yoast-seo-wordpress\/ -->\n<title>Barre de Shampoing Naturelle pour Chien - Rose Blanche, Lavande, Ylang Ylang - Frenky Lewis<\/title>\n<meta name=\"robots\" content=\"index, follow, max-snippet:-1, max-image-preview:large, max-video-preview:-1\" \/>\n<link rel=\"canonical\" href=\"https:\/\/frenkylewis.com\/fr\/p\/barre-de-shampoing-naturelle-pour-chien-rose-blanche-lavande-ylang-ylang-fr\/\" \/>\n<meta property=\"og:locale\" content=\"fr_FR\" \/>\n<meta property=\"og:type\" content=\"article\" \/>\n<meta property=\"og:title\" content=\"Barre de Shampoing Naturelle pour Chien - Rose Blanche, Lavande, Ylang Ylang - Frenky Lewis\" \/>\n<meta property=\"og:description\" content=\"Deze shampoo bar voor honden is gemaakt met respect voor hond \u00e9n natuur. Dat zie en ruik je aan de ingredi\u00ebnten. De meeste zoete en zure tonen halen we eruit, omdat honden daar niet van houden. Geuren uit de natuur, daar worden honden blij van.  Deze shampoo bar ruikt naar\u00a0witte roos, lavendel en ylang ylang. Meer producten met deze Spring Notes geuren? Bekijk de Spring Notes parfum, shampoo en\u00a0conditioner.\" \/>\n<meta property=\"og:url\" content=\"https:\/\/frenkylewis.com\/fr\/p\/barre-de-shampoing-naturelle-pour-chien-rose-blanche-lavande-ylang-ylang-fr\/\" \/>\n<meta property=\"og:site_name\" content=\"Frenky Lewis\" \/>\n<meta property=\"article:modified_time\" content=\"2026-03-09T20:15:27+00:00\" \/>\n<meta property=\"og:image\" content=\"https:\/\/frenkylewis.com\/wp-content\/uploads\/2024\/11\/Packshot-DSB-WLY-Vierkant-1.webp\" \/>\n\t<meta property=\"og:image:width\" content=\"2551\" \/>\n\t<meta property=\"og:image:height\" content=\"2551\" \/>\n\t<meta property=\"og:image:type\" content=\"image\/webp\" \/>\n<meta name=\"twitter:card\" content=\"summary_large_image\" \/>\n<meta name=\"twitter:label1\" content=\"Dur\u00e9e de lecture estim\u00e9e\" \/>\n\t<meta name=\"twitter:data1\" content=\"1 minute\" \/>\n<script type=\"application\/ld+json\" class=\"yoast-schema-graph\">{\"@context\":\"https:\/\/schema.org\",\"@graph\":[{\"@type\":\"WebPage\",\"@id\":\"https:\/\/frenkylewis.com\/fr\/p\/barre-de-shampoing-naturelle-pour-chien-rose-blanche-lavande-ylang-ylang-fr\/\",\"url\":\"https:\/\/frenkylewis.com\/fr\/p\/barre-de-shampoing-naturelle-pour-chien-rose-blanche-lavande-ylang-ylang-fr\/\",\"name\":\"Barre de Shampoing Naturelle pour Chien - Rose Blanche, Lavande, Ylang Ylang - Frenky Lewis\",\"isPartOf\":{\"@id\":\"https:\/\/frenkylewis.com\/#website\"},\"primaryImageOfPage\":{\"@id\":\"https:\/\/frenkylewis.com\/fr\/p\/barre-de-shampoing-naturelle-pour-chien-rose-blanche-lavande-ylang-ylang-fr\/#primaryimage\"},\"image\":{\"@id\":\"https:\/\/frenkylewis.com\/fr\/p\/barre-de-shampoing-naturelle-pour-chien-rose-blanche-lavande-ylang-ylang-fr\/#primaryimage\"},\"thumbnailUrl\":\"https:\/\/frenkylewis.com\/wp-content\/uploads\/2024\/11\/Packshot-DSB-WLY-Vierkant-1.webp\",\"datePublished\":\"2023-06-06T11:11:11+00:00\",\"dateModified\":\"2026-03-09T20:15:27+00:00\",\"breadcrumb\":{\"@id\":\"https:\/\/frenkylewis.com\/fr\/p\/barre-de-shampoing-naturelle-pour-chien-rose-blanche-lavande-ylang-ylang-fr\/#breadcrumb\"},\"inLanguage\":\"fr-FR\",\"potentialAction\":[{\"@type\":\"ReadAction\",\"target\":[\"https:\/\/frenkylewis.com\/fr\/p\/barre-de-shampoing-naturelle-pour-chien-rose-blanche-lavande-ylang-ylang-fr\/\"]}]},{\"@type\":\"ImageObject\",\"inLanguage\":\"fr-FR\",\"@id\":\"https:\/\/frenkylewis.com\/fr\/p\/barre-de-shampoing-naturelle-pour-chien-rose-blanche-lavande-ylang-ylang-fr\/#primaryimage\",\"url\":\"https:\/\/frenkylewis.com\/wp-content\/uploads\/2024\/11\/Packshot-DSB-WLY-Vierkant-1.webp\",\"contentUrl\":\"https:\/\/frenkylewis.com\/wp-content\/uploads\/2024\/11\/Packshot-DSB-WLY-Vierkant-1.webp\",\"width\":2551,\"height\":2551},{\"@type\":\"BreadcrumbList\",\"@id\":\"https:\/\/frenkylewis.com\/fr\/p\/barre-de-shampoing-naturelle-pour-chien-rose-blanche-lavande-ylang-ylang-fr\/#breadcrumb\",\"itemListElement\":[{\"@type\":\"ListItem\",\"position\":1,\"name\":\"Home\",\"item\":\"https:\/\/frenkylewis.com\/\"},{\"@type\":\"ListItem\",\"position\":2,\"name\":\"Boutique\",\"item\":\"https:\/\/frenkylewis.com\/fr\/boutique\/\"},{\"@type\":\"ListItem\",\"position\":3,\"name\":\"Barre de Shampoing Naturelle pour Chien &#8211; Rose Blanche, Lavande, Ylang Ylang\"}]},{\"@type\":\"WebSite\",\"@id\":\"https:\/\/frenkylewis.com\/#website\",\"url\":\"https:\/\/frenkylewis.com\/\",\"name\":\"Frenky Lewis\",\"description\":\"100% natural dogcare\",\"publisher\":{\"@id\":\"https:\/\/frenkylewis.com\/#organization\"},\"potentialAction\":[{\"@type\":\"SearchAction\",\"target\":{\"@type\":\"EntryPoint\",\"urlTemplate\":\"https:\/\/frenkylewis.com\/?s={search_term_string}\"},\"query-input\":{\"@type\":\"PropertyValueSpecification\",\"valueRequired\":true,\"valueName\":\"search_term_string\"}}],\"inLanguage\":\"fr-FR\"},{\"@type\":\"Organization\",\"@id\":\"https:\/\/frenkylewis.com\/#organization\",\"name\":\"Frenky Lewis\",\"url\":\"https:\/\/frenkylewis.com\/\",\"logo\":{\"@type\":\"ImageObject\",\"inLanguage\":\"fr-FR\",\"@id\":\"https:\/\/frenkylewis.com\/#\/schema\/logo\/image\/\",\"url\":\"https:\/\/frenkylewis.com\/wp-content\/uploads\/2022\/08\/logo-black.png\",\"contentUrl\":\"https:\/\/frenkylewis.com\/wp-content\/uploads\/2022\/08\/logo-black.png\",\"width\":2607,\"height\":661,\"caption\":\"Frenky Lewis\"},\"image\":{\"@id\":\"https:\/\/frenkylewis.com\/#\/schema\/logo\/image\/\"}}]}<\/script>\n<!-- \/ Yoast SEO plugin. -->","yoast_head_json":{"title":"Barre de Shampoing Naturelle pour Chien - Rose Blanche, Lavande, Ylang Ylang - Frenky Lewis","robots":{"index":"index","follow":"follow","max-snippet":"max-snippet:-1","max-image-preview":"max-image-preview:large","max-video-preview":"max-video-preview:-1"},"canonical":"https:\/\/frenkylewis.com\/fr\/p\/barre-de-shampoing-naturelle-pour-chien-rose-blanche-lavande-ylang-ylang-fr\/","og_locale":"fr_FR","og_type":"article","og_title":"Barre de Shampoing Naturelle pour Chien - Rose Blanche, Lavande, Ylang Ylang - Frenky Lewis","og_description":"Deze shampoo bar voor honden is gemaakt met respect voor hond \u00e9n natuur. Dat zie en ruik je aan de ingredi\u00ebnten. De meeste zoete en zure tonen halen we eruit, omdat honden daar niet van houden. Geuren uit de natuur, daar worden honden blij van.  Deze shampoo bar ruikt naar\u00a0witte roos, lavendel en ylang ylang. Meer producten met deze Spring Notes geuren? Bekijk de Spring Notes parfum, shampoo en\u00a0conditioner.","og_url":"https:\/\/frenkylewis.com\/fr\/p\/barre-de-shampoing-naturelle-pour-chien-rose-blanche-lavande-ylang-ylang-fr\/","og_site_name":"Frenky Lewis","article_modified_time":"2026-03-09T20:15:27+00:00","og_image":[{"width":2551,"height":2551,"url":"https:\/\/frenkylewis.com\/wp-content\/uploads\/2024\/11\/Packshot-DSB-WLY-Vierkant-1.webp","type":"image\/webp"}],"twitter_card":"summary_large_image","twitter_misc":{"Dur\u00e9e de lecture estim\u00e9e":"1 minute"},"schema":{"@context":"https:\/\/schema.org","@graph":[{"@type":"WebPage","@id":"https:\/\/frenkylewis.com\/fr\/p\/barre-de-shampoing-naturelle-pour-chien-rose-blanche-lavande-ylang-ylang-fr\/","url":"https:\/\/frenkylewis.com\/fr\/p\/barre-de-shampoing-naturelle-pour-chien-rose-blanche-lavande-ylang-ylang-fr\/","name":"Barre de Shampoing Naturelle pour Chien - Rose Blanche, Lavande, Ylang Ylang - Frenky Lewis","isPartOf":{"@id":"https:\/\/frenkylewis.com\/#website"},"primaryImageOfPage":{"@id":"https:\/\/frenkylewis.com\/fr\/p\/barre-de-shampoing-naturelle-pour-chien-rose-blanche-lavande-ylang-ylang-fr\/#primaryimage"},"image":{"@id":"https:\/\/frenkylewis.com\/fr\/p\/barre-de-shampoing-naturelle-pour-chien-rose-blanche-lavande-ylang-ylang-fr\/#primaryimage"},"thumbnailUrl":"https:\/\/frenkylewis.com\/wp-content\/uploads\/2024\/11\/Packshot-DSB-WLY-Vierkant-1.webp","datePublished":"2023-06-06T11:11:11+00:00","dateModified":"2026-03-09T20:15:27+00:00","breadcrumb":{"@id":"https:\/\/frenkylewis.com\/fr\/p\/barre-de-shampoing-naturelle-pour-chien-rose-blanche-lavande-ylang-ylang-fr\/#breadcrumb"},"inLanguage":"fr-FR","potentialAction":[{"@type":"ReadAction","target":["https:\/\/frenkylewis.com\/fr\/p\/barre-de-shampoing-naturelle-pour-chien-rose-blanche-lavande-ylang-ylang-fr\/"]}]},{"@type":"ImageObject","inLanguage":"fr-FR","@id":"https:\/\/frenkylewis.com\/fr\/p\/barre-de-shampoing-naturelle-pour-chien-rose-blanche-lavande-ylang-ylang-fr\/#primaryimage","url":"https:\/\/frenkylewis.com\/wp-content\/uploads\/2024\/11\/Packshot-DSB-WLY-Vierkant-1.webp","contentUrl":"https:\/\/frenkylewis.com\/wp-content\/uploads\/2024\/11\/Packshot-DSB-WLY-Vierkant-1.webp","width":2551,"height":2551},{"@type":"BreadcrumbList","@id":"https:\/\/frenkylewis.com\/fr\/p\/barre-de-shampoing-naturelle-pour-chien-rose-blanche-lavande-ylang-ylang-fr\/#breadcrumb","itemListElement":[{"@type":"ListItem","position":1,"name":"Home","item":"https:\/\/frenkylewis.com\/"},{"@type":"ListItem","position":2,"name":"Boutique","item":"https:\/\/frenkylewis.com\/fr\/boutique\/"},{"@type":"ListItem","position":3,"name":"Barre de Shampoing Naturelle pour Chien &#8211; Rose Blanche, Lavande, Ylang Ylang"}]},{"@type":"WebSite","@id":"https:\/\/frenkylewis.com\/#website","url":"https:\/\/frenkylewis.com\/","name":"Frenky Lewis","description":"100% natural dogcare","publisher":{"@id":"https:\/\/frenkylewis.com\/#organization"},"potentialAction":[{"@type":"SearchAction","target":{"@type":"EntryPoint","urlTemplate":"https:\/\/frenkylewis.com\/?s={search_term_string}"},"query-input":{"@type":"PropertyValueSpecification","valueRequired":true,"valueName":"search_term_string"}}],"inLanguage":"fr-FR"},{"@type":"Organization","@id":"https:\/\/frenkylewis.com\/#organization","name":"Frenky Lewis","url":"https:\/\/frenkylewis.com\/","logo":{"@type":"ImageObject","inLanguage":"fr-FR","@id":"https:\/\/frenkylewis.com\/#\/schema\/logo\/image\/","url":"https:\/\/frenkylewis.com\/wp-content\/uploads\/2022\/08\/logo-black.png","contentUrl":"https:\/\/frenkylewis.com\/wp-content\/uploads\/2022\/08\/logo-black.png","width":2607,"height":661,"caption":"Frenky Lewis"},"image":{"@id":"https:\/\/frenkylewis.com\/#\/schema\/logo\/image\/"}}]}},"_links":{"self":[{"href":"https:\/\/frenkylewis.com\/fr\/wp-json\/wp\/v2\/product\/16492","targetHints":{"allow":["GET"]}}],"collection":[{"href":"https:\/\/frenkylewis.com\/fr\/wp-json\/wp\/v2\/product"}],"about":[{"href":"https:\/\/frenkylewis.com\/fr\/wp-json\/wp\/v2\/types\/product"}],"replies":[{"embeddable":true,"href":"https:\/\/frenkylewis.com\/fr\/wp-json\/wp\/v2\/comments?post=16492"}],"wp:featuredmedia":[{"embeddable":true,"href":"https:\/\/frenkylewis.com\/fr\/wp-json\/wp\/v2\/media\/9672"}],"wp:attachment":[{"href":"https:\/\/frenkylewis.com\/fr\/wp-json\/wp\/v2\/media?parent=16492"}],"wp:term":[{"taxonomy":"product_brand","embeddable":true,"href":"https:\/\/frenkylewis.com\/fr\/wp-json\/wp\/v2\/product_brand?post=16492"},{"taxonomy":"product_cat","embeddable":true,"href":"https:\/\/frenkylewis.com\/fr\/wp-json\/wp\/v2\/product_cat?post=16492"},{"taxonomy":"product_tag","embeddable":true,"href":"https:\/\/frenkylewis.com\/fr\/wp-json\/wp\/v2\/product_tag?post=16492"}],"curies":[{"name":"wp","href":"https:\/\/api.w.org\/{rel}","templated":true}]}}