{"id":16489,"date":"2023-06-06T13:13:11","date_gmt":"2023-06-06T11:13:11","guid":{"rendered":"https:\/\/frenkylewis.com\/p\/barre-de-shampoing-naturelle-pour-chien-3-minis-en-3-parfums-fr\/"},"modified":"2026-03-09T21:15:26","modified_gmt":"2026-03-09T20:15:26","slug":"barre-de-shampoing-naturelle-pour-chien-3-minis-en-3-parfums-fr","status":"publish","type":"product","link":"https:\/\/frenkylewis.com\/fr\/p\/barre-de-shampoing-naturelle-pour-chien-3-minis-en-3-parfums-fr\/","title":{"rendered":"Barre de Shampoing Naturelle pour Chien &#8211; 3 Minis en 3 Parfums"},"content":{"rendered":"<p>Cette barre de shampoing pour chiens est fabriqu\u00e9e dans le respect du chien et de la nature. Cela se voit et se sent aux ingr\u00e9dients. Nous \u00e9liminons la plupart des tons doux et acides, car les chiens ne les aiment pas. Des parfums de la nature \u2014 voil\u00e0 ce qui rend les chiens heureux.<\/p>\n<p>Une for\u00eat automnale fra\u00eeche, des bruy\u00e8res en fleurs et des prairies verdoyantes \u2013 nous n&rsquo;utilisons que des tons doux que votre chien reconna\u00eet des promenades que vous faites ensemble.<\/p>\n<p>Ce shampoing subtil est sp\u00e9cialement con\u00e7u pour les chiens, mais r\u00e9pond aux normes europ\u00e9ennes \u00e9lev\u00e9es applicables aux humains.<\/p>\n<p>La barre de shampoing est exempte d&rsquo;allerg\u00e8nes et convient aux chiens \u00e0 peau sensible.<\/p>\n<p>Les huiles naturelles ont un effet relipidant et nourrissent la peau et le pelage.<\/p>\n<ul>\n<li>Antibact\u00e9rien : emp\u00eache le d\u00e9veloppement des bact\u00e9ries<\/li>\n<li>Antiparasitaire : emp\u00eache le d\u00e9veloppement des maladies parasitaires<\/li>\n<li>Revitalisant : contribue \u00e0 la r\u00e9cup\u00e9ration du pelage<\/li>\n<li>Anti-inflammatoire : r\u00e9duit les infections et les inflammations<\/li>\n<li>Respecte le pH des chiens<\/li>\n<\/ul>\n<p>Ingr\u00e9dients : huile d&rsquo;olive, huile de coco, huile de ricin, beurre de karit\u00e9, huile d&rsquo;argan, huile de neem, glyc\u00e9rine (naturellement produite pendant le processus de fabrication), eau, argile verte, poudre de spirulina platensis (algues), parfum biod\u00e9gradable, lactate de sodium.<\/p>\n<p>Ce produit ne contient PAS d&rsquo;huile de palme, SCI, SCG, parab\u00e8nes, sulfates, triclosan, phtalate, plastique<\/p>\n<p>Mode d&#8217;emploi :<\/p>\n<ul>\n<li>Mouillez le pelage du chien avec de l&rsquo;eau ti\u00e8de.<\/li>\n<li>Massez la barre de shampoing sur le pelage jusqu&rsquo;\u00e0 ce que de la mousse se forme.<\/li>\n<li>Frottez ensuite bien avec les mains pour nettoyer en profondeur.<\/li>\n<li>Rincez le shampoing.<\/li>\n<li>S\u00e9chez votre chien.<\/li>\n<li>N&rsquo;oubliez pas les c\u00e2lins.<\/li>\n<li>Utilisez notre pochette de lavage sisal sp\u00e9ciale pour un nettoyage en profondeur.<\/li>\n<\/ul>\n","protected":false},"excerpt":{"rendered":"<p>Cette barre de shampoing pour chiens est fabriqu\u00e9e dans le respect du chien et de la nature. Cela se voit et se sent aux ingr\u00e9dients. Nous \u00e9liminons la plupart des tons doux et acides, car les chiens ne les aiment pas. Des parfums de la nature \u2014 voil\u00e0 ce qui rend les chiens heureux.<\/p>\n","protected":false},"featured_media":0,"comment_status":"closed","ping_status":"closed","template":"","meta":{"_acf_changed":false,"_monsterinsights_skip_tracking":false,"_monsterinsights_sitenote_active":false,"_monsterinsights_sitenote_note":"","_monsterinsights_sitenote_category":0},"product_brand":[],"product_cat":[241,211,244],"product_tag":[],"class_list":{"0":"post-16489","1":"product","2":"type-product","3":"status-publish","5":"product_cat-barre-de-shampoing","6":"product_cat-chiens","7":"product_cat-produits-de-soins","9":"first","10":"instock","11":"featured","12":"taxable","13":"shipping-taxable","14":"purchasable","15":"product-type-simple"},"acf":[],"yoast_head":"<!-- This site is optimized with the Yoast SEO plugin v27.5 - https:\/\/yoast.com\/product\/yoast-seo-wordpress\/ -->\n<title>Barre de Shampoing Naturelle pour Chien - 3 Minis en 3 Parfums - Frenky Lewis<\/title>\n<meta name=\"robots\" content=\"index, follow, max-snippet:-1, max-image-preview:large, max-video-preview:-1\" \/>\n<link rel=\"canonical\" href=\"https:\/\/frenkylewis.com\/fr\/p\/barre-de-shampoing-naturelle-pour-chien-3-minis-en-3-parfums-fr\/\" \/>\n<meta property=\"og:locale\" content=\"fr_FR\" \/>\n<meta property=\"og:type\" content=\"article\" \/>\n<meta property=\"og:title\" content=\"Barre de Shampoing Naturelle pour Chien - 3 Minis en 3 Parfums - Frenky Lewis\" \/>\n<meta property=\"og:description\" content=\"Cette barre de shampoing pour chiens est fabriqu\u00e9e dans le respect du chien et de la nature. Cela se voit et se sent aux ingr\u00e9dients. Nous \u00e9liminons la plupart des tons doux et acides, car les chiens ne les aiment pas. Des parfums de la nature \u2014 voil\u00e0 ce qui rend les chiens heureux.\" \/>\n<meta property=\"og:url\" content=\"https:\/\/frenkylewis.com\/fr\/p\/barre-de-shampoing-naturelle-pour-chien-3-minis-en-3-parfums-fr\/\" \/>\n<meta property=\"og:site_name\" content=\"Frenky Lewis\" \/>\n<meta property=\"article:modified_time\" content=\"2026-03-09T20:15:26+00:00\" \/>\n<meta property=\"og:image\" content=\"https:\/\/frenkylewis.com\/wp-content\/uploads\/2022\/08\/logo-black.png\" \/>\n<meta name=\"twitter:card\" content=\"summary_large_image\" \/>\n<meta name=\"twitter:label1\" content=\"Dur\u00e9e de lecture estim\u00e9e\" \/>\n\t<meta name=\"twitter:data1\" content=\"1 minute\" \/>\n<script type=\"application\/ld+json\" class=\"yoast-schema-graph\">{\"@context\":\"https:\\\/\\\/schema.org\",\"@graph\":[{\"@type\":\"WebPage\",\"@id\":\"https:\\\/\\\/frenkylewis.com\\\/fr\\\/p\\\/barre-de-shampoing-naturelle-pour-chien-3-minis-en-3-parfums-fr\\\/\",\"url\":\"https:\\\/\\\/frenkylewis.com\\\/fr\\\/p\\\/barre-de-shampoing-naturelle-pour-chien-3-minis-en-3-parfums-fr\\\/\",\"name\":\"Barre de Shampoing Naturelle pour Chien - 3 Minis en 3 Parfums - Frenky Lewis\",\"isPartOf\":{\"@id\":\"https:\\\/\\\/frenkylewis.com\\\/#website\"},\"datePublished\":\"2023-06-06T11:13:11+00:00\",\"dateModified\":\"2026-03-09T20:15:26+00:00\",\"breadcrumb\":{\"@id\":\"https:\\\/\\\/frenkylewis.com\\\/fr\\\/p\\\/barre-de-shampoing-naturelle-pour-chien-3-minis-en-3-parfums-fr\\\/#breadcrumb\"},\"inLanguage\":\"fr-FR\",\"potentialAction\":[{\"@type\":\"ReadAction\",\"target\":[\"https:\\\/\\\/frenkylewis.com\\\/fr\\\/p\\\/barre-de-shampoing-naturelle-pour-chien-3-minis-en-3-parfums-fr\\\/\"]}]},{\"@type\":\"BreadcrumbList\",\"@id\":\"https:\\\/\\\/frenkylewis.com\\\/fr\\\/p\\\/barre-de-shampoing-naturelle-pour-chien-3-minis-en-3-parfums-fr\\\/#breadcrumb\",\"itemListElement\":[{\"@type\":\"ListItem\",\"position\":1,\"name\":\"Home\",\"item\":\"https:\\\/\\\/frenkylewis.com\\\/\"},{\"@type\":\"ListItem\",\"position\":2,\"name\":\"Boutique\",\"item\":\"https:\\\/\\\/frenkylewis.com\\\/fr\\\/boutique\\\/\"},{\"@type\":\"ListItem\",\"position\":3,\"name\":\"Barre de Shampoing Naturelle pour Chien &#8211; 3 Minis en 3 Parfums\"}]},{\"@type\":\"WebSite\",\"@id\":\"https:\\\/\\\/frenkylewis.com\\\/#website\",\"url\":\"https:\\\/\\\/frenkylewis.com\\\/\",\"name\":\"Frenky Lewis\",\"description\":\"100% natural dogcare\",\"publisher\":{\"@id\":\"https:\\\/\\\/frenkylewis.com\\\/#organization\"},\"potentialAction\":[{\"@type\":\"SearchAction\",\"target\":{\"@type\":\"EntryPoint\",\"urlTemplate\":\"https:\\\/\\\/frenkylewis.com\\\/?s={search_term_string}\"},\"query-input\":{\"@type\":\"PropertyValueSpecification\",\"valueRequired\":true,\"valueName\":\"search_term_string\"}}],\"inLanguage\":\"fr-FR\"},{\"@type\":\"Organization\",\"@id\":\"https:\\\/\\\/frenkylewis.com\\\/#organization\",\"name\":\"Frenky Lewis\",\"url\":\"https:\\\/\\\/frenkylewis.com\\\/\",\"logo\":{\"@type\":\"ImageObject\",\"inLanguage\":\"fr-FR\",\"@id\":\"https:\\\/\\\/frenkylewis.com\\\/#\\\/schema\\\/logo\\\/image\\\/\",\"url\":\"https:\\\/\\\/frenkylewis.com\\\/wp-content\\\/uploads\\\/2022\\\/08\\\/logo-black.png\",\"contentUrl\":\"https:\\\/\\\/frenkylewis.com\\\/wp-content\\\/uploads\\\/2022\\\/08\\\/logo-black.png\",\"width\":2607,\"height\":661,\"caption\":\"Frenky Lewis\"},\"image\":{\"@id\":\"https:\\\/\\\/frenkylewis.com\\\/#\\\/schema\\\/logo\\\/image\\\/\"}}]}<\/script>\n<!-- \/ Yoast SEO plugin. -->","yoast_head_json":{"title":"Barre de Shampoing Naturelle pour Chien - 3 Minis en 3 Parfums - Frenky Lewis","robots":{"index":"index","follow":"follow","max-snippet":"max-snippet:-1","max-image-preview":"max-image-preview:large","max-video-preview":"max-video-preview:-1"},"canonical":"https:\/\/frenkylewis.com\/fr\/p\/barre-de-shampoing-naturelle-pour-chien-3-minis-en-3-parfums-fr\/","og_locale":"fr_FR","og_type":"article","og_title":"Barre de Shampoing Naturelle pour Chien - 3 Minis en 3 Parfums - Frenky Lewis","og_description":"Cette barre de shampoing pour chiens est fabriqu\u00e9e dans le respect du chien et de la nature. Cela se voit et se sent aux ingr\u00e9dients. Nous \u00e9liminons la plupart des tons doux et acides, car les chiens ne les aiment pas. Des parfums de la nature \u2014 voil\u00e0 ce qui rend les chiens heureux.","og_url":"https:\/\/frenkylewis.com\/fr\/p\/barre-de-shampoing-naturelle-pour-chien-3-minis-en-3-parfums-fr\/","og_site_name":"Frenky Lewis","article_modified_time":"2026-03-09T20:15:26+00:00","og_image":[{"url":"https:\/\/frenkylewis.com\/wp-content\/uploads\/2022\/08\/logo-black.png","type":"","width":"","height":""}],"twitter_card":"summary_large_image","twitter_misc":{"Dur\u00e9e de lecture estim\u00e9e":"1 minute"},"schema":{"@context":"https:\/\/schema.org","@graph":[{"@type":"WebPage","@id":"https:\/\/frenkylewis.com\/fr\/p\/barre-de-shampoing-naturelle-pour-chien-3-minis-en-3-parfums-fr\/","url":"https:\/\/frenkylewis.com\/fr\/p\/barre-de-shampoing-naturelle-pour-chien-3-minis-en-3-parfums-fr\/","name":"Barre de Shampoing Naturelle pour Chien - 3 Minis en 3 Parfums - Frenky Lewis","isPartOf":{"@id":"https:\/\/frenkylewis.com\/#website"},"datePublished":"2023-06-06T11:13:11+00:00","dateModified":"2026-03-09T20:15:26+00:00","breadcrumb":{"@id":"https:\/\/frenkylewis.com\/fr\/p\/barre-de-shampoing-naturelle-pour-chien-3-minis-en-3-parfums-fr\/#breadcrumb"},"inLanguage":"fr-FR","potentialAction":[{"@type":"ReadAction","target":["https:\/\/frenkylewis.com\/fr\/p\/barre-de-shampoing-naturelle-pour-chien-3-minis-en-3-parfums-fr\/"]}]},{"@type":"BreadcrumbList","@id":"https:\/\/frenkylewis.com\/fr\/p\/barre-de-shampoing-naturelle-pour-chien-3-minis-en-3-parfums-fr\/#breadcrumb","itemListElement":[{"@type":"ListItem","position":1,"name":"Home","item":"https:\/\/frenkylewis.com\/"},{"@type":"ListItem","position":2,"name":"Boutique","item":"https:\/\/frenkylewis.com\/fr\/boutique\/"},{"@type":"ListItem","position":3,"name":"Barre de Shampoing Naturelle pour Chien &#8211; 3 Minis en 3 Parfums"}]},{"@type":"WebSite","@id":"https:\/\/frenkylewis.com\/#website","url":"https:\/\/frenkylewis.com\/","name":"Frenky Lewis","description":"100% natural dogcare","publisher":{"@id":"https:\/\/frenkylewis.com\/#organization"},"potentialAction":[{"@type":"SearchAction","target":{"@type":"EntryPoint","urlTemplate":"https:\/\/frenkylewis.com\/?s={search_term_string}"},"query-input":{"@type":"PropertyValueSpecification","valueRequired":true,"valueName":"search_term_string"}}],"inLanguage":"fr-FR"},{"@type":"Organization","@id":"https:\/\/frenkylewis.com\/#organization","name":"Frenky Lewis","url":"https:\/\/frenkylewis.com\/","logo":{"@type":"ImageObject","inLanguage":"fr-FR","@id":"https:\/\/frenkylewis.com\/#\/schema\/logo\/image\/","url":"https:\/\/frenkylewis.com\/wp-content\/uploads\/2022\/08\/logo-black.png","contentUrl":"https:\/\/frenkylewis.com\/wp-content\/uploads\/2022\/08\/logo-black.png","width":2607,"height":661,"caption":"Frenky Lewis"},"image":{"@id":"https:\/\/frenkylewis.com\/#\/schema\/logo\/image\/"}}]}},"_links":{"self":[{"href":"https:\/\/frenkylewis.com\/fr\/wp-json\/wp\/v2\/product\/16489","targetHints":{"allow":["GET"]}}],"collection":[{"href":"https:\/\/frenkylewis.com\/fr\/wp-json\/wp\/v2\/product"}],"about":[{"href":"https:\/\/frenkylewis.com\/fr\/wp-json\/wp\/v2\/types\/product"}],"replies":[{"embeddable":true,"href":"https:\/\/frenkylewis.com\/fr\/wp-json\/wp\/v2\/comments?post=16489"}],"wp:attachment":[{"href":"https:\/\/frenkylewis.com\/fr\/wp-json\/wp\/v2\/media?parent=16489"}],"wp:term":[{"taxonomy":"product_brand","embeddable":true,"href":"https:\/\/frenkylewis.com\/fr\/wp-json\/wp\/v2\/product_brand?post=16489"},{"taxonomy":"product_cat","embeddable":true,"href":"https:\/\/frenkylewis.com\/fr\/wp-json\/wp\/v2\/product_cat?post=16489"},{"taxonomy":"product_tag","embeddable":true,"href":"https:\/\/frenkylewis.com\/fr\/wp-json\/wp\/v2\/product_tag?post=16489"}],"curies":[{"name":"wp","href":"https:\/\/api.w.org\/{rel}","templated":true}]}}