{"id":16477,"date":"2024-08-06T09:00:35","date_gmt":"2024-08-06T07:00:35","guid":{"rendered":"https:\/\/frenkylewis.com\/p\/shampoing-sec-spray-conditionneur-naturel-150ml-rose-blanche-lavande-ylang-ylang-fr\/"},"modified":"2026-03-09T21:15:24","modified_gmt":"2026-03-09T20:15:24","slug":"shampoing-sec-spray-conditionneur-naturel-150ml-rose-blanche-lavande-ylang-ylang-fr","status":"publish","type":"product","link":"https:\/\/frenkylewis.com\/fr\/p\/shampoing-sec-spray-conditionneur-naturel-150ml-rose-blanche-lavande-ylang-ylang-fr\/","title":{"rendered":"Shampoing Sec &#038; Spray Conditionneur Naturel 150ml Rose Blanche, Lavande, Ylang Ylang"},"content":{"rendered":"<p><span style=\"font-weight: 400;\">Shampoing sec &amp; spray apr\u00e8s-shampoing 100% NATUREL.<\/span><\/p>\n<p><span style=\"font-weight: 400;\">Spray &amp; GO : nettoyez votre chien sans le doucher. <\/span><\/p>\n<p><span style=\"font-weight: 400;\">Votre chien n&rsquo;aime pas la douche ? Il aime sauter dans le foss\u00e9 ? <\/span><\/p>\n<p>Utilisez notre shampoing sec &amp; spray apr\u00e8s-shampoing et votre chien sentira merveilleusement bon et se sentira \u00e0 nouveau propre.<\/p>\n<p><span style=\"font-weight: 400;\">Ce shampoing sec avec apr\u00e8s-shampoing contient des saponines naturelles de noix de lavage indiennes qui nettoient le pelage. <\/span><\/p>\n<p><span style=\"font-weight: 400;\">L&rsquo;huile de graines de chanvre a des propri\u00e9t\u00e9s antibact\u00e9riennes et l&rsquo;aloe vera hydrate le pelage. <\/span><\/p>\n<p><span style=\"font-weight: 400;\">Il rend le pelage plus facile \u00e0 peigner et a un effet relipidant.<\/span><\/p>\n","protected":false},"excerpt":{"rendered":"<p><span style=\"font-weight: 400;\">100% NATUURLIJKE Droogshampoo &amp; conditioner spray.<\/span><\/p>\n<p><span style=\"font-weight: 400;\">Spray &amp; GO: zonder douchen je hond reinigen.\u00a0<\/span><\/p>\n<p><span style=\"font-weight: 400;\">Deze droogshampoo met conditioner bevat natuurlijke saponinen uit Indiase wasnoten. Deze reinigen de vacht. Tel daar de geuren van witte roos, lavendel en ylang ylang bij op en de heerlijke ervaring is compleet. Meer producten met deze Oc\u00e9an geuren? Bekijk de <a href=\"https:\/\/frenkylewis.com\/p\/natuurlijke-dog-parfume-30ml-spring-notes\/\">parfum<\/a>, de <a href=\"https:\/\/frenkylewis.com\/fr\/p\/shampoing-naturel-pour-chien-200ml-rose-blanche-lavande-ylang-ylang-fr\/\">Oc\u00e9an shampoo<\/a> en <a href=\"https:\/\/frenkylewis.com\/fr\/p\/barre-de-shampoing-naturelle-pour-chien-rose-blanche-lavande-ylang-ylang-fr\/\">shampoo bar<\/a>.\u00a0<\/span><\/p>\n","protected":false},"featured_media":16662,"comment_status":"closed","ping_status":"closed","template":"","meta":{"_acf_changed":false,"_monsterinsights_skip_tracking":false,"_monsterinsights_sitenote_active":false,"_monsterinsights_sitenote_note":"","_monsterinsights_sitenote_category":0},"product_brand":[],"product_cat":[211,197,244,185,283],"product_tag":[],"class_list":{"0":"post-16477","1":"product","2":"type-product","3":"status-publish","4":"has-post-thumbnail","6":"product_cat-chiens","7":"product_cat-parfum-rose-blanche-lavande-ylang-ylang","8":"product_cat-produits-de-soins","9":"product_cat-shampoing-sec-spray-conditionneur","10":"product_cat-signature","12":"first","13":"instock","14":"taxable","15":"shipping-taxable","16":"purchasable","17":"product-type-simple"},"acf":[],"yoast_head":"<!-- This site is optimized with the Yoast SEO plugin v26.9 - https:\/\/yoast.com\/product\/yoast-seo-wordpress\/ -->\n<title>Shampoing Sec &amp; Spray Conditionneur Naturel 150ml Rose Blanche, Lavande, Ylang Ylang - Frenky Lewis<\/title>\n<meta name=\"robots\" content=\"index, follow, max-snippet:-1, max-image-preview:large, max-video-preview:-1\" \/>\n<link rel=\"canonical\" href=\"https:\/\/frenkylewis.com\/p\/natuurlijke-dog-conditioner-150ml-witte-roos-lavendel-ylang-ylang\/\" \/>\n<meta property=\"og:locale\" content=\"fr_FR\" \/>\n<meta property=\"og:type\" content=\"article\" \/>\n<meta property=\"og:title\" content=\"Shampoing Sec &amp; Spray Conditionneur Naturel 150ml Rose Blanche, Lavande, Ylang Ylang - Frenky Lewis\" \/>\n<meta property=\"og:description\" content=\"100% NATUURLIJKE Droogshampoo &amp; conditioner spray.  Spray &amp; GO: zonder douchen je hond reinigen.\u00a0  Deze droogshampoo met conditioner bevat natuurlijke saponinen uit Indiase wasnoten. Deze reinigen de vacht. Tel daar de geuren van witte roos, lavendel en ylang ylang bij op en de heerlijke ervaring is compleet. Meer producten met deze Oc\u00e9an geuren? Bekijk de parfum, de Oc\u00e9an shampoo en shampoo bar.\u00a0\" \/>\n<meta property=\"og:url\" content=\"https:\/\/frenkylewis.com\/p\/natuurlijke-dog-conditioner-150ml-witte-roos-lavendel-ylang-ylang\/\" \/>\n<meta property=\"og:site_name\" content=\"Frenky Lewis\" \/>\n<meta property=\"article:modified_time\" content=\"2026-03-09T20:15:24+00:00\" \/>\n<meta property=\"og:image\" content=\"https:\/\/frenkylewis.com\/wp-content\/uploads\/2024\/08\/Natuurlijke-droogshampoo-conditioner-spray-blauw.jpg\" \/>\n\t<meta property=\"og:image:width\" content=\"1250\" \/>\n\t<meta property=\"og:image:height\" content=\"1250\" \/>\n\t<meta property=\"og:image:type\" content=\"image\/jpeg\" \/>\n<meta name=\"twitter:card\" content=\"summary_large_image\" \/>\n<script type=\"application\/ld+json\" class=\"yoast-schema-graph\">{\"@context\":\"https:\/\/schema.org\",\"@graph\":[{\"@type\":\"WebPage\",\"@id\":\"https:\/\/frenkylewis.com\/p\/natuurlijke-dog-conditioner-150ml-witte-roos-lavendel-ylang-ylang\/\",\"url\":\"https:\/\/frenkylewis.com\/p\/natuurlijke-dog-conditioner-150ml-witte-roos-lavendel-ylang-ylang\/\",\"name\":\"Shampoing Sec & Spray Conditionneur Naturel 150ml Rose Blanche, Lavande, Ylang Ylang - Frenky Lewis\",\"isPartOf\":{\"@id\":\"https:\/\/frenkylewis.com\/#website\"},\"primaryImageOfPage\":{\"@id\":\"https:\/\/frenkylewis.com\/p\/natuurlijke-dog-conditioner-150ml-witte-roos-lavendel-ylang-ylang\/#primaryimage\"},\"image\":{\"@id\":\"https:\/\/frenkylewis.com\/p\/natuurlijke-dog-conditioner-150ml-witte-roos-lavendel-ylang-ylang\/#primaryimage\"},\"thumbnailUrl\":\"https:\/\/frenkylewis.com\/wp-content\/uploads\/2024\/12\/Producten-frenkylewis26-32.png\",\"datePublished\":\"2024-08-06T07:00:35+00:00\",\"dateModified\":\"2026-03-09T20:15:24+00:00\",\"breadcrumb\":{\"@id\":\"https:\/\/frenkylewis.com\/p\/natuurlijke-dog-conditioner-150ml-witte-roos-lavendel-ylang-ylang\/#breadcrumb\"},\"inLanguage\":\"fr-FR\",\"potentialAction\":[{\"@type\":\"ReadAction\",\"target\":[\"https:\/\/frenkylewis.com\/p\/natuurlijke-dog-conditioner-150ml-witte-roos-lavendel-ylang-ylang\/\"]}]},{\"@type\":\"ImageObject\",\"inLanguage\":\"fr-FR\",\"@id\":\"https:\/\/frenkylewis.com\/p\/natuurlijke-dog-conditioner-150ml-witte-roos-lavendel-ylang-ylang\/#primaryimage\",\"url\":\"https:\/\/frenkylewis.com\/wp-content\/uploads\/2024\/12\/Producten-frenkylewis26-32.png\",\"contentUrl\":\"https:\/\/frenkylewis.com\/wp-content\/uploads\/2024\/12\/Producten-frenkylewis26-32.png\",\"width\":1240,\"height\":1240},{\"@type\":\"BreadcrumbList\",\"@id\":\"https:\/\/frenkylewis.com\/p\/natuurlijke-dog-conditioner-150ml-witte-roos-lavendel-ylang-ylang\/#breadcrumb\",\"itemListElement\":[{\"@type\":\"ListItem\",\"position\":1,\"name\":\"Home\",\"item\":\"https:\/\/frenkylewis.com\/\"},{\"@type\":\"ListItem\",\"position\":2,\"name\":\"Boutique\",\"item\":\"https:\/\/frenkylewis.com\/fr\/boutique\/\"},{\"@type\":\"ListItem\",\"position\":3,\"name\":\"Shampoing Sec &#038; Spray Conditionneur Naturel 150ml Rose Blanche, Lavande, Ylang Ylang\"}]},{\"@type\":\"WebSite\",\"@id\":\"https:\/\/frenkylewis.com\/#website\",\"url\":\"https:\/\/frenkylewis.com\/\",\"name\":\"Frenky Lewis\",\"description\":\"100% natural dogcare\",\"publisher\":{\"@id\":\"https:\/\/frenkylewis.com\/#organization\"},\"potentialAction\":[{\"@type\":\"SearchAction\",\"target\":{\"@type\":\"EntryPoint\",\"urlTemplate\":\"https:\/\/frenkylewis.com\/?s={search_term_string}\"},\"query-input\":{\"@type\":\"PropertyValueSpecification\",\"valueRequired\":true,\"valueName\":\"search_term_string\"}}],\"inLanguage\":\"fr-FR\"},{\"@type\":\"Organization\",\"@id\":\"https:\/\/frenkylewis.com\/#organization\",\"name\":\"Frenky Lewis\",\"url\":\"https:\/\/frenkylewis.com\/\",\"logo\":{\"@type\":\"ImageObject\",\"inLanguage\":\"fr-FR\",\"@id\":\"https:\/\/frenkylewis.com\/#\/schema\/logo\/image\/\",\"url\":\"https:\/\/frenkylewis.com\/wp-content\/uploads\/2022\/08\/logo-black.png\",\"contentUrl\":\"https:\/\/frenkylewis.com\/wp-content\/uploads\/2022\/08\/logo-black.png\",\"width\":2607,\"height\":661,\"caption\":\"Frenky Lewis\"},\"image\":{\"@id\":\"https:\/\/frenkylewis.com\/#\/schema\/logo\/image\/\"}}]}<\/script>\n<!-- \/ Yoast SEO plugin. -->","yoast_head_json":{"title":"Shampoing Sec & Spray Conditionneur Naturel 150ml Rose Blanche, Lavande, Ylang Ylang - Frenky Lewis","robots":{"index":"index","follow":"follow","max-snippet":"max-snippet:-1","max-image-preview":"max-image-preview:large","max-video-preview":"max-video-preview:-1"},"canonical":"https:\/\/frenkylewis.com\/p\/natuurlijke-dog-conditioner-150ml-witte-roos-lavendel-ylang-ylang\/","og_locale":"fr_FR","og_type":"article","og_title":"Shampoing Sec & Spray Conditionneur Naturel 150ml Rose Blanche, Lavande, Ylang Ylang - Frenky Lewis","og_description":"100% NATUURLIJKE Droogshampoo &amp; conditioner spray.  Spray &amp; GO: zonder douchen je hond reinigen.\u00a0  Deze droogshampoo met conditioner bevat natuurlijke saponinen uit Indiase wasnoten. Deze reinigen de vacht. Tel daar de geuren van witte roos, lavendel en ylang ylang bij op en de heerlijke ervaring is compleet. Meer producten met deze Oc\u00e9an geuren? Bekijk de parfum, de Oc\u00e9an shampoo en shampoo bar.\u00a0","og_url":"https:\/\/frenkylewis.com\/p\/natuurlijke-dog-conditioner-150ml-witte-roos-lavendel-ylang-ylang\/","og_site_name":"Frenky Lewis","article_modified_time":"2026-03-09T20:15:24+00:00","og_image":[{"width":1250,"height":1250,"url":"https:\/\/frenkylewis.com\/wp-content\/uploads\/2024\/08\/Natuurlijke-droogshampoo-conditioner-spray-blauw.jpg","type":"image\/jpeg"}],"twitter_card":"summary_large_image","schema":{"@context":"https:\/\/schema.org","@graph":[{"@type":"WebPage","@id":"https:\/\/frenkylewis.com\/p\/natuurlijke-dog-conditioner-150ml-witte-roos-lavendel-ylang-ylang\/","url":"https:\/\/frenkylewis.com\/p\/natuurlijke-dog-conditioner-150ml-witte-roos-lavendel-ylang-ylang\/","name":"Shampoing Sec & Spray Conditionneur Naturel 150ml Rose Blanche, Lavande, Ylang Ylang - Frenky Lewis","isPartOf":{"@id":"https:\/\/frenkylewis.com\/#website"},"primaryImageOfPage":{"@id":"https:\/\/frenkylewis.com\/p\/natuurlijke-dog-conditioner-150ml-witte-roos-lavendel-ylang-ylang\/#primaryimage"},"image":{"@id":"https:\/\/frenkylewis.com\/p\/natuurlijke-dog-conditioner-150ml-witte-roos-lavendel-ylang-ylang\/#primaryimage"},"thumbnailUrl":"https:\/\/frenkylewis.com\/wp-content\/uploads\/2024\/12\/Producten-frenkylewis26-32.png","datePublished":"2024-08-06T07:00:35+00:00","dateModified":"2026-03-09T20:15:24+00:00","breadcrumb":{"@id":"https:\/\/frenkylewis.com\/p\/natuurlijke-dog-conditioner-150ml-witte-roos-lavendel-ylang-ylang\/#breadcrumb"},"inLanguage":"fr-FR","potentialAction":[{"@type":"ReadAction","target":["https:\/\/frenkylewis.com\/p\/natuurlijke-dog-conditioner-150ml-witte-roos-lavendel-ylang-ylang\/"]}]},{"@type":"ImageObject","inLanguage":"fr-FR","@id":"https:\/\/frenkylewis.com\/p\/natuurlijke-dog-conditioner-150ml-witte-roos-lavendel-ylang-ylang\/#primaryimage","url":"https:\/\/frenkylewis.com\/wp-content\/uploads\/2024\/12\/Producten-frenkylewis26-32.png","contentUrl":"https:\/\/frenkylewis.com\/wp-content\/uploads\/2024\/12\/Producten-frenkylewis26-32.png","width":1240,"height":1240},{"@type":"BreadcrumbList","@id":"https:\/\/frenkylewis.com\/p\/natuurlijke-dog-conditioner-150ml-witte-roos-lavendel-ylang-ylang\/#breadcrumb","itemListElement":[{"@type":"ListItem","position":1,"name":"Home","item":"https:\/\/frenkylewis.com\/"},{"@type":"ListItem","position":2,"name":"Boutique","item":"https:\/\/frenkylewis.com\/fr\/boutique\/"},{"@type":"ListItem","position":3,"name":"Shampoing Sec &#038; Spray Conditionneur Naturel 150ml Rose Blanche, Lavande, Ylang Ylang"}]},{"@type":"WebSite","@id":"https:\/\/frenkylewis.com\/#website","url":"https:\/\/frenkylewis.com\/","name":"Frenky Lewis","description":"100% natural dogcare","publisher":{"@id":"https:\/\/frenkylewis.com\/#organization"},"potentialAction":[{"@type":"SearchAction","target":{"@type":"EntryPoint","urlTemplate":"https:\/\/frenkylewis.com\/?s={search_term_string}"},"query-input":{"@type":"PropertyValueSpecification","valueRequired":true,"valueName":"search_term_string"}}],"inLanguage":"fr-FR"},{"@type":"Organization","@id":"https:\/\/frenkylewis.com\/#organization","name":"Frenky Lewis","url":"https:\/\/frenkylewis.com\/","logo":{"@type":"ImageObject","inLanguage":"fr-FR","@id":"https:\/\/frenkylewis.com\/#\/schema\/logo\/image\/","url":"https:\/\/frenkylewis.com\/wp-content\/uploads\/2022\/08\/logo-black.png","contentUrl":"https:\/\/frenkylewis.com\/wp-content\/uploads\/2022\/08\/logo-black.png","width":2607,"height":661,"caption":"Frenky Lewis"},"image":{"@id":"https:\/\/frenkylewis.com\/#\/schema\/logo\/image\/"}}]}},"_links":{"self":[{"href":"https:\/\/frenkylewis.com\/fr\/wp-json\/wp\/v2\/product\/16477","targetHints":{"allow":["GET"]}}],"collection":[{"href":"https:\/\/frenkylewis.com\/fr\/wp-json\/wp\/v2\/product"}],"about":[{"href":"https:\/\/frenkylewis.com\/fr\/wp-json\/wp\/v2\/types\/product"}],"replies":[{"embeddable":true,"href":"https:\/\/frenkylewis.com\/fr\/wp-json\/wp\/v2\/comments?post=16477"}],"wp:featuredmedia":[{"embeddable":true,"href":"https:\/\/frenkylewis.com\/fr\/wp-json\/wp\/v2\/media\/16662"}],"wp:attachment":[{"href":"https:\/\/frenkylewis.com\/fr\/wp-json\/wp\/v2\/media?parent=16477"}],"wp:term":[{"taxonomy":"product_brand","embeddable":true,"href":"https:\/\/frenkylewis.com\/fr\/wp-json\/wp\/v2\/product_brand?post=16477"},{"taxonomy":"product_cat","embeddable":true,"href":"https:\/\/frenkylewis.com\/fr\/wp-json\/wp\/v2\/product_cat?post=16477"},{"taxonomy":"product_tag","embeddable":true,"href":"https:\/\/frenkylewis.com\/fr\/wp-json\/wp\/v2\/product_tag?post=16477"}],"curies":[{"name":"wp","href":"https:\/\/api.w.org\/{rel}","templated":true}]}}