{"id":16468,"date":"2024-08-06T15:00:14","date_gmt":"2024-08-06T13:00:14","guid":{"rendered":"https:\/\/frenkylewis.com\/p\/parfum-naturel-pour-chien-30ml-wild-garden-fr\/"},"modified":"2026-03-09T21:15:22","modified_gmt":"2026-03-09T20:15:22","slug":"parfum-naturel-pour-chien-30ml-wild-garden-fr","status":"publish","type":"product","link":"https:\/\/frenkylewis.com\/fr\/p\/parfum-naturel-pour-chien-30ml-wild-garden-fr\/","title":{"rendered":"Parfum Naturel pour Chien 30ml Wild Garden"},"content":{"rendered":"<p>La combinaison de parfums de loin la plus populaire de notre collection : bois de santal, jasmin et vanille. L\u00e0 o\u00f9 la fusion du bois chaud avec le jasmin frais cr\u00e9e une exp\u00e9rience olfactive \u00e0 la fois p\u00e9tillante et fra\u00eeche, la vanille ajoute une douceur subtile. Wild Garden vous emm\u00e8ne dans un jardin sauvage, o\u00f9 votre nez est caress\u00e9 \u00e0 chaque niveau.<\/p>\n<p>Plus de produits avec ce parfum Wild Garden ? D\u00e9couvrez toute la ligne ! Vous trouverez ici notre <a href=\"https:\/\/frenkylewis.com\/fr\/p\/barre-de-shampoing-naturelle-pour-chien-romarin-mousse-de-chene-patchouli-fr\/\">barre de shampoing<\/a>, <a href=\"https:\/\/frenkylewis.com\/p\/natuurlijke-dog-shampoo-200ml-rozemarijn-eikenmos-patchouli\/\">shampoing<\/a> et <a href=\"https:\/\/frenkylewis.com\/p\/natuurlijke-dog-conditioner-30ml-rozemarijn-eikenmos-patchouly\/\">apr\u00e8s-shampoing<\/a> aux parfums de bois de santal, jasmin et vanille.<\/p>\n","protected":false},"excerpt":{"rendered":"<p>Notes olfactives : bois de santal, jasmin et vanille. Doux pour le nez du chien : peu de tons doux et acides.<\/p>\n","protected":false},"featured_media":16680,"comment_status":"closed","ping_status":"closed","template":"","meta":{"_acf_changed":false,"_monsterinsights_skip_tracking":false,"_monsterinsights_sitenote_active":false,"_monsterinsights_sitenote_note":"","_monsterinsights_sitenote_category":0},"product_brand":[],"product_cat":[211,226,194,244,283],"product_tag":[],"class_list":{"0":"post-16468","1":"product","2":"type-product","3":"status-publish","4":"has-post-thumbnail","6":"product_cat-chiens","7":"product_cat-parfum","8":"product_cat-parfum-bois-de-santal-jasmin-vanille","9":"product_cat-produits-de-soins","10":"product_cat-signature","12":"first","13":"instock","14":"taxable","15":"shipping-taxable","16":"purchasable","17":"product-type-simple"},"acf":[],"yoast_head":"<!-- This site is optimized with the Yoast SEO plugin v26.9 - https:\/\/yoast.com\/product\/yoast-seo-wordpress\/ -->\n<title>Parfum Naturel pour Chien 30ml Wild Garden - Frenky Lewis<\/title>\n<meta name=\"robots\" content=\"index, follow, max-snippet:-1, max-image-preview:large, max-video-preview:-1\" \/>\n<link rel=\"canonical\" href=\"https:\/\/frenkylewis.com\/p\/natuurlijke-dog-perfume-30ml-wild-garden\/\" \/>\n<meta property=\"og:locale\" content=\"fr_FR\" \/>\n<meta property=\"og:type\" content=\"article\" \/>\n<meta property=\"og:title\" content=\"Parfum Naturel pour Chien 30ml Wild Garden - Frenky Lewis\" \/>\n<meta property=\"og:description\" content=\"Notes olfactives : bois de santal, jasmin et vanille. Doux pour le nez du chien : peu de tons doux et acides.\" \/>\n<meta property=\"og:url\" content=\"https:\/\/frenkylewis.com\/p\/natuurlijke-dog-perfume-30ml-wild-garden\/\" \/>\n<meta property=\"og:site_name\" content=\"Frenky Lewis\" \/>\n<meta property=\"article:modified_time\" content=\"2026-03-09T20:15:22+00:00\" \/>\n<meta property=\"og:image\" content=\"https:\/\/frenkylewis.com\/wp-content\/uploads\/2024\/08\/Packshot-PAR.SJV_.30-Staand-close-scaled-1.jpg\" \/>\n\t<meta property=\"og:image:width\" content=\"1707\" \/>\n\t<meta property=\"og:image:height\" content=\"2560\" \/>\n\t<meta property=\"og:image:type\" content=\"image\/jpeg\" \/>\n<meta name=\"twitter:card\" content=\"summary_large_image\" \/>\n<script type=\"application\/ld+json\" class=\"yoast-schema-graph\">{\"@context\":\"https:\/\/schema.org\",\"@graph\":[{\"@type\":\"WebPage\",\"@id\":\"https:\/\/frenkylewis.com\/p\/natuurlijke-dog-perfume-30ml-wild-garden\/\",\"url\":\"https:\/\/frenkylewis.com\/p\/natuurlijke-dog-perfume-30ml-wild-garden\/\",\"name\":\"Parfum Naturel pour Chien 30ml Wild Garden - Frenky Lewis\",\"isPartOf\":{\"@id\":\"https:\/\/frenkylewis.com\/#website\"},\"primaryImageOfPage\":{\"@id\":\"https:\/\/frenkylewis.com\/p\/natuurlijke-dog-perfume-30ml-wild-garden\/#primaryimage\"},\"image\":{\"@id\":\"https:\/\/frenkylewis.com\/p\/natuurlijke-dog-perfume-30ml-wild-garden\/#primaryimage\"},\"thumbnailUrl\":\"https:\/\/frenkylewis.com\/wp-content\/uploads\/2024\/12\/Producten-frenkylewis26-37.png\",\"datePublished\":\"2024-08-06T13:00:14+00:00\",\"dateModified\":\"2026-03-09T20:15:22+00:00\",\"breadcrumb\":{\"@id\":\"https:\/\/frenkylewis.com\/p\/natuurlijke-dog-perfume-30ml-wild-garden\/#breadcrumb\"},\"inLanguage\":\"fr-FR\",\"potentialAction\":[{\"@type\":\"ReadAction\",\"target\":[\"https:\/\/frenkylewis.com\/p\/natuurlijke-dog-perfume-30ml-wild-garden\/\"]}]},{\"@type\":\"ImageObject\",\"inLanguage\":\"fr-FR\",\"@id\":\"https:\/\/frenkylewis.com\/p\/natuurlijke-dog-perfume-30ml-wild-garden\/#primaryimage\",\"url\":\"https:\/\/frenkylewis.com\/wp-content\/uploads\/2024\/12\/Producten-frenkylewis26-37.png\",\"contentUrl\":\"https:\/\/frenkylewis.com\/wp-content\/uploads\/2024\/12\/Producten-frenkylewis26-37.png\",\"width\":1240,\"height\":1240},{\"@type\":\"BreadcrumbList\",\"@id\":\"https:\/\/frenkylewis.com\/p\/natuurlijke-dog-perfume-30ml-wild-garden\/#breadcrumb\",\"itemListElement\":[{\"@type\":\"ListItem\",\"position\":1,\"name\":\"Home\",\"item\":\"https:\/\/frenkylewis.com\/\"},{\"@type\":\"ListItem\",\"position\":2,\"name\":\"Boutique\",\"item\":\"https:\/\/frenkylewis.com\/fr\/boutique\/\"},{\"@type\":\"ListItem\",\"position\":3,\"name\":\"Parfum Naturel pour Chien 30ml Wild Garden\"}]},{\"@type\":\"WebSite\",\"@id\":\"https:\/\/frenkylewis.com\/#website\",\"url\":\"https:\/\/frenkylewis.com\/\",\"name\":\"Frenky Lewis\",\"description\":\"100% natural dogcare\",\"publisher\":{\"@id\":\"https:\/\/frenkylewis.com\/#organization\"},\"potentialAction\":[{\"@type\":\"SearchAction\",\"target\":{\"@type\":\"EntryPoint\",\"urlTemplate\":\"https:\/\/frenkylewis.com\/?s={search_term_string}\"},\"query-input\":{\"@type\":\"PropertyValueSpecification\",\"valueRequired\":true,\"valueName\":\"search_term_string\"}}],\"inLanguage\":\"fr-FR\"},{\"@type\":\"Organization\",\"@id\":\"https:\/\/frenkylewis.com\/#organization\",\"name\":\"Frenky Lewis\",\"url\":\"https:\/\/frenkylewis.com\/\",\"logo\":{\"@type\":\"ImageObject\",\"inLanguage\":\"fr-FR\",\"@id\":\"https:\/\/frenkylewis.com\/#\/schema\/logo\/image\/\",\"url\":\"https:\/\/frenkylewis.com\/wp-content\/uploads\/2022\/08\/logo-black.png\",\"contentUrl\":\"https:\/\/frenkylewis.com\/wp-content\/uploads\/2022\/08\/logo-black.png\",\"width\":2607,\"height\":661,\"caption\":\"Frenky Lewis\"},\"image\":{\"@id\":\"https:\/\/frenkylewis.com\/#\/schema\/logo\/image\/\"}}]}<\/script>\n<!-- \/ Yoast SEO plugin. -->","yoast_head_json":{"title":"Parfum Naturel pour Chien 30ml Wild Garden - Frenky Lewis","robots":{"index":"index","follow":"follow","max-snippet":"max-snippet:-1","max-image-preview":"max-image-preview:large","max-video-preview":"max-video-preview:-1"},"canonical":"https:\/\/frenkylewis.com\/p\/natuurlijke-dog-perfume-30ml-wild-garden\/","og_locale":"fr_FR","og_type":"article","og_title":"Parfum Naturel pour Chien 30ml Wild Garden - Frenky Lewis","og_description":"Notes olfactives : bois de santal, jasmin et vanille. Doux pour le nez du chien : peu de tons doux et acides.","og_url":"https:\/\/frenkylewis.com\/p\/natuurlijke-dog-perfume-30ml-wild-garden\/","og_site_name":"Frenky Lewis","article_modified_time":"2026-03-09T20:15:22+00:00","og_image":[{"width":1707,"height":2560,"url":"https:\/\/frenkylewis.com\/wp-content\/uploads\/2024\/08\/Packshot-PAR.SJV_.30-Staand-close-scaled-1.jpg","type":"image\/jpeg"}],"twitter_card":"summary_large_image","schema":{"@context":"https:\/\/schema.org","@graph":[{"@type":"WebPage","@id":"https:\/\/frenkylewis.com\/p\/natuurlijke-dog-perfume-30ml-wild-garden\/","url":"https:\/\/frenkylewis.com\/p\/natuurlijke-dog-perfume-30ml-wild-garden\/","name":"Parfum Naturel pour Chien 30ml Wild Garden - Frenky Lewis","isPartOf":{"@id":"https:\/\/frenkylewis.com\/#website"},"primaryImageOfPage":{"@id":"https:\/\/frenkylewis.com\/p\/natuurlijke-dog-perfume-30ml-wild-garden\/#primaryimage"},"image":{"@id":"https:\/\/frenkylewis.com\/p\/natuurlijke-dog-perfume-30ml-wild-garden\/#primaryimage"},"thumbnailUrl":"https:\/\/frenkylewis.com\/wp-content\/uploads\/2024\/12\/Producten-frenkylewis26-37.png","datePublished":"2024-08-06T13:00:14+00:00","dateModified":"2026-03-09T20:15:22+00:00","breadcrumb":{"@id":"https:\/\/frenkylewis.com\/p\/natuurlijke-dog-perfume-30ml-wild-garden\/#breadcrumb"},"inLanguage":"fr-FR","potentialAction":[{"@type":"ReadAction","target":["https:\/\/frenkylewis.com\/p\/natuurlijke-dog-perfume-30ml-wild-garden\/"]}]},{"@type":"ImageObject","inLanguage":"fr-FR","@id":"https:\/\/frenkylewis.com\/p\/natuurlijke-dog-perfume-30ml-wild-garden\/#primaryimage","url":"https:\/\/frenkylewis.com\/wp-content\/uploads\/2024\/12\/Producten-frenkylewis26-37.png","contentUrl":"https:\/\/frenkylewis.com\/wp-content\/uploads\/2024\/12\/Producten-frenkylewis26-37.png","width":1240,"height":1240},{"@type":"BreadcrumbList","@id":"https:\/\/frenkylewis.com\/p\/natuurlijke-dog-perfume-30ml-wild-garden\/#breadcrumb","itemListElement":[{"@type":"ListItem","position":1,"name":"Home","item":"https:\/\/frenkylewis.com\/"},{"@type":"ListItem","position":2,"name":"Boutique","item":"https:\/\/frenkylewis.com\/fr\/boutique\/"},{"@type":"ListItem","position":3,"name":"Parfum Naturel pour Chien 30ml Wild Garden"}]},{"@type":"WebSite","@id":"https:\/\/frenkylewis.com\/#website","url":"https:\/\/frenkylewis.com\/","name":"Frenky Lewis","description":"100% natural dogcare","publisher":{"@id":"https:\/\/frenkylewis.com\/#organization"},"potentialAction":[{"@type":"SearchAction","target":{"@type":"EntryPoint","urlTemplate":"https:\/\/frenkylewis.com\/?s={search_term_string}"},"query-input":{"@type":"PropertyValueSpecification","valueRequired":true,"valueName":"search_term_string"}}],"inLanguage":"fr-FR"},{"@type":"Organization","@id":"https:\/\/frenkylewis.com\/#organization","name":"Frenky Lewis","url":"https:\/\/frenkylewis.com\/","logo":{"@type":"ImageObject","inLanguage":"fr-FR","@id":"https:\/\/frenkylewis.com\/#\/schema\/logo\/image\/","url":"https:\/\/frenkylewis.com\/wp-content\/uploads\/2022\/08\/logo-black.png","contentUrl":"https:\/\/frenkylewis.com\/wp-content\/uploads\/2022\/08\/logo-black.png","width":2607,"height":661,"caption":"Frenky Lewis"},"image":{"@id":"https:\/\/frenkylewis.com\/#\/schema\/logo\/image\/"}}]}},"_links":{"self":[{"href":"https:\/\/frenkylewis.com\/fr\/wp-json\/wp\/v2\/product\/16468","targetHints":{"allow":["GET"]}}],"collection":[{"href":"https:\/\/frenkylewis.com\/fr\/wp-json\/wp\/v2\/product"}],"about":[{"href":"https:\/\/frenkylewis.com\/fr\/wp-json\/wp\/v2\/types\/product"}],"replies":[{"embeddable":true,"href":"https:\/\/frenkylewis.com\/fr\/wp-json\/wp\/v2\/comments?post=16468"}],"wp:featuredmedia":[{"embeddable":true,"href":"https:\/\/frenkylewis.com\/fr\/wp-json\/wp\/v2\/media\/16680"}],"wp:attachment":[{"href":"https:\/\/frenkylewis.com\/fr\/wp-json\/wp\/v2\/media?parent=16468"}],"wp:term":[{"taxonomy":"product_brand","embeddable":true,"href":"https:\/\/frenkylewis.com\/fr\/wp-json\/wp\/v2\/product_brand?post=16468"},{"taxonomy":"product_cat","embeddable":true,"href":"https:\/\/frenkylewis.com\/fr\/wp-json\/wp\/v2\/product_cat?post=16468"},{"taxonomy":"product_tag","embeddable":true,"href":"https:\/\/frenkylewis.com\/fr\/wp-json\/wp\/v2\/product_tag?post=16468"}],"curies":[{"name":"wp","href":"https:\/\/api.w.org\/{rel}","templated":true}]}}