{"id":16453,"date":"2024-08-07T09:00:50","date_gmt":"2024-08-07T07:00:50","guid":{"rendered":"https:\/\/frenkylewis.com\/p\/shampoing-naturel-pour-chien-200ml-the-vert-bergamote-fr\/"},"modified":"2026-03-09T21:15:20","modified_gmt":"2026-03-09T20:15:20","slug":"shampoing-naturel-pour-chien-200ml-the-vert-bergamote-fr","status":"publish","type":"product","link":"https:\/\/frenkylewis.com\/fr\/p\/shampoing-naturel-pour-chien-200ml-the-vert-bergamote-fr\/","title":{"rendered":"Shampoing Naturel pour Chien 200ml Th\u00e9 Vert &#038; Bergamote"},"content":{"rendered":"<p><span style=\"font-weight: 400;\">SHAMPOING 100% NATUREL <\/span><\/p>\n<p><span style=\"font-weight: 400;\">Votre chien m\u00e9rite les meilleurs soins. Les chiens sont bien plus sensibles aux intol\u00e9rances que les humains. C&rsquo;est pourquoi nous proposons un produit 100% naturel. Conditionn\u00e9 dans un flacon en aluminium durable. Notre shampoing est doux pour le pelage et la peau de votre chien, et les merveilleux parfums invitent \u00e0 des heures de c\u00e2lins sur le canap\u00e9.<\/span><\/p>\n","protected":false},"excerpt":{"rendered":"<p><span style=\"font-weight: 400;\">SHAMPOING 100% NATUREL <\/span><\/p>\n<p>Notre shampoing est doux pour le pelage et la peau de votre chien. Les merveilleux parfums invitent \u00e0 des heures de c\u00e2lins sur le canap\u00e9.<\/p>\n<p>Ce shampoing appartient \u00e0 la ligne Noble Woods. D\u00e9couvrez notre <a href=\"https:\/\/frenkylewis.com\/p\/natuurlijke-dog-parfume-30ml-noble-woods\/\">parfum pour chien<\/a>, <a href=\"https:\/\/frenkylewis.com\/fr\/p\/shampoing-sec-spray-conditionneur-naturel-30ml-the-vert-bergamote-fr\/\">apr\u00e8s-shampoing<\/a> et <a href=\"https:\/\/frenkylewis.com\/fr\/p\/barre-de-shampoing-naturelle-pour-chien-chene-noir-cedre-pins-fr\/\">barre de shampoing<\/a>.<\/p>\n","protected":false},"featured_media":16689,"comment_status":"closed","ping_status":"closed","template":"","meta":{"_acf_changed":false,"_monsterinsights_skip_tracking":false,"_monsterinsights_sitenote_active":false,"_monsterinsights_sitenote_note":"","_monsterinsights_sitenote_category":0},"product_brand":[],"product_cat":[211,191,244,281,283],"product_tag":[],"class_list":{"0":"post-16453","1":"product","2":"type-product","3":"status-publish","4":"has-post-thumbnail","6":"product_cat-chiens","7":"product_cat-parfum-the-vert-bergamote","8":"product_cat-produits-de-soins","9":"product_cat-shampoing-signature","10":"product_cat-signature","12":"first","13":"instock","14":"taxable","15":"shipping-taxable","16":"purchasable","17":"product-type-simple"},"acf":[],"yoast_head":"<!-- This site is optimized with the Yoast SEO plugin v27.5 - https:\/\/yoast.com\/product\/yoast-seo-wordpress\/ -->\n<title>Shampoing Naturel pour Chien 200ml Th\u00e9 Vert &amp; Bergamote - Frenky Lewis<\/title>\n<meta name=\"robots\" content=\"index, follow, max-snippet:-1, max-image-preview:large, max-video-preview:-1\" \/>\n<link rel=\"canonical\" href=\"https:\/\/frenkylewis.com\/fr\/p\/shampoing-naturel-pour-chien-200ml-the-vert-bergamote-fr\/\" \/>\n<meta property=\"og:locale\" content=\"fr_FR\" \/>\n<meta property=\"og:type\" content=\"article\" \/>\n<meta property=\"og:title\" content=\"Shampoing Naturel pour Chien 200ml Th\u00e9 Vert &amp; Bergamote - Frenky Lewis\" \/>\n<meta property=\"og:description\" content=\"SHAMPOING 100% NATUREL   Notre shampoing est doux pour le pelage et la peau de votre chien. Les merveilleux parfums invitent \u00e0 des heures de c\u00e2lins sur le canap\u00e9.  Ce shampoing appartient \u00e0 la ligne Noble Woods. D\u00e9couvrez notre parfum pour chien, apr\u00e8s-shampoing et barre de shampoing.\" \/>\n<meta property=\"og:url\" content=\"https:\/\/frenkylewis.com\/fr\/p\/shampoing-naturel-pour-chien-200ml-the-vert-bergamote-fr\/\" \/>\n<meta property=\"og:site_name\" content=\"Frenky Lewis\" \/>\n<meta property=\"article:modified_time\" content=\"2026-03-09T20:15:20+00:00\" \/>\n<meta property=\"og:image\" content=\"https:\/\/frenkylewis.com\/wp-content\/uploads\/2024\/12\/Producten-frenkylewis26-44.png\" \/>\n\t<meta property=\"og:image:width\" content=\"1240\" \/>\n\t<meta property=\"og:image:height\" content=\"1240\" \/>\n\t<meta property=\"og:image:type\" content=\"image\/png\" \/>\n<meta name=\"twitter:card\" content=\"summary_large_image\" \/>\n<script type=\"application\/ld+json\" class=\"yoast-schema-graph\">{\"@context\":\"https:\\\/\\\/schema.org\",\"@graph\":[{\"@type\":\"WebPage\",\"@id\":\"https:\\\/\\\/frenkylewis.com\\\/fr\\\/p\\\/shampoing-naturel-pour-chien-200ml-the-vert-bergamote-fr\\\/\",\"url\":\"https:\\\/\\\/frenkylewis.com\\\/fr\\\/p\\\/shampoing-naturel-pour-chien-200ml-the-vert-bergamote-fr\\\/\",\"name\":\"Shampoing Naturel pour Chien 200ml Th\u00e9 Vert & Bergamote - Frenky Lewis\",\"isPartOf\":{\"@id\":\"https:\\\/\\\/frenkylewis.com\\\/#website\"},\"primaryImageOfPage\":{\"@id\":\"https:\\\/\\\/frenkylewis.com\\\/fr\\\/p\\\/shampoing-naturel-pour-chien-200ml-the-vert-bergamote-fr\\\/#primaryimage\"},\"image\":{\"@id\":\"https:\\\/\\\/frenkylewis.com\\\/fr\\\/p\\\/shampoing-naturel-pour-chien-200ml-the-vert-bergamote-fr\\\/#primaryimage\"},\"thumbnailUrl\":\"https:\\\/\\\/frenkylewis.com\\\/wp-content\\\/uploads\\\/2024\\\/12\\\/Producten-frenkylewis26-44.png\",\"datePublished\":\"2024-08-07T07:00:50+00:00\",\"dateModified\":\"2026-03-09T20:15:20+00:00\",\"breadcrumb\":{\"@id\":\"https:\\\/\\\/frenkylewis.com\\\/fr\\\/p\\\/shampoing-naturel-pour-chien-200ml-the-vert-bergamote-fr\\\/#breadcrumb\"},\"inLanguage\":\"fr-FR\",\"potentialAction\":[{\"@type\":\"ReadAction\",\"target\":[\"https:\\\/\\\/frenkylewis.com\\\/fr\\\/p\\\/shampoing-naturel-pour-chien-200ml-the-vert-bergamote-fr\\\/\"]}]},{\"@type\":\"ImageObject\",\"inLanguage\":\"fr-FR\",\"@id\":\"https:\\\/\\\/frenkylewis.com\\\/fr\\\/p\\\/shampoing-naturel-pour-chien-200ml-the-vert-bergamote-fr\\\/#primaryimage\",\"url\":\"https:\\\/\\\/frenkylewis.com\\\/wp-content\\\/uploads\\\/2024\\\/12\\\/Producten-frenkylewis26-44.png\",\"contentUrl\":\"https:\\\/\\\/frenkylewis.com\\\/wp-content\\\/uploads\\\/2024\\\/12\\\/Producten-frenkylewis26-44.png\",\"width\":1240,\"height\":1240},{\"@type\":\"BreadcrumbList\",\"@id\":\"https:\\\/\\\/frenkylewis.com\\\/fr\\\/p\\\/shampoing-naturel-pour-chien-200ml-the-vert-bergamote-fr\\\/#breadcrumb\",\"itemListElement\":[{\"@type\":\"ListItem\",\"position\":1,\"name\":\"Home\",\"item\":\"https:\\\/\\\/frenkylewis.com\\\/\"},{\"@type\":\"ListItem\",\"position\":2,\"name\":\"Boutique\",\"item\":\"https:\\\/\\\/frenkylewis.com\\\/fr\\\/boutique\\\/\"},{\"@type\":\"ListItem\",\"position\":3,\"name\":\"Shampoing Naturel pour Chien 200ml Th\u00e9 Vert &#038; Bergamote\"}]},{\"@type\":\"WebSite\",\"@id\":\"https:\\\/\\\/frenkylewis.com\\\/#website\",\"url\":\"https:\\\/\\\/frenkylewis.com\\\/\",\"name\":\"Frenky Lewis\",\"description\":\"100% natural dogcare\",\"publisher\":{\"@id\":\"https:\\\/\\\/frenkylewis.com\\\/#organization\"},\"potentialAction\":[{\"@type\":\"SearchAction\",\"target\":{\"@type\":\"EntryPoint\",\"urlTemplate\":\"https:\\\/\\\/frenkylewis.com\\\/?s={search_term_string}\"},\"query-input\":{\"@type\":\"PropertyValueSpecification\",\"valueRequired\":true,\"valueName\":\"search_term_string\"}}],\"inLanguage\":\"fr-FR\"},{\"@type\":\"Organization\",\"@id\":\"https:\\\/\\\/frenkylewis.com\\\/#organization\",\"name\":\"Frenky Lewis\",\"url\":\"https:\\\/\\\/frenkylewis.com\\\/\",\"logo\":{\"@type\":\"ImageObject\",\"inLanguage\":\"fr-FR\",\"@id\":\"https:\\\/\\\/frenkylewis.com\\\/#\\\/schema\\\/logo\\\/image\\\/\",\"url\":\"https:\\\/\\\/frenkylewis.com\\\/wp-content\\\/uploads\\\/2022\\\/08\\\/logo-black.png\",\"contentUrl\":\"https:\\\/\\\/frenkylewis.com\\\/wp-content\\\/uploads\\\/2022\\\/08\\\/logo-black.png\",\"width\":2607,\"height\":661,\"caption\":\"Frenky Lewis\"},\"image\":{\"@id\":\"https:\\\/\\\/frenkylewis.com\\\/#\\\/schema\\\/logo\\\/image\\\/\"}}]}<\/script>\n<!-- \/ Yoast SEO plugin. -->","yoast_head_json":{"title":"Shampoing Naturel pour Chien 200ml Th\u00e9 Vert & Bergamote - Frenky Lewis","robots":{"index":"index","follow":"follow","max-snippet":"max-snippet:-1","max-image-preview":"max-image-preview:large","max-video-preview":"max-video-preview:-1"},"canonical":"https:\/\/frenkylewis.com\/fr\/p\/shampoing-naturel-pour-chien-200ml-the-vert-bergamote-fr\/","og_locale":"fr_FR","og_type":"article","og_title":"Shampoing Naturel pour Chien 200ml Th\u00e9 Vert & Bergamote - Frenky Lewis","og_description":"SHAMPOING 100% NATUREL   Notre shampoing est doux pour le pelage et la peau de votre chien. Les merveilleux parfums invitent \u00e0 des heures de c\u00e2lins sur le canap\u00e9.  Ce shampoing appartient \u00e0 la ligne Noble Woods. D\u00e9couvrez notre parfum pour chien, apr\u00e8s-shampoing et barre de shampoing.","og_url":"https:\/\/frenkylewis.com\/fr\/p\/shampoing-naturel-pour-chien-200ml-the-vert-bergamote-fr\/","og_site_name":"Frenky Lewis","article_modified_time":"2026-03-09T20:15:20+00:00","og_image":[{"width":1240,"height":1240,"url":"https:\/\/frenkylewis.com\/wp-content\/uploads\/2024\/12\/Producten-frenkylewis26-44.png","type":"image\/png"}],"twitter_card":"summary_large_image","schema":{"@context":"https:\/\/schema.org","@graph":[{"@type":"WebPage","@id":"https:\/\/frenkylewis.com\/fr\/p\/shampoing-naturel-pour-chien-200ml-the-vert-bergamote-fr\/","url":"https:\/\/frenkylewis.com\/fr\/p\/shampoing-naturel-pour-chien-200ml-the-vert-bergamote-fr\/","name":"Shampoing Naturel pour Chien 200ml Th\u00e9 Vert & Bergamote - Frenky Lewis","isPartOf":{"@id":"https:\/\/frenkylewis.com\/#website"},"primaryImageOfPage":{"@id":"https:\/\/frenkylewis.com\/fr\/p\/shampoing-naturel-pour-chien-200ml-the-vert-bergamote-fr\/#primaryimage"},"image":{"@id":"https:\/\/frenkylewis.com\/fr\/p\/shampoing-naturel-pour-chien-200ml-the-vert-bergamote-fr\/#primaryimage"},"thumbnailUrl":"https:\/\/frenkylewis.com\/wp-content\/uploads\/2024\/12\/Producten-frenkylewis26-44.png","datePublished":"2024-08-07T07:00:50+00:00","dateModified":"2026-03-09T20:15:20+00:00","breadcrumb":{"@id":"https:\/\/frenkylewis.com\/fr\/p\/shampoing-naturel-pour-chien-200ml-the-vert-bergamote-fr\/#breadcrumb"},"inLanguage":"fr-FR","potentialAction":[{"@type":"ReadAction","target":["https:\/\/frenkylewis.com\/fr\/p\/shampoing-naturel-pour-chien-200ml-the-vert-bergamote-fr\/"]}]},{"@type":"ImageObject","inLanguage":"fr-FR","@id":"https:\/\/frenkylewis.com\/fr\/p\/shampoing-naturel-pour-chien-200ml-the-vert-bergamote-fr\/#primaryimage","url":"https:\/\/frenkylewis.com\/wp-content\/uploads\/2024\/12\/Producten-frenkylewis26-44.png","contentUrl":"https:\/\/frenkylewis.com\/wp-content\/uploads\/2024\/12\/Producten-frenkylewis26-44.png","width":1240,"height":1240},{"@type":"BreadcrumbList","@id":"https:\/\/frenkylewis.com\/fr\/p\/shampoing-naturel-pour-chien-200ml-the-vert-bergamote-fr\/#breadcrumb","itemListElement":[{"@type":"ListItem","position":1,"name":"Home","item":"https:\/\/frenkylewis.com\/"},{"@type":"ListItem","position":2,"name":"Boutique","item":"https:\/\/frenkylewis.com\/fr\/boutique\/"},{"@type":"ListItem","position":3,"name":"Shampoing Naturel pour Chien 200ml Th\u00e9 Vert &#038; Bergamote"}]},{"@type":"WebSite","@id":"https:\/\/frenkylewis.com\/#website","url":"https:\/\/frenkylewis.com\/","name":"Frenky Lewis","description":"100% natural dogcare","publisher":{"@id":"https:\/\/frenkylewis.com\/#organization"},"potentialAction":[{"@type":"SearchAction","target":{"@type":"EntryPoint","urlTemplate":"https:\/\/frenkylewis.com\/?s={search_term_string}"},"query-input":{"@type":"PropertyValueSpecification","valueRequired":true,"valueName":"search_term_string"}}],"inLanguage":"fr-FR"},{"@type":"Organization","@id":"https:\/\/frenkylewis.com\/#organization","name":"Frenky Lewis","url":"https:\/\/frenkylewis.com\/","logo":{"@type":"ImageObject","inLanguage":"fr-FR","@id":"https:\/\/frenkylewis.com\/#\/schema\/logo\/image\/","url":"https:\/\/frenkylewis.com\/wp-content\/uploads\/2022\/08\/logo-black.png","contentUrl":"https:\/\/frenkylewis.com\/wp-content\/uploads\/2022\/08\/logo-black.png","width":2607,"height":661,"caption":"Frenky Lewis"},"image":{"@id":"https:\/\/frenkylewis.com\/#\/schema\/logo\/image\/"}}]}},"_links":{"self":[{"href":"https:\/\/frenkylewis.com\/fr\/wp-json\/wp\/v2\/product\/16453","targetHints":{"allow":["GET"]}}],"collection":[{"href":"https:\/\/frenkylewis.com\/fr\/wp-json\/wp\/v2\/product"}],"about":[{"href":"https:\/\/frenkylewis.com\/fr\/wp-json\/wp\/v2\/types\/product"}],"replies":[{"embeddable":true,"href":"https:\/\/frenkylewis.com\/fr\/wp-json\/wp\/v2\/comments?post=16453"}],"wp:featuredmedia":[{"embeddable":true,"href":"https:\/\/frenkylewis.com\/fr\/wp-json\/wp\/v2\/media\/16689"}],"wp:attachment":[{"href":"https:\/\/frenkylewis.com\/fr\/wp-json\/wp\/v2\/media?parent=16453"}],"wp:term":[{"taxonomy":"product_brand","embeddable":true,"href":"https:\/\/frenkylewis.com\/fr\/wp-json\/wp\/v2\/product_brand?post=16453"},{"taxonomy":"product_cat","embeddable":true,"href":"https:\/\/frenkylewis.com\/fr\/wp-json\/wp\/v2\/product_cat?post=16453"},{"taxonomy":"product_tag","embeddable":true,"href":"https:\/\/frenkylewis.com\/fr\/wp-json\/wp\/v2\/product_tag?post=16453"}],"curies":[{"name":"wp","href":"https:\/\/api.w.org\/{rel}","templated":true}]}}