{"id":16450,"date":"2026-03-09T21:15:19","date_gmt":"2026-03-09T20:15:19","guid":{"rendered":"https:\/\/frenkylewis.com\/p\/barre-de-shampoing-cheval-bois-de-santal-jasmin-vanille-fr\/"},"modified":"2026-03-09T21:15:19","modified_gmt":"2026-03-09T20:15:19","slug":"barre-de-shampoing-cheval-bois-de-santal-jasmin-vanille-fr","status":"publish","type":"product","link":"https:\/\/frenkylewis.com\/fr\/p\/barre-de-shampoing-cheval-bois-de-santal-jasmin-vanille-fr\/","title":{"rendered":"Barre de Shampoing Cheval Bois de Santal, Jasmin, Vanille"},"content":{"rendered":"<p><span style=\"font-weight: 400;\">Met deze Shampoo Bar heb je altijd de perfecte oplossing bij de hand om de vacht en huid van je paard optimaal te verzorgen. Deze bar ondersteunt het natuurlijke herstellend vermogen en draagt bij aan een gezonde huid en stralende vacht. Perfect voor het verzorgen van gevoelige, droge of rode huid. De natuurlijke oli\u00ebn hebben een terugvettende werking en voeden de huid en haar Deze duurzame en veelzijdige bar is een absolute aanwinst voor iedere paardeneigenaar die streeft naar de beste verzorging voor hun paard!<\/span><\/p>\n<p><b>Wat maakt onze shampoo bar uniek?<\/b><\/p>\n<ul>\n<li style=\"font-weight: 400;\" aria-level=\"1\"><b>Anti-bacterieel<\/b><span style=\"font-weight: 400;\"> &#8211; Bestrijdt bacteri\u00ebn voor een gezonde huid.<\/span><\/li>\n<li style=\"font-weight: 400;\" aria-level=\"1\"><b>Anti-parasitair<\/b><span style=\"font-weight: 400;\"> &#8211; Helpt parasieten op afstand te houden.<\/span><\/li>\n<li style=\"font-weight: 400;\" aria-level=\"1\"><b>Anti-schimmel<\/b><span style=\"font-weight: 400;\"> &#8211; Voorkomt en behandelt schimmelinfecties.<\/span><\/li>\n<li aria-level=\"1\"><strong>Revitaliserend<\/strong> &#8211;\u00a0Draagt bij aan het herstel van de vacht.<\/li>\n<li aria-level=\"1\"><strong>Ontstekingsremmend<\/strong> &#8211;\u00a0Vermindert infecties en ontstekingen<\/li>\n<li style=\"font-weight: 400;\" aria-level=\"1\"><b>100% natuurlijk<\/b><span style=\"font-weight: 400;\"> &#8211; Zachte, veilige formule zonder chemicali\u00ebn.<\/span><\/li>\n<li style=\"font-weight: 400;\" aria-level=\"1\"><b>Voedt en verzorgt<\/b><span style=\"font-weight: 400;\"> &#8211; Voor een stralende vacht en gezonde huid.<\/span><\/li>\n<\/ul>\n<p>&nbsp;<\/p>\n<p>De shampoo bar is vrij van allergenen en geschikt voor paarden.<\/p>\n<p>&nbsp;<\/p>\n","protected":false},"excerpt":{"rendered":"<p><span style=\"font-weight: 400;\">En pensant au shampoing pour chevaux, vous ne pensez peut-\u00eatre pas imm\u00e9diatement \u00e0 une barre de shampoing. <\/span><span style=\"font-weight: 400;\">Pourtant, ce produit a de nombreux avantages !<\/span><\/p>\n<p><span style=\"font-weight: 400;\">Offrez \u00e0 votre cheval les soins ultimes avec notre <\/span><b>Barre de Shampoing Cheval<\/b><span style=\"font-weight: 400;\"> multifonctionnelle. Con\u00e7ue non seulement pour nettoyer, mais aussi pour prot\u00e9ger contre les probl\u00e8mes ind\u00e9sirables.<\/span><\/p>\n","protected":false},"featured_media":9802,"comment_status":"","ping_status":"closed","template":"","meta":{"_acf_changed":false,"_monsterinsights_skip_tracking":false,"_monsterinsights_sitenote_active":false,"_monsterinsights_sitenote_note":"","_monsterinsights_sitenote_category":0},"product_brand":[],"product_cat":[],"product_tag":[],"class_list":{"0":"post-16450","1":"product","2":"type-product","3":"status-publish","4":"has-post-thumbnail","7":"first","8":"instock","9":"taxable","10":"shipping-taxable","11":"purchasable","12":"product-type-simple"},"acf":[],"yoast_head":"<!-- This site is optimized with the Yoast SEO plugin v26.9 - https:\/\/yoast.com\/product\/yoast-seo-wordpress\/ -->\n<title>Barre de Shampoing Cheval Bois de Santal, Jasmin, Vanille - Frenky Lewis<\/title>\n<meta name=\"robots\" content=\"index, follow, max-snippet:-1, max-image-preview:large, max-video-preview:-1\" \/>\n<link rel=\"canonical\" href=\"https:\/\/frenkylewis.com\/p\/barre-de-shampoing-cheval-bois-de-santal-jasmin-vanille-fr\/\" \/>\n<meta property=\"og:locale\" content=\"fr_FR\" \/>\n<meta property=\"og:type\" content=\"article\" \/>\n<meta property=\"og:title\" content=\"Barre de Shampoing Cheval Bois de Santal, Jasmin, Vanille - Frenky Lewis\" \/>\n<meta property=\"og:description\" content=\"En pensant au shampoing pour chevaux, vous ne pensez peut-\u00eatre pas imm\u00e9diatement \u00e0 une barre de shampoing. Pourtant, ce produit a de nombreux avantages !  Offrez \u00e0 votre cheval les soins ultimes avec notre Barre de Shampoing Cheval multifonctionnelle. Con\u00e7ue non seulement pour nettoyer, mais aussi pour prot\u00e9ger contre les probl\u00e8mes ind\u00e9sirables.\" \/>\n<meta property=\"og:url\" content=\"https:\/\/frenkylewis.com\/p\/barre-de-shampoing-cheval-bois-de-santal-jasmin-vanille-fr\/\" \/>\n<meta property=\"og:site_name\" content=\"Frenky Lewis\" \/>\n<meta property=\"og:image\" content=\"https:\/\/frenkylewis.com\/wp-content\/uploads\/2022\/08\/logo-black.png\" \/>\n<meta name=\"twitter:card\" content=\"summary_large_image\" \/>\n<meta name=\"twitter:label1\" content=\"Dur\u00e9e de lecture estim\u00e9e\" \/>\n\t<meta name=\"twitter:data1\" content=\"1 minute\" \/>\n<script type=\"application\/ld+json\" class=\"yoast-schema-graph\">{\"@context\":\"https:\/\/schema.org\",\"@graph\":[{\"@type\":\"WebPage\",\"@id\":\"https:\/\/frenkylewis.com\/p\/barre-de-shampoing-cheval-bois-de-santal-jasmin-vanille-fr\/\",\"url\":\"https:\/\/frenkylewis.com\/p\/barre-de-shampoing-cheval-bois-de-santal-jasmin-vanille-fr\/\",\"name\":\"Barre de Shampoing Cheval Bois de Santal, Jasmin, Vanille - Frenky Lewis\",\"isPartOf\":{\"@id\":\"https:\/\/frenkylewis.com\/#website\"},\"primaryImageOfPage\":{\"@id\":\"https:\/\/frenkylewis.com\/p\/barre-de-shampoing-cheval-bois-de-santal-jasmin-vanille-fr\/#primaryimage\"},\"image\":{\"@id\":\"https:\/\/frenkylewis.com\/p\/barre-de-shampoing-cheval-bois-de-santal-jasmin-vanille-fr\/#primaryimage\"},\"thumbnailUrl\":\"https:\/\/frenkylewis.com\/wp-content\/uploads\/2024\/12\/IMG_7347-1-scaled.webp\",\"datePublished\":\"2026-03-09T20:15:19+00:00\",\"breadcrumb\":{\"@id\":\"https:\/\/frenkylewis.com\/p\/barre-de-shampoing-cheval-bois-de-santal-jasmin-vanille-fr\/#breadcrumb\"},\"inLanguage\":\"fr-FR\",\"potentialAction\":[{\"@type\":\"ReadAction\",\"target\":[\"https:\/\/frenkylewis.com\/p\/barre-de-shampoing-cheval-bois-de-santal-jasmin-vanille-fr\/\"]}]},{\"@type\":\"ImageObject\",\"inLanguage\":\"fr-FR\",\"@id\":\"https:\/\/frenkylewis.com\/p\/barre-de-shampoing-cheval-bois-de-santal-jasmin-vanille-fr\/#primaryimage\",\"url\":\"https:\/\/frenkylewis.com\/wp-content\/uploads\/2024\/12\/IMG_7347-1-scaled.webp\",\"contentUrl\":\"https:\/\/frenkylewis.com\/wp-content\/uploads\/2024\/12\/IMG_7347-1-scaled.webp\",\"width\":2560,\"height\":1707},{\"@type\":\"BreadcrumbList\",\"@id\":\"https:\/\/frenkylewis.com\/p\/barre-de-shampoing-cheval-bois-de-santal-jasmin-vanille-fr\/#breadcrumb\",\"itemListElement\":[{\"@type\":\"ListItem\",\"position\":1,\"name\":\"Home\",\"item\":\"https:\/\/frenkylewis.com\/\"},{\"@type\":\"ListItem\",\"position\":2,\"name\":\"Boutique\",\"item\":\"https:\/\/frenkylewis.com\/fr\/boutique\/\"},{\"@type\":\"ListItem\",\"position\":3,\"name\":\"Barre de Shampoing Cheval Bois de Santal, Jasmin, Vanille\"}]},{\"@type\":\"WebSite\",\"@id\":\"https:\/\/frenkylewis.com\/#website\",\"url\":\"https:\/\/frenkylewis.com\/\",\"name\":\"Frenky Lewis\",\"description\":\"100% natural dogcare\",\"publisher\":{\"@id\":\"https:\/\/frenkylewis.com\/#organization\"},\"potentialAction\":[{\"@type\":\"SearchAction\",\"target\":{\"@type\":\"EntryPoint\",\"urlTemplate\":\"https:\/\/frenkylewis.com\/?s={search_term_string}\"},\"query-input\":{\"@type\":\"PropertyValueSpecification\",\"valueRequired\":true,\"valueName\":\"search_term_string\"}}],\"inLanguage\":\"fr-FR\"},{\"@type\":\"Organization\",\"@id\":\"https:\/\/frenkylewis.com\/#organization\",\"name\":\"Frenky Lewis\",\"url\":\"https:\/\/frenkylewis.com\/\",\"logo\":{\"@type\":\"ImageObject\",\"inLanguage\":\"fr-FR\",\"@id\":\"https:\/\/frenkylewis.com\/#\/schema\/logo\/image\/\",\"url\":\"https:\/\/frenkylewis.com\/wp-content\/uploads\/2022\/08\/logo-black.png\",\"contentUrl\":\"https:\/\/frenkylewis.com\/wp-content\/uploads\/2022\/08\/logo-black.png\",\"width\":2607,\"height\":661,\"caption\":\"Frenky Lewis\"},\"image\":{\"@id\":\"https:\/\/frenkylewis.com\/#\/schema\/logo\/image\/\"}}]}<\/script>\n<!-- \/ Yoast SEO plugin. -->","yoast_head_json":{"title":"Barre de Shampoing Cheval Bois de Santal, Jasmin, Vanille - Frenky Lewis","robots":{"index":"index","follow":"follow","max-snippet":"max-snippet:-1","max-image-preview":"max-image-preview:large","max-video-preview":"max-video-preview:-1"},"canonical":"https:\/\/frenkylewis.com\/p\/barre-de-shampoing-cheval-bois-de-santal-jasmin-vanille-fr\/","og_locale":"fr_FR","og_type":"article","og_title":"Barre de Shampoing Cheval Bois de Santal, Jasmin, Vanille - Frenky Lewis","og_description":"En pensant au shampoing pour chevaux, vous ne pensez peut-\u00eatre pas imm\u00e9diatement \u00e0 une barre de shampoing. Pourtant, ce produit a de nombreux avantages !  Offrez \u00e0 votre cheval les soins ultimes avec notre Barre de Shampoing Cheval multifonctionnelle. Con\u00e7ue non seulement pour nettoyer, mais aussi pour prot\u00e9ger contre les probl\u00e8mes ind\u00e9sirables.","og_url":"https:\/\/frenkylewis.com\/p\/barre-de-shampoing-cheval-bois-de-santal-jasmin-vanille-fr\/","og_site_name":"Frenky Lewis","og_image":[{"url":"https:\/\/frenkylewis.com\/wp-content\/uploads\/2022\/08\/logo-black.png","type":"","width":"","height":""}],"twitter_card":"summary_large_image","twitter_misc":{"Dur\u00e9e de lecture estim\u00e9e":"1 minute"},"schema":{"@context":"https:\/\/schema.org","@graph":[{"@type":"WebPage","@id":"https:\/\/frenkylewis.com\/p\/barre-de-shampoing-cheval-bois-de-santal-jasmin-vanille-fr\/","url":"https:\/\/frenkylewis.com\/p\/barre-de-shampoing-cheval-bois-de-santal-jasmin-vanille-fr\/","name":"Barre de Shampoing Cheval Bois de Santal, Jasmin, Vanille - Frenky Lewis","isPartOf":{"@id":"https:\/\/frenkylewis.com\/#website"},"primaryImageOfPage":{"@id":"https:\/\/frenkylewis.com\/p\/barre-de-shampoing-cheval-bois-de-santal-jasmin-vanille-fr\/#primaryimage"},"image":{"@id":"https:\/\/frenkylewis.com\/p\/barre-de-shampoing-cheval-bois-de-santal-jasmin-vanille-fr\/#primaryimage"},"thumbnailUrl":"https:\/\/frenkylewis.com\/wp-content\/uploads\/2024\/12\/IMG_7347-1-scaled.webp","datePublished":"2026-03-09T20:15:19+00:00","breadcrumb":{"@id":"https:\/\/frenkylewis.com\/p\/barre-de-shampoing-cheval-bois-de-santal-jasmin-vanille-fr\/#breadcrumb"},"inLanguage":"fr-FR","potentialAction":[{"@type":"ReadAction","target":["https:\/\/frenkylewis.com\/p\/barre-de-shampoing-cheval-bois-de-santal-jasmin-vanille-fr\/"]}]},{"@type":"ImageObject","inLanguage":"fr-FR","@id":"https:\/\/frenkylewis.com\/p\/barre-de-shampoing-cheval-bois-de-santal-jasmin-vanille-fr\/#primaryimage","url":"https:\/\/frenkylewis.com\/wp-content\/uploads\/2024\/12\/IMG_7347-1-scaled.webp","contentUrl":"https:\/\/frenkylewis.com\/wp-content\/uploads\/2024\/12\/IMG_7347-1-scaled.webp","width":2560,"height":1707},{"@type":"BreadcrumbList","@id":"https:\/\/frenkylewis.com\/p\/barre-de-shampoing-cheval-bois-de-santal-jasmin-vanille-fr\/#breadcrumb","itemListElement":[{"@type":"ListItem","position":1,"name":"Home","item":"https:\/\/frenkylewis.com\/"},{"@type":"ListItem","position":2,"name":"Boutique","item":"https:\/\/frenkylewis.com\/fr\/boutique\/"},{"@type":"ListItem","position":3,"name":"Barre de Shampoing Cheval Bois de Santal, Jasmin, Vanille"}]},{"@type":"WebSite","@id":"https:\/\/frenkylewis.com\/#website","url":"https:\/\/frenkylewis.com\/","name":"Frenky Lewis","description":"100% natural dogcare","publisher":{"@id":"https:\/\/frenkylewis.com\/#organization"},"potentialAction":[{"@type":"SearchAction","target":{"@type":"EntryPoint","urlTemplate":"https:\/\/frenkylewis.com\/?s={search_term_string}"},"query-input":{"@type":"PropertyValueSpecification","valueRequired":true,"valueName":"search_term_string"}}],"inLanguage":"fr-FR"},{"@type":"Organization","@id":"https:\/\/frenkylewis.com\/#organization","name":"Frenky Lewis","url":"https:\/\/frenkylewis.com\/","logo":{"@type":"ImageObject","inLanguage":"fr-FR","@id":"https:\/\/frenkylewis.com\/#\/schema\/logo\/image\/","url":"https:\/\/frenkylewis.com\/wp-content\/uploads\/2022\/08\/logo-black.png","contentUrl":"https:\/\/frenkylewis.com\/wp-content\/uploads\/2022\/08\/logo-black.png","width":2607,"height":661,"caption":"Frenky Lewis"},"image":{"@id":"https:\/\/frenkylewis.com\/#\/schema\/logo\/image\/"}}]}},"_links":{"self":[{"href":"https:\/\/frenkylewis.com\/fr\/wp-json\/wp\/v2\/product\/16450","targetHints":{"allow":["GET"]}}],"collection":[{"href":"https:\/\/frenkylewis.com\/fr\/wp-json\/wp\/v2\/product"}],"about":[{"href":"https:\/\/frenkylewis.com\/fr\/wp-json\/wp\/v2\/types\/product"}],"replies":[{"embeddable":true,"href":"https:\/\/frenkylewis.com\/fr\/wp-json\/wp\/v2\/comments?post=16450"}],"wp:featuredmedia":[{"embeddable":true,"href":"https:\/\/frenkylewis.com\/fr\/wp-json\/wp\/v2\/media\/9802"}],"wp:attachment":[{"href":"https:\/\/frenkylewis.com\/fr\/wp-json\/wp\/v2\/media?parent=16450"}],"wp:term":[{"taxonomy":"product_brand","embeddable":true,"href":"https:\/\/frenkylewis.com\/fr\/wp-json\/wp\/v2\/product_brand?post=16450"},{"taxonomy":"product_cat","embeddable":true,"href":"https:\/\/frenkylewis.com\/fr\/wp-json\/wp\/v2\/product_cat?post=16450"},{"taxonomy":"product_tag","embeddable":true,"href":"https:\/\/frenkylewis.com\/fr\/wp-json\/wp\/v2\/product_tag?post=16450"}],"curies":[{"name":"wp","href":"https:\/\/api.w.org\/{rel}","templated":true}]}}