{"id":16447,"date":"2026-03-09T21:15:19","date_gmt":"2026-03-09T20:15:19","guid":{"rendered":"https:\/\/frenkylewis.com\/p\/barre-de-shampoing-cheval-white-rose-lavande-ylang-ylang-fr\/"},"modified":"2026-03-09T21:15:19","modified_gmt":"2026-03-09T20:15:19","slug":"barre-de-shampoing-cheval-white-rose-lavande-ylang-ylang-fr","status":"publish","type":"product","link":"https:\/\/frenkylewis.com\/fr\/p\/barre-de-shampoing-cheval-white-rose-lavande-ylang-ylang-fr\/","title":{"rendered":"Barre de Shampoing Cheval White Rose, Lavande, Ylang Ylang"},"content":{"rendered":"<p>De White Rose, Lavender, Ylang Ylang Shampoo bar is een verzorgingsproduct dat zowel de huid als de vacht tot in de puntjes verzorgt. Door de combinatie van natuurlijke ingredi\u00ebnten wordt de natuurlijke balans van de huid ondersteund, huidirritaties gekalmeerd en droge of gevoelige huid hersteld. De zachte bloemige geur zal zorgen voor een ontspannen verzorgingsmoment voor zowel jou als je paard. De natuurlijke oli\u00ebn zullen een zijdezachte vacht en gezonde huid achterlaten. Deze oli\u00ebn hebben namelijk een hydraterende en herstellende werking. Kies voor een duurzame en praktische oplossing en ervaar hoe je moeiteloos de beste zorg aan je paard kunt bieden!<\/p>\n<p><b>Waarom kiezen voor de Paarden Shampoo Bar?<\/b><\/p>\n<ul>\n<li style=\"font-weight: 400;\" aria-level=\"1\"><b>100% natuurlijk<\/b><span style=\"font-weight: 400;\"> \u2013 Geen chemicali\u00ebn, alleen pure ingredi\u00ebnten.<\/span><\/li>\n<li style=\"font-weight: 400;\" aria-level=\"1\"><b>Zacht voor de huid<\/b><span style=\"font-weight: 400;\"> \u2013 Helpt huidirritaties te voorkomen en hydrateert.<\/span><\/li>\n<li style=\"font-weight: 400;\" aria-level=\"1\"><b>Handig in gebruik<\/b><span style=\"font-weight: 400;\"> \u2013 Compact formaat, geen gedoe met morsen.<\/span><\/li>\n<li aria-level=\"1\"><strong>Antibacterieel &amp; Antiparasitair<\/strong> &#8211; Gaat ontwikkeling tegen bacteri\u00ebn en parasieten tegen.<\/li>\n<li style=\"font-weight: 400;\" aria-level=\"1\"><b>Ecologisch verantwoord<\/b><span style=\"font-weight: 400;\"> \u2013 Duurzaam en plasticvrij.<\/span><\/li>\n<li style=\"font-weight: 400;\" aria-level=\"1\"><b>Stralende vacht<\/b><span style=\"font-weight: 400;\"> \u2013 Reinigt grondig en laat een gezonde glans achter.<\/span><\/li>\n<li aria-level=\"1\"><strong>Ontstekingsremmend<\/strong> &#8211; Vermindert infecties en ontstekingen<\/li>\n<\/ul>\n<p>&nbsp;<\/p>\n<p><span style=\"font-weight: 400;\">De shampoo bar is vrij van allergenen en geschikt voor paarden.<\/span><\/p>\n","protected":false},"excerpt":{"rendered":"<p><span style=\"font-weight: 400;\">Offrez \u00e0 votre cheval les soins qu&rsquo;il m\u00e9rite avec notre unique <\/span><b>Barre de Shampoing Cheval<\/b><span style=\"font-weight: 400;\">. Sp\u00e9cialement d\u00e9velopp\u00e9e pour nettoyer et nourrir naturellement le pelage, la peau et la crini\u00e8re de votre cheval.<\/span><\/p>\n","protected":false},"featured_media":9801,"comment_status":"","ping_status":"closed","template":"","meta":{"_acf_changed":false,"_monsterinsights_skip_tracking":false,"_monsterinsights_sitenote_active":false,"_monsterinsights_sitenote_note":"","_monsterinsights_sitenote_category":0},"product_brand":[],"product_cat":[],"product_tag":[],"class_list":{"0":"post-16447","1":"product","2":"type-product","3":"status-publish","4":"has-post-thumbnail","7":"first","8":"instock","9":"taxable","10":"shipping-taxable","11":"purchasable","12":"product-type-simple"},"acf":[],"yoast_head":"<!-- This site is optimized with the Yoast SEO plugin v26.9 - https:\/\/yoast.com\/product\/yoast-seo-wordpress\/ -->\n<title>Barre de Shampoing Cheval White Rose, Lavande, Ylang Ylang - Frenky Lewis<\/title>\n<meta name=\"robots\" content=\"index, follow, max-snippet:-1, max-image-preview:large, max-video-preview:-1\" \/>\n<link rel=\"canonical\" href=\"https:\/\/frenkylewis.com\/p\/barre-de-shampoing-cheval-white-rose-lavande-ylang-ylang-fr\/\" \/>\n<meta property=\"og:locale\" content=\"fr_FR\" \/>\n<meta property=\"og:type\" content=\"article\" \/>\n<meta property=\"og:title\" content=\"Barre de Shampoing Cheval White Rose, Lavande, Ylang Ylang - Frenky Lewis\" \/>\n<meta property=\"og:description\" content=\"Offrez \u00e0 votre cheval les soins qu&#039;il m\u00e9rite avec notre unique Barre de Shampoing Cheval. Sp\u00e9cialement d\u00e9velopp\u00e9e pour nettoyer et nourrir naturellement le pelage, la peau et la crini\u00e8re de votre cheval.\" \/>\n<meta property=\"og:url\" content=\"https:\/\/frenkylewis.com\/p\/barre-de-shampoing-cheval-white-rose-lavande-ylang-ylang-fr\/\" \/>\n<meta property=\"og:site_name\" content=\"Frenky Lewis\" \/>\n<meta property=\"og:image\" content=\"https:\/\/frenkylewis.com\/wp-content\/uploads\/2022\/08\/logo-black.png\" \/>\n<meta name=\"twitter:card\" content=\"summary_large_image\" \/>\n<meta name=\"twitter:label1\" content=\"Dur\u00e9e de lecture estim\u00e9e\" \/>\n\t<meta name=\"twitter:data1\" content=\"1 minute\" \/>\n<script type=\"application\/ld+json\" class=\"yoast-schema-graph\">{\"@context\":\"https:\/\/schema.org\",\"@graph\":[{\"@type\":\"WebPage\",\"@id\":\"https:\/\/frenkylewis.com\/p\/barre-de-shampoing-cheval-white-rose-lavande-ylang-ylang-fr\/\",\"url\":\"https:\/\/frenkylewis.com\/p\/barre-de-shampoing-cheval-white-rose-lavande-ylang-ylang-fr\/\",\"name\":\"Barre de Shampoing Cheval White Rose, Lavande, Ylang Ylang - Frenky Lewis\",\"isPartOf\":{\"@id\":\"https:\/\/frenkylewis.com\/#website\"},\"primaryImageOfPage\":{\"@id\":\"https:\/\/frenkylewis.com\/p\/barre-de-shampoing-cheval-white-rose-lavande-ylang-ylang-fr\/#primaryimage\"},\"image\":{\"@id\":\"https:\/\/frenkylewis.com\/p\/barre-de-shampoing-cheval-white-rose-lavande-ylang-ylang-fr\/#primaryimage\"},\"thumbnailUrl\":\"https:\/\/frenkylewis.com\/wp-content\/uploads\/2024\/12\/IMG_7332-1-scaled.webp\",\"datePublished\":\"2026-03-09T20:15:19+00:00\",\"breadcrumb\":{\"@id\":\"https:\/\/frenkylewis.com\/p\/barre-de-shampoing-cheval-white-rose-lavande-ylang-ylang-fr\/#breadcrumb\"},\"inLanguage\":\"fr-FR\",\"potentialAction\":[{\"@type\":\"ReadAction\",\"target\":[\"https:\/\/frenkylewis.com\/p\/barre-de-shampoing-cheval-white-rose-lavande-ylang-ylang-fr\/\"]}]},{\"@type\":\"ImageObject\",\"inLanguage\":\"fr-FR\",\"@id\":\"https:\/\/frenkylewis.com\/p\/barre-de-shampoing-cheval-white-rose-lavande-ylang-ylang-fr\/#primaryimage\",\"url\":\"https:\/\/frenkylewis.com\/wp-content\/uploads\/2024\/12\/IMG_7332-1-scaled.webp\",\"contentUrl\":\"https:\/\/frenkylewis.com\/wp-content\/uploads\/2024\/12\/IMG_7332-1-scaled.webp\",\"width\":2560,\"height\":1395},{\"@type\":\"BreadcrumbList\",\"@id\":\"https:\/\/frenkylewis.com\/p\/barre-de-shampoing-cheval-white-rose-lavande-ylang-ylang-fr\/#breadcrumb\",\"itemListElement\":[{\"@type\":\"ListItem\",\"position\":1,\"name\":\"Home\",\"item\":\"https:\/\/frenkylewis.com\/\"},{\"@type\":\"ListItem\",\"position\":2,\"name\":\"Boutique\",\"item\":\"https:\/\/frenkylewis.com\/fr\/boutique\/\"},{\"@type\":\"ListItem\",\"position\":3,\"name\":\"Barre de Shampoing Cheval White Rose, Lavande, Ylang Ylang\"}]},{\"@type\":\"WebSite\",\"@id\":\"https:\/\/frenkylewis.com\/#website\",\"url\":\"https:\/\/frenkylewis.com\/\",\"name\":\"Frenky Lewis\",\"description\":\"100% natural dogcare\",\"publisher\":{\"@id\":\"https:\/\/frenkylewis.com\/#organization\"},\"potentialAction\":[{\"@type\":\"SearchAction\",\"target\":{\"@type\":\"EntryPoint\",\"urlTemplate\":\"https:\/\/frenkylewis.com\/?s={search_term_string}\"},\"query-input\":{\"@type\":\"PropertyValueSpecification\",\"valueRequired\":true,\"valueName\":\"search_term_string\"}}],\"inLanguage\":\"fr-FR\"},{\"@type\":\"Organization\",\"@id\":\"https:\/\/frenkylewis.com\/#organization\",\"name\":\"Frenky Lewis\",\"url\":\"https:\/\/frenkylewis.com\/\",\"logo\":{\"@type\":\"ImageObject\",\"inLanguage\":\"fr-FR\",\"@id\":\"https:\/\/frenkylewis.com\/#\/schema\/logo\/image\/\",\"url\":\"https:\/\/frenkylewis.com\/wp-content\/uploads\/2022\/08\/logo-black.png\",\"contentUrl\":\"https:\/\/frenkylewis.com\/wp-content\/uploads\/2022\/08\/logo-black.png\",\"width\":2607,\"height\":661,\"caption\":\"Frenky Lewis\"},\"image\":{\"@id\":\"https:\/\/frenkylewis.com\/#\/schema\/logo\/image\/\"}}]}<\/script>\n<!-- \/ Yoast SEO plugin. -->","yoast_head_json":{"title":"Barre de Shampoing Cheval White Rose, Lavande, Ylang Ylang - Frenky Lewis","robots":{"index":"index","follow":"follow","max-snippet":"max-snippet:-1","max-image-preview":"max-image-preview:large","max-video-preview":"max-video-preview:-1"},"canonical":"https:\/\/frenkylewis.com\/p\/barre-de-shampoing-cheval-white-rose-lavande-ylang-ylang-fr\/","og_locale":"fr_FR","og_type":"article","og_title":"Barre de Shampoing Cheval White Rose, Lavande, Ylang Ylang - Frenky Lewis","og_description":"Offrez \u00e0 votre cheval les soins qu'il m\u00e9rite avec notre unique Barre de Shampoing Cheval. Sp\u00e9cialement d\u00e9velopp\u00e9e pour nettoyer et nourrir naturellement le pelage, la peau et la crini\u00e8re de votre cheval.","og_url":"https:\/\/frenkylewis.com\/p\/barre-de-shampoing-cheval-white-rose-lavande-ylang-ylang-fr\/","og_site_name":"Frenky Lewis","og_image":[{"url":"https:\/\/frenkylewis.com\/wp-content\/uploads\/2022\/08\/logo-black.png","type":"","width":"","height":""}],"twitter_card":"summary_large_image","twitter_misc":{"Dur\u00e9e de lecture estim\u00e9e":"1 minute"},"schema":{"@context":"https:\/\/schema.org","@graph":[{"@type":"WebPage","@id":"https:\/\/frenkylewis.com\/p\/barre-de-shampoing-cheval-white-rose-lavande-ylang-ylang-fr\/","url":"https:\/\/frenkylewis.com\/p\/barre-de-shampoing-cheval-white-rose-lavande-ylang-ylang-fr\/","name":"Barre de Shampoing Cheval White Rose, Lavande, Ylang Ylang - Frenky Lewis","isPartOf":{"@id":"https:\/\/frenkylewis.com\/#website"},"primaryImageOfPage":{"@id":"https:\/\/frenkylewis.com\/p\/barre-de-shampoing-cheval-white-rose-lavande-ylang-ylang-fr\/#primaryimage"},"image":{"@id":"https:\/\/frenkylewis.com\/p\/barre-de-shampoing-cheval-white-rose-lavande-ylang-ylang-fr\/#primaryimage"},"thumbnailUrl":"https:\/\/frenkylewis.com\/wp-content\/uploads\/2024\/12\/IMG_7332-1-scaled.webp","datePublished":"2026-03-09T20:15:19+00:00","breadcrumb":{"@id":"https:\/\/frenkylewis.com\/p\/barre-de-shampoing-cheval-white-rose-lavande-ylang-ylang-fr\/#breadcrumb"},"inLanguage":"fr-FR","potentialAction":[{"@type":"ReadAction","target":["https:\/\/frenkylewis.com\/p\/barre-de-shampoing-cheval-white-rose-lavande-ylang-ylang-fr\/"]}]},{"@type":"ImageObject","inLanguage":"fr-FR","@id":"https:\/\/frenkylewis.com\/p\/barre-de-shampoing-cheval-white-rose-lavande-ylang-ylang-fr\/#primaryimage","url":"https:\/\/frenkylewis.com\/wp-content\/uploads\/2024\/12\/IMG_7332-1-scaled.webp","contentUrl":"https:\/\/frenkylewis.com\/wp-content\/uploads\/2024\/12\/IMG_7332-1-scaled.webp","width":2560,"height":1395},{"@type":"BreadcrumbList","@id":"https:\/\/frenkylewis.com\/p\/barre-de-shampoing-cheval-white-rose-lavande-ylang-ylang-fr\/#breadcrumb","itemListElement":[{"@type":"ListItem","position":1,"name":"Home","item":"https:\/\/frenkylewis.com\/"},{"@type":"ListItem","position":2,"name":"Boutique","item":"https:\/\/frenkylewis.com\/fr\/boutique\/"},{"@type":"ListItem","position":3,"name":"Barre de Shampoing Cheval White Rose, Lavande, Ylang Ylang"}]},{"@type":"WebSite","@id":"https:\/\/frenkylewis.com\/#website","url":"https:\/\/frenkylewis.com\/","name":"Frenky Lewis","description":"100% natural dogcare","publisher":{"@id":"https:\/\/frenkylewis.com\/#organization"},"potentialAction":[{"@type":"SearchAction","target":{"@type":"EntryPoint","urlTemplate":"https:\/\/frenkylewis.com\/?s={search_term_string}"},"query-input":{"@type":"PropertyValueSpecification","valueRequired":true,"valueName":"search_term_string"}}],"inLanguage":"fr-FR"},{"@type":"Organization","@id":"https:\/\/frenkylewis.com\/#organization","name":"Frenky Lewis","url":"https:\/\/frenkylewis.com\/","logo":{"@type":"ImageObject","inLanguage":"fr-FR","@id":"https:\/\/frenkylewis.com\/#\/schema\/logo\/image\/","url":"https:\/\/frenkylewis.com\/wp-content\/uploads\/2022\/08\/logo-black.png","contentUrl":"https:\/\/frenkylewis.com\/wp-content\/uploads\/2022\/08\/logo-black.png","width":2607,"height":661,"caption":"Frenky Lewis"},"image":{"@id":"https:\/\/frenkylewis.com\/#\/schema\/logo\/image\/"}}]}},"_links":{"self":[{"href":"https:\/\/frenkylewis.com\/fr\/wp-json\/wp\/v2\/product\/16447","targetHints":{"allow":["GET"]}}],"collection":[{"href":"https:\/\/frenkylewis.com\/fr\/wp-json\/wp\/v2\/product"}],"about":[{"href":"https:\/\/frenkylewis.com\/fr\/wp-json\/wp\/v2\/types\/product"}],"replies":[{"embeddable":true,"href":"https:\/\/frenkylewis.com\/fr\/wp-json\/wp\/v2\/comments?post=16447"}],"wp:featuredmedia":[{"embeddable":true,"href":"https:\/\/frenkylewis.com\/fr\/wp-json\/wp\/v2\/media\/9801"}],"wp:attachment":[{"href":"https:\/\/frenkylewis.com\/fr\/wp-json\/wp\/v2\/media?parent=16447"}],"wp:term":[{"taxonomy":"product_brand","embeddable":true,"href":"https:\/\/frenkylewis.com\/fr\/wp-json\/wp\/v2\/product_brand?post=16447"},{"taxonomy":"product_cat","embeddable":true,"href":"https:\/\/frenkylewis.com\/fr\/wp-json\/wp\/v2\/product_cat?post=16447"},{"taxonomy":"product_tag","embeddable":true,"href":"https:\/\/frenkylewis.com\/fr\/wp-json\/wp\/v2\/product_tag?post=16447"}],"curies":[{"name":"wp","href":"https:\/\/api.w.org\/{rel}","templated":true}]}}