{"id":16438,"date":"2024-12-09T12:17:09","date_gmt":"2024-12-09T11:17:09","guid":{"rendered":"https:\/\/frenkylewis.com\/p\/anti-smell-spray-sandalwood-jasmine-vanilla-fr\/"},"modified":"2026-03-09T21:15:17","modified_gmt":"2026-03-09T20:15:17","slug":"anti-smell-spray-sandalwood-jasmine-vanilla-fr","status":"publish","type":"product","link":"https:\/\/frenkylewis.com\/fr\/p\/anti-smell-spray-sandalwood-jasmine-vanilla-fr\/","title":{"rendered":"Anti Smell spray Sandalwood, Jasmine, Vanilla"},"content":{"rendered":"<p>Met de Sandalwood, Jasmine &amp; Vanilla Anti Smell Spray laat je nare geurtjes voorgoed achter. De spray neutraliseert namelijk geurtjes, in plaats van ze te maskeren. Op deze manier laat je je hond weer fris ruiken. De combinatie van natuurlijke ingredi\u00ebnten zorgt voor een zachte en veilige formule. Deze is geschikt voor alle honden, zelfs die met een gevoelige vacht. Ideaal voor dagelijks gebruik of wanneer je hond extra verfrissing nodig heeft, zodat jij weer lekker kan knuffelen!<\/p>\n<p><strong>Perfect voor in elke situatie:<\/strong><\/p>\n<ul>\n<li>Na het spelen in de regen<\/li>\n<li>Na een zwempartij<\/li>\n<li>Tussen de badbeurten door<\/li>\n<li>Na een modderig uitstapje<\/li>\n<li>Bij speciale gelegenheden<\/li>\n<li>Voor een opfrisser tussendoor<\/li>\n<\/ul>\n","protected":false},"excerpt":{"rendered":"<p>Dites adieu aux mauvaises odeurs !<\/p>\n<p>Avec notre spray anti-odeurs 100% naturel, vous \u00eates assur\u00e9 d&rsquo;avoir un compagnon \u00e0 quatre pattes qui sent bon \u00e0 la maison ! Sp\u00e9cialement con\u00e7u pour les chiens et bien s\u00fbr sans additifs chimiques !<\/p>\n","protected":false},"featured_media":15751,"comment_status":"closed","ping_status":"closed","template":"","meta":{"_acf_changed":false,"_monsterinsights_skip_tracking":false,"_monsterinsights_sitenote_active":false,"_monsterinsights_sitenote_note":"","_monsterinsights_sitenote_category":0},"product_brand":[],"product_cat":[211,288,194,200,283,286],"product_tag":[],"class_list":{"0":"post-16438","1":"product","2":"type-product","3":"status-publish","4":"has-post-thumbnail","6":"product_cat-chiens","7":"product_cat-nouveau-chez-frenky-lewis","8":"product_cat-parfum-bois-de-santal-jasmin-vanille","9":"product_cat-parfums","10":"product_cat-signature","11":"product_cat-spray-anti-odeurs","13":"first","14":"outofstock","15":"taxable","16":"shipping-taxable","17":"purchasable","18":"product-type-simple"},"acf":[],"yoast_head":"<!-- This site is optimized with the Yoast SEO plugin v27.5 - https:\/\/yoast.com\/product\/yoast-seo-wordpress\/ -->\n<title>Anti Smell spray Sandalwood, Jasmine, Vanilla - Frenky Lewis<\/title>\n<meta name=\"robots\" content=\"index, follow, max-snippet:-1, max-image-preview:large, max-video-preview:-1\" \/>\n<link rel=\"canonical\" href=\"https:\/\/frenkylewis.com\/p\/anti-smell-spray-sandalwood-jasmine-vanilla\/\" \/>\n<meta property=\"og:locale\" content=\"fr_FR\" \/>\n<meta property=\"og:type\" content=\"article\" \/>\n<meta property=\"og:title\" content=\"Anti Smell spray Sandalwood, Jasmine, Vanilla - Frenky Lewis\" \/>\n<meta property=\"og:description\" content=\"Dites adieu aux mauvaises odeurs !  Avec notre spray anti-odeurs 100% naturel, vous \u00eates assur\u00e9 d&#039;avoir un compagnon \u00e0 quatre pattes qui sent bon \u00e0 la maison ! Sp\u00e9cialement con\u00e7u pour les chiens et bien s\u00fbr sans additifs chimiques !\" \/>\n<meta property=\"og:url\" content=\"https:\/\/frenkylewis.com\/p\/anti-smell-spray-sandalwood-jasmine-vanilla\/\" \/>\n<meta property=\"og:site_name\" content=\"Frenky Lewis\" \/>\n<meta property=\"article:modified_time\" content=\"2026-03-09T20:15:17+00:00\" \/>\n<meta property=\"og:image\" content=\"https:\/\/frenkylewis.com\/wp-content\/uploads\/2024\/12\/19.png\" \/>\n\t<meta property=\"og:image:width\" content=\"1250\" \/>\n\t<meta property=\"og:image:height\" content=\"1250\" \/>\n\t<meta property=\"og:image:type\" content=\"image\/png\" \/>\n<meta name=\"twitter:card\" content=\"summary_large_image\" \/>\n<meta name=\"twitter:label1\" content=\"Dur\u00e9e de lecture estim\u00e9e\" \/>\n\t<meta name=\"twitter:data1\" content=\"1 minute\" \/>\n<script type=\"application\/ld+json\" class=\"yoast-schema-graph\">{\"@context\":\"https:\\\/\\\/schema.org\",\"@graph\":[{\"@type\":\"WebPage\",\"@id\":\"https:\\\/\\\/frenkylewis.com\\\/p\\\/anti-smell-spray-sandalwood-jasmine-vanilla\\\/\",\"url\":\"https:\\\/\\\/frenkylewis.com\\\/p\\\/anti-smell-spray-sandalwood-jasmine-vanilla\\\/\",\"name\":\"Anti Smell spray Sandalwood, Jasmine, Vanilla - Frenky Lewis\",\"isPartOf\":{\"@id\":\"https:\\\/\\\/frenkylewis.com\\\/#website\"},\"primaryImageOfPage\":{\"@id\":\"https:\\\/\\\/frenkylewis.com\\\/p\\\/anti-smell-spray-sandalwood-jasmine-vanilla\\\/#primaryimage\"},\"image\":{\"@id\":\"https:\\\/\\\/frenkylewis.com\\\/p\\\/anti-smell-spray-sandalwood-jasmine-vanilla\\\/#primaryimage\"},\"thumbnailUrl\":\"https:\\\/\\\/frenkylewis.com\\\/wp-content\\\/uploads\\\/2024\\\/12\\\/19.png\",\"datePublished\":\"2024-12-09T11:17:09+00:00\",\"dateModified\":\"2026-03-09T20:15:17+00:00\",\"breadcrumb\":{\"@id\":\"https:\\\/\\\/frenkylewis.com\\\/p\\\/anti-smell-spray-sandalwood-jasmine-vanilla\\\/#breadcrumb\"},\"inLanguage\":\"fr-FR\",\"potentialAction\":[{\"@type\":\"ReadAction\",\"target\":[\"https:\\\/\\\/frenkylewis.com\\\/p\\\/anti-smell-spray-sandalwood-jasmine-vanilla\\\/\"]}]},{\"@type\":\"ImageObject\",\"inLanguage\":\"fr-FR\",\"@id\":\"https:\\\/\\\/frenkylewis.com\\\/p\\\/anti-smell-spray-sandalwood-jasmine-vanilla\\\/#primaryimage\",\"url\":\"https:\\\/\\\/frenkylewis.com\\\/wp-content\\\/uploads\\\/2024\\\/12\\\/19.png\",\"contentUrl\":\"https:\\\/\\\/frenkylewis.com\\\/wp-content\\\/uploads\\\/2024\\\/12\\\/19.png\",\"width\":1250,\"height\":1250},{\"@type\":\"BreadcrumbList\",\"@id\":\"https:\\\/\\\/frenkylewis.com\\\/p\\\/anti-smell-spray-sandalwood-jasmine-vanilla\\\/#breadcrumb\",\"itemListElement\":[{\"@type\":\"ListItem\",\"position\":1,\"name\":\"Home\",\"item\":\"https:\\\/\\\/frenkylewis.com\\\/\"},{\"@type\":\"ListItem\",\"position\":2,\"name\":\"Boutique\",\"item\":\"https:\\\/\\\/frenkylewis.com\\\/fr\\\/boutique\\\/\"},{\"@type\":\"ListItem\",\"position\":3,\"name\":\"Anti Smell spray Sandalwood, Jasmine, Vanilla\"}]},{\"@type\":\"WebSite\",\"@id\":\"https:\\\/\\\/frenkylewis.com\\\/#website\",\"url\":\"https:\\\/\\\/frenkylewis.com\\\/\",\"name\":\"Frenky Lewis\",\"description\":\"100% natural dogcare\",\"publisher\":{\"@id\":\"https:\\\/\\\/frenkylewis.com\\\/#organization\"},\"potentialAction\":[{\"@type\":\"SearchAction\",\"target\":{\"@type\":\"EntryPoint\",\"urlTemplate\":\"https:\\\/\\\/frenkylewis.com\\\/?s={search_term_string}\"},\"query-input\":{\"@type\":\"PropertyValueSpecification\",\"valueRequired\":true,\"valueName\":\"search_term_string\"}}],\"inLanguage\":\"fr-FR\"},{\"@type\":\"Organization\",\"@id\":\"https:\\\/\\\/frenkylewis.com\\\/#organization\",\"name\":\"Frenky Lewis\",\"url\":\"https:\\\/\\\/frenkylewis.com\\\/\",\"logo\":{\"@type\":\"ImageObject\",\"inLanguage\":\"fr-FR\",\"@id\":\"https:\\\/\\\/frenkylewis.com\\\/#\\\/schema\\\/logo\\\/image\\\/\",\"url\":\"https:\\\/\\\/frenkylewis.com\\\/wp-content\\\/uploads\\\/2022\\\/08\\\/logo-black.png\",\"contentUrl\":\"https:\\\/\\\/frenkylewis.com\\\/wp-content\\\/uploads\\\/2022\\\/08\\\/logo-black.png\",\"width\":2607,\"height\":661,\"caption\":\"Frenky Lewis\"},\"image\":{\"@id\":\"https:\\\/\\\/frenkylewis.com\\\/#\\\/schema\\\/logo\\\/image\\\/\"}}]}<\/script>\n<!-- \/ Yoast SEO plugin. -->","yoast_head_json":{"title":"Anti Smell spray Sandalwood, Jasmine, Vanilla - Frenky Lewis","robots":{"index":"index","follow":"follow","max-snippet":"max-snippet:-1","max-image-preview":"max-image-preview:large","max-video-preview":"max-video-preview:-1"},"canonical":"https:\/\/frenkylewis.com\/p\/anti-smell-spray-sandalwood-jasmine-vanilla\/","og_locale":"fr_FR","og_type":"article","og_title":"Anti Smell spray Sandalwood, Jasmine, Vanilla - Frenky Lewis","og_description":"Dites adieu aux mauvaises odeurs !  Avec notre spray anti-odeurs 100% naturel, vous \u00eates assur\u00e9 d'avoir un compagnon \u00e0 quatre pattes qui sent bon \u00e0 la maison ! Sp\u00e9cialement con\u00e7u pour les chiens et bien s\u00fbr sans additifs chimiques !","og_url":"https:\/\/frenkylewis.com\/p\/anti-smell-spray-sandalwood-jasmine-vanilla\/","og_site_name":"Frenky Lewis","article_modified_time":"2026-03-09T20:15:17+00:00","og_image":[{"width":1250,"height":1250,"url":"https:\/\/frenkylewis.com\/wp-content\/uploads\/2024\/12\/19.png","type":"image\/png"}],"twitter_card":"summary_large_image","twitter_misc":{"Dur\u00e9e de lecture estim\u00e9e":"1 minute"},"schema":{"@context":"https:\/\/schema.org","@graph":[{"@type":"WebPage","@id":"https:\/\/frenkylewis.com\/p\/anti-smell-spray-sandalwood-jasmine-vanilla\/","url":"https:\/\/frenkylewis.com\/p\/anti-smell-spray-sandalwood-jasmine-vanilla\/","name":"Anti Smell spray Sandalwood, Jasmine, Vanilla - Frenky Lewis","isPartOf":{"@id":"https:\/\/frenkylewis.com\/#website"},"primaryImageOfPage":{"@id":"https:\/\/frenkylewis.com\/p\/anti-smell-spray-sandalwood-jasmine-vanilla\/#primaryimage"},"image":{"@id":"https:\/\/frenkylewis.com\/p\/anti-smell-spray-sandalwood-jasmine-vanilla\/#primaryimage"},"thumbnailUrl":"https:\/\/frenkylewis.com\/wp-content\/uploads\/2024\/12\/19.png","datePublished":"2024-12-09T11:17:09+00:00","dateModified":"2026-03-09T20:15:17+00:00","breadcrumb":{"@id":"https:\/\/frenkylewis.com\/p\/anti-smell-spray-sandalwood-jasmine-vanilla\/#breadcrumb"},"inLanguage":"fr-FR","potentialAction":[{"@type":"ReadAction","target":["https:\/\/frenkylewis.com\/p\/anti-smell-spray-sandalwood-jasmine-vanilla\/"]}]},{"@type":"ImageObject","inLanguage":"fr-FR","@id":"https:\/\/frenkylewis.com\/p\/anti-smell-spray-sandalwood-jasmine-vanilla\/#primaryimage","url":"https:\/\/frenkylewis.com\/wp-content\/uploads\/2024\/12\/19.png","contentUrl":"https:\/\/frenkylewis.com\/wp-content\/uploads\/2024\/12\/19.png","width":1250,"height":1250},{"@type":"BreadcrumbList","@id":"https:\/\/frenkylewis.com\/p\/anti-smell-spray-sandalwood-jasmine-vanilla\/#breadcrumb","itemListElement":[{"@type":"ListItem","position":1,"name":"Home","item":"https:\/\/frenkylewis.com\/"},{"@type":"ListItem","position":2,"name":"Boutique","item":"https:\/\/frenkylewis.com\/fr\/boutique\/"},{"@type":"ListItem","position":3,"name":"Anti Smell spray Sandalwood, Jasmine, Vanilla"}]},{"@type":"WebSite","@id":"https:\/\/frenkylewis.com\/#website","url":"https:\/\/frenkylewis.com\/","name":"Frenky Lewis","description":"100% natural dogcare","publisher":{"@id":"https:\/\/frenkylewis.com\/#organization"},"potentialAction":[{"@type":"SearchAction","target":{"@type":"EntryPoint","urlTemplate":"https:\/\/frenkylewis.com\/?s={search_term_string}"},"query-input":{"@type":"PropertyValueSpecification","valueRequired":true,"valueName":"search_term_string"}}],"inLanguage":"fr-FR"},{"@type":"Organization","@id":"https:\/\/frenkylewis.com\/#organization","name":"Frenky Lewis","url":"https:\/\/frenkylewis.com\/","logo":{"@type":"ImageObject","inLanguage":"fr-FR","@id":"https:\/\/frenkylewis.com\/#\/schema\/logo\/image\/","url":"https:\/\/frenkylewis.com\/wp-content\/uploads\/2022\/08\/logo-black.png","contentUrl":"https:\/\/frenkylewis.com\/wp-content\/uploads\/2022\/08\/logo-black.png","width":2607,"height":661,"caption":"Frenky Lewis"},"image":{"@id":"https:\/\/frenkylewis.com\/#\/schema\/logo\/image\/"}}]}},"_links":{"self":[{"href":"https:\/\/frenkylewis.com\/fr\/wp-json\/wp\/v2\/product\/16438","targetHints":{"allow":["GET"]}}],"collection":[{"href":"https:\/\/frenkylewis.com\/fr\/wp-json\/wp\/v2\/product"}],"about":[{"href":"https:\/\/frenkylewis.com\/fr\/wp-json\/wp\/v2\/types\/product"}],"replies":[{"embeddable":true,"href":"https:\/\/frenkylewis.com\/fr\/wp-json\/wp\/v2\/comments?post=16438"}],"wp:featuredmedia":[{"embeddable":true,"href":"https:\/\/frenkylewis.com\/fr\/wp-json\/wp\/v2\/media\/15751"}],"wp:attachment":[{"href":"https:\/\/frenkylewis.com\/fr\/wp-json\/wp\/v2\/media?parent=16438"}],"wp:term":[{"taxonomy":"product_brand","embeddable":true,"href":"https:\/\/frenkylewis.com\/fr\/wp-json\/wp\/v2\/product_brand?post=16438"},{"taxonomy":"product_cat","embeddable":true,"href":"https:\/\/frenkylewis.com\/fr\/wp-json\/wp\/v2\/product_cat?post=16438"},{"taxonomy":"product_tag","embeddable":true,"href":"https:\/\/frenkylewis.com\/fr\/wp-json\/wp\/v2\/product_tag?post=16438"}],"curies":[{"name":"wp","href":"https:\/\/api.w.org\/{rel}","templated":true}]}}