{"id":16435,"date":"2024-12-09T12:18:35","date_gmt":"2024-12-09T11:18:35","guid":{"rendered":"https:\/\/frenkylewis.com\/p\/anti-smell-spray-white-rose-lavender-ylang-ylang-fr\/"},"modified":"2026-03-09T21:15:17","modified_gmt":"2026-03-09T20:15:17","slug":"anti-smell-spray-white-rose-lavender-ylang-ylang-fr","status":"publish","type":"product","link":"https:\/\/frenkylewis.com\/fr\/p\/anti-smell-spray-white-rose-lavender-ylang-ylang-fr\/","title":{"rendered":"Anti Smell spray White Rose, Lavender, Ylang Ylang"},"content":{"rendered":"<p><span style=\"font-weight: 400;\">Zeg vaarwel tegen nare geurtjes met onze Anti Smell Spray! Dankzij de unieke formule verwijdert deze spray effectief ongewenste geurtjes uit de vacht, zodat je hond weer fris en heerlijk ruikt. Onze Anti-Smell Spray doet meer dan alleen nare geurtjes maskeren. Dankzij onze unieke natuurlijke formule worden geurtjes ingekapseld en effectief verwijderd, zodat je hond weer fris ruikt. Speciaal ontwikkeld voor gebruik op de vacht en huid. De spray is zacht en veilig, zelfs voor gevoelige honden. Beschikbaar in drie heerlijke geuren. Geef je hond een frisse, knuffelbare vacht.\u00a0<\/span><\/p>\n<p><strong>Ideaal om te gebruiken:<\/strong><\/p>\n<ul>\n<li style=\"font-weight: 400;\" aria-level=\"1\"><b>Na een regenachtige wandeling<\/b><span style=\"font-weight: 400;\"> \u2013 Zeg gedag tegen die natte hondengeur!<\/span><\/li>\n<li style=\"font-weight: 400;\" aria-level=\"1\"><b>Na het zwemmen<\/b><span style=\"font-weight: 400;\"> \u2013 Of het nu in een vijver, de zee of een oude sloot is; fris je hond eenvoudig op.<\/span><\/li>\n<li style=\"font-weight: 400;\" aria-level=\"1\"><b>Tussen de wasbeurten door<\/b><span style=\"font-weight: 400;\"> \u2013 Houd je hond lekker ruikend zonder te vaak te hoeven wassen.<\/span><\/li>\n<li style=\"font-weight: 400;\" aria-level=\"1\"><b>Na het spelen in de modder<\/b><span style=\"font-weight: 400;\"> \u2013 Ideaal voor avonturiers die graag in de natuur ravotten.<\/span><\/li>\n<li style=\"font-weight: 400;\" aria-level=\"1\"><b>Voor een bezoek van vrienden of familie<\/b><span style=\"font-weight: 400;\"> \u2013 Laat jouw hond altijd fris en welkom ruiken.<\/span><\/li>\n<\/ul>\n<p>&nbsp;<\/p>\n<p><span style=\"font-weight: 400;\">Of gewoon wanneer jij of je hond wat extra frisheid kunnen gebruiken! <\/span><\/p>\n","protected":false},"excerpt":{"rendered":"<p><span style=\"font-weight: 400;\">Ne laissez aucune chance aux mauvaises odeurs avec notre <\/span><b>spray anti-odeurs 100% naturel<\/b><span style=\"font-weight: 400;\"> ! <\/span><span style=\"font-weight: 400;\">Sp\u00e9cialement d\u00e9velopp\u00e9 pour les chiens, pour que votre fid\u00e8le compagnon sente toujours bon, sans additifs chimiques.<\/span><\/p>\n","protected":false},"featured_media":15748,"comment_status":"closed","ping_status":"closed","template":"","meta":{"_acf_changed":false,"_monsterinsights_skip_tracking":false,"_monsterinsights_sitenote_active":false,"_monsterinsights_sitenote_note":"","_monsterinsights_sitenote_category":0},"product_brand":[],"product_cat":[211,288,197,200,283,286],"product_tag":[],"class_list":{"0":"post-16435","1":"product","2":"type-product","3":"status-publish","4":"has-post-thumbnail","6":"product_cat-chiens","7":"product_cat-nouveau-chez-frenky-lewis","8":"product_cat-parfum-rose-blanche-lavande-ylang-ylang","9":"product_cat-parfums","10":"product_cat-signature","11":"product_cat-spray-anti-odeurs","13":"first","14":"instock","15":"taxable","16":"shipping-taxable","17":"purchasable","18":"product-type-simple"},"acf":[],"yoast_head":"<!-- This site is optimized with the Yoast SEO plugin v26.9 - https:\/\/yoast.com\/product\/yoast-seo-wordpress\/ -->\n<title>Anti Smell spray White Rose, Lavender, Ylang Ylang - Frenky Lewis<\/title>\n<meta name=\"robots\" content=\"index, follow, max-snippet:-1, max-image-preview:large, max-video-preview:-1\" \/>\n<link rel=\"canonical\" href=\"https:\/\/frenkylewis.com\/p\/anti-smell-spray-white-rose-lavender-ylang-ylang\/\" \/>\n<meta property=\"og:locale\" content=\"fr_FR\" \/>\n<meta property=\"og:type\" content=\"article\" \/>\n<meta property=\"og:title\" content=\"Anti Smell spray White Rose, Lavender, Ylang Ylang - Frenky Lewis\" \/>\n<meta property=\"og:description\" content=\"Ne laissez aucune chance aux mauvaises odeurs avec notre spray anti-odeurs 100% naturel ! Sp\u00e9cialement d\u00e9velopp\u00e9 pour les chiens, pour que votre fid\u00e8le compagnon sente toujours bon, sans additifs chimiques.\" \/>\n<meta property=\"og:url\" content=\"https:\/\/frenkylewis.com\/p\/anti-smell-spray-white-rose-lavender-ylang-ylang\/\" \/>\n<meta property=\"og:site_name\" content=\"Frenky Lewis\" \/>\n<meta property=\"article:modified_time\" content=\"2026-03-09T20:15:17+00:00\" \/>\n<meta property=\"og:image\" content=\"https:\/\/frenkylewis.com\/wp-content\/uploads\/2024\/12\/16.png\" \/>\n\t<meta property=\"og:image:width\" content=\"1250\" \/>\n\t<meta property=\"og:image:height\" content=\"1250\" \/>\n\t<meta property=\"og:image:type\" content=\"image\/png\" \/>\n<meta name=\"twitter:card\" content=\"summary_large_image\" \/>\n<meta name=\"twitter:label1\" content=\"Dur\u00e9e de lecture estim\u00e9e\" \/>\n\t<meta name=\"twitter:data1\" content=\"1 minute\" \/>\n<script type=\"application\/ld+json\" class=\"yoast-schema-graph\">{\"@context\":\"https:\/\/schema.org\",\"@graph\":[{\"@type\":\"WebPage\",\"@id\":\"https:\/\/frenkylewis.com\/p\/anti-smell-spray-white-rose-lavender-ylang-ylang\/\",\"url\":\"https:\/\/frenkylewis.com\/p\/anti-smell-spray-white-rose-lavender-ylang-ylang\/\",\"name\":\"Anti Smell spray White Rose, Lavender, Ylang Ylang - Frenky Lewis\",\"isPartOf\":{\"@id\":\"https:\/\/frenkylewis.com\/#website\"},\"primaryImageOfPage\":{\"@id\":\"https:\/\/frenkylewis.com\/p\/anti-smell-spray-white-rose-lavender-ylang-ylang\/#primaryimage\"},\"image\":{\"@id\":\"https:\/\/frenkylewis.com\/p\/anti-smell-spray-white-rose-lavender-ylang-ylang\/#primaryimage\"},\"thumbnailUrl\":\"https:\/\/frenkylewis.com\/wp-content\/uploads\/2024\/12\/16.png\",\"datePublished\":\"2024-12-09T11:18:35+00:00\",\"dateModified\":\"2026-03-09T20:15:17+00:00\",\"breadcrumb\":{\"@id\":\"https:\/\/frenkylewis.com\/p\/anti-smell-spray-white-rose-lavender-ylang-ylang\/#breadcrumb\"},\"inLanguage\":\"fr-FR\",\"potentialAction\":[{\"@type\":\"ReadAction\",\"target\":[\"https:\/\/frenkylewis.com\/p\/anti-smell-spray-white-rose-lavender-ylang-ylang\/\"]}]},{\"@type\":\"ImageObject\",\"inLanguage\":\"fr-FR\",\"@id\":\"https:\/\/frenkylewis.com\/p\/anti-smell-spray-white-rose-lavender-ylang-ylang\/#primaryimage\",\"url\":\"https:\/\/frenkylewis.com\/wp-content\/uploads\/2024\/12\/16.png\",\"contentUrl\":\"https:\/\/frenkylewis.com\/wp-content\/uploads\/2024\/12\/16.png\",\"width\":1250,\"height\":1250},{\"@type\":\"BreadcrumbList\",\"@id\":\"https:\/\/frenkylewis.com\/p\/anti-smell-spray-white-rose-lavender-ylang-ylang\/#breadcrumb\",\"itemListElement\":[{\"@type\":\"ListItem\",\"position\":1,\"name\":\"Home\",\"item\":\"https:\/\/frenkylewis.com\/\"},{\"@type\":\"ListItem\",\"position\":2,\"name\":\"Boutique\",\"item\":\"https:\/\/frenkylewis.com\/fr\/boutique\/\"},{\"@type\":\"ListItem\",\"position\":3,\"name\":\"Anti Smell spray White Rose, Lavender, Ylang Ylang\"}]},{\"@type\":\"WebSite\",\"@id\":\"https:\/\/frenkylewis.com\/#website\",\"url\":\"https:\/\/frenkylewis.com\/\",\"name\":\"Frenky Lewis\",\"description\":\"100% natural dogcare\",\"publisher\":{\"@id\":\"https:\/\/frenkylewis.com\/#organization\"},\"potentialAction\":[{\"@type\":\"SearchAction\",\"target\":{\"@type\":\"EntryPoint\",\"urlTemplate\":\"https:\/\/frenkylewis.com\/?s={search_term_string}\"},\"query-input\":{\"@type\":\"PropertyValueSpecification\",\"valueRequired\":true,\"valueName\":\"search_term_string\"}}],\"inLanguage\":\"fr-FR\"},{\"@type\":\"Organization\",\"@id\":\"https:\/\/frenkylewis.com\/#organization\",\"name\":\"Frenky Lewis\",\"url\":\"https:\/\/frenkylewis.com\/\",\"logo\":{\"@type\":\"ImageObject\",\"inLanguage\":\"fr-FR\",\"@id\":\"https:\/\/frenkylewis.com\/#\/schema\/logo\/image\/\",\"url\":\"https:\/\/frenkylewis.com\/wp-content\/uploads\/2022\/08\/logo-black.png\",\"contentUrl\":\"https:\/\/frenkylewis.com\/wp-content\/uploads\/2022\/08\/logo-black.png\",\"width\":2607,\"height\":661,\"caption\":\"Frenky Lewis\"},\"image\":{\"@id\":\"https:\/\/frenkylewis.com\/#\/schema\/logo\/image\/\"}}]}<\/script>\n<!-- \/ Yoast SEO plugin. -->","yoast_head_json":{"title":"Anti Smell spray White Rose, Lavender, Ylang Ylang - Frenky Lewis","robots":{"index":"index","follow":"follow","max-snippet":"max-snippet:-1","max-image-preview":"max-image-preview:large","max-video-preview":"max-video-preview:-1"},"canonical":"https:\/\/frenkylewis.com\/p\/anti-smell-spray-white-rose-lavender-ylang-ylang\/","og_locale":"fr_FR","og_type":"article","og_title":"Anti Smell spray White Rose, Lavender, Ylang Ylang - Frenky Lewis","og_description":"Ne laissez aucune chance aux mauvaises odeurs avec notre spray anti-odeurs 100% naturel ! Sp\u00e9cialement d\u00e9velopp\u00e9 pour les chiens, pour que votre fid\u00e8le compagnon sente toujours bon, sans additifs chimiques.","og_url":"https:\/\/frenkylewis.com\/p\/anti-smell-spray-white-rose-lavender-ylang-ylang\/","og_site_name":"Frenky Lewis","article_modified_time":"2026-03-09T20:15:17+00:00","og_image":[{"width":1250,"height":1250,"url":"https:\/\/frenkylewis.com\/wp-content\/uploads\/2024\/12\/16.png","type":"image\/png"}],"twitter_card":"summary_large_image","twitter_misc":{"Dur\u00e9e de lecture estim\u00e9e":"1 minute"},"schema":{"@context":"https:\/\/schema.org","@graph":[{"@type":"WebPage","@id":"https:\/\/frenkylewis.com\/p\/anti-smell-spray-white-rose-lavender-ylang-ylang\/","url":"https:\/\/frenkylewis.com\/p\/anti-smell-spray-white-rose-lavender-ylang-ylang\/","name":"Anti Smell spray White Rose, Lavender, Ylang Ylang - Frenky Lewis","isPartOf":{"@id":"https:\/\/frenkylewis.com\/#website"},"primaryImageOfPage":{"@id":"https:\/\/frenkylewis.com\/p\/anti-smell-spray-white-rose-lavender-ylang-ylang\/#primaryimage"},"image":{"@id":"https:\/\/frenkylewis.com\/p\/anti-smell-spray-white-rose-lavender-ylang-ylang\/#primaryimage"},"thumbnailUrl":"https:\/\/frenkylewis.com\/wp-content\/uploads\/2024\/12\/16.png","datePublished":"2024-12-09T11:18:35+00:00","dateModified":"2026-03-09T20:15:17+00:00","breadcrumb":{"@id":"https:\/\/frenkylewis.com\/p\/anti-smell-spray-white-rose-lavender-ylang-ylang\/#breadcrumb"},"inLanguage":"fr-FR","potentialAction":[{"@type":"ReadAction","target":["https:\/\/frenkylewis.com\/p\/anti-smell-spray-white-rose-lavender-ylang-ylang\/"]}]},{"@type":"ImageObject","inLanguage":"fr-FR","@id":"https:\/\/frenkylewis.com\/p\/anti-smell-spray-white-rose-lavender-ylang-ylang\/#primaryimage","url":"https:\/\/frenkylewis.com\/wp-content\/uploads\/2024\/12\/16.png","contentUrl":"https:\/\/frenkylewis.com\/wp-content\/uploads\/2024\/12\/16.png","width":1250,"height":1250},{"@type":"BreadcrumbList","@id":"https:\/\/frenkylewis.com\/p\/anti-smell-spray-white-rose-lavender-ylang-ylang\/#breadcrumb","itemListElement":[{"@type":"ListItem","position":1,"name":"Home","item":"https:\/\/frenkylewis.com\/"},{"@type":"ListItem","position":2,"name":"Boutique","item":"https:\/\/frenkylewis.com\/fr\/boutique\/"},{"@type":"ListItem","position":3,"name":"Anti Smell spray White Rose, Lavender, Ylang Ylang"}]},{"@type":"WebSite","@id":"https:\/\/frenkylewis.com\/#website","url":"https:\/\/frenkylewis.com\/","name":"Frenky Lewis","description":"100% natural dogcare","publisher":{"@id":"https:\/\/frenkylewis.com\/#organization"},"potentialAction":[{"@type":"SearchAction","target":{"@type":"EntryPoint","urlTemplate":"https:\/\/frenkylewis.com\/?s={search_term_string}"},"query-input":{"@type":"PropertyValueSpecification","valueRequired":true,"valueName":"search_term_string"}}],"inLanguage":"fr-FR"},{"@type":"Organization","@id":"https:\/\/frenkylewis.com\/#organization","name":"Frenky Lewis","url":"https:\/\/frenkylewis.com\/","logo":{"@type":"ImageObject","inLanguage":"fr-FR","@id":"https:\/\/frenkylewis.com\/#\/schema\/logo\/image\/","url":"https:\/\/frenkylewis.com\/wp-content\/uploads\/2022\/08\/logo-black.png","contentUrl":"https:\/\/frenkylewis.com\/wp-content\/uploads\/2022\/08\/logo-black.png","width":2607,"height":661,"caption":"Frenky Lewis"},"image":{"@id":"https:\/\/frenkylewis.com\/#\/schema\/logo\/image\/"}}]}},"_links":{"self":[{"href":"https:\/\/frenkylewis.com\/fr\/wp-json\/wp\/v2\/product\/16435","targetHints":{"allow":["GET"]}}],"collection":[{"href":"https:\/\/frenkylewis.com\/fr\/wp-json\/wp\/v2\/product"}],"about":[{"href":"https:\/\/frenkylewis.com\/fr\/wp-json\/wp\/v2\/types\/product"}],"replies":[{"embeddable":true,"href":"https:\/\/frenkylewis.com\/fr\/wp-json\/wp\/v2\/comments?post=16435"}],"wp:featuredmedia":[{"embeddable":true,"href":"https:\/\/frenkylewis.com\/fr\/wp-json\/wp\/v2\/media\/15748"}],"wp:attachment":[{"href":"https:\/\/frenkylewis.com\/fr\/wp-json\/wp\/v2\/media?parent=16435"}],"wp:term":[{"taxonomy":"product_brand","embeddable":true,"href":"https:\/\/frenkylewis.com\/fr\/wp-json\/wp\/v2\/product_brand?post=16435"},{"taxonomy":"product_cat","embeddable":true,"href":"https:\/\/frenkylewis.com\/fr\/wp-json\/wp\/v2\/product_cat?post=16435"},{"taxonomy":"product_tag","embeddable":true,"href":"https:\/\/frenkylewis.com\/fr\/wp-json\/wp\/v2\/product_tag?post=16435"}],"curies":[{"name":"wp","href":"https:\/\/api.w.org\/{rel}","templated":true}]}}