{"id":16432,"date":"2024-12-09T12:21:12","date_gmt":"2024-12-09T11:21:12","guid":{"rendered":"https:\/\/frenkylewis.com\/p\/car-pillow-spray-sandalwood-jasmine-vanilla-fr\/"},"modified":"2026-03-09T21:15:16","modified_gmt":"2026-03-09T20:15:16","slug":"car-pillow-spray-sandalwood-jasmine-vanilla-fr","status":"publish","type":"product","link":"https:\/\/frenkylewis.com\/fr\/p\/car-pillow-spray-sandalwood-jasmine-vanilla-fr\/","title":{"rendered":"Car &#038; Pillow spray Sandalwood, Jasmine, Vanilla"},"content":{"rendered":"<p>Met de Car &amp; Pillow Spray zorg je voor een grondige aanpak van de nare geurtjes. Neutraliseer de geurtjes effectief en laat blijvende frisheid achter. Perfect voor het opfrissen van hondenmanden, kussens, banken, autostoelen en tapijt. Je kunt de spray verkrijgen in drie heerlijke geuren die speciaal zijn ontwikkeld met zorg voor je hond. Ideaal voor het hondenbaasje dat houdt van een frisse leefomgeving voor mens en dier!<\/p>\n<p><b>Waarom kiezen voor onze spray?<\/b><\/p>\n<p><b>Fris en schoon<\/b><span style=\"font-weight: 400;\"> \u2013 Neutraliseert geuren tot in de kern.<\/span><span style=\"font-weight: 400;\"><br \/>\n<\/span><b>Veilig voor mens en dier<\/b><span style=\"font-weight: 400;\"> \u2013 Geen schadelijke stoffen, alleen een fris resultaat.<\/span><span style=\"font-weight: 400;\"><br \/>\n<\/span><b>Veelzijdig in gebruik<\/b><span style=\"font-weight: 400;\"> \u2013 Geschikt voor stoffen meubels, tapijten, auto bekleding, hondenkussens en hondenjasjes. Zeg vaarwel tegen nare hondengeuren in huis.<\/span><\/p>\n","protected":false},"excerpt":{"rendered":"<p>Dites adieu aux odeurs de chien d\u00e9sagr\u00e9ables dans votre maison ! Ce spray est la solution parfaite pour \u00e9liminer les mauvaises odeurs des paniers pour chiens, canap\u00e9s, voitures, tapis et coussins.<\/p>\n<p>Le spray 100% naturel est s\u00fbr, efficace et polyvalent. Parfait en d\u00e9placement, \u00e0 la maison ou directement sur le coussin du chien !<\/p>\n","protected":false},"featured_media":15747,"comment_status":"closed","ping_status":"closed","template":"","meta":{"_acf_changed":false,"_monsterinsights_skip_tracking":false,"_monsterinsights_sitenote_active":false,"_monsterinsights_sitenote_note":"","_monsterinsights_sitenote_category":0},"product_brand":[],"product_cat":[211,261,288,194,200,283,259],"product_tag":[],"class_list":{"0":"post-16432","1":"product","2":"type-product","3":"status-publish","4":"has-post-thumbnail","6":"product_cat-chiens","7":"product_cat-maison-soins","8":"product_cat-nouveau-chez-frenky-lewis","9":"product_cat-parfum-bois-de-santal-jasmin-vanille","10":"product_cat-parfums","11":"product_cat-signature","12":"product_cat-spray-voiture-coussin","14":"first","15":"instock","16":"taxable","17":"shipping-taxable","18":"purchasable","19":"product-type-simple"},"acf":[],"yoast_head":"<!-- This site is optimized with the Yoast SEO plugin v26.9 - https:\/\/yoast.com\/product\/yoast-seo-wordpress\/ -->\n<title>Car &amp; Pillow spray Sandalwood, Jasmine, Vanilla - Frenky Lewis<\/title>\n<meta name=\"robots\" content=\"index, follow, max-snippet:-1, max-image-preview:large, max-video-preview:-1\" \/>\n<link rel=\"canonical\" href=\"https:\/\/frenkylewis.com\/p\/car-pillow-spray-sandalwood-jasmine-vanilla\/\" \/>\n<meta property=\"og:locale\" content=\"fr_FR\" \/>\n<meta property=\"og:type\" content=\"article\" \/>\n<meta property=\"og:title\" content=\"Car &amp; Pillow spray Sandalwood, Jasmine, Vanilla - Frenky Lewis\" \/>\n<meta property=\"og:description\" content=\"Dites adieu aux odeurs de chien d\u00e9sagr\u00e9ables dans votre maison ! Ce spray est la solution parfaite pour \u00e9liminer les mauvaises odeurs des paniers pour chiens, canap\u00e9s, voitures, tapis et coussins.  Le spray 100% naturel est s\u00fbr, efficace et polyvalent. Parfait en d\u00e9placement, \u00e0 la maison ou directement sur le coussin du chien !\" \/>\n<meta property=\"og:url\" content=\"https:\/\/frenkylewis.com\/p\/car-pillow-spray-sandalwood-jasmine-vanilla\/\" \/>\n<meta property=\"og:site_name\" content=\"Frenky Lewis\" \/>\n<meta property=\"article:modified_time\" content=\"2026-03-09T20:15:16+00:00\" \/>\n<meta property=\"og:image\" content=\"https:\/\/frenkylewis.com\/wp-content\/uploads\/2024\/12\/15.png\" \/>\n\t<meta property=\"og:image:width\" content=\"1250\" \/>\n\t<meta property=\"og:image:height\" content=\"1250\" \/>\n\t<meta property=\"og:image:type\" content=\"image\/png\" \/>\n<meta name=\"twitter:card\" content=\"summary_large_image\" \/>\n<meta name=\"twitter:label1\" content=\"Dur\u00e9e de lecture estim\u00e9e\" \/>\n\t<meta name=\"twitter:data1\" content=\"1 minute\" \/>\n<script type=\"application\/ld+json\" class=\"yoast-schema-graph\">{\"@context\":\"https:\/\/schema.org\",\"@graph\":[{\"@type\":\"WebPage\",\"@id\":\"https:\/\/frenkylewis.com\/p\/car-pillow-spray-sandalwood-jasmine-vanilla\/\",\"url\":\"https:\/\/frenkylewis.com\/p\/car-pillow-spray-sandalwood-jasmine-vanilla\/\",\"name\":\"Car & Pillow spray Sandalwood, Jasmine, Vanilla - Frenky Lewis\",\"isPartOf\":{\"@id\":\"https:\/\/frenkylewis.com\/#website\"},\"primaryImageOfPage\":{\"@id\":\"https:\/\/frenkylewis.com\/p\/car-pillow-spray-sandalwood-jasmine-vanilla\/#primaryimage\"},\"image\":{\"@id\":\"https:\/\/frenkylewis.com\/p\/car-pillow-spray-sandalwood-jasmine-vanilla\/#primaryimage\"},\"thumbnailUrl\":\"https:\/\/frenkylewis.com\/wp-content\/uploads\/2024\/12\/15.png\",\"datePublished\":\"2024-12-09T11:21:12+00:00\",\"dateModified\":\"2026-03-09T20:15:16+00:00\",\"breadcrumb\":{\"@id\":\"https:\/\/frenkylewis.com\/p\/car-pillow-spray-sandalwood-jasmine-vanilla\/#breadcrumb\"},\"inLanguage\":\"fr-FR\",\"potentialAction\":[{\"@type\":\"ReadAction\",\"target\":[\"https:\/\/frenkylewis.com\/p\/car-pillow-spray-sandalwood-jasmine-vanilla\/\"]}]},{\"@type\":\"ImageObject\",\"inLanguage\":\"fr-FR\",\"@id\":\"https:\/\/frenkylewis.com\/p\/car-pillow-spray-sandalwood-jasmine-vanilla\/#primaryimage\",\"url\":\"https:\/\/frenkylewis.com\/wp-content\/uploads\/2024\/12\/15.png\",\"contentUrl\":\"https:\/\/frenkylewis.com\/wp-content\/uploads\/2024\/12\/15.png\",\"width\":1250,\"height\":1250},{\"@type\":\"BreadcrumbList\",\"@id\":\"https:\/\/frenkylewis.com\/p\/car-pillow-spray-sandalwood-jasmine-vanilla\/#breadcrumb\",\"itemListElement\":[{\"@type\":\"ListItem\",\"position\":1,\"name\":\"Home\",\"item\":\"https:\/\/frenkylewis.com\/\"},{\"@type\":\"ListItem\",\"position\":2,\"name\":\"Boutique\",\"item\":\"https:\/\/frenkylewis.com\/fr\/boutique\/\"},{\"@type\":\"ListItem\",\"position\":3,\"name\":\"Car &#038; Pillow spray Sandalwood, Jasmine, Vanilla\"}]},{\"@type\":\"WebSite\",\"@id\":\"https:\/\/frenkylewis.com\/#website\",\"url\":\"https:\/\/frenkylewis.com\/\",\"name\":\"Frenky Lewis\",\"description\":\"100% natural dogcare\",\"publisher\":{\"@id\":\"https:\/\/frenkylewis.com\/#organization\"},\"potentialAction\":[{\"@type\":\"SearchAction\",\"target\":{\"@type\":\"EntryPoint\",\"urlTemplate\":\"https:\/\/frenkylewis.com\/?s={search_term_string}\"},\"query-input\":{\"@type\":\"PropertyValueSpecification\",\"valueRequired\":true,\"valueName\":\"search_term_string\"}}],\"inLanguage\":\"fr-FR\"},{\"@type\":\"Organization\",\"@id\":\"https:\/\/frenkylewis.com\/#organization\",\"name\":\"Frenky Lewis\",\"url\":\"https:\/\/frenkylewis.com\/\",\"logo\":{\"@type\":\"ImageObject\",\"inLanguage\":\"fr-FR\",\"@id\":\"https:\/\/frenkylewis.com\/#\/schema\/logo\/image\/\",\"url\":\"https:\/\/frenkylewis.com\/wp-content\/uploads\/2022\/08\/logo-black.png\",\"contentUrl\":\"https:\/\/frenkylewis.com\/wp-content\/uploads\/2022\/08\/logo-black.png\",\"width\":2607,\"height\":661,\"caption\":\"Frenky Lewis\"},\"image\":{\"@id\":\"https:\/\/frenkylewis.com\/#\/schema\/logo\/image\/\"}}]}<\/script>\n<!-- \/ Yoast SEO plugin. -->","yoast_head_json":{"title":"Car & Pillow spray Sandalwood, Jasmine, Vanilla - Frenky Lewis","robots":{"index":"index","follow":"follow","max-snippet":"max-snippet:-1","max-image-preview":"max-image-preview:large","max-video-preview":"max-video-preview:-1"},"canonical":"https:\/\/frenkylewis.com\/p\/car-pillow-spray-sandalwood-jasmine-vanilla\/","og_locale":"fr_FR","og_type":"article","og_title":"Car & Pillow spray Sandalwood, Jasmine, Vanilla - Frenky Lewis","og_description":"Dites adieu aux odeurs de chien d\u00e9sagr\u00e9ables dans votre maison ! Ce spray est la solution parfaite pour \u00e9liminer les mauvaises odeurs des paniers pour chiens, canap\u00e9s, voitures, tapis et coussins.  Le spray 100% naturel est s\u00fbr, efficace et polyvalent. Parfait en d\u00e9placement, \u00e0 la maison ou directement sur le coussin du chien !","og_url":"https:\/\/frenkylewis.com\/p\/car-pillow-spray-sandalwood-jasmine-vanilla\/","og_site_name":"Frenky Lewis","article_modified_time":"2026-03-09T20:15:16+00:00","og_image":[{"width":1250,"height":1250,"url":"https:\/\/frenkylewis.com\/wp-content\/uploads\/2024\/12\/15.png","type":"image\/png"}],"twitter_card":"summary_large_image","twitter_misc":{"Dur\u00e9e de lecture estim\u00e9e":"1 minute"},"schema":{"@context":"https:\/\/schema.org","@graph":[{"@type":"WebPage","@id":"https:\/\/frenkylewis.com\/p\/car-pillow-spray-sandalwood-jasmine-vanilla\/","url":"https:\/\/frenkylewis.com\/p\/car-pillow-spray-sandalwood-jasmine-vanilla\/","name":"Car & Pillow spray Sandalwood, Jasmine, Vanilla - Frenky Lewis","isPartOf":{"@id":"https:\/\/frenkylewis.com\/#website"},"primaryImageOfPage":{"@id":"https:\/\/frenkylewis.com\/p\/car-pillow-spray-sandalwood-jasmine-vanilla\/#primaryimage"},"image":{"@id":"https:\/\/frenkylewis.com\/p\/car-pillow-spray-sandalwood-jasmine-vanilla\/#primaryimage"},"thumbnailUrl":"https:\/\/frenkylewis.com\/wp-content\/uploads\/2024\/12\/15.png","datePublished":"2024-12-09T11:21:12+00:00","dateModified":"2026-03-09T20:15:16+00:00","breadcrumb":{"@id":"https:\/\/frenkylewis.com\/p\/car-pillow-spray-sandalwood-jasmine-vanilla\/#breadcrumb"},"inLanguage":"fr-FR","potentialAction":[{"@type":"ReadAction","target":["https:\/\/frenkylewis.com\/p\/car-pillow-spray-sandalwood-jasmine-vanilla\/"]}]},{"@type":"ImageObject","inLanguage":"fr-FR","@id":"https:\/\/frenkylewis.com\/p\/car-pillow-spray-sandalwood-jasmine-vanilla\/#primaryimage","url":"https:\/\/frenkylewis.com\/wp-content\/uploads\/2024\/12\/15.png","contentUrl":"https:\/\/frenkylewis.com\/wp-content\/uploads\/2024\/12\/15.png","width":1250,"height":1250},{"@type":"BreadcrumbList","@id":"https:\/\/frenkylewis.com\/p\/car-pillow-spray-sandalwood-jasmine-vanilla\/#breadcrumb","itemListElement":[{"@type":"ListItem","position":1,"name":"Home","item":"https:\/\/frenkylewis.com\/"},{"@type":"ListItem","position":2,"name":"Boutique","item":"https:\/\/frenkylewis.com\/fr\/boutique\/"},{"@type":"ListItem","position":3,"name":"Car &#038; Pillow spray Sandalwood, Jasmine, Vanilla"}]},{"@type":"WebSite","@id":"https:\/\/frenkylewis.com\/#website","url":"https:\/\/frenkylewis.com\/","name":"Frenky Lewis","description":"100% natural dogcare","publisher":{"@id":"https:\/\/frenkylewis.com\/#organization"},"potentialAction":[{"@type":"SearchAction","target":{"@type":"EntryPoint","urlTemplate":"https:\/\/frenkylewis.com\/?s={search_term_string}"},"query-input":{"@type":"PropertyValueSpecification","valueRequired":true,"valueName":"search_term_string"}}],"inLanguage":"fr-FR"},{"@type":"Organization","@id":"https:\/\/frenkylewis.com\/#organization","name":"Frenky Lewis","url":"https:\/\/frenkylewis.com\/","logo":{"@type":"ImageObject","inLanguage":"fr-FR","@id":"https:\/\/frenkylewis.com\/#\/schema\/logo\/image\/","url":"https:\/\/frenkylewis.com\/wp-content\/uploads\/2022\/08\/logo-black.png","contentUrl":"https:\/\/frenkylewis.com\/wp-content\/uploads\/2022\/08\/logo-black.png","width":2607,"height":661,"caption":"Frenky Lewis"},"image":{"@id":"https:\/\/frenkylewis.com\/#\/schema\/logo\/image\/"}}]}},"_links":{"self":[{"href":"https:\/\/frenkylewis.com\/fr\/wp-json\/wp\/v2\/product\/16432","targetHints":{"allow":["GET"]}}],"collection":[{"href":"https:\/\/frenkylewis.com\/fr\/wp-json\/wp\/v2\/product"}],"about":[{"href":"https:\/\/frenkylewis.com\/fr\/wp-json\/wp\/v2\/types\/product"}],"replies":[{"embeddable":true,"href":"https:\/\/frenkylewis.com\/fr\/wp-json\/wp\/v2\/comments?post=16432"}],"wp:featuredmedia":[{"embeddable":true,"href":"https:\/\/frenkylewis.com\/fr\/wp-json\/wp\/v2\/media\/15747"}],"wp:attachment":[{"href":"https:\/\/frenkylewis.com\/fr\/wp-json\/wp\/v2\/media?parent=16432"}],"wp:term":[{"taxonomy":"product_brand","embeddable":true,"href":"https:\/\/frenkylewis.com\/fr\/wp-json\/wp\/v2\/product_brand?post=16432"},{"taxonomy":"product_cat","embeddable":true,"href":"https:\/\/frenkylewis.com\/fr\/wp-json\/wp\/v2\/product_cat?post=16432"},{"taxonomy":"product_tag","embeddable":true,"href":"https:\/\/frenkylewis.com\/fr\/wp-json\/wp\/v2\/product_tag?post=16432"}],"curies":[{"name":"wp","href":"https:\/\/api.w.org\/{rel}","templated":true}]}}