{"id":16429,"date":"2024-12-09T12:22:24","date_gmt":"2024-12-09T11:22:24","guid":{"rendered":"https:\/\/frenkylewis.com\/p\/car-pillow-spray-white-rose-lavender-ylang-ylang-fr\/"},"modified":"2026-03-09T21:15:16","modified_gmt":"2026-03-09T20:15:16","slug":"car-pillow-spray-white-rose-lavender-ylang-ylang-fr","status":"publish","type":"product","link":"https:\/\/frenkylewis.com\/fr\/p\/car-pillow-spray-white-rose-lavender-ylang-ylang-fr\/","title":{"rendered":"Car &#038; Pillow spray White Rose, Lavender, Ylang Ylang"},"content":{"rendered":"<p><span style=\"font-weight: 400;\">De Car &amp; Pillow spray doet meer dan alleen ongewenste geurtjes maskeren. Dankzij onze uniek natuurlijke formule worden geurtjes ingekapseld en effectief verwijderd, waardoor je geniet van een \u00e9cht frisse en schone omgeving. Deze hondvriendelijke spray is perfect voor het verfrissen van de omgeving waar de hond zich begeeft. Hondenmand, tapijt, bank, autostoelen, kussens en overige ruimtes. Beschikbaar in 3 aangename geuren zonder de gevoelige neus van je hond te belasten. Voor een frisse, comfortabele sfeer waar jullie samen van kunnen genieten!\u00a0\u00a0<\/span><\/p>\n<p><span style=\"font-weight: 400;\">Deze natuurlijke Car &amp; Pillow spray is veilig te gebruiken in de omgeving van jouw hond.<\/span><\/p>\n<p><b>Waarom kiezen voor onze spray?<\/b><\/p>\n<ul>\n<li style=\"font-weight: 400;\" aria-level=\"1\"><b>Natuurlijk &amp; Veilig<\/b><span style=\"font-weight: 400;\">: Vrij van chemische stoffen en geschikt voor zelfs de meest gevoelige neuzen.<\/span><\/li>\n<li style=\"font-weight: 400;\" aria-level=\"1\"><b>Frisse Geur<\/b><span style=\"font-weight: 400;\">: Neutraliseert ongewenste geurtjes en laat een subtiele, rustgevende geur achter.<\/span><\/li>\n<li style=\"font-weight: 400;\" aria-level=\"1\"><b>Multifunctioneel<\/b><span style=\"font-weight: 400;\">: Perfect voor in de auto, op het hondenkussen of zelfs in je eigen ruimte!<\/span><\/li>\n<\/ul>\n","protected":false},"excerpt":{"rendered":"<p>G\u00ean\u00e9 par les odeurs de chien chez vous ? <span style=\"font-weight: 400;\">Notre <\/span><b>Car &amp; Pillow Spray<\/b><span style=\"font-weight: 400;\"> est sp\u00e9cialement con\u00e7u pour \u00e9liminer les odeurs d\u00e9sagr\u00e9ables du panier pour chien, canap\u00e9, voiture, tapis et coussin pour chien. <\/span><\/p>\n<p><span style=\"font-weight: 400;\">Avec exclusivement des ingr\u00e9dients 100% naturels, ce spray est s\u00fbr, efficace et id\u00e9al en d\u00e9placement, \u00e0 la maison ou sur le coussin du chien.<\/span><\/p>\n","protected":false},"featured_media":15745,"comment_status":"closed","ping_status":"closed","template":"","meta":{"_acf_changed":false,"_monsterinsights_skip_tracking":false,"_monsterinsights_sitenote_active":false,"_monsterinsights_sitenote_note":"","_monsterinsights_sitenote_category":0},"product_brand":[],"product_cat":[211,261,288,197,200,283,259],"product_tag":[],"class_list":{"0":"post-16429","1":"product","2":"type-product","3":"status-publish","4":"has-post-thumbnail","6":"product_cat-chiens","7":"product_cat-maison-soins","8":"product_cat-nouveau-chez-frenky-lewis","9":"product_cat-parfum-rose-blanche-lavande-ylang-ylang","10":"product_cat-parfums","11":"product_cat-signature","12":"product_cat-spray-voiture-coussin","14":"first","15":"instock","16":"taxable","17":"shipping-taxable","18":"purchasable","19":"product-type-simple"},"acf":[],"yoast_head":"<!-- This site is optimized with the Yoast SEO plugin v27.5 - https:\/\/yoast.com\/product\/yoast-seo-wordpress\/ -->\n<title>Car &amp; Pillow spray White Rose, Lavender, Ylang Ylang - Frenky Lewis<\/title>\n<meta name=\"robots\" content=\"index, follow, max-snippet:-1, max-image-preview:large, max-video-preview:-1\" \/>\n<link rel=\"canonical\" href=\"https:\/\/frenkylewis.com\/p\/car-pillow-spray-white-rose-lavender-ylang-ylang\/\" \/>\n<meta property=\"og:locale\" content=\"fr_FR\" \/>\n<meta property=\"og:type\" content=\"article\" \/>\n<meta property=\"og:title\" content=\"Car &amp; Pillow spray White Rose, Lavender, Ylang Ylang - Frenky Lewis\" \/>\n<meta property=\"og:description\" content=\"G\u00ean\u00e9 par les odeurs de chien chez vous ? Notre Car &amp; Pillow Spray est sp\u00e9cialement con\u00e7u pour \u00e9liminer les odeurs d\u00e9sagr\u00e9ables du panier pour chien, canap\u00e9, voiture, tapis et coussin pour chien.   Avec exclusivement des ingr\u00e9dients 100% naturels, ce spray est s\u00fbr, efficace et id\u00e9al en d\u00e9placement, \u00e0 la maison ou sur le coussin du chien.\" \/>\n<meta property=\"og:url\" content=\"https:\/\/frenkylewis.com\/p\/car-pillow-spray-white-rose-lavender-ylang-ylang\/\" \/>\n<meta property=\"og:site_name\" content=\"Frenky Lewis\" \/>\n<meta property=\"article:modified_time\" content=\"2026-03-09T20:15:16+00:00\" \/>\n<meta property=\"og:image\" content=\"https:\/\/frenkylewis.com\/wp-content\/uploads\/2024\/12\/Packshot-CP.WLY_.100-Vierkant-scaled-2.jpg\" \/>\n\t<meta property=\"og:image:width\" content=\"2560\" \/>\n\t<meta property=\"og:image:height\" content=\"2560\" \/>\n\t<meta property=\"og:image:type\" content=\"image\/jpeg\" \/>\n<meta name=\"twitter:card\" content=\"summary_large_image\" \/>\n<meta name=\"twitter:label1\" content=\"Dur\u00e9e de lecture estim\u00e9e\" \/>\n\t<meta name=\"twitter:data1\" content=\"1 minute\" \/>\n<script type=\"application\/ld+json\" class=\"yoast-schema-graph\">{\"@context\":\"https:\\\/\\\/schema.org\",\"@graph\":[{\"@type\":\"WebPage\",\"@id\":\"https:\\\/\\\/frenkylewis.com\\\/p\\\/car-pillow-spray-white-rose-lavender-ylang-ylang\\\/\",\"url\":\"https:\\\/\\\/frenkylewis.com\\\/p\\\/car-pillow-spray-white-rose-lavender-ylang-ylang\\\/\",\"name\":\"Car & Pillow spray White Rose, Lavender, Ylang Ylang - Frenky Lewis\",\"isPartOf\":{\"@id\":\"https:\\\/\\\/frenkylewis.com\\\/#website\"},\"primaryImageOfPage\":{\"@id\":\"https:\\\/\\\/frenkylewis.com\\\/p\\\/car-pillow-spray-white-rose-lavender-ylang-ylang\\\/#primaryimage\"},\"image\":{\"@id\":\"https:\\\/\\\/frenkylewis.com\\\/p\\\/car-pillow-spray-white-rose-lavender-ylang-ylang\\\/#primaryimage\"},\"thumbnailUrl\":\"https:\\\/\\\/frenkylewis.com\\\/wp-content\\\/uploads\\\/2024\\\/12\\\/Packshot-CP.WLY_.100-Vierkant-scaled-2.jpg\",\"datePublished\":\"2024-12-09T11:22:24+00:00\",\"dateModified\":\"2026-03-09T20:15:16+00:00\",\"breadcrumb\":{\"@id\":\"https:\\\/\\\/frenkylewis.com\\\/p\\\/car-pillow-spray-white-rose-lavender-ylang-ylang\\\/#breadcrumb\"},\"inLanguage\":\"fr-FR\",\"potentialAction\":[{\"@type\":\"ReadAction\",\"target\":[\"https:\\\/\\\/frenkylewis.com\\\/p\\\/car-pillow-spray-white-rose-lavender-ylang-ylang\\\/\"]}]},{\"@type\":\"ImageObject\",\"inLanguage\":\"fr-FR\",\"@id\":\"https:\\\/\\\/frenkylewis.com\\\/p\\\/car-pillow-spray-white-rose-lavender-ylang-ylang\\\/#primaryimage\",\"url\":\"https:\\\/\\\/frenkylewis.com\\\/wp-content\\\/uploads\\\/2024\\\/12\\\/Packshot-CP.WLY_.100-Vierkant-scaled-2.jpg\",\"contentUrl\":\"https:\\\/\\\/frenkylewis.com\\\/wp-content\\\/uploads\\\/2024\\\/12\\\/Packshot-CP.WLY_.100-Vierkant-scaled-2.jpg\",\"width\":2560,\"height\":2560},{\"@type\":\"BreadcrumbList\",\"@id\":\"https:\\\/\\\/frenkylewis.com\\\/p\\\/car-pillow-spray-white-rose-lavender-ylang-ylang\\\/#breadcrumb\",\"itemListElement\":[{\"@type\":\"ListItem\",\"position\":1,\"name\":\"Home\",\"item\":\"https:\\\/\\\/frenkylewis.com\\\/\"},{\"@type\":\"ListItem\",\"position\":2,\"name\":\"Boutique\",\"item\":\"https:\\\/\\\/frenkylewis.com\\\/fr\\\/boutique\\\/\"},{\"@type\":\"ListItem\",\"position\":3,\"name\":\"Car &#038; Pillow spray White Rose, Lavender, Ylang Ylang\"}]},{\"@type\":\"WebSite\",\"@id\":\"https:\\\/\\\/frenkylewis.com\\\/#website\",\"url\":\"https:\\\/\\\/frenkylewis.com\\\/\",\"name\":\"Frenky Lewis\",\"description\":\"100% natural dogcare\",\"publisher\":{\"@id\":\"https:\\\/\\\/frenkylewis.com\\\/#organization\"},\"potentialAction\":[{\"@type\":\"SearchAction\",\"target\":{\"@type\":\"EntryPoint\",\"urlTemplate\":\"https:\\\/\\\/frenkylewis.com\\\/?s={search_term_string}\"},\"query-input\":{\"@type\":\"PropertyValueSpecification\",\"valueRequired\":true,\"valueName\":\"search_term_string\"}}],\"inLanguage\":\"fr-FR\"},{\"@type\":\"Organization\",\"@id\":\"https:\\\/\\\/frenkylewis.com\\\/#organization\",\"name\":\"Frenky Lewis\",\"url\":\"https:\\\/\\\/frenkylewis.com\\\/\",\"logo\":{\"@type\":\"ImageObject\",\"inLanguage\":\"fr-FR\",\"@id\":\"https:\\\/\\\/frenkylewis.com\\\/#\\\/schema\\\/logo\\\/image\\\/\",\"url\":\"https:\\\/\\\/frenkylewis.com\\\/wp-content\\\/uploads\\\/2022\\\/08\\\/logo-black.png\",\"contentUrl\":\"https:\\\/\\\/frenkylewis.com\\\/wp-content\\\/uploads\\\/2022\\\/08\\\/logo-black.png\",\"width\":2607,\"height\":661,\"caption\":\"Frenky Lewis\"},\"image\":{\"@id\":\"https:\\\/\\\/frenkylewis.com\\\/#\\\/schema\\\/logo\\\/image\\\/\"}}]}<\/script>\n<!-- \/ Yoast SEO plugin. -->","yoast_head_json":{"title":"Car & Pillow spray White Rose, Lavender, Ylang Ylang - Frenky Lewis","robots":{"index":"index","follow":"follow","max-snippet":"max-snippet:-1","max-image-preview":"max-image-preview:large","max-video-preview":"max-video-preview:-1"},"canonical":"https:\/\/frenkylewis.com\/p\/car-pillow-spray-white-rose-lavender-ylang-ylang\/","og_locale":"fr_FR","og_type":"article","og_title":"Car & Pillow spray White Rose, Lavender, Ylang Ylang - Frenky Lewis","og_description":"G\u00ean\u00e9 par les odeurs de chien chez vous ? Notre Car &amp; Pillow Spray est sp\u00e9cialement con\u00e7u pour \u00e9liminer les odeurs d\u00e9sagr\u00e9ables du panier pour chien, canap\u00e9, voiture, tapis et coussin pour chien.   Avec exclusivement des ingr\u00e9dients 100% naturels, ce spray est s\u00fbr, efficace et id\u00e9al en d\u00e9placement, \u00e0 la maison ou sur le coussin du chien.","og_url":"https:\/\/frenkylewis.com\/p\/car-pillow-spray-white-rose-lavender-ylang-ylang\/","og_site_name":"Frenky Lewis","article_modified_time":"2026-03-09T20:15:16+00:00","og_image":[{"width":2560,"height":2560,"url":"https:\/\/frenkylewis.com\/wp-content\/uploads\/2024\/12\/Packshot-CP.WLY_.100-Vierkant-scaled-2.jpg","type":"image\/jpeg"}],"twitter_card":"summary_large_image","twitter_misc":{"Dur\u00e9e de lecture estim\u00e9e":"1 minute"},"schema":{"@context":"https:\/\/schema.org","@graph":[{"@type":"WebPage","@id":"https:\/\/frenkylewis.com\/p\/car-pillow-spray-white-rose-lavender-ylang-ylang\/","url":"https:\/\/frenkylewis.com\/p\/car-pillow-spray-white-rose-lavender-ylang-ylang\/","name":"Car & Pillow spray White Rose, Lavender, Ylang Ylang - Frenky Lewis","isPartOf":{"@id":"https:\/\/frenkylewis.com\/#website"},"primaryImageOfPage":{"@id":"https:\/\/frenkylewis.com\/p\/car-pillow-spray-white-rose-lavender-ylang-ylang\/#primaryimage"},"image":{"@id":"https:\/\/frenkylewis.com\/p\/car-pillow-spray-white-rose-lavender-ylang-ylang\/#primaryimage"},"thumbnailUrl":"https:\/\/frenkylewis.com\/wp-content\/uploads\/2024\/12\/Packshot-CP.WLY_.100-Vierkant-scaled-2.jpg","datePublished":"2024-12-09T11:22:24+00:00","dateModified":"2026-03-09T20:15:16+00:00","breadcrumb":{"@id":"https:\/\/frenkylewis.com\/p\/car-pillow-spray-white-rose-lavender-ylang-ylang\/#breadcrumb"},"inLanguage":"fr-FR","potentialAction":[{"@type":"ReadAction","target":["https:\/\/frenkylewis.com\/p\/car-pillow-spray-white-rose-lavender-ylang-ylang\/"]}]},{"@type":"ImageObject","inLanguage":"fr-FR","@id":"https:\/\/frenkylewis.com\/p\/car-pillow-spray-white-rose-lavender-ylang-ylang\/#primaryimage","url":"https:\/\/frenkylewis.com\/wp-content\/uploads\/2024\/12\/Packshot-CP.WLY_.100-Vierkant-scaled-2.jpg","contentUrl":"https:\/\/frenkylewis.com\/wp-content\/uploads\/2024\/12\/Packshot-CP.WLY_.100-Vierkant-scaled-2.jpg","width":2560,"height":2560},{"@type":"BreadcrumbList","@id":"https:\/\/frenkylewis.com\/p\/car-pillow-spray-white-rose-lavender-ylang-ylang\/#breadcrumb","itemListElement":[{"@type":"ListItem","position":1,"name":"Home","item":"https:\/\/frenkylewis.com\/"},{"@type":"ListItem","position":2,"name":"Boutique","item":"https:\/\/frenkylewis.com\/fr\/boutique\/"},{"@type":"ListItem","position":3,"name":"Car &#038; Pillow spray White Rose, Lavender, Ylang Ylang"}]},{"@type":"WebSite","@id":"https:\/\/frenkylewis.com\/#website","url":"https:\/\/frenkylewis.com\/","name":"Frenky Lewis","description":"100% natural dogcare","publisher":{"@id":"https:\/\/frenkylewis.com\/#organization"},"potentialAction":[{"@type":"SearchAction","target":{"@type":"EntryPoint","urlTemplate":"https:\/\/frenkylewis.com\/?s={search_term_string}"},"query-input":{"@type":"PropertyValueSpecification","valueRequired":true,"valueName":"search_term_string"}}],"inLanguage":"fr-FR"},{"@type":"Organization","@id":"https:\/\/frenkylewis.com\/#organization","name":"Frenky Lewis","url":"https:\/\/frenkylewis.com\/","logo":{"@type":"ImageObject","inLanguage":"fr-FR","@id":"https:\/\/frenkylewis.com\/#\/schema\/logo\/image\/","url":"https:\/\/frenkylewis.com\/wp-content\/uploads\/2022\/08\/logo-black.png","contentUrl":"https:\/\/frenkylewis.com\/wp-content\/uploads\/2022\/08\/logo-black.png","width":2607,"height":661,"caption":"Frenky Lewis"},"image":{"@id":"https:\/\/frenkylewis.com\/#\/schema\/logo\/image\/"}}]}},"_links":{"self":[{"href":"https:\/\/frenkylewis.com\/fr\/wp-json\/wp\/v2\/product\/16429","targetHints":{"allow":["GET"]}}],"collection":[{"href":"https:\/\/frenkylewis.com\/fr\/wp-json\/wp\/v2\/product"}],"about":[{"href":"https:\/\/frenkylewis.com\/fr\/wp-json\/wp\/v2\/types\/product"}],"replies":[{"embeddable":true,"href":"https:\/\/frenkylewis.com\/fr\/wp-json\/wp\/v2\/comments?post=16429"}],"wp:featuredmedia":[{"embeddable":true,"href":"https:\/\/frenkylewis.com\/fr\/wp-json\/wp\/v2\/media\/15745"}],"wp:attachment":[{"href":"https:\/\/frenkylewis.com\/fr\/wp-json\/wp\/v2\/media?parent=16429"}],"wp:term":[{"taxonomy":"product_brand","embeddable":true,"href":"https:\/\/frenkylewis.com\/fr\/wp-json\/wp\/v2\/product_brand?post=16429"},{"taxonomy":"product_cat","embeddable":true,"href":"https:\/\/frenkylewis.com\/fr\/wp-json\/wp\/v2\/product_cat?post=16429"},{"taxonomy":"product_tag","embeddable":true,"href":"https:\/\/frenkylewis.com\/fr\/wp-json\/wp\/v2\/product_tag?post=16429"}],"curies":[{"name":"wp","href":"https:\/\/api.w.org\/{rel}","templated":true}]}}