{"id":16426,"date":"2024-12-09T12:23:28","date_gmt":"2024-12-09T11:23:28","guid":{"rendered":"https:\/\/frenkylewis.com\/p\/car-pillow-spray-green-tea-bergamot-fr\/"},"modified":"2026-03-09T21:15:15","modified_gmt":"2026-03-09T20:15:15","slug":"car-pillow-spray-green-tea-bergamot-fr","status":"publish","type":"product","link":"https:\/\/frenkylewis.com\/fr\/p\/car-pillow-spray-green-tea-bergamot-fr\/","title":{"rendered":"Car &#038; Pillow spray Green Tea &#038; Bergamot"},"content":{"rendered":"<p>Avec le Car &amp; Pillow Spray, vous faites plus que rafra\u00eechir \u2014 vous \u00e9liminez v\u00e9ritablement les odeurs d\u00e9sagr\u00e9ables. Gr\u00e2ce \u00e0 notre formule naturelle unique, les odeurs ind\u00e9sirables sont encapsul\u00e9es et neutralis\u00e9es. De cette fa\u00e7on, vous assurez un environnement propre et frais, sans odeur de chien. Et tout cela sans utiliser de parfums lourds ! Utilisez le spray pour les paniers pour chiens, canap\u00e9s, si\u00e8ges auto, coussins, tapis et plus encore. Ce spray a \u00e9t\u00e9 sp\u00e9cialement d\u00e9velopp\u00e9 en pensant au bien-\u00eatre de votre chien. Le spray est s\u00fbr et doux pour les nez sensibles des chiens. Cr\u00e9ez un environnement frais et agr\u00e9able, o\u00f9 que vous soyez !<\/p>\n<p><b>Pourquoi choisir notre spray ?<\/b><\/p>\n<p><strong>Combat les odeurs d\u00e9sagr\u00e9ables :<\/strong> S&rsquo;attaque aux odeurs tenaces \u00e0 la source et assure la fra\u00eecheur toujours et partout !<\/p>\n<p><strong>Sans souci &amp; S\u00fbr :<\/strong> Fabriqu\u00e9 \u00e0 partir d&rsquo;ingr\u00e9dients 100% naturels.<\/p>\n<p><strong>Pour chaque endroit :<\/strong> Parfait pour le panier du chien, la voiture, le canap\u00e9, les coussins et m\u00eame les v\u00eatements de votre chien.<\/p>\n","protected":false},"excerpt":{"rendered":"<p><span style=\"font-weight: 400;\">Votre canap\u00e9, voiture, tapis ou coussin pour chien souffre-t-il de ces odeurs de chien g\u00eanantes ? Pas de soucis, nous avons la solution ! <\/span><\/p>\n<p><span style=\"font-weight: 400;\">Avec notre spray sp\u00e9cialement d\u00e9velopp\u00e9, cette odeur tenace dispara\u00eet. Fabriqu\u00e9 \u00e0 partir d&rsquo;ingr\u00e9dients 100% naturels avec une combinaison de th\u00e9 vert frais et d&rsquo;agrumes p\u00e9tillants de bergamote. <\/span><\/p>\n<p><span style=\"font-weight: 400;\">Ainsi, vous \u00eates toujours et partout assur\u00e9 d&rsquo;un parfum frais et agr\u00e9able. S\u00fbr pour un usage quotidien, \u00e0 la maison et en d\u00e9placement !<\/span><\/p>\n","protected":false},"featured_media":15750,"comment_status":"closed","ping_status":"closed","template":"","meta":{"_acf_changed":false,"_monsterinsights_skip_tracking":false,"_monsterinsights_sitenote_active":false,"_monsterinsights_sitenote_note":"","_monsterinsights_sitenote_category":0},"product_brand":[],"product_cat":[211,261,288,191,200,283,259],"product_tag":[],"class_list":{"0":"post-16426","1":"product","2":"type-product","3":"status-publish","4":"has-post-thumbnail","6":"product_cat-chiens","7":"product_cat-maison-soins","8":"product_cat-nouveau-chez-frenky-lewis","9":"product_cat-parfum-the-vert-bergamote","10":"product_cat-parfums","11":"product_cat-signature","12":"product_cat-spray-voiture-coussin","14":"first","15":"instock","16":"taxable","17":"shipping-taxable","18":"purchasable","19":"product-type-simple"},"acf":[],"yoast_head":"<!-- This site is optimized with the Yoast SEO plugin v27.5 - https:\/\/yoast.com\/product\/yoast-seo-wordpress\/ -->\n<title>Car &amp; Pillow spray Green Tea &amp; Bergamot - Frenky Lewis<\/title>\n<meta name=\"robots\" content=\"index, follow, max-snippet:-1, max-image-preview:large, max-video-preview:-1\" \/>\n<link rel=\"canonical\" href=\"https:\/\/frenkylewis.com\/p\/car-pillow-spray-green-tea-bergamot\/\" \/>\n<meta property=\"og:locale\" content=\"fr_FR\" \/>\n<meta property=\"og:type\" content=\"article\" \/>\n<meta property=\"og:title\" content=\"Car &amp; Pillow spray Green Tea &amp; Bergamot - Frenky Lewis\" \/>\n<meta property=\"og:description\" content=\"Votre canap\u00e9, voiture, tapis ou coussin pour chien souffre-t-il de ces odeurs de chien g\u00eanantes ? Pas de soucis, nous avons la solution !   Avec notre spray sp\u00e9cialement d\u00e9velopp\u00e9, cette odeur tenace dispara\u00eet. Fabriqu\u00e9 \u00e0 partir d&#039;ingr\u00e9dients 100% naturels avec une combinaison de th\u00e9 vert frais et d&#039;agrumes p\u00e9tillants de bergamote.   Ainsi, vous \u00eates toujours et partout assur\u00e9 d&#039;un parfum frais et agr\u00e9able. S\u00fbr pour un usage quotidien, \u00e0 la maison et en d\u00e9placement !\" \/>\n<meta property=\"og:url\" content=\"https:\/\/frenkylewis.com\/p\/car-pillow-spray-green-tea-bergamot\/\" \/>\n<meta property=\"og:site_name\" content=\"Frenky Lewis\" \/>\n<meta property=\"article:modified_time\" content=\"2026-03-09T20:15:15+00:00\" \/>\n<meta property=\"og:image\" content=\"https:\/\/frenkylewis.com\/wp-content\/uploads\/2024\/12\/18.png\" \/>\n\t<meta property=\"og:image:width\" content=\"1250\" \/>\n\t<meta property=\"og:image:height\" content=\"1250\" \/>\n\t<meta property=\"og:image:type\" content=\"image\/png\" \/>\n<meta name=\"twitter:card\" content=\"summary_large_image\" \/>\n<meta name=\"twitter:label1\" content=\"Dur\u00e9e de lecture estim\u00e9e\" \/>\n\t<meta name=\"twitter:data1\" content=\"1 minute\" \/>\n<script type=\"application\/ld+json\" class=\"yoast-schema-graph\">{\"@context\":\"https:\\\/\\\/schema.org\",\"@graph\":[{\"@type\":\"WebPage\",\"@id\":\"https:\\\/\\\/frenkylewis.com\\\/p\\\/car-pillow-spray-green-tea-bergamot\\\/\",\"url\":\"https:\\\/\\\/frenkylewis.com\\\/p\\\/car-pillow-spray-green-tea-bergamot\\\/\",\"name\":\"Car & Pillow spray Green Tea & Bergamot - Frenky Lewis\",\"isPartOf\":{\"@id\":\"https:\\\/\\\/frenkylewis.com\\\/#website\"},\"primaryImageOfPage\":{\"@id\":\"https:\\\/\\\/frenkylewis.com\\\/p\\\/car-pillow-spray-green-tea-bergamot\\\/#primaryimage\"},\"image\":{\"@id\":\"https:\\\/\\\/frenkylewis.com\\\/p\\\/car-pillow-spray-green-tea-bergamot\\\/#primaryimage\"},\"thumbnailUrl\":\"https:\\\/\\\/frenkylewis.com\\\/wp-content\\\/uploads\\\/2024\\\/12\\\/18.png\",\"datePublished\":\"2024-12-09T11:23:28+00:00\",\"dateModified\":\"2026-03-09T20:15:15+00:00\",\"breadcrumb\":{\"@id\":\"https:\\\/\\\/frenkylewis.com\\\/p\\\/car-pillow-spray-green-tea-bergamot\\\/#breadcrumb\"},\"inLanguage\":\"fr-FR\",\"potentialAction\":[{\"@type\":\"ReadAction\",\"target\":[\"https:\\\/\\\/frenkylewis.com\\\/p\\\/car-pillow-spray-green-tea-bergamot\\\/\"]}]},{\"@type\":\"ImageObject\",\"inLanguage\":\"fr-FR\",\"@id\":\"https:\\\/\\\/frenkylewis.com\\\/p\\\/car-pillow-spray-green-tea-bergamot\\\/#primaryimage\",\"url\":\"https:\\\/\\\/frenkylewis.com\\\/wp-content\\\/uploads\\\/2024\\\/12\\\/18.png\",\"contentUrl\":\"https:\\\/\\\/frenkylewis.com\\\/wp-content\\\/uploads\\\/2024\\\/12\\\/18.png\",\"width\":1250,\"height\":1250},{\"@type\":\"BreadcrumbList\",\"@id\":\"https:\\\/\\\/frenkylewis.com\\\/p\\\/car-pillow-spray-green-tea-bergamot\\\/#breadcrumb\",\"itemListElement\":[{\"@type\":\"ListItem\",\"position\":1,\"name\":\"Home\",\"item\":\"https:\\\/\\\/frenkylewis.com\\\/\"},{\"@type\":\"ListItem\",\"position\":2,\"name\":\"Boutique\",\"item\":\"https:\\\/\\\/frenkylewis.com\\\/fr\\\/boutique\\\/\"},{\"@type\":\"ListItem\",\"position\":3,\"name\":\"Car &#038; Pillow spray Green Tea &#038; Bergamot\"}]},{\"@type\":\"WebSite\",\"@id\":\"https:\\\/\\\/frenkylewis.com\\\/#website\",\"url\":\"https:\\\/\\\/frenkylewis.com\\\/\",\"name\":\"Frenky Lewis\",\"description\":\"100% natural dogcare\",\"publisher\":{\"@id\":\"https:\\\/\\\/frenkylewis.com\\\/#organization\"},\"potentialAction\":[{\"@type\":\"SearchAction\",\"target\":{\"@type\":\"EntryPoint\",\"urlTemplate\":\"https:\\\/\\\/frenkylewis.com\\\/?s={search_term_string}\"},\"query-input\":{\"@type\":\"PropertyValueSpecification\",\"valueRequired\":true,\"valueName\":\"search_term_string\"}}],\"inLanguage\":\"fr-FR\"},{\"@type\":\"Organization\",\"@id\":\"https:\\\/\\\/frenkylewis.com\\\/#organization\",\"name\":\"Frenky Lewis\",\"url\":\"https:\\\/\\\/frenkylewis.com\\\/\",\"logo\":{\"@type\":\"ImageObject\",\"inLanguage\":\"fr-FR\",\"@id\":\"https:\\\/\\\/frenkylewis.com\\\/#\\\/schema\\\/logo\\\/image\\\/\",\"url\":\"https:\\\/\\\/frenkylewis.com\\\/wp-content\\\/uploads\\\/2022\\\/08\\\/logo-black.png\",\"contentUrl\":\"https:\\\/\\\/frenkylewis.com\\\/wp-content\\\/uploads\\\/2022\\\/08\\\/logo-black.png\",\"width\":2607,\"height\":661,\"caption\":\"Frenky Lewis\"},\"image\":{\"@id\":\"https:\\\/\\\/frenkylewis.com\\\/#\\\/schema\\\/logo\\\/image\\\/\"}}]}<\/script>\n<!-- \/ Yoast SEO plugin. -->","yoast_head_json":{"title":"Car & Pillow spray Green Tea & Bergamot - Frenky Lewis","robots":{"index":"index","follow":"follow","max-snippet":"max-snippet:-1","max-image-preview":"max-image-preview:large","max-video-preview":"max-video-preview:-1"},"canonical":"https:\/\/frenkylewis.com\/p\/car-pillow-spray-green-tea-bergamot\/","og_locale":"fr_FR","og_type":"article","og_title":"Car & Pillow spray Green Tea & Bergamot - Frenky Lewis","og_description":"Votre canap\u00e9, voiture, tapis ou coussin pour chien souffre-t-il de ces odeurs de chien g\u00eanantes ? Pas de soucis, nous avons la solution !   Avec notre spray sp\u00e9cialement d\u00e9velopp\u00e9, cette odeur tenace dispara\u00eet. Fabriqu\u00e9 \u00e0 partir d'ingr\u00e9dients 100% naturels avec une combinaison de th\u00e9 vert frais et d'agrumes p\u00e9tillants de bergamote.   Ainsi, vous \u00eates toujours et partout assur\u00e9 d'un parfum frais et agr\u00e9able. S\u00fbr pour un usage quotidien, \u00e0 la maison et en d\u00e9placement !","og_url":"https:\/\/frenkylewis.com\/p\/car-pillow-spray-green-tea-bergamot\/","og_site_name":"Frenky Lewis","article_modified_time":"2026-03-09T20:15:15+00:00","og_image":[{"width":1250,"height":1250,"url":"https:\/\/frenkylewis.com\/wp-content\/uploads\/2024\/12\/18.png","type":"image\/png"}],"twitter_card":"summary_large_image","twitter_misc":{"Dur\u00e9e de lecture estim\u00e9e":"1 minute"},"schema":{"@context":"https:\/\/schema.org","@graph":[{"@type":"WebPage","@id":"https:\/\/frenkylewis.com\/p\/car-pillow-spray-green-tea-bergamot\/","url":"https:\/\/frenkylewis.com\/p\/car-pillow-spray-green-tea-bergamot\/","name":"Car & Pillow spray Green Tea & Bergamot - Frenky Lewis","isPartOf":{"@id":"https:\/\/frenkylewis.com\/#website"},"primaryImageOfPage":{"@id":"https:\/\/frenkylewis.com\/p\/car-pillow-spray-green-tea-bergamot\/#primaryimage"},"image":{"@id":"https:\/\/frenkylewis.com\/p\/car-pillow-spray-green-tea-bergamot\/#primaryimage"},"thumbnailUrl":"https:\/\/frenkylewis.com\/wp-content\/uploads\/2024\/12\/18.png","datePublished":"2024-12-09T11:23:28+00:00","dateModified":"2026-03-09T20:15:15+00:00","breadcrumb":{"@id":"https:\/\/frenkylewis.com\/p\/car-pillow-spray-green-tea-bergamot\/#breadcrumb"},"inLanguage":"fr-FR","potentialAction":[{"@type":"ReadAction","target":["https:\/\/frenkylewis.com\/p\/car-pillow-spray-green-tea-bergamot\/"]}]},{"@type":"ImageObject","inLanguage":"fr-FR","@id":"https:\/\/frenkylewis.com\/p\/car-pillow-spray-green-tea-bergamot\/#primaryimage","url":"https:\/\/frenkylewis.com\/wp-content\/uploads\/2024\/12\/18.png","contentUrl":"https:\/\/frenkylewis.com\/wp-content\/uploads\/2024\/12\/18.png","width":1250,"height":1250},{"@type":"BreadcrumbList","@id":"https:\/\/frenkylewis.com\/p\/car-pillow-spray-green-tea-bergamot\/#breadcrumb","itemListElement":[{"@type":"ListItem","position":1,"name":"Home","item":"https:\/\/frenkylewis.com\/"},{"@type":"ListItem","position":2,"name":"Boutique","item":"https:\/\/frenkylewis.com\/fr\/boutique\/"},{"@type":"ListItem","position":3,"name":"Car &#038; Pillow spray Green Tea &#038; Bergamot"}]},{"@type":"WebSite","@id":"https:\/\/frenkylewis.com\/#website","url":"https:\/\/frenkylewis.com\/","name":"Frenky Lewis","description":"100% natural dogcare","publisher":{"@id":"https:\/\/frenkylewis.com\/#organization"},"potentialAction":[{"@type":"SearchAction","target":{"@type":"EntryPoint","urlTemplate":"https:\/\/frenkylewis.com\/?s={search_term_string}"},"query-input":{"@type":"PropertyValueSpecification","valueRequired":true,"valueName":"search_term_string"}}],"inLanguage":"fr-FR"},{"@type":"Organization","@id":"https:\/\/frenkylewis.com\/#organization","name":"Frenky Lewis","url":"https:\/\/frenkylewis.com\/","logo":{"@type":"ImageObject","inLanguage":"fr-FR","@id":"https:\/\/frenkylewis.com\/#\/schema\/logo\/image\/","url":"https:\/\/frenkylewis.com\/wp-content\/uploads\/2022\/08\/logo-black.png","contentUrl":"https:\/\/frenkylewis.com\/wp-content\/uploads\/2022\/08\/logo-black.png","width":2607,"height":661,"caption":"Frenky Lewis"},"image":{"@id":"https:\/\/frenkylewis.com\/#\/schema\/logo\/image\/"}}]}},"_links":{"self":[{"href":"https:\/\/frenkylewis.com\/fr\/wp-json\/wp\/v2\/product\/16426","targetHints":{"allow":["GET"]}}],"collection":[{"href":"https:\/\/frenkylewis.com\/fr\/wp-json\/wp\/v2\/product"}],"about":[{"href":"https:\/\/frenkylewis.com\/fr\/wp-json\/wp\/v2\/types\/product"}],"replies":[{"embeddable":true,"href":"https:\/\/frenkylewis.com\/fr\/wp-json\/wp\/v2\/comments?post=16426"}],"wp:featuredmedia":[{"embeddable":true,"href":"https:\/\/frenkylewis.com\/fr\/wp-json\/wp\/v2\/media\/15750"}],"wp:attachment":[{"href":"https:\/\/frenkylewis.com\/fr\/wp-json\/wp\/v2\/media?parent=16426"}],"wp:term":[{"taxonomy":"product_brand","embeddable":true,"href":"https:\/\/frenkylewis.com\/fr\/wp-json\/wp\/v2\/product_brand?post=16426"},{"taxonomy":"product_cat","embeddable":true,"href":"https:\/\/frenkylewis.com\/fr\/wp-json\/wp\/v2\/product_cat?post=16426"},{"taxonomy":"product_tag","embeddable":true,"href":"https:\/\/frenkylewis.com\/fr\/wp-json\/wp\/v2\/product_tag?post=16426"}],"curies":[{"name":"wp","href":"https:\/\/api.w.org\/{rel}","templated":true}]}}