{"id":16420,"date":"2024-12-09T12:25:03","date_gmt":"2024-12-09T11:25:03","guid":{"rendered":"https:\/\/frenkylewis.com\/p\/shampoo-foamer-fr\/"},"modified":"2026-03-09T21:15:10","modified_gmt":"2026-03-09T20:15:10","slug":"shampoo-foamer-fr","status":"publish","type":"product","link":"https:\/\/frenkylewis.com\/fr\/p\/shampoo-foamer-fr\/","title":{"rendered":"Shampoo Foamer"},"content":{"rendered":"<ul>\n<li><b>Design durable<\/b><span style=\"font-weight: 400;\"> : Fabriqu\u00e9 en acier inoxydable de haute qualit\u00e9.<\/span><\/li>\n<li><b>Efficace<\/b><span style=\"font-weight: 400;\"> : Moins de shampoing, un maximum de mousse.<\/span><\/li>\n<li><b>Facile \u00e0 utiliser<\/b><span style=\"font-weight: 400;\"> : Pas de gaspillage, pas de tracas.<\/span><\/li>\n<\/ul>\n","protected":false},"excerpt":{"rendered":"<p><span style=\"font-weight: 400;\">Notre Shampoo Foamer est parfait pour laver votre chien de mani\u00e8re uniforme et en profondeur. Massez doucement la mousse pour un r\u00e9sultat brillant et propre &#8212; et un chien heureux !<\/span><\/p>\n<p><span style=\"font-weight: 400;\">Transformez chaque bain en exp\u00e9rience spa. Commandez votre mousseur \u00e0 shampoing d\u00e8s aujourd&rsquo;hui !<\/span><\/p>\n","protected":false},"featured_media":16656,"comment_status":"closed","ping_status":"closed","template":"","meta":{"_acf_changed":false,"_monsterinsights_skip_tracking":false,"_monsterinsights_sitenote_active":false,"_monsterinsights_sitenote_note":"","_monsterinsights_sitenote_category":0},"product_brand":[],"product_cat":[211,244],"product_tag":[],"class_list":{"0":"post-16420","1":"product","2":"type-product","3":"status-publish","4":"has-post-thumbnail","6":"product_cat-chiens","7":"product_cat-produits-de-soins","9":"first","10":"outofstock","11":"taxable","12":"shipping-taxable","13":"purchasable","14":"product-type-simple"},"acf":[],"yoast_head":"<!-- This site is optimized with the Yoast SEO plugin v27.5 - https:\/\/yoast.com\/product\/yoast-seo-wordpress\/ -->\n<title>Shampoo Foamer - Frenky Lewis<\/title>\n<meta name=\"robots\" content=\"index, follow, max-snippet:-1, max-image-preview:large, max-video-preview:-1\" \/>\n<link rel=\"canonical\" href=\"https:\/\/frenkylewis.com\/fr\/p\/shampoo-foamer-fr\/\" \/>\n<meta property=\"og:locale\" content=\"fr_FR\" \/>\n<meta property=\"og:type\" content=\"article\" \/>\n<meta property=\"og:title\" content=\"Shampoo Foamer - Frenky Lewis\" \/>\n<meta property=\"og:description\" content=\"Notre Shampoo Foamer est parfait pour laver votre chien de mani\u00e8re uniforme et en profondeur. Massez doucement la mousse pour un r\u00e9sultat brillant et propre -- et un chien heureux !  Transformez chaque bain en exp\u00e9rience spa. Commandez votre mousseur \u00e0 shampoing d\u00e8s aujourd&#039;hui !\" \/>\n<meta property=\"og:url\" content=\"https:\/\/frenkylewis.com\/fr\/p\/shampoo-foamer-fr\/\" \/>\n<meta property=\"og:site_name\" content=\"Frenky Lewis\" \/>\n<meta property=\"article:modified_time\" content=\"2026-03-09T20:15:10+00:00\" \/>\n<meta property=\"og:image\" content=\"https:\/\/frenkylewis.com\/wp-content\/uploads\/2024\/12\/Packshot-Shampoo-Foamer-Vierkant-scaled.webp\" \/>\n\t<meta property=\"og:image:width\" content=\"2560\" \/>\n\t<meta property=\"og:image:height\" content=\"2560\" \/>\n\t<meta property=\"og:image:type\" content=\"image\/webp\" \/>\n<meta name=\"twitter:card\" content=\"summary_large_image\" \/>\n<script type=\"application\/ld+json\" class=\"yoast-schema-graph\">{\"@context\":\"https:\\\/\\\/schema.org\",\"@graph\":[{\"@type\":\"WebPage\",\"@id\":\"https:\\\/\\\/frenkylewis.com\\\/fr\\\/p\\\/shampoo-foamer-fr\\\/\",\"url\":\"https:\\\/\\\/frenkylewis.com\\\/fr\\\/p\\\/shampoo-foamer-fr\\\/\",\"name\":\"Shampoo Foamer - Frenky Lewis\",\"isPartOf\":{\"@id\":\"https:\\\/\\\/frenkylewis.com\\\/#website\"},\"primaryImageOfPage\":{\"@id\":\"https:\\\/\\\/frenkylewis.com\\\/fr\\\/p\\\/shampoo-foamer-fr\\\/#primaryimage\"},\"image\":{\"@id\":\"https:\\\/\\\/frenkylewis.com\\\/fr\\\/p\\\/shampoo-foamer-fr\\\/#primaryimage\"},\"thumbnailUrl\":\"https:\\\/\\\/frenkylewis.com\\\/wp-content\\\/uploads\\\/2024\\\/12\\\/Producten-frenkylewis26-50.png\",\"datePublished\":\"2024-12-09T11:25:03+00:00\",\"dateModified\":\"2026-03-09T20:15:10+00:00\",\"breadcrumb\":{\"@id\":\"https:\\\/\\\/frenkylewis.com\\\/fr\\\/p\\\/shampoo-foamer-fr\\\/#breadcrumb\"},\"inLanguage\":\"fr-FR\",\"potentialAction\":[{\"@type\":\"ReadAction\",\"target\":[\"https:\\\/\\\/frenkylewis.com\\\/fr\\\/p\\\/shampoo-foamer-fr\\\/\"]}]},{\"@type\":\"ImageObject\",\"inLanguage\":\"fr-FR\",\"@id\":\"https:\\\/\\\/frenkylewis.com\\\/fr\\\/p\\\/shampoo-foamer-fr\\\/#primaryimage\",\"url\":\"https:\\\/\\\/frenkylewis.com\\\/wp-content\\\/uploads\\\/2024\\\/12\\\/Producten-frenkylewis26-50.png\",\"contentUrl\":\"https:\\\/\\\/frenkylewis.com\\\/wp-content\\\/uploads\\\/2024\\\/12\\\/Producten-frenkylewis26-50.png\",\"width\":1240,\"height\":1240},{\"@type\":\"BreadcrumbList\",\"@id\":\"https:\\\/\\\/frenkylewis.com\\\/fr\\\/p\\\/shampoo-foamer-fr\\\/#breadcrumb\",\"itemListElement\":[{\"@type\":\"ListItem\",\"position\":1,\"name\":\"Home\",\"item\":\"https:\\\/\\\/frenkylewis.com\\\/\"},{\"@type\":\"ListItem\",\"position\":2,\"name\":\"Boutique\",\"item\":\"https:\\\/\\\/frenkylewis.com\\\/fr\\\/boutique\\\/\"},{\"@type\":\"ListItem\",\"position\":3,\"name\":\"Shampoo Foamer\"}]},{\"@type\":\"WebSite\",\"@id\":\"https:\\\/\\\/frenkylewis.com\\\/#website\",\"url\":\"https:\\\/\\\/frenkylewis.com\\\/\",\"name\":\"Frenky Lewis\",\"description\":\"100% natural dogcare\",\"publisher\":{\"@id\":\"https:\\\/\\\/frenkylewis.com\\\/#organization\"},\"potentialAction\":[{\"@type\":\"SearchAction\",\"target\":{\"@type\":\"EntryPoint\",\"urlTemplate\":\"https:\\\/\\\/frenkylewis.com\\\/?s={search_term_string}\"},\"query-input\":{\"@type\":\"PropertyValueSpecification\",\"valueRequired\":true,\"valueName\":\"search_term_string\"}}],\"inLanguage\":\"fr-FR\"},{\"@type\":\"Organization\",\"@id\":\"https:\\\/\\\/frenkylewis.com\\\/#organization\",\"name\":\"Frenky Lewis\",\"url\":\"https:\\\/\\\/frenkylewis.com\\\/\",\"logo\":{\"@type\":\"ImageObject\",\"inLanguage\":\"fr-FR\",\"@id\":\"https:\\\/\\\/frenkylewis.com\\\/#\\\/schema\\\/logo\\\/image\\\/\",\"url\":\"https:\\\/\\\/frenkylewis.com\\\/wp-content\\\/uploads\\\/2022\\\/08\\\/logo-black.png\",\"contentUrl\":\"https:\\\/\\\/frenkylewis.com\\\/wp-content\\\/uploads\\\/2022\\\/08\\\/logo-black.png\",\"width\":2607,\"height\":661,\"caption\":\"Frenky Lewis\"},\"image\":{\"@id\":\"https:\\\/\\\/frenkylewis.com\\\/#\\\/schema\\\/logo\\\/image\\\/\"}}]}<\/script>\n<!-- \/ Yoast SEO plugin. -->","yoast_head_json":{"title":"Shampoo Foamer - Frenky Lewis","robots":{"index":"index","follow":"follow","max-snippet":"max-snippet:-1","max-image-preview":"max-image-preview:large","max-video-preview":"max-video-preview:-1"},"canonical":"https:\/\/frenkylewis.com\/fr\/p\/shampoo-foamer-fr\/","og_locale":"fr_FR","og_type":"article","og_title":"Shampoo Foamer - Frenky Lewis","og_description":"Notre Shampoo Foamer est parfait pour laver votre chien de mani\u00e8re uniforme et en profondeur. Massez doucement la mousse pour un r\u00e9sultat brillant et propre -- et un chien heureux !  Transformez chaque bain en exp\u00e9rience spa. Commandez votre mousseur \u00e0 shampoing d\u00e8s aujourd'hui !","og_url":"https:\/\/frenkylewis.com\/fr\/p\/shampoo-foamer-fr\/","og_site_name":"Frenky Lewis","article_modified_time":"2026-03-09T20:15:10+00:00","og_image":[{"width":2560,"height":2560,"url":"https:\/\/frenkylewis.com\/wp-content\/uploads\/2024\/12\/Packshot-Shampoo-Foamer-Vierkant-scaled.webp","type":"image\/webp"}],"twitter_card":"summary_large_image","schema":{"@context":"https:\/\/schema.org","@graph":[{"@type":"WebPage","@id":"https:\/\/frenkylewis.com\/fr\/p\/shampoo-foamer-fr\/","url":"https:\/\/frenkylewis.com\/fr\/p\/shampoo-foamer-fr\/","name":"Shampoo Foamer - Frenky Lewis","isPartOf":{"@id":"https:\/\/frenkylewis.com\/#website"},"primaryImageOfPage":{"@id":"https:\/\/frenkylewis.com\/fr\/p\/shampoo-foamer-fr\/#primaryimage"},"image":{"@id":"https:\/\/frenkylewis.com\/fr\/p\/shampoo-foamer-fr\/#primaryimage"},"thumbnailUrl":"https:\/\/frenkylewis.com\/wp-content\/uploads\/2024\/12\/Producten-frenkylewis26-50.png","datePublished":"2024-12-09T11:25:03+00:00","dateModified":"2026-03-09T20:15:10+00:00","breadcrumb":{"@id":"https:\/\/frenkylewis.com\/fr\/p\/shampoo-foamer-fr\/#breadcrumb"},"inLanguage":"fr-FR","potentialAction":[{"@type":"ReadAction","target":["https:\/\/frenkylewis.com\/fr\/p\/shampoo-foamer-fr\/"]}]},{"@type":"ImageObject","inLanguage":"fr-FR","@id":"https:\/\/frenkylewis.com\/fr\/p\/shampoo-foamer-fr\/#primaryimage","url":"https:\/\/frenkylewis.com\/wp-content\/uploads\/2024\/12\/Producten-frenkylewis26-50.png","contentUrl":"https:\/\/frenkylewis.com\/wp-content\/uploads\/2024\/12\/Producten-frenkylewis26-50.png","width":1240,"height":1240},{"@type":"BreadcrumbList","@id":"https:\/\/frenkylewis.com\/fr\/p\/shampoo-foamer-fr\/#breadcrumb","itemListElement":[{"@type":"ListItem","position":1,"name":"Home","item":"https:\/\/frenkylewis.com\/"},{"@type":"ListItem","position":2,"name":"Boutique","item":"https:\/\/frenkylewis.com\/fr\/boutique\/"},{"@type":"ListItem","position":3,"name":"Shampoo Foamer"}]},{"@type":"WebSite","@id":"https:\/\/frenkylewis.com\/#website","url":"https:\/\/frenkylewis.com\/","name":"Frenky Lewis","description":"100% natural dogcare","publisher":{"@id":"https:\/\/frenkylewis.com\/#organization"},"potentialAction":[{"@type":"SearchAction","target":{"@type":"EntryPoint","urlTemplate":"https:\/\/frenkylewis.com\/?s={search_term_string}"},"query-input":{"@type":"PropertyValueSpecification","valueRequired":true,"valueName":"search_term_string"}}],"inLanguage":"fr-FR"},{"@type":"Organization","@id":"https:\/\/frenkylewis.com\/#organization","name":"Frenky Lewis","url":"https:\/\/frenkylewis.com\/","logo":{"@type":"ImageObject","inLanguage":"fr-FR","@id":"https:\/\/frenkylewis.com\/#\/schema\/logo\/image\/","url":"https:\/\/frenkylewis.com\/wp-content\/uploads\/2022\/08\/logo-black.png","contentUrl":"https:\/\/frenkylewis.com\/wp-content\/uploads\/2022\/08\/logo-black.png","width":2607,"height":661,"caption":"Frenky Lewis"},"image":{"@id":"https:\/\/frenkylewis.com\/#\/schema\/logo\/image\/"}}]}},"_links":{"self":[{"href":"https:\/\/frenkylewis.com\/fr\/wp-json\/wp\/v2\/product\/16420","targetHints":{"allow":["GET"]}}],"collection":[{"href":"https:\/\/frenkylewis.com\/fr\/wp-json\/wp\/v2\/product"}],"about":[{"href":"https:\/\/frenkylewis.com\/fr\/wp-json\/wp\/v2\/types\/product"}],"replies":[{"embeddable":true,"href":"https:\/\/frenkylewis.com\/fr\/wp-json\/wp\/v2\/comments?post=16420"}],"wp:featuredmedia":[{"embeddable":true,"href":"https:\/\/frenkylewis.com\/fr\/wp-json\/wp\/v2\/media\/16656"}],"wp:attachment":[{"href":"https:\/\/frenkylewis.com\/fr\/wp-json\/wp\/v2\/media?parent=16420"}],"wp:term":[{"taxonomy":"product_brand","embeddable":true,"href":"https:\/\/frenkylewis.com\/fr\/wp-json\/wp\/v2\/product_brand?post=16420"},{"taxonomy":"product_cat","embeddable":true,"href":"https:\/\/frenkylewis.com\/fr\/wp-json\/wp\/v2\/product_cat?post=16420"},{"taxonomy":"product_tag","embeddable":true,"href":"https:\/\/frenkylewis.com\/fr\/wp-json\/wp\/v2\/product_tag?post=16420"}],"curies":[{"name":"wp","href":"https:\/\/api.w.org\/{rel}","templated":true}]}}