{"id":16411,"date":"2024-12-15T19:28:25","date_gmt":"2024-12-15T18:28:25","guid":{"rendered":"https:\/\/frenkylewis.com\/p\/spray-voiture-coussin-spray-anti-odeurs-the-vert-bergamote-fr\/"},"modified":"2026-03-09T21:15:08","modified_gmt":"2026-03-09T20:15:08","slug":"spray-voiture-coussin-spray-anti-odeurs-the-vert-bergamote-fr","status":"publish","type":"product","link":"https:\/\/frenkylewis.com\/fr\/p\/spray-voiture-coussin-spray-anti-odeurs-the-vert-bergamote-fr\/","title":{"rendered":"Spray Voiture &#038; Coussin + Spray Anti-Odeurs &#8211; Th\u00e9 Vert &#038; Bergamote"},"content":{"rendered":"<p>Saviez-vous que nous avons \u00e9galement un<a href=\"https:\/\/frenkylewis.com\/?post_type=product&#038;p=10047\"> coffret Noble Woods en trois pi\u00e8ces<\/a> avec notre Shampoing, Spray Shampoing Sec\/Apr\u00e8s-Shampoing &#038; Parfum ?<\/p>\n<p>Vous pr\u00e9f\u00e9rez acheter les produits de ce coffret s\u00e9par\u00e9ment ? D\u00e9couvrez le <a href=\"https:\/\/frenkylewis.com\/p\/car-pillow-spray-green-tea-bergamot\/\">Spray Voiture &#038; Coussin<\/a> et le <a href=\"https:\/\/frenkylewis.com\/p\/anti-smell-spray-green-tea-bergamot\/\">Spray Anti-Odeurs<\/a> th\u00e9 vert &#038; bergamote.<\/p>\n","protected":false},"excerpt":{"rendered":"<p>Ce coffret contient deux produits respectueux des animaux de notre ligne de parfums Noble Woods : le <a href=\"https:\/\/frenkylewis.com\/p\/car-pillow-spray-green-tea-bergamot\/\">Spray Voiture &#038; Coussin<\/a> et le <a href=\"https:\/\/frenkylewis.com\/p\/anti-smell-spray-green-tea-bergamot\/\">Spray Anti-Odeurs<\/a>.<\/p>\n<p>Chouchoutez votre chien au maximum avec les parfums frais de th\u00e9 vert &#038; bergamote.<\/p>\n","protected":false},"featured_media":14042,"comment_status":"closed","ping_status":"closed","template":"","meta":{"_acf_changed":false,"_monsterinsights_skip_tracking":false,"_monsterinsights_sitenote_active":false,"_monsterinsights_sitenote_note":"","_monsterinsights_sitenote_category":0},"product_brand":[],"product_cat":[291,176,288,191,200,244,283],"product_tag":[],"class_list":{"0":"post-16411","1":"product","2":"type-product","3":"status-publish","4":"has-post-thumbnail","6":"product_cat-coffret-spray-voiture-coussin-spray-anti-odeurs","7":"product_cat-coffrets-cadeaux","8":"product_cat-nouveau-chez-frenky-lewis","9":"product_cat-parfum-the-vert-bergamote","10":"product_cat-parfums","11":"product_cat-produits-de-soins","12":"product_cat-signature","14":"first","15":"instock","16":"taxable","17":"shipping-taxable","18":"purchasable","19":"product-type-simple"},"acf":[],"yoast_head":"<!-- This site is optimized with the Yoast SEO plugin v27.5 - https:\/\/yoast.com\/product\/yoast-seo-wordpress\/ -->\n<title>Spray Voiture &amp; Coussin + Spray Anti-Odeurs - Th\u00e9 Vert &amp; Bergamote - Frenky Lewis<\/title>\n<meta name=\"robots\" content=\"index, follow, max-snippet:-1, max-image-preview:large, max-video-preview:-1\" \/>\n<link rel=\"canonical\" href=\"https:\/\/frenkylewis.com\/p\/noble-woods-pakket-geursprays\/\" \/>\n<meta property=\"og:locale\" content=\"fr_FR\" \/>\n<meta property=\"og:type\" content=\"article\" \/>\n<meta property=\"og:title\" content=\"Spray Voiture &amp; Coussin + Spray Anti-Odeurs - Th\u00e9 Vert &amp; Bergamote - Frenky Lewis\" \/>\n<meta property=\"og:description\" content=\"Ce coffret contient deux produits respectueux des animaux de notre ligne de parfums Noble Woods : le Spray Voiture &amp; Coussin et le Spray Anti-Odeurs.  Chouchoutez votre chien au maximum avec les parfums frais de th\u00e9 vert &amp; bergamote.\" \/>\n<meta property=\"og:url\" content=\"https:\/\/frenkylewis.com\/p\/noble-woods-pakket-geursprays\/\" \/>\n<meta property=\"og:site_name\" content=\"Frenky Lewis\" \/>\n<meta property=\"article:modified_time\" content=\"2026-03-09T20:15:08+00:00\" \/>\n<meta property=\"og:image\" content=\"https:\/\/frenkylewis.com\/wp-content\/uploads\/2025\/07\/giftset-hond-antigeur-en-auto-groen.webp\" \/>\n\t<meta property=\"og:image:width\" content=\"1080\" \/>\n\t<meta property=\"og:image:height\" content=\"1080\" \/>\n\t<meta property=\"og:image:type\" content=\"image\/webp\" \/>\n<meta name=\"twitter:card\" content=\"summary_large_image\" \/>\n<script type=\"application\/ld+json\" class=\"yoast-schema-graph\">{\"@context\":\"https:\\\/\\\/schema.org\",\"@graph\":[{\"@type\":\"WebPage\",\"@id\":\"https:\\\/\\\/frenkylewis.com\\\/p\\\/noble-woods-pakket-geursprays\\\/\",\"url\":\"https:\\\/\\\/frenkylewis.com\\\/p\\\/noble-woods-pakket-geursprays\\\/\",\"name\":\"Spray Voiture & Coussin + Spray Anti-Odeurs - Th\u00e9 Vert & Bergamote - Frenky Lewis\",\"isPartOf\":{\"@id\":\"https:\\\/\\\/frenkylewis.com\\\/#website\"},\"primaryImageOfPage\":{\"@id\":\"https:\\\/\\\/frenkylewis.com\\\/p\\\/noble-woods-pakket-geursprays\\\/#primaryimage\"},\"image\":{\"@id\":\"https:\\\/\\\/frenkylewis.com\\\/p\\\/noble-woods-pakket-geursprays\\\/#primaryimage\"},\"thumbnailUrl\":\"https:\\\/\\\/frenkylewis.com\\\/wp-content\\\/uploads\\\/2025\\\/07\\\/giftset-hond-antigeur-en-auto-groen.webp\",\"datePublished\":\"2024-12-15T18:28:25+00:00\",\"dateModified\":\"2026-03-09T20:15:08+00:00\",\"breadcrumb\":{\"@id\":\"https:\\\/\\\/frenkylewis.com\\\/p\\\/noble-woods-pakket-geursprays\\\/#breadcrumb\"},\"inLanguage\":\"fr-FR\",\"potentialAction\":[{\"@type\":\"ReadAction\",\"target\":[\"https:\\\/\\\/frenkylewis.com\\\/p\\\/noble-woods-pakket-geursprays\\\/\"]}]},{\"@type\":\"ImageObject\",\"inLanguage\":\"fr-FR\",\"@id\":\"https:\\\/\\\/frenkylewis.com\\\/p\\\/noble-woods-pakket-geursprays\\\/#primaryimage\",\"url\":\"https:\\\/\\\/frenkylewis.com\\\/wp-content\\\/uploads\\\/2025\\\/07\\\/giftset-hond-antigeur-en-auto-groen.webp\",\"contentUrl\":\"https:\\\/\\\/frenkylewis.com\\\/wp-content\\\/uploads\\\/2025\\\/07\\\/giftset-hond-antigeur-en-auto-groen.webp\",\"width\":1080,\"height\":1080,\"caption\":\"giftset hond antigeur en auto groen\"},{\"@type\":\"BreadcrumbList\",\"@id\":\"https:\\\/\\\/frenkylewis.com\\\/p\\\/noble-woods-pakket-geursprays\\\/#breadcrumb\",\"itemListElement\":[{\"@type\":\"ListItem\",\"position\":1,\"name\":\"Home\",\"item\":\"https:\\\/\\\/frenkylewis.com\\\/\"},{\"@type\":\"ListItem\",\"position\":2,\"name\":\"Boutique\",\"item\":\"https:\\\/\\\/frenkylewis.com\\\/fr\\\/boutique\\\/\"},{\"@type\":\"ListItem\",\"position\":3,\"name\":\"Spray Voiture &#038; Coussin + Spray Anti-Odeurs &#8211; Th\u00e9 Vert &#038; Bergamote\"}]},{\"@type\":\"WebSite\",\"@id\":\"https:\\\/\\\/frenkylewis.com\\\/#website\",\"url\":\"https:\\\/\\\/frenkylewis.com\\\/\",\"name\":\"Frenky Lewis\",\"description\":\"100% natural dogcare\",\"publisher\":{\"@id\":\"https:\\\/\\\/frenkylewis.com\\\/#organization\"},\"potentialAction\":[{\"@type\":\"SearchAction\",\"target\":{\"@type\":\"EntryPoint\",\"urlTemplate\":\"https:\\\/\\\/frenkylewis.com\\\/?s={search_term_string}\"},\"query-input\":{\"@type\":\"PropertyValueSpecification\",\"valueRequired\":true,\"valueName\":\"search_term_string\"}}],\"inLanguage\":\"fr-FR\"},{\"@type\":\"Organization\",\"@id\":\"https:\\\/\\\/frenkylewis.com\\\/#organization\",\"name\":\"Frenky Lewis\",\"url\":\"https:\\\/\\\/frenkylewis.com\\\/\",\"logo\":{\"@type\":\"ImageObject\",\"inLanguage\":\"fr-FR\",\"@id\":\"https:\\\/\\\/frenkylewis.com\\\/#\\\/schema\\\/logo\\\/image\\\/\",\"url\":\"https:\\\/\\\/frenkylewis.com\\\/wp-content\\\/uploads\\\/2022\\\/08\\\/logo-black.png\",\"contentUrl\":\"https:\\\/\\\/frenkylewis.com\\\/wp-content\\\/uploads\\\/2022\\\/08\\\/logo-black.png\",\"width\":2607,\"height\":661,\"caption\":\"Frenky Lewis\"},\"image\":{\"@id\":\"https:\\\/\\\/frenkylewis.com\\\/#\\\/schema\\\/logo\\\/image\\\/\"}}]}<\/script>\n<!-- \/ Yoast SEO plugin. -->","yoast_head_json":{"title":"Spray Voiture & Coussin + Spray Anti-Odeurs - Th\u00e9 Vert & Bergamote - Frenky Lewis","robots":{"index":"index","follow":"follow","max-snippet":"max-snippet:-1","max-image-preview":"max-image-preview:large","max-video-preview":"max-video-preview:-1"},"canonical":"https:\/\/frenkylewis.com\/p\/noble-woods-pakket-geursprays\/","og_locale":"fr_FR","og_type":"article","og_title":"Spray Voiture & Coussin + Spray Anti-Odeurs - Th\u00e9 Vert & Bergamote - Frenky Lewis","og_description":"Ce coffret contient deux produits respectueux des animaux de notre ligne de parfums Noble Woods : le Spray Voiture & Coussin et le Spray Anti-Odeurs.  Chouchoutez votre chien au maximum avec les parfums frais de th\u00e9 vert & bergamote.","og_url":"https:\/\/frenkylewis.com\/p\/noble-woods-pakket-geursprays\/","og_site_name":"Frenky Lewis","article_modified_time":"2026-03-09T20:15:08+00:00","og_image":[{"width":1080,"height":1080,"url":"https:\/\/frenkylewis.com\/wp-content\/uploads\/2025\/07\/giftset-hond-antigeur-en-auto-groen.webp","type":"image\/webp"}],"twitter_card":"summary_large_image","schema":{"@context":"https:\/\/schema.org","@graph":[{"@type":"WebPage","@id":"https:\/\/frenkylewis.com\/p\/noble-woods-pakket-geursprays\/","url":"https:\/\/frenkylewis.com\/p\/noble-woods-pakket-geursprays\/","name":"Spray Voiture & Coussin + Spray Anti-Odeurs - Th\u00e9 Vert & Bergamote - Frenky Lewis","isPartOf":{"@id":"https:\/\/frenkylewis.com\/#website"},"primaryImageOfPage":{"@id":"https:\/\/frenkylewis.com\/p\/noble-woods-pakket-geursprays\/#primaryimage"},"image":{"@id":"https:\/\/frenkylewis.com\/p\/noble-woods-pakket-geursprays\/#primaryimage"},"thumbnailUrl":"https:\/\/frenkylewis.com\/wp-content\/uploads\/2025\/07\/giftset-hond-antigeur-en-auto-groen.webp","datePublished":"2024-12-15T18:28:25+00:00","dateModified":"2026-03-09T20:15:08+00:00","breadcrumb":{"@id":"https:\/\/frenkylewis.com\/p\/noble-woods-pakket-geursprays\/#breadcrumb"},"inLanguage":"fr-FR","potentialAction":[{"@type":"ReadAction","target":["https:\/\/frenkylewis.com\/p\/noble-woods-pakket-geursprays\/"]}]},{"@type":"ImageObject","inLanguage":"fr-FR","@id":"https:\/\/frenkylewis.com\/p\/noble-woods-pakket-geursprays\/#primaryimage","url":"https:\/\/frenkylewis.com\/wp-content\/uploads\/2025\/07\/giftset-hond-antigeur-en-auto-groen.webp","contentUrl":"https:\/\/frenkylewis.com\/wp-content\/uploads\/2025\/07\/giftset-hond-antigeur-en-auto-groen.webp","width":1080,"height":1080,"caption":"giftset hond antigeur en auto groen"},{"@type":"BreadcrumbList","@id":"https:\/\/frenkylewis.com\/p\/noble-woods-pakket-geursprays\/#breadcrumb","itemListElement":[{"@type":"ListItem","position":1,"name":"Home","item":"https:\/\/frenkylewis.com\/"},{"@type":"ListItem","position":2,"name":"Boutique","item":"https:\/\/frenkylewis.com\/fr\/boutique\/"},{"@type":"ListItem","position":3,"name":"Spray Voiture &#038; Coussin + Spray Anti-Odeurs &#8211; Th\u00e9 Vert &#038; Bergamote"}]},{"@type":"WebSite","@id":"https:\/\/frenkylewis.com\/#website","url":"https:\/\/frenkylewis.com\/","name":"Frenky Lewis","description":"100% natural dogcare","publisher":{"@id":"https:\/\/frenkylewis.com\/#organization"},"potentialAction":[{"@type":"SearchAction","target":{"@type":"EntryPoint","urlTemplate":"https:\/\/frenkylewis.com\/?s={search_term_string}"},"query-input":{"@type":"PropertyValueSpecification","valueRequired":true,"valueName":"search_term_string"}}],"inLanguage":"fr-FR"},{"@type":"Organization","@id":"https:\/\/frenkylewis.com\/#organization","name":"Frenky Lewis","url":"https:\/\/frenkylewis.com\/","logo":{"@type":"ImageObject","inLanguage":"fr-FR","@id":"https:\/\/frenkylewis.com\/#\/schema\/logo\/image\/","url":"https:\/\/frenkylewis.com\/wp-content\/uploads\/2022\/08\/logo-black.png","contentUrl":"https:\/\/frenkylewis.com\/wp-content\/uploads\/2022\/08\/logo-black.png","width":2607,"height":661,"caption":"Frenky Lewis"},"image":{"@id":"https:\/\/frenkylewis.com\/#\/schema\/logo\/image\/"}}]}},"_links":{"self":[{"href":"https:\/\/frenkylewis.com\/fr\/wp-json\/wp\/v2\/product\/16411","targetHints":{"allow":["GET"]}}],"collection":[{"href":"https:\/\/frenkylewis.com\/fr\/wp-json\/wp\/v2\/product"}],"about":[{"href":"https:\/\/frenkylewis.com\/fr\/wp-json\/wp\/v2\/types\/product"}],"replies":[{"embeddable":true,"href":"https:\/\/frenkylewis.com\/fr\/wp-json\/wp\/v2\/comments?post=16411"}],"wp:featuredmedia":[{"embeddable":true,"href":"https:\/\/frenkylewis.com\/fr\/wp-json\/wp\/v2\/media\/14042"}],"wp:attachment":[{"href":"https:\/\/frenkylewis.com\/fr\/wp-json\/wp\/v2\/media?parent=16411"}],"wp:term":[{"taxonomy":"product_brand","embeddable":true,"href":"https:\/\/frenkylewis.com\/fr\/wp-json\/wp\/v2\/product_brand?post=16411"},{"taxonomy":"product_cat","embeddable":true,"href":"https:\/\/frenkylewis.com\/fr\/wp-json\/wp\/v2\/product_cat?post=16411"},{"taxonomy":"product_tag","embeddable":true,"href":"https:\/\/frenkylewis.com\/fr\/wp-json\/wp\/v2\/product_tag?post=16411"}],"curies":[{"name":"wp","href":"https:\/\/api.w.org\/{rel}","templated":true}]}}