{"id":16408,"date":"2024-12-15T18:59:58","date_gmt":"2024-12-15T17:59:58","guid":{"rendered":"https:\/\/frenkylewis.com\/p\/shampoing-shampoing-sec-spray-apres-shampoing-bois-de-santal-jasmin-vanille-fr\/"},"modified":"2026-03-09T21:15:07","modified_gmt":"2026-03-09T20:15:07","slug":"shampoing-shampoing-sec-spray-apres-shampoing-bois-de-santal-jasmin-vanille-fr","status":"publish","type":"product","link":"https:\/\/frenkylewis.com\/fr\/p\/shampoing-shampoing-sec-spray-apres-shampoing-bois-de-santal-jasmin-vanille-fr\/","title":{"rendered":"Shampoing + Shampoing Sec\/Spray Apr\u00e8s-Shampoing &#8211; Bois de Santal, Jasmin &#038; Vanille"},"content":{"rendered":"<p>Envie de compl\u00e9ter le coffret avec le <a href=\"https:\/\/frenkylewis.com\/p\/natuurlijke-dog-perfume-30ml-wild-garden\/\">parfum assorti<\/a> ? D\u00e9couvrez notre<a href=\"https:\/\/frenkylewis.com\/?post_type=product&#038;p=10044\"> coffret trois pi\u00e8ces avec shampoing, apr\u00e8s-shampoing\/shampoing sec et parfum<\/a> dans ces senteurs.<\/p>\n<p>Et saviez-vous que nous avons \u00e9galement un spray voiture &#038; coussin et un spray anti-odeurs dans notre gamme ? D\u00e9couvrez le <a href=\"https:\/\/frenkylewis.com\/fr\/p\/spray-voiture-coussin-spray-anti-odeurs-bois-de-santal-jasmin-vanille-fr\/\">coffret combo Wild Garden de ces sprays parfum\u00e9s.<\/a><\/p>\n<p>Vous pr\u00e9f\u00e9rez acheter s\u00e9par\u00e9ment ? D\u00e9couvrez le <a href=\"https:\/\/frenkylewis.com\/p\/natuurlijke-dog-shampoo-200ml-sandalwood-jasmijn-vanille\/\">Shampoing<\/a> et le <a href=\"https:\/\/frenkylewis.com\/p\/natuurlijke-dog-conditioner-150ml-sandalwood-jasmijn-vanille\/\">Spray Shampoing Sec\/Apr\u00e8s-Shampoing<\/a> bois de santal, jasmin &#038; vanille.<\/p>\n","protected":false},"excerpt":{"rendered":"<p>Chouchoutez votre chien au maximum avec les parfums frais de bois de santal, jasmin &#038; vanille.<\/p>\n<p>Ce coffret contient deux produits respectueux des animaux de notre ligne de parfums Wild Garden : le <a href=\"https:\/\/frenkylewis.com\/p\/natuurlijke-dog-shampoo-200ml-sandalwood-jasmijn-vanille\/\">Shampoing 200 ml<\/a> et le <a href=\"https:\/\/frenkylewis.com\/p\/natuurlijke-dog-conditioner-150ml-sandalwood-jasmijn-vanille\/\">Spray Shampoing Sec\/Apr\u00e8s-Shampoing 150 ml<\/a>.<\/p>\n","protected":false},"featured_media":15753,"comment_status":"closed","ping_status":"closed","template":"","meta":{"_acf_changed":false,"_monsterinsights_skip_tracking":false,"_monsterinsights_sitenote_active":false,"_monsterinsights_sitenote_note":"","_monsterinsights_sitenote_category":0},"product_brand":[],"product_cat":[297,176,194,200,244,283],"product_tag":[],"class_list":{"0":"post-16408","1":"product","2":"type-product","3":"status-publish","4":"has-post-thumbnail","6":"product_cat-coffret-shampoing-apres-shampoing","7":"product_cat-coffrets-cadeaux","8":"product_cat-parfum-bois-de-santal-jasmin-vanille","9":"product_cat-parfums","10":"product_cat-produits-de-soins","11":"product_cat-signature","13":"first","14":"instock","15":"taxable","16":"shipping-taxable","17":"purchasable","18":"product-type-simple"},"acf":[],"yoast_head":"<!-- This site is optimized with the Yoast SEO plugin v27.5 - https:\/\/yoast.com\/product\/yoast-seo-wordpress\/ -->\n<title>Shampoing + Shampoing Sec\/Spray Apr\u00e8s-Shampoing - Bois de Santal, Jasmin &amp; Vanille - Frenky Lewis<\/title>\n<meta name=\"robots\" content=\"index, follow, max-snippet:-1, max-image-preview:large, max-video-preview:-1\" \/>\n<link rel=\"canonical\" href=\"https:\/\/frenkylewis.com\/p\/wild-garden-pakket-shampoo-droogshampoo-conditioner-spray\/\" \/>\n<meta property=\"og:locale\" content=\"fr_FR\" \/>\n<meta property=\"og:type\" content=\"article\" \/>\n<meta property=\"og:title\" content=\"Shampoing + Shampoing Sec\/Spray Apr\u00e8s-Shampoing - Bois de Santal, Jasmin &amp; Vanille - Frenky Lewis\" \/>\n<meta property=\"og:description\" content=\"Chouchoutez votre chien au maximum avec les parfums frais de bois de santal, jasmin &amp; vanille.  Ce coffret contient deux produits respectueux des animaux de notre ligne de parfums Wild Garden : le Shampoing 200 ml et le Spray Shampoing Sec\/Apr\u00e8s-Shampoing 150 ml.\" \/>\n<meta property=\"og:url\" content=\"https:\/\/frenkylewis.com\/p\/wild-garden-pakket-shampoo-droogshampoo-conditioner-spray\/\" \/>\n<meta property=\"og:site_name\" content=\"Frenky Lewis\" \/>\n<meta property=\"article:modified_time\" content=\"2026-03-09T20:15:07+00:00\" \/>\n<meta property=\"og:image\" content=\"https:\/\/frenkylewis.com\/wp-content\/uploads\/2025\/07\/giftset-hond-dry-shampoo-en-conditioner-oranje-ml.jpg\" \/>\n\t<meta property=\"og:image:width\" content=\"1080\" \/>\n\t<meta property=\"og:image:height\" content=\"1080\" \/>\n\t<meta property=\"og:image:type\" content=\"image\/jpeg\" \/>\n<meta name=\"twitter:card\" content=\"summary_large_image\" \/>\n<script type=\"application\/ld+json\" class=\"yoast-schema-graph\">{\"@context\":\"https:\\\/\\\/schema.org\",\"@graph\":[{\"@type\":\"WebPage\",\"@id\":\"https:\\\/\\\/frenkylewis.com\\\/p\\\/wild-garden-pakket-shampoo-droogshampoo-conditioner-spray\\\/\",\"url\":\"https:\\\/\\\/frenkylewis.com\\\/p\\\/wild-garden-pakket-shampoo-droogshampoo-conditioner-spray\\\/\",\"name\":\"Shampoing + Shampoing Sec\\\/Spray Apr\u00e8s-Shampoing - Bois de Santal, Jasmin & Vanille - Frenky Lewis\",\"isPartOf\":{\"@id\":\"https:\\\/\\\/frenkylewis.com\\\/#website\"},\"primaryImageOfPage\":{\"@id\":\"https:\\\/\\\/frenkylewis.com\\\/p\\\/wild-garden-pakket-shampoo-droogshampoo-conditioner-spray\\\/#primaryimage\"},\"image\":{\"@id\":\"https:\\\/\\\/frenkylewis.com\\\/p\\\/wild-garden-pakket-shampoo-droogshampoo-conditioner-spray\\\/#primaryimage\"},\"thumbnailUrl\":\"https:\\\/\\\/frenkylewis.com\\\/wp-content\\\/uploads\\\/2025\\\/07\\\/giftset-hond-dry-shampoo-en-conditioner-oranje-ml.jpg\",\"datePublished\":\"2024-12-15T17:59:58+00:00\",\"dateModified\":\"2026-03-09T20:15:07+00:00\",\"breadcrumb\":{\"@id\":\"https:\\\/\\\/frenkylewis.com\\\/p\\\/wild-garden-pakket-shampoo-droogshampoo-conditioner-spray\\\/#breadcrumb\"},\"inLanguage\":\"fr-FR\",\"potentialAction\":[{\"@type\":\"ReadAction\",\"target\":[\"https:\\\/\\\/frenkylewis.com\\\/p\\\/wild-garden-pakket-shampoo-droogshampoo-conditioner-spray\\\/\"]}]},{\"@type\":\"ImageObject\",\"inLanguage\":\"fr-FR\",\"@id\":\"https:\\\/\\\/frenkylewis.com\\\/p\\\/wild-garden-pakket-shampoo-droogshampoo-conditioner-spray\\\/#primaryimage\",\"url\":\"https:\\\/\\\/frenkylewis.com\\\/wp-content\\\/uploads\\\/2025\\\/07\\\/giftset-hond-dry-shampoo-en-conditioner-oranje-ml.jpg\",\"contentUrl\":\"https:\\\/\\\/frenkylewis.com\\\/wp-content\\\/uploads\\\/2025\\\/07\\\/giftset-hond-dry-shampoo-en-conditioner-oranje-ml.jpg\",\"width\":1080,\"height\":1080},{\"@type\":\"BreadcrumbList\",\"@id\":\"https:\\\/\\\/frenkylewis.com\\\/p\\\/wild-garden-pakket-shampoo-droogshampoo-conditioner-spray\\\/#breadcrumb\",\"itemListElement\":[{\"@type\":\"ListItem\",\"position\":1,\"name\":\"Home\",\"item\":\"https:\\\/\\\/frenkylewis.com\\\/\"},{\"@type\":\"ListItem\",\"position\":2,\"name\":\"Boutique\",\"item\":\"https:\\\/\\\/frenkylewis.com\\\/fr\\\/boutique\\\/\"},{\"@type\":\"ListItem\",\"position\":3,\"name\":\"Shampoing + Shampoing Sec\\\/Spray Apr\u00e8s-Shampoing &#8211; Bois de Santal, Jasmin &#038; Vanille\"}]},{\"@type\":\"WebSite\",\"@id\":\"https:\\\/\\\/frenkylewis.com\\\/#website\",\"url\":\"https:\\\/\\\/frenkylewis.com\\\/\",\"name\":\"Frenky Lewis\",\"description\":\"100% natural dogcare\",\"publisher\":{\"@id\":\"https:\\\/\\\/frenkylewis.com\\\/#organization\"},\"potentialAction\":[{\"@type\":\"SearchAction\",\"target\":{\"@type\":\"EntryPoint\",\"urlTemplate\":\"https:\\\/\\\/frenkylewis.com\\\/?s={search_term_string}\"},\"query-input\":{\"@type\":\"PropertyValueSpecification\",\"valueRequired\":true,\"valueName\":\"search_term_string\"}}],\"inLanguage\":\"fr-FR\"},{\"@type\":\"Organization\",\"@id\":\"https:\\\/\\\/frenkylewis.com\\\/#organization\",\"name\":\"Frenky Lewis\",\"url\":\"https:\\\/\\\/frenkylewis.com\\\/\",\"logo\":{\"@type\":\"ImageObject\",\"inLanguage\":\"fr-FR\",\"@id\":\"https:\\\/\\\/frenkylewis.com\\\/#\\\/schema\\\/logo\\\/image\\\/\",\"url\":\"https:\\\/\\\/frenkylewis.com\\\/wp-content\\\/uploads\\\/2022\\\/08\\\/logo-black.png\",\"contentUrl\":\"https:\\\/\\\/frenkylewis.com\\\/wp-content\\\/uploads\\\/2022\\\/08\\\/logo-black.png\",\"width\":2607,\"height\":661,\"caption\":\"Frenky Lewis\"},\"image\":{\"@id\":\"https:\\\/\\\/frenkylewis.com\\\/#\\\/schema\\\/logo\\\/image\\\/\"}}]}<\/script>\n<!-- \/ Yoast SEO plugin. -->","yoast_head_json":{"title":"Shampoing + Shampoing Sec\/Spray Apr\u00e8s-Shampoing - Bois de Santal, Jasmin & Vanille - Frenky Lewis","robots":{"index":"index","follow":"follow","max-snippet":"max-snippet:-1","max-image-preview":"max-image-preview:large","max-video-preview":"max-video-preview:-1"},"canonical":"https:\/\/frenkylewis.com\/p\/wild-garden-pakket-shampoo-droogshampoo-conditioner-spray\/","og_locale":"fr_FR","og_type":"article","og_title":"Shampoing + Shampoing Sec\/Spray Apr\u00e8s-Shampoing - Bois de Santal, Jasmin & Vanille - Frenky Lewis","og_description":"Chouchoutez votre chien au maximum avec les parfums frais de bois de santal, jasmin & vanille.  Ce coffret contient deux produits respectueux des animaux de notre ligne de parfums Wild Garden : le Shampoing 200 ml et le Spray Shampoing Sec\/Apr\u00e8s-Shampoing 150 ml.","og_url":"https:\/\/frenkylewis.com\/p\/wild-garden-pakket-shampoo-droogshampoo-conditioner-spray\/","og_site_name":"Frenky Lewis","article_modified_time":"2026-03-09T20:15:07+00:00","og_image":[{"width":1080,"height":1080,"url":"https:\/\/frenkylewis.com\/wp-content\/uploads\/2025\/07\/giftset-hond-dry-shampoo-en-conditioner-oranje-ml.jpg","type":"image\/jpeg"}],"twitter_card":"summary_large_image","schema":{"@context":"https:\/\/schema.org","@graph":[{"@type":"WebPage","@id":"https:\/\/frenkylewis.com\/p\/wild-garden-pakket-shampoo-droogshampoo-conditioner-spray\/","url":"https:\/\/frenkylewis.com\/p\/wild-garden-pakket-shampoo-droogshampoo-conditioner-spray\/","name":"Shampoing + Shampoing Sec\/Spray Apr\u00e8s-Shampoing - Bois de Santal, Jasmin & Vanille - Frenky Lewis","isPartOf":{"@id":"https:\/\/frenkylewis.com\/#website"},"primaryImageOfPage":{"@id":"https:\/\/frenkylewis.com\/p\/wild-garden-pakket-shampoo-droogshampoo-conditioner-spray\/#primaryimage"},"image":{"@id":"https:\/\/frenkylewis.com\/p\/wild-garden-pakket-shampoo-droogshampoo-conditioner-spray\/#primaryimage"},"thumbnailUrl":"https:\/\/frenkylewis.com\/wp-content\/uploads\/2025\/07\/giftset-hond-dry-shampoo-en-conditioner-oranje-ml.jpg","datePublished":"2024-12-15T17:59:58+00:00","dateModified":"2026-03-09T20:15:07+00:00","breadcrumb":{"@id":"https:\/\/frenkylewis.com\/p\/wild-garden-pakket-shampoo-droogshampoo-conditioner-spray\/#breadcrumb"},"inLanguage":"fr-FR","potentialAction":[{"@type":"ReadAction","target":["https:\/\/frenkylewis.com\/p\/wild-garden-pakket-shampoo-droogshampoo-conditioner-spray\/"]}]},{"@type":"ImageObject","inLanguage":"fr-FR","@id":"https:\/\/frenkylewis.com\/p\/wild-garden-pakket-shampoo-droogshampoo-conditioner-spray\/#primaryimage","url":"https:\/\/frenkylewis.com\/wp-content\/uploads\/2025\/07\/giftset-hond-dry-shampoo-en-conditioner-oranje-ml.jpg","contentUrl":"https:\/\/frenkylewis.com\/wp-content\/uploads\/2025\/07\/giftset-hond-dry-shampoo-en-conditioner-oranje-ml.jpg","width":1080,"height":1080},{"@type":"BreadcrumbList","@id":"https:\/\/frenkylewis.com\/p\/wild-garden-pakket-shampoo-droogshampoo-conditioner-spray\/#breadcrumb","itemListElement":[{"@type":"ListItem","position":1,"name":"Home","item":"https:\/\/frenkylewis.com\/"},{"@type":"ListItem","position":2,"name":"Boutique","item":"https:\/\/frenkylewis.com\/fr\/boutique\/"},{"@type":"ListItem","position":3,"name":"Shampoing + Shampoing Sec\/Spray Apr\u00e8s-Shampoing &#8211; Bois de Santal, Jasmin &#038; Vanille"}]},{"@type":"WebSite","@id":"https:\/\/frenkylewis.com\/#website","url":"https:\/\/frenkylewis.com\/","name":"Frenky Lewis","description":"100% natural dogcare","publisher":{"@id":"https:\/\/frenkylewis.com\/#organization"},"potentialAction":[{"@type":"SearchAction","target":{"@type":"EntryPoint","urlTemplate":"https:\/\/frenkylewis.com\/?s={search_term_string}"},"query-input":{"@type":"PropertyValueSpecification","valueRequired":true,"valueName":"search_term_string"}}],"inLanguage":"fr-FR"},{"@type":"Organization","@id":"https:\/\/frenkylewis.com\/#organization","name":"Frenky Lewis","url":"https:\/\/frenkylewis.com\/","logo":{"@type":"ImageObject","inLanguage":"fr-FR","@id":"https:\/\/frenkylewis.com\/#\/schema\/logo\/image\/","url":"https:\/\/frenkylewis.com\/wp-content\/uploads\/2022\/08\/logo-black.png","contentUrl":"https:\/\/frenkylewis.com\/wp-content\/uploads\/2022\/08\/logo-black.png","width":2607,"height":661,"caption":"Frenky Lewis"},"image":{"@id":"https:\/\/frenkylewis.com\/#\/schema\/logo\/image\/"}}]}},"_links":{"self":[{"href":"https:\/\/frenkylewis.com\/fr\/wp-json\/wp\/v2\/product\/16408","targetHints":{"allow":["GET"]}}],"collection":[{"href":"https:\/\/frenkylewis.com\/fr\/wp-json\/wp\/v2\/product"}],"about":[{"href":"https:\/\/frenkylewis.com\/fr\/wp-json\/wp\/v2\/types\/product"}],"replies":[{"embeddable":true,"href":"https:\/\/frenkylewis.com\/fr\/wp-json\/wp\/v2\/comments?post=16408"}],"wp:featuredmedia":[{"embeddable":true,"href":"https:\/\/frenkylewis.com\/fr\/wp-json\/wp\/v2\/media\/15753"}],"wp:attachment":[{"href":"https:\/\/frenkylewis.com\/fr\/wp-json\/wp\/v2\/media?parent=16408"}],"wp:term":[{"taxonomy":"product_brand","embeddable":true,"href":"https:\/\/frenkylewis.com\/fr\/wp-json\/wp\/v2\/product_brand?post=16408"},{"taxonomy":"product_cat","embeddable":true,"href":"https:\/\/frenkylewis.com\/fr\/wp-json\/wp\/v2\/product_cat?post=16408"},{"taxonomy":"product_tag","embeddable":true,"href":"https:\/\/frenkylewis.com\/fr\/wp-json\/wp\/v2\/product_tag?post=16408"}],"curies":[{"name":"wp","href":"https:\/\/api.w.org\/{rel}","templated":true}]}}