{"id":16402,"date":"2025-07-17T12:17:44","date_gmt":"2025-07-17T10:17:44","guid":{"rendered":"https:\/\/frenkylewis.com\/p\/shampoing-shampoing-sec-spray-apres-shampoing-rose-blanche-lavande-ylang-ylang-fr\/"},"modified":"2026-03-09T21:15:06","modified_gmt":"2026-03-09T20:15:06","slug":"shampoing-shampoing-sec-spray-apres-shampoing-rose-blanche-lavande-ylang-ylang-fr","status":"publish","type":"product","link":"https:\/\/frenkylewis.com\/fr\/p\/shampoing-shampoing-sec-spray-apres-shampoing-rose-blanche-lavande-ylang-ylang-fr\/","title":{"rendered":"Shampoing + Shampoing Sec\/Spray Apr\u00e8s-Shampoing &#8211; Rose Blanche, Lavande &#038; Ylang Ylang"},"content":{"rendered":"<p>Envie de compl\u00e9ter le coffret avec le <a href=\"https:\/\/frenkylewis.com\/p\/natuurlijke-dog-perfume-30ml-spring-notes\/\">parfum assorti<\/a> ? D\u00e9couvrez notre <a href=\"https:\/\/frenkylewis.com\/?post_type=product&#038;p=10041\">coffret trois pi\u00e8ces avec shampoing, apr\u00e8s-shampoing\/shampoing sec et parfum<\/a> dans ces senteurs.<\/p>\n<p>Et saviez-vous que nous avons \u00e9galement un spray voiture &#038; coussin et un spray anti-odeurs dans notre gamme ? D\u00e9couvrez le <a href=\"https:\/\/frenkylewis.com\/fr\/p\/spray-voiture-coussin-spray-anti-odeurs-rose-blanche-lavande-ylang-ylang-fr\/\">coffret combo Oc\u00e9an de ces sprays parfum\u00e9s.<\/a><\/p>\n<p>Vous pr\u00e9f\u00e9rez acheter s\u00e9par\u00e9ment ? D\u00e9couvrez le <a href=\"https:\/\/frenkylewis.com\/p\/natuurlijke-dog-shampoo-200ml-witte-roos-lavendel-ylang-ylang\/\">Shampoing<\/a> et le <a href=\"https:\/\/frenkylewis.com\/p\/natuurlijke-dog-conditioner-150ml-witte-roos-lavendel-ylang-ylang\/\">Spray Shampoing Sec\/Apr\u00e8s-Shampoing<\/a> rose blanche, lavande et ylang ylang.<\/p>\n","protected":false},"excerpt":{"rendered":"<p>Ce coffret contient deux produits respectueux des animaux de notre ligne de parfums Oc\u00e9an : le <a href=\"https:\/\/frenkylewis.com\/p\/natuurlijke-dog-shampoo-200ml-witte-roos-lavendel-ylang-ylang\/\">Shampoing 200 ml<\/a> et le <a href=\"https:\/\/frenkylewis.com\/p\/natuurlijke-dog-conditioner-150ml-witte-roos-lavendel-ylang-ylang\/\">Spray Shampoing Sec\/Apr\u00e8s-Shampoing 150 ml<\/a>.<\/p>\n<p>Chouchoutez votre chien au maximum avec les parfums frais de rose blanche, lavande et ylang ylang.<\/p>\n","protected":false},"featured_media":15754,"comment_status":"closed","ping_status":"closed","template":"","meta":{"_acf_changed":false,"_monsterinsights_skip_tracking":false,"_monsterinsights_sitenote_active":false,"_monsterinsights_sitenote_note":"","_monsterinsights_sitenote_category":0},"product_brand":[],"product_cat":[297,176,197,200,244,283],"product_tag":[],"class_list":{"0":"post-16402","1":"product","2":"type-product","3":"status-publish","4":"has-post-thumbnail","6":"product_cat-coffret-shampoing-apres-shampoing","7":"product_cat-coffrets-cadeaux","8":"product_cat-parfum-rose-blanche-lavande-ylang-ylang","9":"product_cat-parfums","10":"product_cat-produits-de-soins","11":"product_cat-signature","13":"first","14":"instock","15":"taxable","16":"shipping-taxable","17":"purchasable","18":"product-type-simple"},"acf":[],"yoast_head":"<!-- This site is optimized with the Yoast SEO plugin v26.9 - https:\/\/yoast.com\/product\/yoast-seo-wordpress\/ -->\n<title>Shampoing + Shampoing Sec\/Spray Apr\u00e8s-Shampoing - Rose Blanche, Lavande &amp; Ylang Ylang - Frenky Lewis<\/title>\n<meta name=\"robots\" content=\"index, follow, max-snippet:-1, max-image-preview:large, max-video-preview:-1\" \/>\n<link rel=\"canonical\" href=\"https:\/\/frenkylewis.com\/p\/ocean-pakket-shampoo-droogshampoo-conditioner\/\" \/>\n<meta property=\"og:locale\" content=\"fr_FR\" \/>\n<meta property=\"og:type\" content=\"article\" \/>\n<meta property=\"og:title\" content=\"Shampoing + Shampoing Sec\/Spray Apr\u00e8s-Shampoing - Rose Blanche, Lavande &amp; Ylang Ylang - Frenky Lewis\" \/>\n<meta property=\"og:description\" content=\"Ce coffret contient deux produits respectueux des animaux de notre ligne de parfums Oc\u00e9an : le Shampoing 200 ml et le Spray Shampoing Sec\/Apr\u00e8s-Shampoing 150 ml.  Chouchoutez votre chien au maximum avec les parfums frais de rose blanche, lavande et ylang ylang.\" \/>\n<meta property=\"og:url\" content=\"https:\/\/frenkylewis.com\/p\/ocean-pakket-shampoo-droogshampoo-conditioner\/\" \/>\n<meta property=\"og:site_name\" content=\"Frenky Lewis\" \/>\n<meta property=\"article:modified_time\" content=\"2026-03-09T20:15:06+00:00\" \/>\n<meta property=\"og:image\" content=\"https:\/\/frenkylewis.com\/wp-content\/uploads\/2025\/07\/giftset-hond-dry-shampoo-en-conditioner-blauw-200-ml.jpg\" \/>\n\t<meta property=\"og:image:width\" content=\"1080\" \/>\n\t<meta property=\"og:image:height\" content=\"1080\" \/>\n\t<meta property=\"og:image:type\" content=\"image\/jpeg\" \/>\n<meta name=\"twitter:card\" content=\"summary_large_image\" \/>\n<script type=\"application\/ld+json\" class=\"yoast-schema-graph\">{\"@context\":\"https:\/\/schema.org\",\"@graph\":[{\"@type\":\"WebPage\",\"@id\":\"https:\/\/frenkylewis.com\/p\/ocean-pakket-shampoo-droogshampoo-conditioner\/\",\"url\":\"https:\/\/frenkylewis.com\/p\/ocean-pakket-shampoo-droogshampoo-conditioner\/\",\"name\":\"Shampoing + Shampoing Sec\/Spray Apr\u00e8s-Shampoing - Rose Blanche, Lavande & Ylang Ylang - Frenky Lewis\",\"isPartOf\":{\"@id\":\"https:\/\/frenkylewis.com\/#website\"},\"primaryImageOfPage\":{\"@id\":\"https:\/\/frenkylewis.com\/p\/ocean-pakket-shampoo-droogshampoo-conditioner\/#primaryimage\"},\"image\":{\"@id\":\"https:\/\/frenkylewis.com\/p\/ocean-pakket-shampoo-droogshampoo-conditioner\/#primaryimage\"},\"thumbnailUrl\":\"https:\/\/frenkylewis.com\/wp-content\/uploads\/2025\/07\/giftset-hond-dry-shampoo-en-conditioner-blauw-200-ml.jpg\",\"datePublished\":\"2025-07-17T10:17:44+00:00\",\"dateModified\":\"2026-03-09T20:15:06+00:00\",\"breadcrumb\":{\"@id\":\"https:\/\/frenkylewis.com\/p\/ocean-pakket-shampoo-droogshampoo-conditioner\/#breadcrumb\"},\"inLanguage\":\"fr-FR\",\"potentialAction\":[{\"@type\":\"ReadAction\",\"target\":[\"https:\/\/frenkylewis.com\/p\/ocean-pakket-shampoo-droogshampoo-conditioner\/\"]}]},{\"@type\":\"ImageObject\",\"inLanguage\":\"fr-FR\",\"@id\":\"https:\/\/frenkylewis.com\/p\/ocean-pakket-shampoo-droogshampoo-conditioner\/#primaryimage\",\"url\":\"https:\/\/frenkylewis.com\/wp-content\/uploads\/2025\/07\/giftset-hond-dry-shampoo-en-conditioner-blauw-200-ml.jpg\",\"contentUrl\":\"https:\/\/frenkylewis.com\/wp-content\/uploads\/2025\/07\/giftset-hond-dry-shampoo-en-conditioner-blauw-200-ml.jpg\",\"width\":1080,\"height\":1080},{\"@type\":\"BreadcrumbList\",\"@id\":\"https:\/\/frenkylewis.com\/p\/ocean-pakket-shampoo-droogshampoo-conditioner\/#breadcrumb\",\"itemListElement\":[{\"@type\":\"ListItem\",\"position\":1,\"name\":\"Home\",\"item\":\"https:\/\/frenkylewis.com\/\"},{\"@type\":\"ListItem\",\"position\":2,\"name\":\"Boutique\",\"item\":\"https:\/\/frenkylewis.com\/fr\/boutique\/\"},{\"@type\":\"ListItem\",\"position\":3,\"name\":\"Shampoing + Shampoing Sec\/Spray Apr\u00e8s-Shampoing &#8211; Rose Blanche, Lavande &#038; Ylang Ylang\"}]},{\"@type\":\"WebSite\",\"@id\":\"https:\/\/frenkylewis.com\/#website\",\"url\":\"https:\/\/frenkylewis.com\/\",\"name\":\"Frenky Lewis\",\"description\":\"100% natural dogcare\",\"publisher\":{\"@id\":\"https:\/\/frenkylewis.com\/#organization\"},\"potentialAction\":[{\"@type\":\"SearchAction\",\"target\":{\"@type\":\"EntryPoint\",\"urlTemplate\":\"https:\/\/frenkylewis.com\/?s={search_term_string}\"},\"query-input\":{\"@type\":\"PropertyValueSpecification\",\"valueRequired\":true,\"valueName\":\"search_term_string\"}}],\"inLanguage\":\"fr-FR\"},{\"@type\":\"Organization\",\"@id\":\"https:\/\/frenkylewis.com\/#organization\",\"name\":\"Frenky Lewis\",\"url\":\"https:\/\/frenkylewis.com\/\",\"logo\":{\"@type\":\"ImageObject\",\"inLanguage\":\"fr-FR\",\"@id\":\"https:\/\/frenkylewis.com\/#\/schema\/logo\/image\/\",\"url\":\"https:\/\/frenkylewis.com\/wp-content\/uploads\/2022\/08\/logo-black.png\",\"contentUrl\":\"https:\/\/frenkylewis.com\/wp-content\/uploads\/2022\/08\/logo-black.png\",\"width\":2607,\"height\":661,\"caption\":\"Frenky Lewis\"},\"image\":{\"@id\":\"https:\/\/frenkylewis.com\/#\/schema\/logo\/image\/\"}}]}<\/script>\n<!-- \/ Yoast SEO plugin. -->","yoast_head_json":{"title":"Shampoing + Shampoing Sec\/Spray Apr\u00e8s-Shampoing - Rose Blanche, Lavande & Ylang Ylang - Frenky Lewis","robots":{"index":"index","follow":"follow","max-snippet":"max-snippet:-1","max-image-preview":"max-image-preview:large","max-video-preview":"max-video-preview:-1"},"canonical":"https:\/\/frenkylewis.com\/p\/ocean-pakket-shampoo-droogshampoo-conditioner\/","og_locale":"fr_FR","og_type":"article","og_title":"Shampoing + Shampoing Sec\/Spray Apr\u00e8s-Shampoing - Rose Blanche, Lavande & Ylang Ylang - Frenky Lewis","og_description":"Ce coffret contient deux produits respectueux des animaux de notre ligne de parfums Oc\u00e9an : le Shampoing 200 ml et le Spray Shampoing Sec\/Apr\u00e8s-Shampoing 150 ml.  Chouchoutez votre chien au maximum avec les parfums frais de rose blanche, lavande et ylang ylang.","og_url":"https:\/\/frenkylewis.com\/p\/ocean-pakket-shampoo-droogshampoo-conditioner\/","og_site_name":"Frenky Lewis","article_modified_time":"2026-03-09T20:15:06+00:00","og_image":[{"width":1080,"height":1080,"url":"https:\/\/frenkylewis.com\/wp-content\/uploads\/2025\/07\/giftset-hond-dry-shampoo-en-conditioner-blauw-200-ml.jpg","type":"image\/jpeg"}],"twitter_card":"summary_large_image","schema":{"@context":"https:\/\/schema.org","@graph":[{"@type":"WebPage","@id":"https:\/\/frenkylewis.com\/p\/ocean-pakket-shampoo-droogshampoo-conditioner\/","url":"https:\/\/frenkylewis.com\/p\/ocean-pakket-shampoo-droogshampoo-conditioner\/","name":"Shampoing + Shampoing Sec\/Spray Apr\u00e8s-Shampoing - Rose Blanche, Lavande & Ylang Ylang - Frenky Lewis","isPartOf":{"@id":"https:\/\/frenkylewis.com\/#website"},"primaryImageOfPage":{"@id":"https:\/\/frenkylewis.com\/p\/ocean-pakket-shampoo-droogshampoo-conditioner\/#primaryimage"},"image":{"@id":"https:\/\/frenkylewis.com\/p\/ocean-pakket-shampoo-droogshampoo-conditioner\/#primaryimage"},"thumbnailUrl":"https:\/\/frenkylewis.com\/wp-content\/uploads\/2025\/07\/giftset-hond-dry-shampoo-en-conditioner-blauw-200-ml.jpg","datePublished":"2025-07-17T10:17:44+00:00","dateModified":"2026-03-09T20:15:06+00:00","breadcrumb":{"@id":"https:\/\/frenkylewis.com\/p\/ocean-pakket-shampoo-droogshampoo-conditioner\/#breadcrumb"},"inLanguage":"fr-FR","potentialAction":[{"@type":"ReadAction","target":["https:\/\/frenkylewis.com\/p\/ocean-pakket-shampoo-droogshampoo-conditioner\/"]}]},{"@type":"ImageObject","inLanguage":"fr-FR","@id":"https:\/\/frenkylewis.com\/p\/ocean-pakket-shampoo-droogshampoo-conditioner\/#primaryimage","url":"https:\/\/frenkylewis.com\/wp-content\/uploads\/2025\/07\/giftset-hond-dry-shampoo-en-conditioner-blauw-200-ml.jpg","contentUrl":"https:\/\/frenkylewis.com\/wp-content\/uploads\/2025\/07\/giftset-hond-dry-shampoo-en-conditioner-blauw-200-ml.jpg","width":1080,"height":1080},{"@type":"BreadcrumbList","@id":"https:\/\/frenkylewis.com\/p\/ocean-pakket-shampoo-droogshampoo-conditioner\/#breadcrumb","itemListElement":[{"@type":"ListItem","position":1,"name":"Home","item":"https:\/\/frenkylewis.com\/"},{"@type":"ListItem","position":2,"name":"Boutique","item":"https:\/\/frenkylewis.com\/fr\/boutique\/"},{"@type":"ListItem","position":3,"name":"Shampoing + Shampoing Sec\/Spray Apr\u00e8s-Shampoing &#8211; Rose Blanche, Lavande &#038; Ylang Ylang"}]},{"@type":"WebSite","@id":"https:\/\/frenkylewis.com\/#website","url":"https:\/\/frenkylewis.com\/","name":"Frenky Lewis","description":"100% natural dogcare","publisher":{"@id":"https:\/\/frenkylewis.com\/#organization"},"potentialAction":[{"@type":"SearchAction","target":{"@type":"EntryPoint","urlTemplate":"https:\/\/frenkylewis.com\/?s={search_term_string}"},"query-input":{"@type":"PropertyValueSpecification","valueRequired":true,"valueName":"search_term_string"}}],"inLanguage":"fr-FR"},{"@type":"Organization","@id":"https:\/\/frenkylewis.com\/#organization","name":"Frenky Lewis","url":"https:\/\/frenkylewis.com\/","logo":{"@type":"ImageObject","inLanguage":"fr-FR","@id":"https:\/\/frenkylewis.com\/#\/schema\/logo\/image\/","url":"https:\/\/frenkylewis.com\/wp-content\/uploads\/2022\/08\/logo-black.png","contentUrl":"https:\/\/frenkylewis.com\/wp-content\/uploads\/2022\/08\/logo-black.png","width":2607,"height":661,"caption":"Frenky Lewis"},"image":{"@id":"https:\/\/frenkylewis.com\/#\/schema\/logo\/image\/"}}]}},"_links":{"self":[{"href":"https:\/\/frenkylewis.com\/fr\/wp-json\/wp\/v2\/product\/16402","targetHints":{"allow":["GET"]}}],"collection":[{"href":"https:\/\/frenkylewis.com\/fr\/wp-json\/wp\/v2\/product"}],"about":[{"href":"https:\/\/frenkylewis.com\/fr\/wp-json\/wp\/v2\/types\/product"}],"replies":[{"embeddable":true,"href":"https:\/\/frenkylewis.com\/fr\/wp-json\/wp\/v2\/comments?post=16402"}],"wp:featuredmedia":[{"embeddable":true,"href":"https:\/\/frenkylewis.com\/fr\/wp-json\/wp\/v2\/media\/15754"}],"wp:attachment":[{"href":"https:\/\/frenkylewis.com\/fr\/wp-json\/wp\/v2\/media?parent=16402"}],"wp:term":[{"taxonomy":"product_brand","embeddable":true,"href":"https:\/\/frenkylewis.com\/fr\/wp-json\/wp\/v2\/product_brand?post=16402"},{"taxonomy":"product_cat","embeddable":true,"href":"https:\/\/frenkylewis.com\/fr\/wp-json\/wp\/v2\/product_cat?post=16402"},{"taxonomy":"product_tag","embeddable":true,"href":"https:\/\/frenkylewis.com\/fr\/wp-json\/wp\/v2\/product_tag?post=16402"}],"curies":[{"name":"wp","href":"https:\/\/api.w.org\/{rel}","templated":true}]}}