{"id":16381,"date":"2025-08-01T17:54:59","date_gmt":"2025-08-01T15:54:59","guid":{"rendered":"https:\/\/frenkylewis.com\/p\/coffret-decouverte-3x-30ml-shampoing-sec-spray-apres-shampoing-fr\/"},"modified":"2026-03-09T21:15:02","modified_gmt":"2026-03-09T20:15:02","slug":"coffret-decouverte-3x-30ml-shampoing-sec-spray-apres-shampoing-fr","status":"publish","type":"product","link":"https:\/\/frenkylewis.com\/fr\/p\/coffret-decouverte-3x-30ml-shampoing-sec-spray-apres-shampoing-fr\/","title":{"rendered":"Coffret D\u00e9couverte 3x 30ml Shampoing Sec &#038; Spray Apr\u00e8s-Shampoing"},"content":{"rendered":"<p>Ce coffret contient un petit flacon de 30 ml de nos sprays shampoing sec &#038; apr\u00e8s-shampoing dans les parfums suivants :<\/p>\n<ol>\n<li><a href=\"https:\/\/frenkylewis.com\/p\/natuurlijke-dog-conditioner-150ml-sandalwood-jasmijn-vanille\/\">Bois de Santal, Jasmin &#038; Vanille<\/a><\/li>\n<li><a href=\"https:\/\/frenkylewis.com\/p\/natuurlijke-dog-conditioner-150ml-witte-roos-lavendel-ylang-ylang\/\">Rose Blanche, Lavande &#038; Ylang Ylang<\/a><\/li>\n<li><a href=\"https:\/\/frenkylewis.com\/p\/natuurlijke-dog-conditioner-150ml-zwarte-eik-dennen-ceder\/\">Th\u00e9 Vert &#038; Bergamote<\/a><\/li>\n<\/ol>\n","protected":false},"excerpt":{"rendered":"<p>Connaissez-vous d\u00e9j\u00e0 notre shampoing sec &#038; spray apr\u00e8s-shampoing 100% naturel ?<\/p>\n<p>Spray &#038; GO ! Vous pouvez ainsi nettoyer votre chien sans le doucher.<\/p>\n<p>Avec ce coffret d\u00e9couverte de trois pi\u00e8ces, vous d\u00e9couvrirez quel parfum vous pr\u00e9f\u00e9rez, afin de pouvoir l&rsquo;acheter ensuite dans un plus grand format. Tr\u00e8s pratique !<\/p>\n","protected":false},"featured_media":16531,"comment_status":"closed","ping_status":"closed","template":"","meta":{"_acf_changed":false,"_monsterinsights_skip_tracking":false,"_monsterinsights_sitenote_active":false,"_monsterinsights_sitenote_note":"","_monsterinsights_sitenote_category":0},"product_brand":[],"product_cat":[176,232,244,283],"product_tag":[],"class_list":{"0":"post-16381","1":"product","2":"type-product","3":"status-publish","4":"has-post-thumbnail","6":"product_cat-coffrets-cadeaux","7":"product_cat-kit-dessai","8":"product_cat-produits-de-soins","9":"product_cat-signature","11":"first","12":"instock","13":"taxable","14":"shipping-taxable","15":"purchasable","16":"product-type-simple"},"acf":[],"yoast_head":"<!-- This site is optimized with the Yoast SEO plugin v26.9 - https:\/\/yoast.com\/product\/yoast-seo-wordpress\/ -->\n<title>Coffret D\u00e9couverte 3x 30ml Shampoing Sec &amp; Spray Apr\u00e8s-Shampoing - Frenky Lewis<\/title>\n<meta name=\"robots\" content=\"index, follow, max-snippet:-1, max-image-preview:large, max-video-preview:-1\" \/>\n<link rel=\"canonical\" href=\"https:\/\/frenkylewis.com\/p\/3x-tester-dry-shampoo-conditioner\/\" \/>\n<meta property=\"og:locale\" content=\"fr_FR\" \/>\n<meta property=\"og:type\" content=\"article\" \/>\n<meta property=\"og:title\" content=\"Coffret D\u00e9couverte 3x 30ml Shampoing Sec &amp; Spray Apr\u00e8s-Shampoing - Frenky Lewis\" \/>\n<meta property=\"og:description\" content=\"Connaissez-vous d\u00e9j\u00e0 notre shampoing sec &amp; spray apr\u00e8s-shampoing 100% naturel ?  Spray &amp; GO ! Vous pouvez ainsi nettoyer votre chien sans le doucher.  Avec ce coffret d\u00e9couverte de trois pi\u00e8ces, vous d\u00e9couvrirez quel parfum vous pr\u00e9f\u00e9rez, afin de pouvoir l&#039;acheter ensuite dans un plus grand format. Tr\u00e8s pratique !\" \/>\n<meta property=\"og:url\" content=\"https:\/\/frenkylewis.com\/p\/3x-tester-dry-shampoo-conditioner\/\" \/>\n<meta property=\"og:site_name\" content=\"Frenky Lewis\" \/>\n<meta property=\"article:modified_time\" content=\"2026-03-09T20:15:02+00:00\" \/>\n<meta property=\"og:image\" content=\"https:\/\/frenkylewis.com\/wp-content\/uploads\/2025\/08\/Frenkylewis-30ml-pakket.jpg\" \/>\n\t<meta property=\"og:image:width\" content=\"2560\" \/>\n\t<meta property=\"og:image:height\" content=\"2538\" \/>\n\t<meta property=\"og:image:type\" content=\"image\/jpeg\" \/>\n<meta name=\"twitter:card\" content=\"summary_large_image\" \/>\n<script type=\"application\/ld+json\" class=\"yoast-schema-graph\">{\"@context\":\"https:\/\/schema.org\",\"@graph\":[{\"@type\":\"WebPage\",\"@id\":\"https:\/\/frenkylewis.com\/p\/3x-tester-dry-shampoo-conditioner\/\",\"url\":\"https:\/\/frenkylewis.com\/p\/3x-tester-dry-shampoo-conditioner\/\",\"name\":\"Coffret D\u00e9couverte 3x 30ml Shampoing Sec & Spray Apr\u00e8s-Shampoing - Frenky Lewis\",\"isPartOf\":{\"@id\":\"https:\/\/frenkylewis.com\/#website\"},\"primaryImageOfPage\":{\"@id\":\"https:\/\/frenkylewis.com\/p\/3x-tester-dry-shampoo-conditioner\/#primaryimage\"},\"image\":{\"@id\":\"https:\/\/frenkylewis.com\/p\/3x-tester-dry-shampoo-conditioner\/#primaryimage\"},\"thumbnailUrl\":\"https:\/\/frenkylewis.com\/wp-content\/uploads\/2025\/08\/FL-producten-webshop30.png\",\"datePublished\":\"2025-08-01T15:54:59+00:00\",\"dateModified\":\"2026-03-09T20:15:02+00:00\",\"breadcrumb\":{\"@id\":\"https:\/\/frenkylewis.com\/p\/3x-tester-dry-shampoo-conditioner\/#breadcrumb\"},\"inLanguage\":\"fr-FR\",\"potentialAction\":[{\"@type\":\"ReadAction\",\"target\":[\"https:\/\/frenkylewis.com\/p\/3x-tester-dry-shampoo-conditioner\/\"]}]},{\"@type\":\"ImageObject\",\"inLanguage\":\"fr-FR\",\"@id\":\"https:\/\/frenkylewis.com\/p\/3x-tester-dry-shampoo-conditioner\/#primaryimage\",\"url\":\"https:\/\/frenkylewis.com\/wp-content\/uploads\/2025\/08\/FL-producten-webshop30.png\",\"contentUrl\":\"https:\/\/frenkylewis.com\/wp-content\/uploads\/2025\/08\/FL-producten-webshop30.png\",\"width\":2480,\"height\":2480},{\"@type\":\"BreadcrumbList\",\"@id\":\"https:\/\/frenkylewis.com\/p\/3x-tester-dry-shampoo-conditioner\/#breadcrumb\",\"itemListElement\":[{\"@type\":\"ListItem\",\"position\":1,\"name\":\"Home\",\"item\":\"https:\/\/frenkylewis.com\/\"},{\"@type\":\"ListItem\",\"position\":2,\"name\":\"Boutique\",\"item\":\"https:\/\/frenkylewis.com\/fr\/boutique\/\"},{\"@type\":\"ListItem\",\"position\":3,\"name\":\"Coffret D\u00e9couverte 3x 30ml Shampoing Sec &#038; Spray Apr\u00e8s-Shampoing\"}]},{\"@type\":\"WebSite\",\"@id\":\"https:\/\/frenkylewis.com\/#website\",\"url\":\"https:\/\/frenkylewis.com\/\",\"name\":\"Frenky Lewis\",\"description\":\"100% natural dogcare\",\"publisher\":{\"@id\":\"https:\/\/frenkylewis.com\/#organization\"},\"potentialAction\":[{\"@type\":\"SearchAction\",\"target\":{\"@type\":\"EntryPoint\",\"urlTemplate\":\"https:\/\/frenkylewis.com\/?s={search_term_string}\"},\"query-input\":{\"@type\":\"PropertyValueSpecification\",\"valueRequired\":true,\"valueName\":\"search_term_string\"}}],\"inLanguage\":\"fr-FR\"},{\"@type\":\"Organization\",\"@id\":\"https:\/\/frenkylewis.com\/#organization\",\"name\":\"Frenky Lewis\",\"url\":\"https:\/\/frenkylewis.com\/\",\"logo\":{\"@type\":\"ImageObject\",\"inLanguage\":\"fr-FR\",\"@id\":\"https:\/\/frenkylewis.com\/#\/schema\/logo\/image\/\",\"url\":\"https:\/\/frenkylewis.com\/wp-content\/uploads\/2022\/08\/logo-black.png\",\"contentUrl\":\"https:\/\/frenkylewis.com\/wp-content\/uploads\/2022\/08\/logo-black.png\",\"width\":2607,\"height\":661,\"caption\":\"Frenky Lewis\"},\"image\":{\"@id\":\"https:\/\/frenkylewis.com\/#\/schema\/logo\/image\/\"}}]}<\/script>\n<!-- \/ Yoast SEO plugin. -->","yoast_head_json":{"title":"Coffret D\u00e9couverte 3x 30ml Shampoing Sec & Spray Apr\u00e8s-Shampoing - Frenky Lewis","robots":{"index":"index","follow":"follow","max-snippet":"max-snippet:-1","max-image-preview":"max-image-preview:large","max-video-preview":"max-video-preview:-1"},"canonical":"https:\/\/frenkylewis.com\/p\/3x-tester-dry-shampoo-conditioner\/","og_locale":"fr_FR","og_type":"article","og_title":"Coffret D\u00e9couverte 3x 30ml Shampoing Sec & Spray Apr\u00e8s-Shampoing - Frenky Lewis","og_description":"Connaissez-vous d\u00e9j\u00e0 notre shampoing sec & spray apr\u00e8s-shampoing 100% naturel ?  Spray & GO ! Vous pouvez ainsi nettoyer votre chien sans le doucher.  Avec ce coffret d\u00e9couverte de trois pi\u00e8ces, vous d\u00e9couvrirez quel parfum vous pr\u00e9f\u00e9rez, afin de pouvoir l'acheter ensuite dans un plus grand format. Tr\u00e8s pratique !","og_url":"https:\/\/frenkylewis.com\/p\/3x-tester-dry-shampoo-conditioner\/","og_site_name":"Frenky Lewis","article_modified_time":"2026-03-09T20:15:02+00:00","og_image":[{"width":2560,"height":2538,"url":"https:\/\/frenkylewis.com\/wp-content\/uploads\/2025\/08\/Frenkylewis-30ml-pakket.jpg","type":"image\/jpeg"}],"twitter_card":"summary_large_image","schema":{"@context":"https:\/\/schema.org","@graph":[{"@type":"WebPage","@id":"https:\/\/frenkylewis.com\/p\/3x-tester-dry-shampoo-conditioner\/","url":"https:\/\/frenkylewis.com\/p\/3x-tester-dry-shampoo-conditioner\/","name":"Coffret D\u00e9couverte 3x 30ml Shampoing Sec & Spray Apr\u00e8s-Shampoing - Frenky Lewis","isPartOf":{"@id":"https:\/\/frenkylewis.com\/#website"},"primaryImageOfPage":{"@id":"https:\/\/frenkylewis.com\/p\/3x-tester-dry-shampoo-conditioner\/#primaryimage"},"image":{"@id":"https:\/\/frenkylewis.com\/p\/3x-tester-dry-shampoo-conditioner\/#primaryimage"},"thumbnailUrl":"https:\/\/frenkylewis.com\/wp-content\/uploads\/2025\/08\/FL-producten-webshop30.png","datePublished":"2025-08-01T15:54:59+00:00","dateModified":"2026-03-09T20:15:02+00:00","breadcrumb":{"@id":"https:\/\/frenkylewis.com\/p\/3x-tester-dry-shampoo-conditioner\/#breadcrumb"},"inLanguage":"fr-FR","potentialAction":[{"@type":"ReadAction","target":["https:\/\/frenkylewis.com\/p\/3x-tester-dry-shampoo-conditioner\/"]}]},{"@type":"ImageObject","inLanguage":"fr-FR","@id":"https:\/\/frenkylewis.com\/p\/3x-tester-dry-shampoo-conditioner\/#primaryimage","url":"https:\/\/frenkylewis.com\/wp-content\/uploads\/2025\/08\/FL-producten-webshop30.png","contentUrl":"https:\/\/frenkylewis.com\/wp-content\/uploads\/2025\/08\/FL-producten-webshop30.png","width":2480,"height":2480},{"@type":"BreadcrumbList","@id":"https:\/\/frenkylewis.com\/p\/3x-tester-dry-shampoo-conditioner\/#breadcrumb","itemListElement":[{"@type":"ListItem","position":1,"name":"Home","item":"https:\/\/frenkylewis.com\/"},{"@type":"ListItem","position":2,"name":"Boutique","item":"https:\/\/frenkylewis.com\/fr\/boutique\/"},{"@type":"ListItem","position":3,"name":"Coffret D\u00e9couverte 3x 30ml Shampoing Sec &#038; Spray Apr\u00e8s-Shampoing"}]},{"@type":"WebSite","@id":"https:\/\/frenkylewis.com\/#website","url":"https:\/\/frenkylewis.com\/","name":"Frenky Lewis","description":"100% natural dogcare","publisher":{"@id":"https:\/\/frenkylewis.com\/#organization"},"potentialAction":[{"@type":"SearchAction","target":{"@type":"EntryPoint","urlTemplate":"https:\/\/frenkylewis.com\/?s={search_term_string}"},"query-input":{"@type":"PropertyValueSpecification","valueRequired":true,"valueName":"search_term_string"}}],"inLanguage":"fr-FR"},{"@type":"Organization","@id":"https:\/\/frenkylewis.com\/#organization","name":"Frenky Lewis","url":"https:\/\/frenkylewis.com\/","logo":{"@type":"ImageObject","inLanguage":"fr-FR","@id":"https:\/\/frenkylewis.com\/#\/schema\/logo\/image\/","url":"https:\/\/frenkylewis.com\/wp-content\/uploads\/2022\/08\/logo-black.png","contentUrl":"https:\/\/frenkylewis.com\/wp-content\/uploads\/2022\/08\/logo-black.png","width":2607,"height":661,"caption":"Frenky Lewis"},"image":{"@id":"https:\/\/frenkylewis.com\/#\/schema\/logo\/image\/"}}]}},"_links":{"self":[{"href":"https:\/\/frenkylewis.com\/fr\/wp-json\/wp\/v2\/product\/16381","targetHints":{"allow":["GET"]}}],"collection":[{"href":"https:\/\/frenkylewis.com\/fr\/wp-json\/wp\/v2\/product"}],"about":[{"href":"https:\/\/frenkylewis.com\/fr\/wp-json\/wp\/v2\/types\/product"}],"replies":[{"embeddable":true,"href":"https:\/\/frenkylewis.com\/fr\/wp-json\/wp\/v2\/comments?post=16381"}],"wp:featuredmedia":[{"embeddable":true,"href":"https:\/\/frenkylewis.com\/fr\/wp-json\/wp\/v2\/media\/16531"}],"wp:attachment":[{"href":"https:\/\/frenkylewis.com\/fr\/wp-json\/wp\/v2\/media?parent=16381"}],"wp:term":[{"taxonomy":"product_brand","embeddable":true,"href":"https:\/\/frenkylewis.com\/fr\/wp-json\/wp\/v2\/product_brand?post=16381"},{"taxonomy":"product_cat","embeddable":true,"href":"https:\/\/frenkylewis.com\/fr\/wp-json\/wp\/v2\/product_cat?post=16381"},{"taxonomy":"product_tag","embeddable":true,"href":"https:\/\/frenkylewis.com\/fr\/wp-json\/wp\/v2\/product_tag?post=16381"}],"curies":[{"name":"wp","href":"https:\/\/api.w.org\/{rel}","templated":true}]}}