{"id":16351,"date":"2022-08-05T09:00:46","date_gmt":"2022-08-05T07:00:46","guid":{"rendered":"https:\/\/frenkylewis.com\/p\/hands-free-leash-abby-green-25m-fr\/"},"modified":"2026-03-09T21:14:53","modified_gmt":"2026-03-09T20:14:53","slug":"hands-free-leash-abby-green-25m-fr","status":"publish","type":"product","link":"https:\/\/frenkylewis.com\/fr\/p\/hands-free-leash-abby-green-25m-fr\/","title":{"rendered":"Hands Free Leash &#8211; Abby Green &#8211; 2,5m"},"content":{"rendered":"<p><strong>Fait main<\/strong> &#8211; Nos laisses pour chiens sont fabriqu\u00e9es \u00e0 la main avec plaisir et passion dans des ateliers sociaux aux Pays-Bas et en Allemagne.<\/p>\n<p><strong>Designs contemporains<\/strong> &#8211; Avec 8 designs diff\u00e9rents, il y a un favori pour chacun : audacieux et color\u00e9 ou une couleur de base sobre. Notre laisse Hands Free peut \u00eatre port\u00e9e de 6 mani\u00e8res diff\u00e9rentes, ce qui en fait \u00e0 la fois un accessoire de mode et un outil multifonctionnel.<\/p>\n<p><strong>Corde premium<\/strong> &#8211; La corde en nylon que nous utilisons est sp\u00e9cialement con\u00e7ue pour nos laisses pour chiens. Alors que la plupart des laisses sont fabriqu\u00e9es \u00e0 partir de 12 \u00e0 18 brins de corde, nos laisses sont compos\u00e9es de 48 brins. Ce tissage fin offre une profondeur de couleur, un aspect luxueux et un toucher agr\u00e9able.<\/p>\n<p><strong>Solide et fiable<\/strong> &#8211; La corde de nos laisses est d\u00e9velopp\u00e9e selon les m\u00eames principes que la corde d&rsquo;escalade : solide, fiable et anti-salissure. Les clips de fixation ont une r\u00e9sistance \u00e0 la rupture d&rsquo;au moins 240 kg, ce qui les rend s\u00fbrs pour les chiens puissants. Chaque laisse est test\u00e9e et strictement contr\u00f4l\u00e9e par notre atelier.<\/p>\n<p><strong>Hydrofuge &#8211;<\/strong> Les laisses sont anti-salissure et hydrofuges et prot\u00e8gent contre les moisissures et la pourriture. La dur\u00e9e de vie d&rsquo;une laisse Frenky Lewis est donc tr\u00e8s longue : elle dure toute la vie d&rsquo;un chien, \u00e0 condition que le chien ne mette pas ses dents dans la corde.<\/p>\n","protected":false},"excerpt":{"rendered":"<p>Fait main &#8211; Nos laisses pour chiens sont fabriqu\u00e9es \u00e0 la main avec plaisir et passion dans des ateliers sociaux aux Pays-Bas et en Allemagne. Designs contemporains &#8211; Avec 8 designs diff\u00e9rents, il y a un favori pour chacun : audacieux et color\u00e9 ou une couleur de base sobre. Notre laisse Hands Free peut \u00eatre &#8230; <a title=\"Hands Free Leash &#8211; Abby Green &#8211; 2,5m\" class=\"read-more\" href=\"https:\/\/frenkylewis.com\/fr\/p\/hands-free-leash-abby-green-25m-fr\/\" aria-label=\"En savoir plus sur Hands Free Leash &#8211; Abby Green &#8211; 2,5m\">Lire la suite<\/a><\/p>\n","protected":false},"featured_media":5195,"comment_status":"closed","ping_status":"closed","template":"","meta":{"_acf_changed":false,"_monsterinsights_skip_tracking":false,"_monsterinsights_sitenote_active":false,"_monsterinsights_sitenote_note":"","_monsterinsights_sitenote_category":0},"product_brand":[],"product_cat":[211,205],"product_tag":[],"class_list":{"0":"post-16351","1":"product","2":"type-product","3":"status-publish","4":"has-post-thumbnail","6":"product_cat-chiens","7":"product_cat-laisses-mains-libres","9":"first","10":"outofstock","11":"taxable","12":"shipping-taxable","13":"purchasable","14":"product-type-simple"},"acf":[],"yoast_head":"<!-- This site is optimized with the Yoast SEO plugin v26.9 - https:\/\/yoast.com\/product\/yoast-seo-wordpress\/ -->\n<title>Hands Free Leash - Abby Green - 2,5m - Frenky Lewis<\/title>\n<meta name=\"robots\" content=\"index, follow, max-snippet:-1, max-image-preview:large, max-video-preview:-1\" \/>\n<link rel=\"canonical\" href=\"https:\/\/frenkylewis.com\/p\/hands-free-leash-abby-green\/\" \/>\n<meta property=\"og:locale\" content=\"fr_FR\" \/>\n<meta property=\"og:type\" content=\"article\" \/>\n<meta property=\"og:title\" content=\"Hands Free Leash - Abby Green - 2,5m - Frenky Lewis\" \/>\n<meta property=\"og:description\" content=\"Fait main &#8211; Nos laisses pour chiens sont fabriqu\u00e9es \u00e0 la main avec plaisir et passion dans des ateliers sociaux aux Pays-Bas et en Allemagne. Designs contemporains &#8211; Avec 8 designs diff\u00e9rents, il y a un favori pour chacun : audacieux et color\u00e9 ou une couleur de base sobre. Notre laisse Hands Free peut \u00eatre ... Lire la suite\" \/>\n<meta property=\"og:url\" content=\"https:\/\/frenkylewis.com\/p\/hands-free-leash-abby-green\/\" \/>\n<meta property=\"og:site_name\" content=\"Frenky Lewis\" \/>\n<meta property=\"article:modified_time\" content=\"2026-03-09T20:14:53+00:00\" \/>\n<meta property=\"og:image\" content=\"https:\/\/frenkylewis.com\/wp-content\/uploads\/2023\/01\/HFL-CloseWebshop-12-scaled.jpg\" \/>\n\t<meta property=\"og:image:width\" content=\"1439\" \/>\n\t<meta property=\"og:image:height\" content=\"2560\" \/>\n\t<meta property=\"og:image:type\" content=\"image\/jpeg\" \/>\n<meta name=\"twitter:card\" content=\"summary_large_image\" \/>\n<meta name=\"twitter:label1\" content=\"Dur\u00e9e de lecture estim\u00e9e\" \/>\n\t<meta name=\"twitter:data1\" content=\"1 minute\" \/>\n<script type=\"application\/ld+json\" class=\"yoast-schema-graph\">{\"@context\":\"https:\/\/schema.org\",\"@graph\":[{\"@type\":\"WebPage\",\"@id\":\"https:\/\/frenkylewis.com\/p\/hands-free-leash-abby-green\/\",\"url\":\"https:\/\/frenkylewis.com\/p\/hands-free-leash-abby-green\/\",\"name\":\"Hands Free Leash - Abby Green - 2,5m - Frenky Lewis\",\"isPartOf\":{\"@id\":\"https:\/\/frenkylewis.com\/#website\"},\"primaryImageOfPage\":{\"@id\":\"https:\/\/frenkylewis.com\/p\/hands-free-leash-abby-green\/#primaryimage\"},\"image\":{\"@id\":\"https:\/\/frenkylewis.com\/p\/hands-free-leash-abby-green\/#primaryimage\"},\"thumbnailUrl\":\"https:\/\/frenkylewis.com\/wp-content\/uploads\/2023\/01\/HFL-TOTWebshop-22-scaled.jpg\",\"datePublished\":\"2022-08-05T07:00:46+00:00\",\"dateModified\":\"2026-03-09T20:14:53+00:00\",\"breadcrumb\":{\"@id\":\"https:\/\/frenkylewis.com\/p\/hands-free-leash-abby-green\/#breadcrumb\"},\"inLanguage\":\"fr-FR\",\"potentialAction\":[{\"@type\":\"ReadAction\",\"target\":[\"https:\/\/frenkylewis.com\/p\/hands-free-leash-abby-green\/\"]}]},{\"@type\":\"ImageObject\",\"inLanguage\":\"fr-FR\",\"@id\":\"https:\/\/frenkylewis.com\/p\/hands-free-leash-abby-green\/#primaryimage\",\"url\":\"https:\/\/frenkylewis.com\/wp-content\/uploads\/2023\/01\/HFL-TOTWebshop-22-scaled.jpg\",\"contentUrl\":\"https:\/\/frenkylewis.com\/wp-content\/uploads\/2023\/01\/HFL-TOTWebshop-22-scaled.jpg\",\"width\":2560,\"height\":1439},{\"@type\":\"BreadcrumbList\",\"@id\":\"https:\/\/frenkylewis.com\/p\/hands-free-leash-abby-green\/#breadcrumb\",\"itemListElement\":[{\"@type\":\"ListItem\",\"position\":1,\"name\":\"Home\",\"item\":\"https:\/\/frenkylewis.com\/\"},{\"@type\":\"ListItem\",\"position\":2,\"name\":\"Boutique\",\"item\":\"https:\/\/frenkylewis.com\/fr\/boutique\/\"},{\"@type\":\"ListItem\",\"position\":3,\"name\":\"Hands Free Leash &#8211; Abby Green &#8211; 2,5m\"}]},{\"@type\":\"WebSite\",\"@id\":\"https:\/\/frenkylewis.com\/#website\",\"url\":\"https:\/\/frenkylewis.com\/\",\"name\":\"Frenky Lewis\",\"description\":\"100% natural dogcare\",\"publisher\":{\"@id\":\"https:\/\/frenkylewis.com\/#organization\"},\"potentialAction\":[{\"@type\":\"SearchAction\",\"target\":{\"@type\":\"EntryPoint\",\"urlTemplate\":\"https:\/\/frenkylewis.com\/?s={search_term_string}\"},\"query-input\":{\"@type\":\"PropertyValueSpecification\",\"valueRequired\":true,\"valueName\":\"search_term_string\"}}],\"inLanguage\":\"fr-FR\"},{\"@type\":\"Organization\",\"@id\":\"https:\/\/frenkylewis.com\/#organization\",\"name\":\"Frenky Lewis\",\"url\":\"https:\/\/frenkylewis.com\/\",\"logo\":{\"@type\":\"ImageObject\",\"inLanguage\":\"fr-FR\",\"@id\":\"https:\/\/frenkylewis.com\/#\/schema\/logo\/image\/\",\"url\":\"https:\/\/frenkylewis.com\/wp-content\/uploads\/2022\/08\/logo-black.png\",\"contentUrl\":\"https:\/\/frenkylewis.com\/wp-content\/uploads\/2022\/08\/logo-black.png\",\"width\":2607,\"height\":661,\"caption\":\"Frenky Lewis\"},\"image\":{\"@id\":\"https:\/\/frenkylewis.com\/#\/schema\/logo\/image\/\"}}]}<\/script>\n<!-- \/ Yoast SEO plugin. -->","yoast_head_json":{"title":"Hands Free Leash - Abby Green - 2,5m - Frenky Lewis","robots":{"index":"index","follow":"follow","max-snippet":"max-snippet:-1","max-image-preview":"max-image-preview:large","max-video-preview":"max-video-preview:-1"},"canonical":"https:\/\/frenkylewis.com\/p\/hands-free-leash-abby-green\/","og_locale":"fr_FR","og_type":"article","og_title":"Hands Free Leash - Abby Green - 2,5m - Frenky Lewis","og_description":"Fait main &#8211; Nos laisses pour chiens sont fabriqu\u00e9es \u00e0 la main avec plaisir et passion dans des ateliers sociaux aux Pays-Bas et en Allemagne. Designs contemporains &#8211; Avec 8 designs diff\u00e9rents, il y a un favori pour chacun : audacieux et color\u00e9 ou une couleur de base sobre. Notre laisse Hands Free peut \u00eatre ... Lire la suite","og_url":"https:\/\/frenkylewis.com\/p\/hands-free-leash-abby-green\/","og_site_name":"Frenky Lewis","article_modified_time":"2026-03-09T20:14:53+00:00","og_image":[{"width":1439,"height":2560,"url":"https:\/\/frenkylewis.com\/wp-content\/uploads\/2023\/01\/HFL-CloseWebshop-12-scaled.jpg","type":"image\/jpeg"}],"twitter_card":"summary_large_image","twitter_misc":{"Dur\u00e9e de lecture estim\u00e9e":"1 minute"},"schema":{"@context":"https:\/\/schema.org","@graph":[{"@type":"WebPage","@id":"https:\/\/frenkylewis.com\/p\/hands-free-leash-abby-green\/","url":"https:\/\/frenkylewis.com\/p\/hands-free-leash-abby-green\/","name":"Hands Free Leash - Abby Green - 2,5m - Frenky Lewis","isPartOf":{"@id":"https:\/\/frenkylewis.com\/#website"},"primaryImageOfPage":{"@id":"https:\/\/frenkylewis.com\/p\/hands-free-leash-abby-green\/#primaryimage"},"image":{"@id":"https:\/\/frenkylewis.com\/p\/hands-free-leash-abby-green\/#primaryimage"},"thumbnailUrl":"https:\/\/frenkylewis.com\/wp-content\/uploads\/2023\/01\/HFL-TOTWebshop-22-scaled.jpg","datePublished":"2022-08-05T07:00:46+00:00","dateModified":"2026-03-09T20:14:53+00:00","breadcrumb":{"@id":"https:\/\/frenkylewis.com\/p\/hands-free-leash-abby-green\/#breadcrumb"},"inLanguage":"fr-FR","potentialAction":[{"@type":"ReadAction","target":["https:\/\/frenkylewis.com\/p\/hands-free-leash-abby-green\/"]}]},{"@type":"ImageObject","inLanguage":"fr-FR","@id":"https:\/\/frenkylewis.com\/p\/hands-free-leash-abby-green\/#primaryimage","url":"https:\/\/frenkylewis.com\/wp-content\/uploads\/2023\/01\/HFL-TOTWebshop-22-scaled.jpg","contentUrl":"https:\/\/frenkylewis.com\/wp-content\/uploads\/2023\/01\/HFL-TOTWebshop-22-scaled.jpg","width":2560,"height":1439},{"@type":"BreadcrumbList","@id":"https:\/\/frenkylewis.com\/p\/hands-free-leash-abby-green\/#breadcrumb","itemListElement":[{"@type":"ListItem","position":1,"name":"Home","item":"https:\/\/frenkylewis.com\/"},{"@type":"ListItem","position":2,"name":"Boutique","item":"https:\/\/frenkylewis.com\/fr\/boutique\/"},{"@type":"ListItem","position":3,"name":"Hands Free Leash &#8211; Abby Green &#8211; 2,5m"}]},{"@type":"WebSite","@id":"https:\/\/frenkylewis.com\/#website","url":"https:\/\/frenkylewis.com\/","name":"Frenky Lewis","description":"100% natural dogcare","publisher":{"@id":"https:\/\/frenkylewis.com\/#organization"},"potentialAction":[{"@type":"SearchAction","target":{"@type":"EntryPoint","urlTemplate":"https:\/\/frenkylewis.com\/?s={search_term_string}"},"query-input":{"@type":"PropertyValueSpecification","valueRequired":true,"valueName":"search_term_string"}}],"inLanguage":"fr-FR"},{"@type":"Organization","@id":"https:\/\/frenkylewis.com\/#organization","name":"Frenky Lewis","url":"https:\/\/frenkylewis.com\/","logo":{"@type":"ImageObject","inLanguage":"fr-FR","@id":"https:\/\/frenkylewis.com\/#\/schema\/logo\/image\/","url":"https:\/\/frenkylewis.com\/wp-content\/uploads\/2022\/08\/logo-black.png","contentUrl":"https:\/\/frenkylewis.com\/wp-content\/uploads\/2022\/08\/logo-black.png","width":2607,"height":661,"caption":"Frenky Lewis"},"image":{"@id":"https:\/\/frenkylewis.com\/#\/schema\/logo\/image\/"}}]}},"_links":{"self":[{"href":"https:\/\/frenkylewis.com\/fr\/wp-json\/wp\/v2\/product\/16351","targetHints":{"allow":["GET"]}}],"collection":[{"href":"https:\/\/frenkylewis.com\/fr\/wp-json\/wp\/v2\/product"}],"about":[{"href":"https:\/\/frenkylewis.com\/fr\/wp-json\/wp\/v2\/types\/product"}],"replies":[{"embeddable":true,"href":"https:\/\/frenkylewis.com\/fr\/wp-json\/wp\/v2\/comments?post=16351"}],"wp:featuredmedia":[{"embeddable":true,"href":"https:\/\/frenkylewis.com\/fr\/wp-json\/wp\/v2\/media\/5195"}],"wp:attachment":[{"href":"https:\/\/frenkylewis.com\/fr\/wp-json\/wp\/v2\/media?parent=16351"}],"wp:term":[{"taxonomy":"product_brand","embeddable":true,"href":"https:\/\/frenkylewis.com\/fr\/wp-json\/wp\/v2\/product_brand?post=16351"},{"taxonomy":"product_cat","embeddable":true,"href":"https:\/\/frenkylewis.com\/fr\/wp-json\/wp\/v2\/product_cat?post=16351"},{"taxonomy":"product_tag","embeddable":true,"href":"https:\/\/frenkylewis.com\/fr\/wp-json\/wp\/v2\/product_tag?post=16351"}],"curies":[{"name":"wp","href":"https:\/\/api.w.org\/{rel}","templated":true}]}}