{"id":16729,"date":"2026-03-23T18:19:22","date_gmt":"2026-03-23T17:19:22","guid":{"rendered":"https:\/\/frenkylewis.com\/?post_type=product&#038;p=16729"},"modified":"2026-03-23T18:20:24","modified_gmt":"2026-03-23T17:20:24","slug":"naturliches-trockenshampoo-conditioner-spray-kopie-kopie-kopie-kopie","status":"publish","type":"product","link":"https:\/\/frenkylewis.com\/de\/p\/naturliches-trockenshampoo-conditioner-spray-kopie-kopie-kopie-kopie\/","title":{"rendered":"Nat\u00fcrliches Trockenshampoo &#038; Conditioner Spray (kopie) (kopie) (kopie) (kopie)"},"content":{"rendered":"<p>Warm, holzig und reichhaltig \u2013 das beschreibt diesen Duft am besten. Die Kombination aus Gr\u00fcnem Tee, Bergamotte &amp; Eiche entf\u00fchrt Sie in einen duftenden Herbstwald. Lassen Sie sich von den uralten B\u00e4umen mit diesem klassischen Duft mitrei\u00dfen.<\/p>\n<p>Mehr Produkte mit diesem Noble Woods Duft? Entdecken Sie die ganze Linie! Hier finden Sie unsere <a href=\"https:\/\/frenkylewis.com\/de\/p\/naturliche-hunde-shampoo-bar-schwarzeiche-zeder-kiefern-de\/\">Shampoo Bar<\/a>, <a href=\"https:\/\/frenkylewis.com\/de\/p\/naturliches-hundeshampoo-200ml-gruner-tee-bergamotte-de\/\">Shampoo<\/a> und <a href=\"https:\/\/frenkylewis.com\/de\/p\/naturliches-trockenshampoo-conditioner-spray-150ml-gruner-tee-bergamotte-de\/\">Conditioner<\/a> mit Gr\u00fcnem Tee, Bergamotte &amp; Eiche.<\/p>\n","protected":false},"excerpt":{"rendered":"<p>Duftt\u00f6ne: Schwarzeiche, Zeder &amp; Kiefern. Sanft f\u00fcr die Hundenase: wenig s\u00fc\u00dfe und saure T\u00f6ne.<\/p>\n","protected":false},"featured_media":16733,"comment_status":"closed","ping_status":"closed","template":"","meta":{"_acf_changed":false,"_monsterinsights_skip_tracking":false,"_monsterinsights_sitenote_active":false,"_monsterinsights_sitenote_note":"","_monsterinsights_sitenote_category":0},"product_brand":[],"product_cat":[263,277],"product_tag":[],"class_list":{"0":"post-16729","1":"product","2":"type-product","3":"status-publish","4":"has-post-thumbnail","6":"product_cat-fellspray","7":"product_cat-pure-hypo","8":"product_shipping_class-verzorgingsproducten","10":"first","11":"outofstock","12":"taxable","13":"shipping-taxable","14":"purchasable","15":"product-type-simple"},"acf":[],"yoast_head":"<!-- This site is optimized with the Yoast SEO plugin v26.9 - https:\/\/yoast.com\/product\/yoast-seo-wordpress\/ -->\n<title>Nat\u00fcrliches Trockenshampoo &amp; Conditioner Spray (kopie) (kopie) (kopie) (kopie) - Frenky Lewis<\/title>\n<meta name=\"robots\" content=\"index, follow, max-snippet:-1, max-image-preview:large, max-video-preview:-1\" \/>\n<link rel=\"canonical\" href=\"https:\/\/frenkylewis.com\/de\/p\/naturliches-trockenshampoo-conditioner-spray-kopie-kopie-kopie-kopie\/\" \/>\n<meta property=\"og:locale\" content=\"de_DE\" \/>\n<meta property=\"og:type\" content=\"article\" \/>\n<meta property=\"og:title\" content=\"Nat\u00fcrliches Trockenshampoo &amp; Conditioner Spray (kopie) (kopie) (kopie) (kopie) - Frenky Lewis\" \/>\n<meta property=\"og:description\" content=\"Duftt\u00f6ne: Schwarzeiche, Zeder &amp; Kiefern. Sanft f\u00fcr die Hundenase: wenig s\u00fc\u00dfe und saure T\u00f6ne.\" \/>\n<meta property=\"og:url\" content=\"https:\/\/frenkylewis.com\/de\/p\/naturliches-trockenshampoo-conditioner-spray-kopie-kopie-kopie-kopie\/\" \/>\n<meta property=\"og:site_name\" content=\"Frenky Lewis\" \/>\n<meta property=\"article:modified_time\" content=\"2026-03-23T17:20:24+00:00\" \/>\n<meta property=\"og:image\" content=\"https:\/\/frenkylewis.com\/wp-content\/uploads\/2022\/08\/logo-black.png\" \/>\n<meta name=\"twitter:card\" content=\"summary_large_image\" \/>\n<script type=\"application\/ld+json\" class=\"yoast-schema-graph\">{\"@context\":\"https:\/\/schema.org\",\"@graph\":[{\"@type\":\"WebPage\",\"@id\":\"https:\/\/frenkylewis.com\/de\/p\/naturliches-trockenshampoo-conditioner-spray-kopie-kopie-kopie-kopie\/\",\"url\":\"https:\/\/frenkylewis.com\/de\/p\/naturliches-trockenshampoo-conditioner-spray-kopie-kopie-kopie-kopie\/\",\"name\":\"Nat\u00fcrliches Trockenshampoo & Conditioner Spray (kopie) (kopie) (kopie) (kopie) - Frenky Lewis\",\"isPartOf\":{\"@id\":\"https:\/\/frenkylewis.com\/#website\"},\"primaryImageOfPage\":{\"@id\":\"https:\/\/frenkylewis.com\/de\/p\/naturliches-trockenshampoo-conditioner-spray-kopie-kopie-kopie-kopie\/#primaryimage\"},\"image\":{\"@id\":\"https:\/\/frenkylewis.com\/de\/p\/naturliches-trockenshampoo-conditioner-spray-kopie-kopie-kopie-kopie\/#primaryimage\"},\"thumbnailUrl\":\"https:\/\/frenkylewis.com\/wp-content\/uploads\/2026\/03\/Frenky-lewisproducten-Coatspray-vierkant.png\",\"datePublished\":\"2026-03-23T17:19:22+00:00\",\"dateModified\":\"2026-03-23T17:20:24+00:00\",\"breadcrumb\":{\"@id\":\"https:\/\/frenkylewis.com\/de\/p\/naturliches-trockenshampoo-conditioner-spray-kopie-kopie-kopie-kopie\/#breadcrumb\"},\"inLanguage\":\"de\",\"potentialAction\":[{\"@type\":\"ReadAction\",\"target\":[\"https:\/\/frenkylewis.com\/de\/p\/naturliches-trockenshampoo-conditioner-spray-kopie-kopie-kopie-kopie\/\"]}]},{\"@type\":\"ImageObject\",\"inLanguage\":\"de\",\"@id\":\"https:\/\/frenkylewis.com\/de\/p\/naturliches-trockenshampoo-conditioner-spray-kopie-kopie-kopie-kopie\/#primaryimage\",\"url\":\"https:\/\/frenkylewis.com\/wp-content\/uploads\/2026\/03\/Frenky-lewisproducten-Coatspray-vierkant.png\",\"contentUrl\":\"https:\/\/frenkylewis.com\/wp-content\/uploads\/2026\/03\/Frenky-lewisproducten-Coatspray-vierkant.png\",\"width\":1240,\"height\":1240},{\"@type\":\"BreadcrumbList\",\"@id\":\"https:\/\/frenkylewis.com\/de\/p\/naturliches-trockenshampoo-conditioner-spray-kopie-kopie-kopie-kopie\/#breadcrumb\",\"itemListElement\":[{\"@type\":\"ListItem\",\"position\":1,\"name\":\"Home\",\"item\":\"https:\/\/frenkylewis.com\/\"},{\"@type\":\"ListItem\",\"position\":2,\"name\":\"Shop\",\"item\":\"https:\/\/frenkylewis.com\/de\/shop\/\"},{\"@type\":\"ListItem\",\"position\":3,\"name\":\"Nat\u00fcrliches Trockenshampoo &#038; Conditioner Spray (kopie) (kopie) (kopie) (kopie)\"}]},{\"@type\":\"WebSite\",\"@id\":\"https:\/\/frenkylewis.com\/#website\",\"url\":\"https:\/\/frenkylewis.com\/\",\"name\":\"Frenky Lewis\",\"description\":\"100% natural dogcare\",\"publisher\":{\"@id\":\"https:\/\/frenkylewis.com\/#organization\"},\"potentialAction\":[{\"@type\":\"SearchAction\",\"target\":{\"@type\":\"EntryPoint\",\"urlTemplate\":\"https:\/\/frenkylewis.com\/?s={search_term_string}\"},\"query-input\":{\"@type\":\"PropertyValueSpecification\",\"valueRequired\":true,\"valueName\":\"search_term_string\"}}],\"inLanguage\":\"de\"},{\"@type\":\"Organization\",\"@id\":\"https:\/\/frenkylewis.com\/#organization\",\"name\":\"Frenky Lewis\",\"url\":\"https:\/\/frenkylewis.com\/\",\"logo\":{\"@type\":\"ImageObject\",\"inLanguage\":\"de\",\"@id\":\"https:\/\/frenkylewis.com\/#\/schema\/logo\/image\/\",\"url\":\"https:\/\/frenkylewis.com\/wp-content\/uploads\/2022\/08\/logo-black.png\",\"contentUrl\":\"https:\/\/frenkylewis.com\/wp-content\/uploads\/2022\/08\/logo-black.png\",\"width\":2607,\"height\":661,\"caption\":\"Frenky Lewis\"},\"image\":{\"@id\":\"https:\/\/frenkylewis.com\/#\/schema\/logo\/image\/\"}}]}<\/script>\n<!-- \/ Yoast SEO plugin. -->","yoast_head_json":{"title":"Nat\u00fcrliches Trockenshampoo & Conditioner Spray (kopie) (kopie) (kopie) (kopie) - Frenky Lewis","robots":{"index":"index","follow":"follow","max-snippet":"max-snippet:-1","max-image-preview":"max-image-preview:large","max-video-preview":"max-video-preview:-1"},"canonical":"https:\/\/frenkylewis.com\/de\/p\/naturliches-trockenshampoo-conditioner-spray-kopie-kopie-kopie-kopie\/","og_locale":"de_DE","og_type":"article","og_title":"Nat\u00fcrliches Trockenshampoo & Conditioner Spray (kopie) (kopie) (kopie) (kopie) - Frenky Lewis","og_description":"Duftt\u00f6ne: Schwarzeiche, Zeder &amp; Kiefern. Sanft f\u00fcr die Hundenase: wenig s\u00fc\u00dfe und saure T\u00f6ne.","og_url":"https:\/\/frenkylewis.com\/de\/p\/naturliches-trockenshampoo-conditioner-spray-kopie-kopie-kopie-kopie\/","og_site_name":"Frenky Lewis","article_modified_time":"2026-03-23T17:20:24+00:00","og_image":[{"url":"https:\/\/frenkylewis.com\/wp-content\/uploads\/2022\/08\/logo-black.png","type":"","width":"","height":""}],"twitter_card":"summary_large_image","schema":{"@context":"https:\/\/schema.org","@graph":[{"@type":"WebPage","@id":"https:\/\/frenkylewis.com\/de\/p\/naturliches-trockenshampoo-conditioner-spray-kopie-kopie-kopie-kopie\/","url":"https:\/\/frenkylewis.com\/de\/p\/naturliches-trockenshampoo-conditioner-spray-kopie-kopie-kopie-kopie\/","name":"Nat\u00fcrliches Trockenshampoo & Conditioner Spray (kopie) (kopie) (kopie) (kopie) - Frenky Lewis","isPartOf":{"@id":"https:\/\/frenkylewis.com\/#website"},"primaryImageOfPage":{"@id":"https:\/\/frenkylewis.com\/de\/p\/naturliches-trockenshampoo-conditioner-spray-kopie-kopie-kopie-kopie\/#primaryimage"},"image":{"@id":"https:\/\/frenkylewis.com\/de\/p\/naturliches-trockenshampoo-conditioner-spray-kopie-kopie-kopie-kopie\/#primaryimage"},"thumbnailUrl":"https:\/\/frenkylewis.com\/wp-content\/uploads\/2026\/03\/Frenky-lewisproducten-Coatspray-vierkant.png","datePublished":"2026-03-23T17:19:22+00:00","dateModified":"2026-03-23T17:20:24+00:00","breadcrumb":{"@id":"https:\/\/frenkylewis.com\/de\/p\/naturliches-trockenshampoo-conditioner-spray-kopie-kopie-kopie-kopie\/#breadcrumb"},"inLanguage":"de","potentialAction":[{"@type":"ReadAction","target":["https:\/\/frenkylewis.com\/de\/p\/naturliches-trockenshampoo-conditioner-spray-kopie-kopie-kopie-kopie\/"]}]},{"@type":"ImageObject","inLanguage":"de","@id":"https:\/\/frenkylewis.com\/de\/p\/naturliches-trockenshampoo-conditioner-spray-kopie-kopie-kopie-kopie\/#primaryimage","url":"https:\/\/frenkylewis.com\/wp-content\/uploads\/2026\/03\/Frenky-lewisproducten-Coatspray-vierkant.png","contentUrl":"https:\/\/frenkylewis.com\/wp-content\/uploads\/2026\/03\/Frenky-lewisproducten-Coatspray-vierkant.png","width":1240,"height":1240},{"@type":"BreadcrumbList","@id":"https:\/\/frenkylewis.com\/de\/p\/naturliches-trockenshampoo-conditioner-spray-kopie-kopie-kopie-kopie\/#breadcrumb","itemListElement":[{"@type":"ListItem","position":1,"name":"Home","item":"https:\/\/frenkylewis.com\/"},{"@type":"ListItem","position":2,"name":"Shop","item":"https:\/\/frenkylewis.com\/de\/shop\/"},{"@type":"ListItem","position":3,"name":"Nat\u00fcrliches Trockenshampoo &#038; Conditioner Spray (kopie) (kopie) (kopie) (kopie)"}]},{"@type":"WebSite","@id":"https:\/\/frenkylewis.com\/#website","url":"https:\/\/frenkylewis.com\/","name":"Frenky Lewis","description":"100% natural dogcare","publisher":{"@id":"https:\/\/frenkylewis.com\/#organization"},"potentialAction":[{"@type":"SearchAction","target":{"@type":"EntryPoint","urlTemplate":"https:\/\/frenkylewis.com\/?s={search_term_string}"},"query-input":{"@type":"PropertyValueSpecification","valueRequired":true,"valueName":"search_term_string"}}],"inLanguage":"de"},{"@type":"Organization","@id":"https:\/\/frenkylewis.com\/#organization","name":"Frenky Lewis","url":"https:\/\/frenkylewis.com\/","logo":{"@type":"ImageObject","inLanguage":"de","@id":"https:\/\/frenkylewis.com\/#\/schema\/logo\/image\/","url":"https:\/\/frenkylewis.com\/wp-content\/uploads\/2022\/08\/logo-black.png","contentUrl":"https:\/\/frenkylewis.com\/wp-content\/uploads\/2022\/08\/logo-black.png","width":2607,"height":661,"caption":"Frenky Lewis"},"image":{"@id":"https:\/\/frenkylewis.com\/#\/schema\/logo\/image\/"}}]}},"_links":{"self":[{"href":"https:\/\/frenkylewis.com\/de\/wp-json\/wp\/v2\/product\/16729","targetHints":{"allow":["GET"]}}],"collection":[{"href":"https:\/\/frenkylewis.com\/de\/wp-json\/wp\/v2\/product"}],"about":[{"href":"https:\/\/frenkylewis.com\/de\/wp-json\/wp\/v2\/types\/product"}],"replies":[{"embeddable":true,"href":"https:\/\/frenkylewis.com\/de\/wp-json\/wp\/v2\/comments?post=16729"}],"wp:featuredmedia":[{"embeddable":true,"href":"https:\/\/frenkylewis.com\/de\/wp-json\/wp\/v2\/media\/16733"}],"wp:attachment":[{"href":"https:\/\/frenkylewis.com\/de\/wp-json\/wp\/v2\/media?parent=16729"}],"wp:term":[{"taxonomy":"product_brand","embeddable":true,"href":"https:\/\/frenkylewis.com\/de\/wp-json\/wp\/v2\/product_brand?post=16729"},{"taxonomy":"product_cat","embeddable":true,"href":"https:\/\/frenkylewis.com\/de\/wp-json\/wp\/v2\/product_cat?post=16729"},{"taxonomy":"product_tag","embeddable":true,"href":"https:\/\/frenkylewis.com\/de\/wp-json\/wp\/v2\/product_tag?post=16729"}],"curies":[{"name":"wp","href":"https:\/\/api.w.org\/{rel}","templated":true}]}}