{"id":16491,"date":"2023-06-06T13:11:11","date_gmt":"2023-06-06T11:11:11","guid":{"rendered":"https:\/\/frenkylewis.com\/p\/naturliche-hunde-shampoo-bar-weise-rose-lavendel-ylang-ylang-de\/"},"modified":"2026-03-09T21:15:26","modified_gmt":"2026-03-09T20:15:26","slug":"naturliche-hunde-shampoo-bar-weise-rose-lavendel-ylang-ylang-de","status":"publish","type":"product","link":"https:\/\/frenkylewis.com\/de\/p\/naturliche-hunde-shampoo-bar-weise-rose-lavendel-ylang-ylang-de\/","title":{"rendered":"Nat\u00fcrliche Hunde Shampoo Bar &#8211; Wei\u00dfe Rose, Lavendel, Ylang Ylang"},"content":{"rendered":"<p>Ein frischer Herbstwald, bl\u00fchende Heiden und frische Wiesen \u2013 wir verwenden nur sanfte T\u00f6ne, die Ihr Hund von den gemeinsamen Spazierg\u00e4ngen kennt.<\/p>\n<p>Dieses subtile Shampoo wurde speziell f\u00fcr Hunde entwickelt, erf\u00fcllt aber die hohen EU-Standards, die f\u00fcr Menschen gelten.<\/p>\n<p>Die Shampoo Bar ist frei von Allergenen und geeignet f\u00fcr Hunde mit empfindlicher Haut.<\/p>\n<p>Die nat\u00fcrlichen \u00d6le haben eine r\u00fcckfettende Wirkung und n\u00e4hren Haut und Fell.<\/p>\n<ul>\n<li>Antibakteriell: verhindert die Entwicklung von Bakterien<\/li>\n<li>Antiparasit\u00e4r: verhindert die Entwicklung parasit\u00e4rer Krankheiten<\/li>\n<li>Revitalisierend: tr\u00e4gt zur Erholung des Fells bei<\/li>\n<li>Entz\u00fcndungshemmend: reduziert Infektionen und Entz\u00fcndungen<\/li>\n<li>Respektiert den pH-Wert von Hunden<\/li>\n<\/ul>\n","protected":false},"excerpt":{"rendered":"<p>Deze shampoo bar voor honden is gemaakt met respect voor hond \u00e9n natuur. Dat zie en ruik je aan de ingredi\u00ebnten. De meeste zoete en zure tonen halen we eruit, omdat honden daar niet van houden. Geuren uit de natuur, daar worden honden blij van.<\/p>\n<p>Deze shampoo bar ruikt naar\u00a0witte roos, lavendel en ylang ylang. Meer producten met deze Spring Notes geuren? Bekijk de <a href=\"https:\/\/frenkylewis.com\/p\/natuurlijke-dog-parfume-30ml-spring-notes\/\">Spring Notes parfum<\/a>, <a href=\"https:\/\/frenkylewis.com\/de\/p\/naturliches-hundeshampoo-200ml-weise-rose-lavendel-ylang-ylang-de\/\">shampoo<\/a> en\u00a0<a href=\"https:\/\/frenkylewis.com\/de\/p\/naturliches-trockenshampoo-conditioner-spray-150ml-weise-rose-lavendel-ylang-ylang-de\/\">conditioner<\/a>.<\/p>\n","protected":false},"featured_media":9672,"comment_status":"closed","ping_status":"closed","template":"","meta":{"_acf_changed":false,"_monsterinsights_skip_tracking":false,"_monsterinsights_sitenote_active":false,"_monsterinsights_sitenote_note":"","_monsterinsights_sitenote_category":0},"product_brand":[],"product_cat":[196,243,240],"product_tag":[],"class_list":{"0":"post-16491","1":"product","2":"type-product","3":"status-publish","4":"has-post-thumbnail","6":"product_cat-duft-weise-rose-lavendel-ylang-ylang","7":"product_cat-pflegeprodukte","8":"product_cat-shampoo-riegel","10":"first","11":"instock","12":"taxable","13":"shipping-taxable","14":"purchasable","15":"product-type-simple"},"acf":[],"yoast_head":"<!-- This site is optimized with the Yoast SEO plugin v26.9 - https:\/\/yoast.com\/product\/yoast-seo-wordpress\/ -->\n<title>Nat\u00fcrliche Hunde Shampoo Bar - Wei\u00dfe Rose, Lavendel, Ylang Ylang - Frenky Lewis<\/title>\n<meta name=\"robots\" content=\"index, follow, max-snippet:-1, max-image-preview:large, max-video-preview:-1\" \/>\n<link rel=\"canonical\" href=\"https:\/\/frenkylewis.com\/de\/p\/naturliche-hunde-shampoo-bar-weise-rose-lavendel-ylang-ylang-de\/\" \/>\n<meta property=\"og:locale\" content=\"de_DE\" \/>\n<meta property=\"og:type\" content=\"article\" \/>\n<meta property=\"og:title\" content=\"Nat\u00fcrliche Hunde Shampoo Bar - Wei\u00dfe Rose, Lavendel, Ylang Ylang - Frenky Lewis\" \/>\n<meta property=\"og:description\" content=\"Deze shampoo bar voor honden is gemaakt met respect voor hond \u00e9n natuur. Dat zie en ruik je aan de ingredi\u00ebnten. De meeste zoete en zure tonen halen we eruit, omdat honden daar niet van houden. Geuren uit de natuur, daar worden honden blij van.  Deze shampoo bar ruikt naar\u00a0witte roos, lavendel en ylang ylang. Meer producten met deze Spring Notes geuren? Bekijk de Spring Notes parfum, shampoo en\u00a0conditioner.\" \/>\n<meta property=\"og:url\" content=\"https:\/\/frenkylewis.com\/de\/p\/naturliche-hunde-shampoo-bar-weise-rose-lavendel-ylang-ylang-de\/\" \/>\n<meta property=\"og:site_name\" content=\"Frenky Lewis\" \/>\n<meta property=\"article:modified_time\" content=\"2026-03-09T20:15:26+00:00\" \/>\n<meta property=\"og:image\" content=\"https:\/\/frenkylewis.com\/wp-content\/uploads\/2024\/11\/Packshot-DSB-WLY-Vierkant-1.webp\" \/>\n\t<meta property=\"og:image:width\" content=\"2551\" \/>\n\t<meta property=\"og:image:height\" content=\"2551\" \/>\n\t<meta property=\"og:image:type\" content=\"image\/webp\" \/>\n<meta name=\"twitter:card\" content=\"summary_large_image\" \/>\n<meta name=\"twitter:label1\" content=\"Gesch\u00e4tzte Lesezeit\" \/>\n\t<meta name=\"twitter:data1\" content=\"1\u00a0Minute\" \/>\n<script type=\"application\/ld+json\" class=\"yoast-schema-graph\">{\"@context\":\"https:\/\/schema.org\",\"@graph\":[{\"@type\":\"WebPage\",\"@id\":\"https:\/\/frenkylewis.com\/de\/p\/naturliche-hunde-shampoo-bar-weise-rose-lavendel-ylang-ylang-de\/\",\"url\":\"https:\/\/frenkylewis.com\/de\/p\/naturliche-hunde-shampoo-bar-weise-rose-lavendel-ylang-ylang-de\/\",\"name\":\"Nat\u00fcrliche Hunde Shampoo Bar - Wei\u00dfe Rose, Lavendel, Ylang Ylang - Frenky Lewis\",\"isPartOf\":{\"@id\":\"https:\/\/frenkylewis.com\/#website\"},\"primaryImageOfPage\":{\"@id\":\"https:\/\/frenkylewis.com\/de\/p\/naturliche-hunde-shampoo-bar-weise-rose-lavendel-ylang-ylang-de\/#primaryimage\"},\"image\":{\"@id\":\"https:\/\/frenkylewis.com\/de\/p\/naturliche-hunde-shampoo-bar-weise-rose-lavendel-ylang-ylang-de\/#primaryimage\"},\"thumbnailUrl\":\"https:\/\/frenkylewis.com\/wp-content\/uploads\/2024\/11\/Packshot-DSB-WLY-Vierkant-1.webp\",\"datePublished\":\"2023-06-06T11:11:11+00:00\",\"dateModified\":\"2026-03-09T20:15:26+00:00\",\"breadcrumb\":{\"@id\":\"https:\/\/frenkylewis.com\/de\/p\/naturliche-hunde-shampoo-bar-weise-rose-lavendel-ylang-ylang-de\/#breadcrumb\"},\"inLanguage\":\"de\",\"potentialAction\":[{\"@type\":\"ReadAction\",\"target\":[\"https:\/\/frenkylewis.com\/de\/p\/naturliche-hunde-shampoo-bar-weise-rose-lavendel-ylang-ylang-de\/\"]}]},{\"@type\":\"ImageObject\",\"inLanguage\":\"de\",\"@id\":\"https:\/\/frenkylewis.com\/de\/p\/naturliche-hunde-shampoo-bar-weise-rose-lavendel-ylang-ylang-de\/#primaryimage\",\"url\":\"https:\/\/frenkylewis.com\/wp-content\/uploads\/2024\/11\/Packshot-DSB-WLY-Vierkant-1.webp\",\"contentUrl\":\"https:\/\/frenkylewis.com\/wp-content\/uploads\/2024\/11\/Packshot-DSB-WLY-Vierkant-1.webp\",\"width\":2551,\"height\":2551},{\"@type\":\"BreadcrumbList\",\"@id\":\"https:\/\/frenkylewis.com\/de\/p\/naturliche-hunde-shampoo-bar-weise-rose-lavendel-ylang-ylang-de\/#breadcrumb\",\"itemListElement\":[{\"@type\":\"ListItem\",\"position\":1,\"name\":\"Home\",\"item\":\"https:\/\/frenkylewis.com\/\"},{\"@type\":\"ListItem\",\"position\":2,\"name\":\"Shop\",\"item\":\"https:\/\/frenkylewis.com\/de\/shop\/\"},{\"@type\":\"ListItem\",\"position\":3,\"name\":\"Nat\u00fcrliche Hunde Shampoo Bar &#8211; Wei\u00dfe Rose, Lavendel, Ylang Ylang\"}]},{\"@type\":\"WebSite\",\"@id\":\"https:\/\/frenkylewis.com\/#website\",\"url\":\"https:\/\/frenkylewis.com\/\",\"name\":\"Frenky Lewis\",\"description\":\"100% natural dogcare\",\"publisher\":{\"@id\":\"https:\/\/frenkylewis.com\/#organization\"},\"potentialAction\":[{\"@type\":\"SearchAction\",\"target\":{\"@type\":\"EntryPoint\",\"urlTemplate\":\"https:\/\/frenkylewis.com\/?s={search_term_string}\"},\"query-input\":{\"@type\":\"PropertyValueSpecification\",\"valueRequired\":true,\"valueName\":\"search_term_string\"}}],\"inLanguage\":\"de\"},{\"@type\":\"Organization\",\"@id\":\"https:\/\/frenkylewis.com\/#organization\",\"name\":\"Frenky Lewis\",\"url\":\"https:\/\/frenkylewis.com\/\",\"logo\":{\"@type\":\"ImageObject\",\"inLanguage\":\"de\",\"@id\":\"https:\/\/frenkylewis.com\/#\/schema\/logo\/image\/\",\"url\":\"https:\/\/frenkylewis.com\/wp-content\/uploads\/2022\/08\/logo-black.png\",\"contentUrl\":\"https:\/\/frenkylewis.com\/wp-content\/uploads\/2022\/08\/logo-black.png\",\"width\":2607,\"height\":661,\"caption\":\"Frenky Lewis\"},\"image\":{\"@id\":\"https:\/\/frenkylewis.com\/#\/schema\/logo\/image\/\"}}]}<\/script>\n<!-- \/ Yoast SEO plugin. -->","yoast_head_json":{"title":"Nat\u00fcrliche Hunde Shampoo Bar - Wei\u00dfe Rose, Lavendel, Ylang Ylang - Frenky Lewis","robots":{"index":"index","follow":"follow","max-snippet":"max-snippet:-1","max-image-preview":"max-image-preview:large","max-video-preview":"max-video-preview:-1"},"canonical":"https:\/\/frenkylewis.com\/de\/p\/naturliche-hunde-shampoo-bar-weise-rose-lavendel-ylang-ylang-de\/","og_locale":"de_DE","og_type":"article","og_title":"Nat\u00fcrliche Hunde Shampoo Bar - Wei\u00dfe Rose, Lavendel, Ylang Ylang - Frenky Lewis","og_description":"Deze shampoo bar voor honden is gemaakt met respect voor hond \u00e9n natuur. Dat zie en ruik je aan de ingredi\u00ebnten. De meeste zoete en zure tonen halen we eruit, omdat honden daar niet van houden. Geuren uit de natuur, daar worden honden blij van.  Deze shampoo bar ruikt naar\u00a0witte roos, lavendel en ylang ylang. Meer producten met deze Spring Notes geuren? Bekijk de Spring Notes parfum, shampoo en\u00a0conditioner.","og_url":"https:\/\/frenkylewis.com\/de\/p\/naturliche-hunde-shampoo-bar-weise-rose-lavendel-ylang-ylang-de\/","og_site_name":"Frenky Lewis","article_modified_time":"2026-03-09T20:15:26+00:00","og_image":[{"width":2551,"height":2551,"url":"https:\/\/frenkylewis.com\/wp-content\/uploads\/2024\/11\/Packshot-DSB-WLY-Vierkant-1.webp","type":"image\/webp"}],"twitter_card":"summary_large_image","twitter_misc":{"Gesch\u00e4tzte Lesezeit":"1\u00a0Minute"},"schema":{"@context":"https:\/\/schema.org","@graph":[{"@type":"WebPage","@id":"https:\/\/frenkylewis.com\/de\/p\/naturliche-hunde-shampoo-bar-weise-rose-lavendel-ylang-ylang-de\/","url":"https:\/\/frenkylewis.com\/de\/p\/naturliche-hunde-shampoo-bar-weise-rose-lavendel-ylang-ylang-de\/","name":"Nat\u00fcrliche Hunde Shampoo Bar - Wei\u00dfe Rose, Lavendel, Ylang Ylang - Frenky Lewis","isPartOf":{"@id":"https:\/\/frenkylewis.com\/#website"},"primaryImageOfPage":{"@id":"https:\/\/frenkylewis.com\/de\/p\/naturliche-hunde-shampoo-bar-weise-rose-lavendel-ylang-ylang-de\/#primaryimage"},"image":{"@id":"https:\/\/frenkylewis.com\/de\/p\/naturliche-hunde-shampoo-bar-weise-rose-lavendel-ylang-ylang-de\/#primaryimage"},"thumbnailUrl":"https:\/\/frenkylewis.com\/wp-content\/uploads\/2024\/11\/Packshot-DSB-WLY-Vierkant-1.webp","datePublished":"2023-06-06T11:11:11+00:00","dateModified":"2026-03-09T20:15:26+00:00","breadcrumb":{"@id":"https:\/\/frenkylewis.com\/de\/p\/naturliche-hunde-shampoo-bar-weise-rose-lavendel-ylang-ylang-de\/#breadcrumb"},"inLanguage":"de","potentialAction":[{"@type":"ReadAction","target":["https:\/\/frenkylewis.com\/de\/p\/naturliche-hunde-shampoo-bar-weise-rose-lavendel-ylang-ylang-de\/"]}]},{"@type":"ImageObject","inLanguage":"de","@id":"https:\/\/frenkylewis.com\/de\/p\/naturliche-hunde-shampoo-bar-weise-rose-lavendel-ylang-ylang-de\/#primaryimage","url":"https:\/\/frenkylewis.com\/wp-content\/uploads\/2024\/11\/Packshot-DSB-WLY-Vierkant-1.webp","contentUrl":"https:\/\/frenkylewis.com\/wp-content\/uploads\/2024\/11\/Packshot-DSB-WLY-Vierkant-1.webp","width":2551,"height":2551},{"@type":"BreadcrumbList","@id":"https:\/\/frenkylewis.com\/de\/p\/naturliche-hunde-shampoo-bar-weise-rose-lavendel-ylang-ylang-de\/#breadcrumb","itemListElement":[{"@type":"ListItem","position":1,"name":"Home","item":"https:\/\/frenkylewis.com\/"},{"@type":"ListItem","position":2,"name":"Shop","item":"https:\/\/frenkylewis.com\/de\/shop\/"},{"@type":"ListItem","position":3,"name":"Nat\u00fcrliche Hunde Shampoo Bar &#8211; Wei\u00dfe Rose, Lavendel, Ylang Ylang"}]},{"@type":"WebSite","@id":"https:\/\/frenkylewis.com\/#website","url":"https:\/\/frenkylewis.com\/","name":"Frenky Lewis","description":"100% natural dogcare","publisher":{"@id":"https:\/\/frenkylewis.com\/#organization"},"potentialAction":[{"@type":"SearchAction","target":{"@type":"EntryPoint","urlTemplate":"https:\/\/frenkylewis.com\/?s={search_term_string}"},"query-input":{"@type":"PropertyValueSpecification","valueRequired":true,"valueName":"search_term_string"}}],"inLanguage":"de"},{"@type":"Organization","@id":"https:\/\/frenkylewis.com\/#organization","name":"Frenky Lewis","url":"https:\/\/frenkylewis.com\/","logo":{"@type":"ImageObject","inLanguage":"de","@id":"https:\/\/frenkylewis.com\/#\/schema\/logo\/image\/","url":"https:\/\/frenkylewis.com\/wp-content\/uploads\/2022\/08\/logo-black.png","contentUrl":"https:\/\/frenkylewis.com\/wp-content\/uploads\/2022\/08\/logo-black.png","width":2607,"height":661,"caption":"Frenky Lewis"},"image":{"@id":"https:\/\/frenkylewis.com\/#\/schema\/logo\/image\/"}}]}},"_links":{"self":[{"href":"https:\/\/frenkylewis.com\/de\/wp-json\/wp\/v2\/product\/16491","targetHints":{"allow":["GET"]}}],"collection":[{"href":"https:\/\/frenkylewis.com\/de\/wp-json\/wp\/v2\/product"}],"about":[{"href":"https:\/\/frenkylewis.com\/de\/wp-json\/wp\/v2\/types\/product"}],"replies":[{"embeddable":true,"href":"https:\/\/frenkylewis.com\/de\/wp-json\/wp\/v2\/comments?post=16491"}],"wp:featuredmedia":[{"embeddable":true,"href":"https:\/\/frenkylewis.com\/de\/wp-json\/wp\/v2\/media\/9672"}],"wp:attachment":[{"href":"https:\/\/frenkylewis.com\/de\/wp-json\/wp\/v2\/media?parent=16491"}],"wp:term":[{"taxonomy":"product_brand","embeddable":true,"href":"https:\/\/frenkylewis.com\/de\/wp-json\/wp\/v2\/product_brand?post=16491"},{"taxonomy":"product_cat","embeddable":true,"href":"https:\/\/frenkylewis.com\/de\/wp-json\/wp\/v2\/product_cat?post=16491"},{"taxonomy":"product_tag","embeddable":true,"href":"https:\/\/frenkylewis.com\/de\/wp-json\/wp\/v2\/product_tag?post=16491"}],"curies":[{"name":"wp","href":"https:\/\/api.w.org\/{rel}","templated":true}]}}