{"id":16473,"date":"2024-08-06T09:00:48","date_gmt":"2024-08-06T07:00:48","guid":{"rendered":"https:\/\/frenkylewis.com\/p\/naturliches-trockenshampoo-conditioner-spray-150ml-sandelholz-jasmin-vanille-de\/"},"modified":"2026-03-09T21:15:23","modified_gmt":"2026-03-09T20:15:23","slug":"naturliches-trockenshampoo-conditioner-spray-150ml-sandelholz-jasmin-vanille-de","status":"publish","type":"product","link":"https:\/\/frenkylewis.com\/de\/p\/naturliches-trockenshampoo-conditioner-spray-150ml-sandelholz-jasmin-vanille-de\/","title":{"rendered":"Nat\u00fcrliches Trockenshampoo &#038; Conditioner Spray 150ml Sandelholz, Jasmin &#038; Vanille"},"content":{"rendered":"<p><span style=\"font-weight: 400;\">100% NAT\u00dcRLICHES Trockenshampoo &amp; Conditioner Spray.<\/span><\/p>\n<p><span style=\"font-weight: 400;\">Spray &amp; GO: Reinigen Sie Ihren Hund ohne Baden. <\/span><\/p>\n<p><span style=\"font-weight: 400;\">Mag Ihr Hund kein Duschen? Springt er gerne in den Graben? <\/span><\/p>\n<p>Verwenden Sie dann unser Trockenshampoo &amp; Conditioner Spray und Ihr Hund riecht wieder herrlich und f\u00fchlt sich wieder sauber an.<\/p>\n<p><span style=\"font-weight: 400;\">Dieses Trockenshampoo mit Conditioner enth\u00e4lt nat\u00fcrliche Saponine aus indischen Waschn\u00fcssen, die das Fell reinigen. <\/span><\/p>\n<p><span style=\"font-weight: 400;\">Hanfsamen\u00f6l wirkt antibakteriell und Aloe Vera spendet dem Fell Feuchtigkeit. <\/span><\/p>\n<p><span style=\"font-weight: 400;\">Es macht das Fell leichter k\u00e4mmbar und hat eine r\u00fcckfettende Wirkung.<\/span><\/p>\n","protected":false},"excerpt":{"rendered":"<p><span style=\"font-weight: 400;\">100% NATUURLIJKE Droogshampoo &amp; conditioner spray.<\/span><\/p>\n<p><span style=\"font-weight: 400;\">Spray &amp; Go: zonder douchen je hond reinigen.\u00a0<\/span><\/p>\n<p>Deze conditioner bevat geuren van sandalwood, jasmijn en vanille en hoort bij de Wild Garden lijn. Bekijk hier onze <a href=\"https:\/\/frenkylewis.com\/p\/natuurlijke-dog-parfume-30ml-wild-garden\/\">Wild Garden hondenparfum<\/a>, <a href=\"https:\/\/frenkylewis.com\/de\/p\/naturliche-hunde-shampoo-bar-rosmarin-eichenmoos-patschuli-de\/\">shampoo bar<\/a> en <a href=\"https:\/\/frenkylewis.com\/p\/natuurlijke-dog-shampoo-200ml-rozemarijn-eikenmos-patchouli\/\">shampoo<\/a>.<\/p>\n","protected":false},"featured_media":16657,"comment_status":"closed","ping_status":"closed","template":"","meta":{"_acf_changed":false,"_monsterinsights_skip_tracking":false,"_monsterinsights_sitenote_active":false,"_monsterinsights_sitenote_note":"","_monsterinsights_sitenote_category":0},"product_brand":[],"product_cat":[193,210,243,282,184],"product_tag":[],"class_list":{"0":"post-16473","1":"product","2":"type-product","3":"status-publish","4":"has-post-thumbnail","6":"product_cat-duft-sandelholz-jasmin-vanille","7":"product_cat-hunde","8":"product_cat-pflegeprodukte","9":"product_cat-signature","10":"product_cat-trockenshampoo-conditioner-spray","12":"first","13":"instock","14":"taxable","15":"shipping-taxable","16":"purchasable","17":"product-type-simple"},"acf":[],"yoast_head":"<!-- This site is optimized with the Yoast SEO plugin v26.9 - https:\/\/yoast.com\/product\/yoast-seo-wordpress\/ -->\n<title>Nat\u00fcrliches Trockenshampoo &amp; Conditioner Spray 150ml Sandelholz, Jasmin &amp; Vanille - Frenky Lewis<\/title>\n<meta name=\"robots\" content=\"index, follow, max-snippet:-1, max-image-preview:large, max-video-preview:-1\" \/>\n<link rel=\"canonical\" href=\"https:\/\/frenkylewis.com\/p\/natuurlijke-dog-conditioner-150ml-sandalwood-jasmijn-vanille\/\" \/>\n<meta property=\"og:locale\" content=\"de_DE\" \/>\n<meta property=\"og:type\" content=\"article\" \/>\n<meta property=\"og:title\" content=\"Nat\u00fcrliches Trockenshampoo &amp; Conditioner Spray 150ml Sandelholz, Jasmin &amp; Vanille - Frenky Lewis\" \/>\n<meta property=\"og:description\" content=\"100% NATUURLIJKE Droogshampoo &amp; conditioner spray.  Spray &amp; Go: zonder douchen je hond reinigen.\u00a0  Deze conditioner bevat geuren van sandalwood, jasmijn en vanille en hoort bij de Wild Garden lijn. Bekijk hier onze Wild Garden hondenparfum, shampoo bar en shampoo.\" \/>\n<meta property=\"og:url\" content=\"https:\/\/frenkylewis.com\/p\/natuurlijke-dog-conditioner-150ml-sandalwood-jasmijn-vanille\/\" \/>\n<meta property=\"og:site_name\" content=\"Frenky Lewis\" \/>\n<meta property=\"article:modified_time\" content=\"2026-03-09T20:15:23+00:00\" \/>\n<meta property=\"og:image\" content=\"https:\/\/frenkylewis.com\/wp-content\/uploads\/2024\/08\/Natuurlijke-droogshampoo-conditioner-spray-roze.jpg\" \/>\n\t<meta property=\"og:image:width\" content=\"1250\" \/>\n\t<meta property=\"og:image:height\" content=\"1250\" \/>\n\t<meta property=\"og:image:type\" content=\"image\/jpeg\" \/>\n<meta name=\"twitter:card\" content=\"summary_large_image\" \/>\n<script type=\"application\/ld+json\" class=\"yoast-schema-graph\">{\"@context\":\"https:\/\/schema.org\",\"@graph\":[{\"@type\":\"WebPage\",\"@id\":\"https:\/\/frenkylewis.com\/p\/natuurlijke-dog-conditioner-150ml-sandalwood-jasmijn-vanille\/\",\"url\":\"https:\/\/frenkylewis.com\/p\/natuurlijke-dog-conditioner-150ml-sandalwood-jasmijn-vanille\/\",\"name\":\"Nat\u00fcrliches Trockenshampoo & Conditioner Spray 150ml Sandelholz, Jasmin & Vanille - Frenky Lewis\",\"isPartOf\":{\"@id\":\"https:\/\/frenkylewis.com\/#website\"},\"primaryImageOfPage\":{\"@id\":\"https:\/\/frenkylewis.com\/p\/natuurlijke-dog-conditioner-150ml-sandalwood-jasmijn-vanille\/#primaryimage\"},\"image\":{\"@id\":\"https:\/\/frenkylewis.com\/p\/natuurlijke-dog-conditioner-150ml-sandalwood-jasmijn-vanille\/#primaryimage\"},\"thumbnailUrl\":\"https:\/\/frenkylewis.com\/wp-content\/uploads\/2024\/12\/Producten-frenkylewis26-33.png\",\"datePublished\":\"2024-08-06T07:00:48+00:00\",\"dateModified\":\"2026-03-09T20:15:23+00:00\",\"breadcrumb\":{\"@id\":\"https:\/\/frenkylewis.com\/p\/natuurlijke-dog-conditioner-150ml-sandalwood-jasmijn-vanille\/#breadcrumb\"},\"inLanguage\":\"de\",\"potentialAction\":[{\"@type\":\"ReadAction\",\"target\":[\"https:\/\/frenkylewis.com\/p\/natuurlijke-dog-conditioner-150ml-sandalwood-jasmijn-vanille\/\"]}]},{\"@type\":\"ImageObject\",\"inLanguage\":\"de\",\"@id\":\"https:\/\/frenkylewis.com\/p\/natuurlijke-dog-conditioner-150ml-sandalwood-jasmijn-vanille\/#primaryimage\",\"url\":\"https:\/\/frenkylewis.com\/wp-content\/uploads\/2024\/12\/Producten-frenkylewis26-33.png\",\"contentUrl\":\"https:\/\/frenkylewis.com\/wp-content\/uploads\/2024\/12\/Producten-frenkylewis26-33.png\",\"width\":1240,\"height\":1240},{\"@type\":\"BreadcrumbList\",\"@id\":\"https:\/\/frenkylewis.com\/p\/natuurlijke-dog-conditioner-150ml-sandalwood-jasmijn-vanille\/#breadcrumb\",\"itemListElement\":[{\"@type\":\"ListItem\",\"position\":1,\"name\":\"Home\",\"item\":\"https:\/\/frenkylewis.com\/\"},{\"@type\":\"ListItem\",\"position\":2,\"name\":\"Shop\",\"item\":\"https:\/\/frenkylewis.com\/de\/shop\/\"},{\"@type\":\"ListItem\",\"position\":3,\"name\":\"Nat\u00fcrliches Trockenshampoo &#038; Conditioner Spray 150ml Sandelholz, Jasmin &#038; Vanille\"}]},{\"@type\":\"WebSite\",\"@id\":\"https:\/\/frenkylewis.com\/#website\",\"url\":\"https:\/\/frenkylewis.com\/\",\"name\":\"Frenky Lewis\",\"description\":\"100% natural dogcare\",\"publisher\":{\"@id\":\"https:\/\/frenkylewis.com\/#organization\"},\"potentialAction\":[{\"@type\":\"SearchAction\",\"target\":{\"@type\":\"EntryPoint\",\"urlTemplate\":\"https:\/\/frenkylewis.com\/?s={search_term_string}\"},\"query-input\":{\"@type\":\"PropertyValueSpecification\",\"valueRequired\":true,\"valueName\":\"search_term_string\"}}],\"inLanguage\":\"de\"},{\"@type\":\"Organization\",\"@id\":\"https:\/\/frenkylewis.com\/#organization\",\"name\":\"Frenky Lewis\",\"url\":\"https:\/\/frenkylewis.com\/\",\"logo\":{\"@type\":\"ImageObject\",\"inLanguage\":\"de\",\"@id\":\"https:\/\/frenkylewis.com\/#\/schema\/logo\/image\/\",\"url\":\"https:\/\/frenkylewis.com\/wp-content\/uploads\/2022\/08\/logo-black.png\",\"contentUrl\":\"https:\/\/frenkylewis.com\/wp-content\/uploads\/2022\/08\/logo-black.png\",\"width\":2607,\"height\":661,\"caption\":\"Frenky Lewis\"},\"image\":{\"@id\":\"https:\/\/frenkylewis.com\/#\/schema\/logo\/image\/\"}}]}<\/script>\n<!-- \/ Yoast SEO plugin. -->","yoast_head_json":{"title":"Nat\u00fcrliches Trockenshampoo & Conditioner Spray 150ml Sandelholz, Jasmin & Vanille - Frenky Lewis","robots":{"index":"index","follow":"follow","max-snippet":"max-snippet:-1","max-image-preview":"max-image-preview:large","max-video-preview":"max-video-preview:-1"},"canonical":"https:\/\/frenkylewis.com\/p\/natuurlijke-dog-conditioner-150ml-sandalwood-jasmijn-vanille\/","og_locale":"de_DE","og_type":"article","og_title":"Nat\u00fcrliches Trockenshampoo & Conditioner Spray 150ml Sandelholz, Jasmin & Vanille - Frenky Lewis","og_description":"100% NATUURLIJKE Droogshampoo &amp; conditioner spray.  Spray &amp; Go: zonder douchen je hond reinigen.\u00a0  Deze conditioner bevat geuren van sandalwood, jasmijn en vanille en hoort bij de Wild Garden lijn. Bekijk hier onze Wild Garden hondenparfum, shampoo bar en shampoo.","og_url":"https:\/\/frenkylewis.com\/p\/natuurlijke-dog-conditioner-150ml-sandalwood-jasmijn-vanille\/","og_site_name":"Frenky Lewis","article_modified_time":"2026-03-09T20:15:23+00:00","og_image":[{"width":1250,"height":1250,"url":"https:\/\/frenkylewis.com\/wp-content\/uploads\/2024\/08\/Natuurlijke-droogshampoo-conditioner-spray-roze.jpg","type":"image\/jpeg"}],"twitter_card":"summary_large_image","schema":{"@context":"https:\/\/schema.org","@graph":[{"@type":"WebPage","@id":"https:\/\/frenkylewis.com\/p\/natuurlijke-dog-conditioner-150ml-sandalwood-jasmijn-vanille\/","url":"https:\/\/frenkylewis.com\/p\/natuurlijke-dog-conditioner-150ml-sandalwood-jasmijn-vanille\/","name":"Nat\u00fcrliches Trockenshampoo & Conditioner Spray 150ml Sandelholz, Jasmin & Vanille - Frenky Lewis","isPartOf":{"@id":"https:\/\/frenkylewis.com\/#website"},"primaryImageOfPage":{"@id":"https:\/\/frenkylewis.com\/p\/natuurlijke-dog-conditioner-150ml-sandalwood-jasmijn-vanille\/#primaryimage"},"image":{"@id":"https:\/\/frenkylewis.com\/p\/natuurlijke-dog-conditioner-150ml-sandalwood-jasmijn-vanille\/#primaryimage"},"thumbnailUrl":"https:\/\/frenkylewis.com\/wp-content\/uploads\/2024\/12\/Producten-frenkylewis26-33.png","datePublished":"2024-08-06T07:00:48+00:00","dateModified":"2026-03-09T20:15:23+00:00","breadcrumb":{"@id":"https:\/\/frenkylewis.com\/p\/natuurlijke-dog-conditioner-150ml-sandalwood-jasmijn-vanille\/#breadcrumb"},"inLanguage":"de","potentialAction":[{"@type":"ReadAction","target":["https:\/\/frenkylewis.com\/p\/natuurlijke-dog-conditioner-150ml-sandalwood-jasmijn-vanille\/"]}]},{"@type":"ImageObject","inLanguage":"de","@id":"https:\/\/frenkylewis.com\/p\/natuurlijke-dog-conditioner-150ml-sandalwood-jasmijn-vanille\/#primaryimage","url":"https:\/\/frenkylewis.com\/wp-content\/uploads\/2024\/12\/Producten-frenkylewis26-33.png","contentUrl":"https:\/\/frenkylewis.com\/wp-content\/uploads\/2024\/12\/Producten-frenkylewis26-33.png","width":1240,"height":1240},{"@type":"BreadcrumbList","@id":"https:\/\/frenkylewis.com\/p\/natuurlijke-dog-conditioner-150ml-sandalwood-jasmijn-vanille\/#breadcrumb","itemListElement":[{"@type":"ListItem","position":1,"name":"Home","item":"https:\/\/frenkylewis.com\/"},{"@type":"ListItem","position":2,"name":"Shop","item":"https:\/\/frenkylewis.com\/de\/shop\/"},{"@type":"ListItem","position":3,"name":"Nat\u00fcrliches Trockenshampoo &#038; Conditioner Spray 150ml Sandelholz, Jasmin &#038; Vanille"}]},{"@type":"WebSite","@id":"https:\/\/frenkylewis.com\/#website","url":"https:\/\/frenkylewis.com\/","name":"Frenky Lewis","description":"100% natural dogcare","publisher":{"@id":"https:\/\/frenkylewis.com\/#organization"},"potentialAction":[{"@type":"SearchAction","target":{"@type":"EntryPoint","urlTemplate":"https:\/\/frenkylewis.com\/?s={search_term_string}"},"query-input":{"@type":"PropertyValueSpecification","valueRequired":true,"valueName":"search_term_string"}}],"inLanguage":"de"},{"@type":"Organization","@id":"https:\/\/frenkylewis.com\/#organization","name":"Frenky Lewis","url":"https:\/\/frenkylewis.com\/","logo":{"@type":"ImageObject","inLanguage":"de","@id":"https:\/\/frenkylewis.com\/#\/schema\/logo\/image\/","url":"https:\/\/frenkylewis.com\/wp-content\/uploads\/2022\/08\/logo-black.png","contentUrl":"https:\/\/frenkylewis.com\/wp-content\/uploads\/2022\/08\/logo-black.png","width":2607,"height":661,"caption":"Frenky Lewis"},"image":{"@id":"https:\/\/frenkylewis.com\/#\/schema\/logo\/image\/"}}]}},"_links":{"self":[{"href":"https:\/\/frenkylewis.com\/de\/wp-json\/wp\/v2\/product\/16473","targetHints":{"allow":["GET"]}}],"collection":[{"href":"https:\/\/frenkylewis.com\/de\/wp-json\/wp\/v2\/product"}],"about":[{"href":"https:\/\/frenkylewis.com\/de\/wp-json\/wp\/v2\/types\/product"}],"replies":[{"embeddable":true,"href":"https:\/\/frenkylewis.com\/de\/wp-json\/wp\/v2\/comments?post=16473"}],"wp:featuredmedia":[{"embeddable":true,"href":"https:\/\/frenkylewis.com\/de\/wp-json\/wp\/v2\/media\/16657"}],"wp:attachment":[{"href":"https:\/\/frenkylewis.com\/de\/wp-json\/wp\/v2\/media?parent=16473"}],"wp:term":[{"taxonomy":"product_brand","embeddable":true,"href":"https:\/\/frenkylewis.com\/de\/wp-json\/wp\/v2\/product_brand?post=16473"},{"taxonomy":"product_cat","embeddable":true,"href":"https:\/\/frenkylewis.com\/de\/wp-json\/wp\/v2\/product_cat?post=16473"},{"taxonomy":"product_tag","embeddable":true,"href":"https:\/\/frenkylewis.com\/de\/wp-json\/wp\/v2\/product_tag?post=16473"}],"curies":[{"name":"wp","href":"https:\/\/api.w.org\/{rel}","templated":true}]}}