{"id":16464,"date":"2024-08-06T15:48:54","date_gmt":"2024-08-06T13:48:54","guid":{"rendered":"https:\/\/frenkylewis.com\/p\/naturliches-hundeparfum-30ml-noble-woods-de\/"},"modified":"2026-03-09T21:15:22","modified_gmt":"2026-03-09T20:15:22","slug":"naturliches-hundeparfum-30ml-noble-woods-de","status":"publish","type":"product","link":"https:\/\/frenkylewis.com\/de\/p\/naturliches-hundeparfum-30ml-noble-woods-de\/","title":{"rendered":"Nat\u00fcrliches Hundeparf\u00fcm 30ml Noble Woods"},"content":{"rendered":"<p>Warm, houtachtig en rijk is de beste omschrijving voor deze geur. De combinatie van Groene Thee, Bergamot &amp; Eik\u00a0 brengt je naar een geurig herfstbos. Laat je meevoeren door de oeroude bomen met deze klassieke geur.<\/p>\n<p>Meer producten met deze Noble Woods geur? Bekijk de hele lijn! Hier vind je onze <a href=\"https:\/\/frenkylewis.com\/de\/p\/naturliche-hunde-shampoo-bar-schwarzeiche-zeder-kiefern-de\/\">shampoo bar<\/a>, <a href=\"https:\/\/frenkylewis.com\/de\/p\/naturliches-hundeshampoo-200ml-gruner-tee-bergamotte-de\/\">shampoo<\/a> en\u00a0<a href=\"https:\/\/frenkylewis.com\/de\/p\/naturliches-trockenshampoo-conditioner-spray-150ml-gruner-tee-bergamotte-de\/\">conditioner<\/a> met Groene Thee, Bergamot &amp; Eik\u00a0.<\/p>\n","protected":false},"excerpt":{"rendered":"<p>Duftt\u00f6ne: Schwarzeiche, Zeder &amp; Kiefern. Sanft f\u00fcr die Hundenase: wenig s\u00fc\u00dfe und saure T\u00f6ne.<\/p>\n","protected":false},"featured_media":16675,"comment_status":"closed","ping_status":"closed","template":"","meta":{"_acf_changed":false,"_monsterinsights_skip_tracking":false,"_monsterinsights_sitenote_active":false,"_monsterinsights_sitenote_note":"","_monsterinsights_sitenote_category":0},"product_brand":[],"product_cat":[190,210,225,243,282],"product_tag":[],"class_list":{"0":"post-16464","1":"product","2":"type-product","3":"status-publish","4":"has-post-thumbnail","6":"product_cat-duft-gruner-tee-bergamotte","7":"product_cat-hunde","8":"product_cat-parfum","9":"product_cat-pflegeprodukte","10":"product_cat-signature","12":"first","13":"instock","14":"taxable","15":"shipping-taxable","16":"purchasable","17":"product-type-simple"},"acf":[],"yoast_head":"<!-- This site is optimized with the Yoast SEO plugin v26.9 - https:\/\/yoast.com\/product\/yoast-seo-wordpress\/ -->\n<title>Nat\u00fcrliches Hundeparf\u00fcm 30ml Noble Woods - Frenky Lewis<\/title>\n<meta name=\"robots\" content=\"index, follow, max-snippet:-1, max-image-preview:large, max-video-preview:-1\" \/>\n<link rel=\"canonical\" href=\"https:\/\/frenkylewis.com\/p\/natuurlijke-dog-perfume-30ml-noble-woods\/\" \/>\n<meta property=\"og:locale\" content=\"de_DE\" \/>\n<meta property=\"og:type\" content=\"article\" \/>\n<meta property=\"og:title\" content=\"Nat\u00fcrliches Hundeparf\u00fcm 30ml Noble Woods - Frenky Lewis\" \/>\n<meta property=\"og:description\" content=\"Duftt\u00f6ne: Schwarzeiche, Zeder &amp; Kiefern. Sanft f\u00fcr die Hundenase: wenig s\u00fc\u00dfe und saure T\u00f6ne.\" \/>\n<meta property=\"og:url\" content=\"https:\/\/frenkylewis.com\/p\/natuurlijke-dog-perfume-30ml-noble-woods\/\" \/>\n<meta property=\"og:site_name\" content=\"Frenky Lewis\" \/>\n<meta property=\"article:modified_time\" content=\"2026-03-09T20:15:22+00:00\" \/>\n<meta property=\"og:image\" content=\"https:\/\/frenkylewis.com\/wp-content\/uploads\/2024\/08\/Packshot-PAR.GTB_.30-Staand-close-scaled-1.jpg\" \/>\n\t<meta property=\"og:image:width\" content=\"1707\" \/>\n\t<meta property=\"og:image:height\" content=\"2560\" \/>\n\t<meta property=\"og:image:type\" content=\"image\/jpeg\" \/>\n<meta name=\"twitter:card\" content=\"summary_large_image\" \/>\n<script type=\"application\/ld+json\" class=\"yoast-schema-graph\">{\"@context\":\"https:\/\/schema.org\",\"@graph\":[{\"@type\":\"WebPage\",\"@id\":\"https:\/\/frenkylewis.com\/p\/natuurlijke-dog-perfume-30ml-noble-woods\/\",\"url\":\"https:\/\/frenkylewis.com\/p\/natuurlijke-dog-perfume-30ml-noble-woods\/\",\"name\":\"Nat\u00fcrliches Hundeparf\u00fcm 30ml Noble Woods - Frenky Lewis\",\"isPartOf\":{\"@id\":\"https:\/\/frenkylewis.com\/#website\"},\"primaryImageOfPage\":{\"@id\":\"https:\/\/frenkylewis.com\/p\/natuurlijke-dog-perfume-30ml-noble-woods\/#primaryimage\"},\"image\":{\"@id\":\"https:\/\/frenkylewis.com\/p\/natuurlijke-dog-perfume-30ml-noble-woods\/#primaryimage\"},\"thumbnailUrl\":\"https:\/\/frenkylewis.com\/wp-content\/uploads\/2024\/12\/Producten-frenkylewis26-35.png\",\"datePublished\":\"2024-08-06T13:48:54+00:00\",\"dateModified\":\"2026-03-09T20:15:22+00:00\",\"breadcrumb\":{\"@id\":\"https:\/\/frenkylewis.com\/p\/natuurlijke-dog-perfume-30ml-noble-woods\/#breadcrumb\"},\"inLanguage\":\"de\",\"potentialAction\":[{\"@type\":\"ReadAction\",\"target\":[\"https:\/\/frenkylewis.com\/p\/natuurlijke-dog-perfume-30ml-noble-woods\/\"]}]},{\"@type\":\"ImageObject\",\"inLanguage\":\"de\",\"@id\":\"https:\/\/frenkylewis.com\/p\/natuurlijke-dog-perfume-30ml-noble-woods\/#primaryimage\",\"url\":\"https:\/\/frenkylewis.com\/wp-content\/uploads\/2024\/12\/Producten-frenkylewis26-35.png\",\"contentUrl\":\"https:\/\/frenkylewis.com\/wp-content\/uploads\/2024\/12\/Producten-frenkylewis26-35.png\",\"width\":1240,\"height\":1240},{\"@type\":\"BreadcrumbList\",\"@id\":\"https:\/\/frenkylewis.com\/p\/natuurlijke-dog-perfume-30ml-noble-woods\/#breadcrumb\",\"itemListElement\":[{\"@type\":\"ListItem\",\"position\":1,\"name\":\"Home\",\"item\":\"https:\/\/frenkylewis.com\/\"},{\"@type\":\"ListItem\",\"position\":2,\"name\":\"Shop\",\"item\":\"https:\/\/frenkylewis.com\/de\/shop\/\"},{\"@type\":\"ListItem\",\"position\":3,\"name\":\"Nat\u00fcrliches Hundeparf\u00fcm 30ml Noble Woods\"}]},{\"@type\":\"WebSite\",\"@id\":\"https:\/\/frenkylewis.com\/#website\",\"url\":\"https:\/\/frenkylewis.com\/\",\"name\":\"Frenky Lewis\",\"description\":\"100% natural dogcare\",\"publisher\":{\"@id\":\"https:\/\/frenkylewis.com\/#organization\"},\"potentialAction\":[{\"@type\":\"SearchAction\",\"target\":{\"@type\":\"EntryPoint\",\"urlTemplate\":\"https:\/\/frenkylewis.com\/?s={search_term_string}\"},\"query-input\":{\"@type\":\"PropertyValueSpecification\",\"valueRequired\":true,\"valueName\":\"search_term_string\"}}],\"inLanguage\":\"de\"},{\"@type\":\"Organization\",\"@id\":\"https:\/\/frenkylewis.com\/#organization\",\"name\":\"Frenky Lewis\",\"url\":\"https:\/\/frenkylewis.com\/\",\"logo\":{\"@type\":\"ImageObject\",\"inLanguage\":\"de\",\"@id\":\"https:\/\/frenkylewis.com\/#\/schema\/logo\/image\/\",\"url\":\"https:\/\/frenkylewis.com\/wp-content\/uploads\/2022\/08\/logo-black.png\",\"contentUrl\":\"https:\/\/frenkylewis.com\/wp-content\/uploads\/2022\/08\/logo-black.png\",\"width\":2607,\"height\":661,\"caption\":\"Frenky Lewis\"},\"image\":{\"@id\":\"https:\/\/frenkylewis.com\/#\/schema\/logo\/image\/\"}}]}<\/script>\n<!-- \/ Yoast SEO plugin. -->","yoast_head_json":{"title":"Nat\u00fcrliches Hundeparf\u00fcm 30ml Noble Woods - Frenky Lewis","robots":{"index":"index","follow":"follow","max-snippet":"max-snippet:-1","max-image-preview":"max-image-preview:large","max-video-preview":"max-video-preview:-1"},"canonical":"https:\/\/frenkylewis.com\/p\/natuurlijke-dog-perfume-30ml-noble-woods\/","og_locale":"de_DE","og_type":"article","og_title":"Nat\u00fcrliches Hundeparf\u00fcm 30ml Noble Woods - Frenky Lewis","og_description":"Duftt\u00f6ne: Schwarzeiche, Zeder &amp; Kiefern. Sanft f\u00fcr die Hundenase: wenig s\u00fc\u00dfe und saure T\u00f6ne.","og_url":"https:\/\/frenkylewis.com\/p\/natuurlijke-dog-perfume-30ml-noble-woods\/","og_site_name":"Frenky Lewis","article_modified_time":"2026-03-09T20:15:22+00:00","og_image":[{"width":1707,"height":2560,"url":"https:\/\/frenkylewis.com\/wp-content\/uploads\/2024\/08\/Packshot-PAR.GTB_.30-Staand-close-scaled-1.jpg","type":"image\/jpeg"}],"twitter_card":"summary_large_image","schema":{"@context":"https:\/\/schema.org","@graph":[{"@type":"WebPage","@id":"https:\/\/frenkylewis.com\/p\/natuurlijke-dog-perfume-30ml-noble-woods\/","url":"https:\/\/frenkylewis.com\/p\/natuurlijke-dog-perfume-30ml-noble-woods\/","name":"Nat\u00fcrliches Hundeparf\u00fcm 30ml Noble Woods - Frenky Lewis","isPartOf":{"@id":"https:\/\/frenkylewis.com\/#website"},"primaryImageOfPage":{"@id":"https:\/\/frenkylewis.com\/p\/natuurlijke-dog-perfume-30ml-noble-woods\/#primaryimage"},"image":{"@id":"https:\/\/frenkylewis.com\/p\/natuurlijke-dog-perfume-30ml-noble-woods\/#primaryimage"},"thumbnailUrl":"https:\/\/frenkylewis.com\/wp-content\/uploads\/2024\/12\/Producten-frenkylewis26-35.png","datePublished":"2024-08-06T13:48:54+00:00","dateModified":"2026-03-09T20:15:22+00:00","breadcrumb":{"@id":"https:\/\/frenkylewis.com\/p\/natuurlijke-dog-perfume-30ml-noble-woods\/#breadcrumb"},"inLanguage":"de","potentialAction":[{"@type":"ReadAction","target":["https:\/\/frenkylewis.com\/p\/natuurlijke-dog-perfume-30ml-noble-woods\/"]}]},{"@type":"ImageObject","inLanguage":"de","@id":"https:\/\/frenkylewis.com\/p\/natuurlijke-dog-perfume-30ml-noble-woods\/#primaryimage","url":"https:\/\/frenkylewis.com\/wp-content\/uploads\/2024\/12\/Producten-frenkylewis26-35.png","contentUrl":"https:\/\/frenkylewis.com\/wp-content\/uploads\/2024\/12\/Producten-frenkylewis26-35.png","width":1240,"height":1240},{"@type":"BreadcrumbList","@id":"https:\/\/frenkylewis.com\/p\/natuurlijke-dog-perfume-30ml-noble-woods\/#breadcrumb","itemListElement":[{"@type":"ListItem","position":1,"name":"Home","item":"https:\/\/frenkylewis.com\/"},{"@type":"ListItem","position":2,"name":"Shop","item":"https:\/\/frenkylewis.com\/de\/shop\/"},{"@type":"ListItem","position":3,"name":"Nat\u00fcrliches Hundeparf\u00fcm 30ml Noble Woods"}]},{"@type":"WebSite","@id":"https:\/\/frenkylewis.com\/#website","url":"https:\/\/frenkylewis.com\/","name":"Frenky Lewis","description":"100% natural dogcare","publisher":{"@id":"https:\/\/frenkylewis.com\/#organization"},"potentialAction":[{"@type":"SearchAction","target":{"@type":"EntryPoint","urlTemplate":"https:\/\/frenkylewis.com\/?s={search_term_string}"},"query-input":{"@type":"PropertyValueSpecification","valueRequired":true,"valueName":"search_term_string"}}],"inLanguage":"de"},{"@type":"Organization","@id":"https:\/\/frenkylewis.com\/#organization","name":"Frenky Lewis","url":"https:\/\/frenkylewis.com\/","logo":{"@type":"ImageObject","inLanguage":"de","@id":"https:\/\/frenkylewis.com\/#\/schema\/logo\/image\/","url":"https:\/\/frenkylewis.com\/wp-content\/uploads\/2022\/08\/logo-black.png","contentUrl":"https:\/\/frenkylewis.com\/wp-content\/uploads\/2022\/08\/logo-black.png","width":2607,"height":661,"caption":"Frenky Lewis"},"image":{"@id":"https:\/\/frenkylewis.com\/#\/schema\/logo\/image\/"}}]}},"_links":{"self":[{"href":"https:\/\/frenkylewis.com\/de\/wp-json\/wp\/v2\/product\/16464","targetHints":{"allow":["GET"]}}],"collection":[{"href":"https:\/\/frenkylewis.com\/de\/wp-json\/wp\/v2\/product"}],"about":[{"href":"https:\/\/frenkylewis.com\/de\/wp-json\/wp\/v2\/types\/product"}],"replies":[{"embeddable":true,"href":"https:\/\/frenkylewis.com\/de\/wp-json\/wp\/v2\/comments?post=16464"}],"wp:featuredmedia":[{"embeddable":true,"href":"https:\/\/frenkylewis.com\/de\/wp-json\/wp\/v2\/media\/16675"}],"wp:attachment":[{"href":"https:\/\/frenkylewis.com\/de\/wp-json\/wp\/v2\/media?parent=16464"}],"wp:term":[{"taxonomy":"product_brand","embeddable":true,"href":"https:\/\/frenkylewis.com\/de\/wp-json\/wp\/v2\/product_brand?post=16464"},{"taxonomy":"product_cat","embeddable":true,"href":"https:\/\/frenkylewis.com\/de\/wp-json\/wp\/v2\/product_cat?post=16464"},{"taxonomy":"product_tag","embeddable":true,"href":"https:\/\/frenkylewis.com\/de\/wp-json\/wp\/v2\/product_tag?post=16464"}],"curies":[{"name":"wp","href":"https:\/\/api.w.org\/{rel}","templated":true}]}}