{"id":16452,"date":"2024-08-07T09:00:50","date_gmt":"2024-08-07T07:00:50","guid":{"rendered":"https:\/\/frenkylewis.com\/p\/naturliches-hundeshampoo-200ml-gruner-tee-bergamotte-de\/"},"modified":"2026-03-09T21:15:19","modified_gmt":"2026-03-09T20:15:19","slug":"naturliches-hundeshampoo-200ml-gruner-tee-bergamotte-de","status":"publish","type":"product","link":"https:\/\/frenkylewis.com\/de\/p\/naturliches-hundeshampoo-200ml-gruner-tee-bergamotte-de\/","title":{"rendered":"Nat\u00fcrliches Hundeshampoo 200ml Gr\u00fcner Tee &#038; Bergamotte"},"content":{"rendered":"<p><span style=\"font-weight: 400;\">100% NAT\u00dcRLICHES SHAMPOO <\/span><\/p>\n<p><span style=\"font-weight: 400;\">Ihr Hund verdient die beste Pflege. Hunde sind viel empfindlicher gegen\u00fcber Unvertr\u00e4glichkeiten als Menschen. Deshalb bieten wir ein 100% nat\u00fcrliches Produkt an. Verpackt in einer nachhaltigen Aluminiumflasche. Unser Shampoo ist sanft zu Fell und Haut Ihres Hundes und die herrlichen D\u00fcfte laden zu stundenlangen Kuscheleinheiten auf dem Sofa ein.<\/span><\/p>\n","protected":false},"excerpt":{"rendered":"<p><span style=\"font-weight: 400;\">100% NAT\u00dcRLICHES SHAMPOO <\/span><\/p>\n<p>Unser Shampoo ist sanft zu Fell und Haut Ihres Hundes. Die herrlichen D\u00fcfte laden zu stundenlangem Kuscheln auf dem Sofa ein.<\/p>\n<p>Dieses Shampoo geh\u00f6rt zur Noble Woods Linie. Hier finden Sie unser <a href=\"https:\/\/frenkylewis.com\/p\/natuurlijke-dog-parfume-30ml-noble-woods\/\">Hundeparf\u00fcm<\/a>, <a href=\"https:\/\/frenkylewis.com\/de\/p\/naturliches-trockenshampoo-conditioner-spray-30ml-gruner-tee-bergamotte-de\/\">Conditioner<\/a> und <a href=\"https:\/\/frenkylewis.com\/de\/p\/naturliche-hunde-shampoo-bar-schwarzeiche-zeder-kiefern-de\/\">Shampoo Bar<\/a>.<\/p>\n","protected":false},"featured_media":16687,"comment_status":"closed","ping_status":"closed","template":"","meta":{"_acf_changed":false,"_monsterinsights_skip_tracking":false,"_monsterinsights_sitenote_active":false,"_monsterinsights_sitenote_note":"","_monsterinsights_sitenote_category":0},"product_brand":[],"product_cat":[190,210,243,280,282],"product_tag":[],"class_list":{"0":"post-16452","1":"product","2":"type-product","3":"status-publish","4":"has-post-thumbnail","6":"product_cat-duft-gruner-tee-bergamotte","7":"product_cat-hunde","8":"product_cat-pflegeprodukte","9":"product_cat-shampoo-signature","10":"product_cat-signature","12":"first","13":"instock","14":"taxable","15":"shipping-taxable","16":"purchasable","17":"product-type-simple"},"acf":[],"yoast_head":"<!-- This site is optimized with the Yoast SEO plugin v27.5 - https:\/\/yoast.com\/product\/yoast-seo-wordpress\/ -->\n<title>Nat\u00fcrliches Hundeshampoo 200ml Gr\u00fcner Tee &amp; Bergamotte - Frenky Lewis<\/title>\n<meta name=\"robots\" content=\"index, follow, max-snippet:-1, max-image-preview:large, max-video-preview:-1\" \/>\n<link rel=\"canonical\" href=\"https:\/\/frenkylewis.com\/de\/p\/naturliches-hundeshampoo-200ml-gruner-tee-bergamotte-de\/\" \/>\n<meta property=\"og:locale\" content=\"de_DE\" \/>\n<meta property=\"og:type\" content=\"article\" \/>\n<meta property=\"og:title\" content=\"Nat\u00fcrliches Hundeshampoo 200ml Gr\u00fcner Tee &amp; Bergamotte - Frenky Lewis\" \/>\n<meta property=\"og:description\" content=\"100% NAT\u00dcRLICHES SHAMPOO   Unser Shampoo ist sanft zu Fell und Haut Ihres Hundes. Die herrlichen D\u00fcfte laden zu stundenlangem Kuscheln auf dem Sofa ein.  Dieses Shampoo geh\u00f6rt zur Noble Woods Linie. Hier finden Sie unser Hundeparf\u00fcm, Conditioner und Shampoo Bar.\" \/>\n<meta property=\"og:url\" content=\"https:\/\/frenkylewis.com\/de\/p\/naturliches-hundeshampoo-200ml-gruner-tee-bergamotte-de\/\" \/>\n<meta property=\"og:site_name\" content=\"Frenky Lewis\" \/>\n<meta property=\"article:modified_time\" content=\"2026-03-09T20:15:19+00:00\" \/>\n<meta property=\"og:image\" content=\"https:\/\/frenkylewis.com\/wp-content\/uploads\/2024\/12\/Producten-frenkylewis26-44.png\" \/>\n\t<meta property=\"og:image:width\" content=\"1240\" \/>\n\t<meta property=\"og:image:height\" content=\"1240\" \/>\n\t<meta property=\"og:image:type\" content=\"image\/png\" \/>\n<meta name=\"twitter:card\" content=\"summary_large_image\" \/>\n<script type=\"application\/ld+json\" class=\"yoast-schema-graph\">{\"@context\":\"https:\\\/\\\/schema.org\",\"@graph\":[{\"@type\":\"WebPage\",\"@id\":\"https:\\\/\\\/frenkylewis.com\\\/de\\\/p\\\/naturliches-hundeshampoo-200ml-gruner-tee-bergamotte-de\\\/\",\"url\":\"https:\\\/\\\/frenkylewis.com\\\/de\\\/p\\\/naturliches-hundeshampoo-200ml-gruner-tee-bergamotte-de\\\/\",\"name\":\"Nat\u00fcrliches Hundeshampoo 200ml Gr\u00fcner Tee & Bergamotte - Frenky Lewis\",\"isPartOf\":{\"@id\":\"https:\\\/\\\/frenkylewis.com\\\/#website\"},\"primaryImageOfPage\":{\"@id\":\"https:\\\/\\\/frenkylewis.com\\\/de\\\/p\\\/naturliches-hundeshampoo-200ml-gruner-tee-bergamotte-de\\\/#primaryimage\"},\"image\":{\"@id\":\"https:\\\/\\\/frenkylewis.com\\\/de\\\/p\\\/naturliches-hundeshampoo-200ml-gruner-tee-bergamotte-de\\\/#primaryimage\"},\"thumbnailUrl\":\"https:\\\/\\\/frenkylewis.com\\\/wp-content\\\/uploads\\\/2024\\\/12\\\/Producten-frenkylewis26-44.png\",\"datePublished\":\"2024-08-07T07:00:50+00:00\",\"dateModified\":\"2026-03-09T20:15:19+00:00\",\"breadcrumb\":{\"@id\":\"https:\\\/\\\/frenkylewis.com\\\/de\\\/p\\\/naturliches-hundeshampoo-200ml-gruner-tee-bergamotte-de\\\/#breadcrumb\"},\"inLanguage\":\"de\",\"potentialAction\":[{\"@type\":\"ReadAction\",\"target\":[\"https:\\\/\\\/frenkylewis.com\\\/de\\\/p\\\/naturliches-hundeshampoo-200ml-gruner-tee-bergamotte-de\\\/\"]}]},{\"@type\":\"ImageObject\",\"inLanguage\":\"de\",\"@id\":\"https:\\\/\\\/frenkylewis.com\\\/de\\\/p\\\/naturliches-hundeshampoo-200ml-gruner-tee-bergamotte-de\\\/#primaryimage\",\"url\":\"https:\\\/\\\/frenkylewis.com\\\/wp-content\\\/uploads\\\/2024\\\/12\\\/Producten-frenkylewis26-44.png\",\"contentUrl\":\"https:\\\/\\\/frenkylewis.com\\\/wp-content\\\/uploads\\\/2024\\\/12\\\/Producten-frenkylewis26-44.png\",\"width\":1240,\"height\":1240},{\"@type\":\"BreadcrumbList\",\"@id\":\"https:\\\/\\\/frenkylewis.com\\\/de\\\/p\\\/naturliches-hundeshampoo-200ml-gruner-tee-bergamotte-de\\\/#breadcrumb\",\"itemListElement\":[{\"@type\":\"ListItem\",\"position\":1,\"name\":\"Home\",\"item\":\"https:\\\/\\\/frenkylewis.com\\\/\"},{\"@type\":\"ListItem\",\"position\":2,\"name\":\"Shop\",\"item\":\"https:\\\/\\\/frenkylewis.com\\\/de\\\/shop\\\/\"},{\"@type\":\"ListItem\",\"position\":3,\"name\":\"Nat\u00fcrliches Hundeshampoo 200ml Gr\u00fcner Tee &#038; Bergamotte\"}]},{\"@type\":\"WebSite\",\"@id\":\"https:\\\/\\\/frenkylewis.com\\\/#website\",\"url\":\"https:\\\/\\\/frenkylewis.com\\\/\",\"name\":\"Frenky Lewis\",\"description\":\"100% natural dogcare\",\"publisher\":{\"@id\":\"https:\\\/\\\/frenkylewis.com\\\/#organization\"},\"potentialAction\":[{\"@type\":\"SearchAction\",\"target\":{\"@type\":\"EntryPoint\",\"urlTemplate\":\"https:\\\/\\\/frenkylewis.com\\\/?s={search_term_string}\"},\"query-input\":{\"@type\":\"PropertyValueSpecification\",\"valueRequired\":true,\"valueName\":\"search_term_string\"}}],\"inLanguage\":\"de\"},{\"@type\":\"Organization\",\"@id\":\"https:\\\/\\\/frenkylewis.com\\\/#organization\",\"name\":\"Frenky Lewis\",\"url\":\"https:\\\/\\\/frenkylewis.com\\\/\",\"logo\":{\"@type\":\"ImageObject\",\"inLanguage\":\"de\",\"@id\":\"https:\\\/\\\/frenkylewis.com\\\/#\\\/schema\\\/logo\\\/image\\\/\",\"url\":\"https:\\\/\\\/frenkylewis.com\\\/wp-content\\\/uploads\\\/2022\\\/08\\\/logo-black.png\",\"contentUrl\":\"https:\\\/\\\/frenkylewis.com\\\/wp-content\\\/uploads\\\/2022\\\/08\\\/logo-black.png\",\"width\":2607,\"height\":661,\"caption\":\"Frenky Lewis\"},\"image\":{\"@id\":\"https:\\\/\\\/frenkylewis.com\\\/#\\\/schema\\\/logo\\\/image\\\/\"}}]}<\/script>\n<!-- \/ Yoast SEO plugin. -->","yoast_head_json":{"title":"Nat\u00fcrliches Hundeshampoo 200ml Gr\u00fcner Tee & Bergamotte - Frenky Lewis","robots":{"index":"index","follow":"follow","max-snippet":"max-snippet:-1","max-image-preview":"max-image-preview:large","max-video-preview":"max-video-preview:-1"},"canonical":"https:\/\/frenkylewis.com\/de\/p\/naturliches-hundeshampoo-200ml-gruner-tee-bergamotte-de\/","og_locale":"de_DE","og_type":"article","og_title":"Nat\u00fcrliches Hundeshampoo 200ml Gr\u00fcner Tee & Bergamotte - Frenky Lewis","og_description":"100% NAT\u00dcRLICHES SHAMPOO   Unser Shampoo ist sanft zu Fell und Haut Ihres Hundes. Die herrlichen D\u00fcfte laden zu stundenlangem Kuscheln auf dem Sofa ein.  Dieses Shampoo geh\u00f6rt zur Noble Woods Linie. Hier finden Sie unser Hundeparf\u00fcm, Conditioner und Shampoo Bar.","og_url":"https:\/\/frenkylewis.com\/de\/p\/naturliches-hundeshampoo-200ml-gruner-tee-bergamotte-de\/","og_site_name":"Frenky Lewis","article_modified_time":"2026-03-09T20:15:19+00:00","og_image":[{"width":1240,"height":1240,"url":"https:\/\/frenkylewis.com\/wp-content\/uploads\/2024\/12\/Producten-frenkylewis26-44.png","type":"image\/png"}],"twitter_card":"summary_large_image","schema":{"@context":"https:\/\/schema.org","@graph":[{"@type":"WebPage","@id":"https:\/\/frenkylewis.com\/de\/p\/naturliches-hundeshampoo-200ml-gruner-tee-bergamotte-de\/","url":"https:\/\/frenkylewis.com\/de\/p\/naturliches-hundeshampoo-200ml-gruner-tee-bergamotte-de\/","name":"Nat\u00fcrliches Hundeshampoo 200ml Gr\u00fcner Tee & Bergamotte - Frenky Lewis","isPartOf":{"@id":"https:\/\/frenkylewis.com\/#website"},"primaryImageOfPage":{"@id":"https:\/\/frenkylewis.com\/de\/p\/naturliches-hundeshampoo-200ml-gruner-tee-bergamotte-de\/#primaryimage"},"image":{"@id":"https:\/\/frenkylewis.com\/de\/p\/naturliches-hundeshampoo-200ml-gruner-tee-bergamotte-de\/#primaryimage"},"thumbnailUrl":"https:\/\/frenkylewis.com\/wp-content\/uploads\/2024\/12\/Producten-frenkylewis26-44.png","datePublished":"2024-08-07T07:00:50+00:00","dateModified":"2026-03-09T20:15:19+00:00","breadcrumb":{"@id":"https:\/\/frenkylewis.com\/de\/p\/naturliches-hundeshampoo-200ml-gruner-tee-bergamotte-de\/#breadcrumb"},"inLanguage":"de","potentialAction":[{"@type":"ReadAction","target":["https:\/\/frenkylewis.com\/de\/p\/naturliches-hundeshampoo-200ml-gruner-tee-bergamotte-de\/"]}]},{"@type":"ImageObject","inLanguage":"de","@id":"https:\/\/frenkylewis.com\/de\/p\/naturliches-hundeshampoo-200ml-gruner-tee-bergamotte-de\/#primaryimage","url":"https:\/\/frenkylewis.com\/wp-content\/uploads\/2024\/12\/Producten-frenkylewis26-44.png","contentUrl":"https:\/\/frenkylewis.com\/wp-content\/uploads\/2024\/12\/Producten-frenkylewis26-44.png","width":1240,"height":1240},{"@type":"BreadcrumbList","@id":"https:\/\/frenkylewis.com\/de\/p\/naturliches-hundeshampoo-200ml-gruner-tee-bergamotte-de\/#breadcrumb","itemListElement":[{"@type":"ListItem","position":1,"name":"Home","item":"https:\/\/frenkylewis.com\/"},{"@type":"ListItem","position":2,"name":"Shop","item":"https:\/\/frenkylewis.com\/de\/shop\/"},{"@type":"ListItem","position":3,"name":"Nat\u00fcrliches Hundeshampoo 200ml Gr\u00fcner Tee &#038; Bergamotte"}]},{"@type":"WebSite","@id":"https:\/\/frenkylewis.com\/#website","url":"https:\/\/frenkylewis.com\/","name":"Frenky Lewis","description":"100% natural dogcare","publisher":{"@id":"https:\/\/frenkylewis.com\/#organization"},"potentialAction":[{"@type":"SearchAction","target":{"@type":"EntryPoint","urlTemplate":"https:\/\/frenkylewis.com\/?s={search_term_string}"},"query-input":{"@type":"PropertyValueSpecification","valueRequired":true,"valueName":"search_term_string"}}],"inLanguage":"de"},{"@type":"Organization","@id":"https:\/\/frenkylewis.com\/#organization","name":"Frenky Lewis","url":"https:\/\/frenkylewis.com\/","logo":{"@type":"ImageObject","inLanguage":"de","@id":"https:\/\/frenkylewis.com\/#\/schema\/logo\/image\/","url":"https:\/\/frenkylewis.com\/wp-content\/uploads\/2022\/08\/logo-black.png","contentUrl":"https:\/\/frenkylewis.com\/wp-content\/uploads\/2022\/08\/logo-black.png","width":2607,"height":661,"caption":"Frenky Lewis"},"image":{"@id":"https:\/\/frenkylewis.com\/#\/schema\/logo\/image\/"}}]}},"_links":{"self":[{"href":"https:\/\/frenkylewis.com\/de\/wp-json\/wp\/v2\/product\/16452","targetHints":{"allow":["GET"]}}],"collection":[{"href":"https:\/\/frenkylewis.com\/de\/wp-json\/wp\/v2\/product"}],"about":[{"href":"https:\/\/frenkylewis.com\/de\/wp-json\/wp\/v2\/types\/product"}],"replies":[{"embeddable":true,"href":"https:\/\/frenkylewis.com\/de\/wp-json\/wp\/v2\/comments?post=16452"}],"wp:featuredmedia":[{"embeddable":true,"href":"https:\/\/frenkylewis.com\/de\/wp-json\/wp\/v2\/media\/16687"}],"wp:attachment":[{"href":"https:\/\/frenkylewis.com\/de\/wp-json\/wp\/v2\/media?parent=16452"}],"wp:term":[{"taxonomy":"product_brand","embeddable":true,"href":"https:\/\/frenkylewis.com\/de\/wp-json\/wp\/v2\/product_brand?post=16452"},{"taxonomy":"product_cat","embeddable":true,"href":"https:\/\/frenkylewis.com\/de\/wp-json\/wp\/v2\/product_cat?post=16452"},{"taxonomy":"product_tag","embeddable":true,"href":"https:\/\/frenkylewis.com\/de\/wp-json\/wp\/v2\/product_tag?post=16452"}],"curies":[{"name":"wp","href":"https:\/\/api.w.org\/{rel}","templated":true}]}}