{"id":16440,"date":"2024-12-09T12:15:35","date_gmt":"2024-12-09T11:15:35","guid":{"rendered":"https:\/\/frenkylewis.com\/p\/anti-smell-spray-green-tea-bergamot-de\/"},"modified":"2026-03-09T21:15:18","modified_gmt":"2026-03-09T20:15:18","slug":"anti-smell-spray-green-tea-bergamot-de","status":"publish","type":"product","link":"https:\/\/frenkylewis.com\/de\/p\/anti-smell-spray-green-tea-bergamot-de\/","title":{"rendered":"Anti Smell spray Green Tea &#038; Bergamot"},"content":{"rendered":"<p>Zeg maar dag tegen nare geurtjes met de Anti Smell Spray. De geur Green Tea &amp; Bergamot zorgt voor een subtiele en aangename geur, perfect voor een snelle opfrissing of wat extra verzorging. Deze natuurlijk spray verwijdert onaangename geuren in plaats van ze te maskeren. Zo blijf je frisheid houden! De spray is speciaal gemaakt voor honden en daarom ook geschikt voor dagelijks gebruik, zelfs voor de honden met een gevoelige huid of vacht.<\/p>\n<p><strong>Voor elk hondenavontuur:<\/strong><\/p>\n<ul>\n<li><strong>Plons in de vijver:<\/strong> Voor die typische natte hondengeur.<\/li>\n<li><strong>Rennen in de regen:<\/strong> Laat je hond weer fris ruiken, zelfs na een harde regenbui.<\/li>\n<li><strong>Rollen in de modder:<\/strong> Geen vieze moddergeur meer.<\/li>\n<li><strong>Een tussentijdse opfrissing:<\/strong> Voor als je even geen tijd hebt om te wassen.<\/li>\n<li><strong>Bezoek van vrienden of familie:<\/strong> Laat je hond altijd welkom ruiken!<\/li>\n<\/ul>\n<p>&nbsp;<\/p>\n<p>Of als je gewoon een beetje extra frisheid wilt!<\/p>\n<p>&nbsp;<\/p>\n","protected":false},"excerpt":{"rendered":"<p>Halten Sie Ihren Hund frisch &amp; geruchsfrei!<\/p>\n<p>Mit unserem 100% nat\u00fcrlichen Anti-Geruch-Spray sorgen Sie daf\u00fcr, dass Ihr Hund immer frisch riecht. Selbst nach einem starken Regenguss oder einer Spielrunde in einer gro\u00dfen Matschpf\u00fctze. Nat\u00fcrlich ohne chemische Zus\u00e4tze!<\/p>\n","protected":false},"featured_media":15749,"comment_status":"closed","ping_status":"closed","template":"","meta":{"_acf_changed":false,"_monsterinsights_skip_tracking":false,"_monsterinsights_sitenote_active":false,"_monsterinsights_sitenote_note":"","_monsterinsights_sitenote_category":0},"product_brand":[],"product_cat":[285,190,199,210,287,282],"product_tag":[],"class_list":{"0":"post-16440","1":"product","2":"type-product","3":"status-publish","4":"has-post-thumbnail","6":"product_cat-anti-geruch-spray","7":"product_cat-duft-gruner-tee-bergamotte","8":"product_cat-dufte","9":"product_cat-hunde","10":"product_cat-neu-bei-frenky-lewis","11":"product_cat-signature","13":"first","14":"instock","15":"taxable","16":"shipping-taxable","17":"purchasable","18":"product-type-simple"},"acf":[],"yoast_head":"<!-- This site is optimized with the Yoast SEO plugin v27.5 - https:\/\/yoast.com\/product\/yoast-seo-wordpress\/ -->\n<title>Anti Smell spray Green Tea &amp; Bergamot - Frenky Lewis<\/title>\n<meta name=\"robots\" content=\"index, follow, max-snippet:-1, max-image-preview:large, max-video-preview:-1\" \/>\n<link rel=\"canonical\" href=\"https:\/\/frenkylewis.com\/p\/anti-smell-spray-green-tea-bergamot\/\" \/>\n<meta property=\"og:locale\" content=\"de_DE\" \/>\n<meta property=\"og:type\" content=\"article\" \/>\n<meta property=\"og:title\" content=\"Anti Smell spray Green Tea &amp; Bergamot - Frenky Lewis\" \/>\n<meta property=\"og:description\" content=\"Halten Sie Ihren Hund frisch &amp; geruchsfrei!  Mit unserem 100% nat\u00fcrlichen Anti-Geruch-Spray sorgen Sie daf\u00fcr, dass Ihr Hund immer frisch riecht. Selbst nach einem starken Regenguss oder einer Spielrunde in einer gro\u00dfen Matschpf\u00fctze. Nat\u00fcrlich ohne chemische Zus\u00e4tze!\" \/>\n<meta property=\"og:url\" content=\"https:\/\/frenkylewis.com\/p\/anti-smell-spray-green-tea-bergamot\/\" \/>\n<meta property=\"og:site_name\" content=\"Frenky Lewis\" \/>\n<meta property=\"article:modified_time\" content=\"2026-03-09T20:15:18+00:00\" \/>\n<meta property=\"og:image\" content=\"https:\/\/frenkylewis.com\/wp-content\/uploads\/2024\/12\/17.png\" \/>\n\t<meta property=\"og:image:width\" content=\"1250\" \/>\n\t<meta property=\"og:image:height\" content=\"1250\" \/>\n\t<meta property=\"og:image:type\" content=\"image\/png\" \/>\n<meta name=\"twitter:card\" content=\"summary_large_image\" \/>\n<meta name=\"twitter:label1\" content=\"Gesch\u00e4tzte Lesezeit\" \/>\n\t<meta name=\"twitter:data1\" content=\"1\u00a0Minute\" \/>\n<script type=\"application\/ld+json\" class=\"yoast-schema-graph\">{\"@context\":\"https:\\\/\\\/schema.org\",\"@graph\":[{\"@type\":\"WebPage\",\"@id\":\"https:\\\/\\\/frenkylewis.com\\\/p\\\/anti-smell-spray-green-tea-bergamot\\\/\",\"url\":\"https:\\\/\\\/frenkylewis.com\\\/p\\\/anti-smell-spray-green-tea-bergamot\\\/\",\"name\":\"Anti Smell spray Green Tea & Bergamot - Frenky Lewis\",\"isPartOf\":{\"@id\":\"https:\\\/\\\/frenkylewis.com\\\/#website\"},\"primaryImageOfPage\":{\"@id\":\"https:\\\/\\\/frenkylewis.com\\\/p\\\/anti-smell-spray-green-tea-bergamot\\\/#primaryimage\"},\"image\":{\"@id\":\"https:\\\/\\\/frenkylewis.com\\\/p\\\/anti-smell-spray-green-tea-bergamot\\\/#primaryimage\"},\"thumbnailUrl\":\"https:\\\/\\\/frenkylewis.com\\\/wp-content\\\/uploads\\\/2024\\\/12\\\/17.png\",\"datePublished\":\"2024-12-09T11:15:35+00:00\",\"dateModified\":\"2026-03-09T20:15:18+00:00\",\"breadcrumb\":{\"@id\":\"https:\\\/\\\/frenkylewis.com\\\/p\\\/anti-smell-spray-green-tea-bergamot\\\/#breadcrumb\"},\"inLanguage\":\"de\",\"potentialAction\":[{\"@type\":\"ReadAction\",\"target\":[\"https:\\\/\\\/frenkylewis.com\\\/p\\\/anti-smell-spray-green-tea-bergamot\\\/\"]}]},{\"@type\":\"ImageObject\",\"inLanguage\":\"de\",\"@id\":\"https:\\\/\\\/frenkylewis.com\\\/p\\\/anti-smell-spray-green-tea-bergamot\\\/#primaryimage\",\"url\":\"https:\\\/\\\/frenkylewis.com\\\/wp-content\\\/uploads\\\/2024\\\/12\\\/17.png\",\"contentUrl\":\"https:\\\/\\\/frenkylewis.com\\\/wp-content\\\/uploads\\\/2024\\\/12\\\/17.png\",\"width\":1250,\"height\":1250},{\"@type\":\"BreadcrumbList\",\"@id\":\"https:\\\/\\\/frenkylewis.com\\\/p\\\/anti-smell-spray-green-tea-bergamot\\\/#breadcrumb\",\"itemListElement\":[{\"@type\":\"ListItem\",\"position\":1,\"name\":\"Home\",\"item\":\"https:\\\/\\\/frenkylewis.com\\\/\"},{\"@type\":\"ListItem\",\"position\":2,\"name\":\"Shop\",\"item\":\"https:\\\/\\\/frenkylewis.com\\\/de\\\/shop\\\/\"},{\"@type\":\"ListItem\",\"position\":3,\"name\":\"Anti Smell spray Green Tea &#038; Bergamot\"}]},{\"@type\":\"WebSite\",\"@id\":\"https:\\\/\\\/frenkylewis.com\\\/#website\",\"url\":\"https:\\\/\\\/frenkylewis.com\\\/\",\"name\":\"Frenky Lewis\",\"description\":\"100% natural dogcare\",\"publisher\":{\"@id\":\"https:\\\/\\\/frenkylewis.com\\\/#organization\"},\"potentialAction\":[{\"@type\":\"SearchAction\",\"target\":{\"@type\":\"EntryPoint\",\"urlTemplate\":\"https:\\\/\\\/frenkylewis.com\\\/?s={search_term_string}\"},\"query-input\":{\"@type\":\"PropertyValueSpecification\",\"valueRequired\":true,\"valueName\":\"search_term_string\"}}],\"inLanguage\":\"de\"},{\"@type\":\"Organization\",\"@id\":\"https:\\\/\\\/frenkylewis.com\\\/#organization\",\"name\":\"Frenky Lewis\",\"url\":\"https:\\\/\\\/frenkylewis.com\\\/\",\"logo\":{\"@type\":\"ImageObject\",\"inLanguage\":\"de\",\"@id\":\"https:\\\/\\\/frenkylewis.com\\\/#\\\/schema\\\/logo\\\/image\\\/\",\"url\":\"https:\\\/\\\/frenkylewis.com\\\/wp-content\\\/uploads\\\/2022\\\/08\\\/logo-black.png\",\"contentUrl\":\"https:\\\/\\\/frenkylewis.com\\\/wp-content\\\/uploads\\\/2022\\\/08\\\/logo-black.png\",\"width\":2607,\"height\":661,\"caption\":\"Frenky Lewis\"},\"image\":{\"@id\":\"https:\\\/\\\/frenkylewis.com\\\/#\\\/schema\\\/logo\\\/image\\\/\"}}]}<\/script>\n<!-- \/ Yoast SEO plugin. -->","yoast_head_json":{"title":"Anti Smell spray Green Tea & Bergamot - Frenky Lewis","robots":{"index":"index","follow":"follow","max-snippet":"max-snippet:-1","max-image-preview":"max-image-preview:large","max-video-preview":"max-video-preview:-1"},"canonical":"https:\/\/frenkylewis.com\/p\/anti-smell-spray-green-tea-bergamot\/","og_locale":"de_DE","og_type":"article","og_title":"Anti Smell spray Green Tea & Bergamot - Frenky Lewis","og_description":"Halten Sie Ihren Hund frisch &amp; geruchsfrei!  Mit unserem 100% nat\u00fcrlichen Anti-Geruch-Spray sorgen Sie daf\u00fcr, dass Ihr Hund immer frisch riecht. Selbst nach einem starken Regenguss oder einer Spielrunde in einer gro\u00dfen Matschpf\u00fctze. Nat\u00fcrlich ohne chemische Zus\u00e4tze!","og_url":"https:\/\/frenkylewis.com\/p\/anti-smell-spray-green-tea-bergamot\/","og_site_name":"Frenky Lewis","article_modified_time":"2026-03-09T20:15:18+00:00","og_image":[{"width":1250,"height":1250,"url":"https:\/\/frenkylewis.com\/wp-content\/uploads\/2024\/12\/17.png","type":"image\/png"}],"twitter_card":"summary_large_image","twitter_misc":{"Gesch\u00e4tzte Lesezeit":"1\u00a0Minute"},"schema":{"@context":"https:\/\/schema.org","@graph":[{"@type":"WebPage","@id":"https:\/\/frenkylewis.com\/p\/anti-smell-spray-green-tea-bergamot\/","url":"https:\/\/frenkylewis.com\/p\/anti-smell-spray-green-tea-bergamot\/","name":"Anti Smell spray Green Tea & Bergamot - Frenky Lewis","isPartOf":{"@id":"https:\/\/frenkylewis.com\/#website"},"primaryImageOfPage":{"@id":"https:\/\/frenkylewis.com\/p\/anti-smell-spray-green-tea-bergamot\/#primaryimage"},"image":{"@id":"https:\/\/frenkylewis.com\/p\/anti-smell-spray-green-tea-bergamot\/#primaryimage"},"thumbnailUrl":"https:\/\/frenkylewis.com\/wp-content\/uploads\/2024\/12\/17.png","datePublished":"2024-12-09T11:15:35+00:00","dateModified":"2026-03-09T20:15:18+00:00","breadcrumb":{"@id":"https:\/\/frenkylewis.com\/p\/anti-smell-spray-green-tea-bergamot\/#breadcrumb"},"inLanguage":"de","potentialAction":[{"@type":"ReadAction","target":["https:\/\/frenkylewis.com\/p\/anti-smell-spray-green-tea-bergamot\/"]}]},{"@type":"ImageObject","inLanguage":"de","@id":"https:\/\/frenkylewis.com\/p\/anti-smell-spray-green-tea-bergamot\/#primaryimage","url":"https:\/\/frenkylewis.com\/wp-content\/uploads\/2024\/12\/17.png","contentUrl":"https:\/\/frenkylewis.com\/wp-content\/uploads\/2024\/12\/17.png","width":1250,"height":1250},{"@type":"BreadcrumbList","@id":"https:\/\/frenkylewis.com\/p\/anti-smell-spray-green-tea-bergamot\/#breadcrumb","itemListElement":[{"@type":"ListItem","position":1,"name":"Home","item":"https:\/\/frenkylewis.com\/"},{"@type":"ListItem","position":2,"name":"Shop","item":"https:\/\/frenkylewis.com\/de\/shop\/"},{"@type":"ListItem","position":3,"name":"Anti Smell spray Green Tea &#038; Bergamot"}]},{"@type":"WebSite","@id":"https:\/\/frenkylewis.com\/#website","url":"https:\/\/frenkylewis.com\/","name":"Frenky Lewis","description":"100% natural dogcare","publisher":{"@id":"https:\/\/frenkylewis.com\/#organization"},"potentialAction":[{"@type":"SearchAction","target":{"@type":"EntryPoint","urlTemplate":"https:\/\/frenkylewis.com\/?s={search_term_string}"},"query-input":{"@type":"PropertyValueSpecification","valueRequired":true,"valueName":"search_term_string"}}],"inLanguage":"de"},{"@type":"Organization","@id":"https:\/\/frenkylewis.com\/#organization","name":"Frenky Lewis","url":"https:\/\/frenkylewis.com\/","logo":{"@type":"ImageObject","inLanguage":"de","@id":"https:\/\/frenkylewis.com\/#\/schema\/logo\/image\/","url":"https:\/\/frenkylewis.com\/wp-content\/uploads\/2022\/08\/logo-black.png","contentUrl":"https:\/\/frenkylewis.com\/wp-content\/uploads\/2022\/08\/logo-black.png","width":2607,"height":661,"caption":"Frenky Lewis"},"image":{"@id":"https:\/\/frenkylewis.com\/#\/schema\/logo\/image\/"}}]}},"_links":{"self":[{"href":"https:\/\/frenkylewis.com\/de\/wp-json\/wp\/v2\/product\/16440","targetHints":{"allow":["GET"]}}],"collection":[{"href":"https:\/\/frenkylewis.com\/de\/wp-json\/wp\/v2\/product"}],"about":[{"href":"https:\/\/frenkylewis.com\/de\/wp-json\/wp\/v2\/types\/product"}],"replies":[{"embeddable":true,"href":"https:\/\/frenkylewis.com\/de\/wp-json\/wp\/v2\/comments?post=16440"}],"wp:featuredmedia":[{"embeddable":true,"href":"https:\/\/frenkylewis.com\/de\/wp-json\/wp\/v2\/media\/15749"}],"wp:attachment":[{"href":"https:\/\/frenkylewis.com\/de\/wp-json\/wp\/v2\/media?parent=16440"}],"wp:term":[{"taxonomy":"product_brand","embeddable":true,"href":"https:\/\/frenkylewis.com\/de\/wp-json\/wp\/v2\/product_brand?post=16440"},{"taxonomy":"product_cat","embeddable":true,"href":"https:\/\/frenkylewis.com\/de\/wp-json\/wp\/v2\/product_cat?post=16440"},{"taxonomy":"product_tag","embeddable":true,"href":"https:\/\/frenkylewis.com\/de\/wp-json\/wp\/v2\/product_tag?post=16440"}],"curies":[{"name":"wp","href":"https:\/\/api.w.org\/{rel}","templated":true}]}}