{"id":16425,"date":"2024-12-09T12:23:28","date_gmt":"2024-12-09T11:23:28","guid":{"rendered":"https:\/\/frenkylewis.com\/p\/car-pillow-spray-green-tea-bergamot-de\/"},"modified":"2026-03-09T21:15:15","modified_gmt":"2026-03-09T20:15:15","slug":"car-pillow-spray-green-tea-bergamot-de","status":"publish","type":"product","link":"https:\/\/frenkylewis.com\/de\/p\/car-pillow-spray-green-tea-bergamot-de\/","title":{"rendered":"Car &#038; Pillow spray Green Tea &#038; Bergamot"},"content":{"rendered":"<p>Mit dem Car &amp; Pillow Spray tun Sie mehr als nur erfrischen \u2013 Sie entfernen wirklich die unangenehmen Ger\u00fcche. Dank der einzigartigen nat\u00fcrlichen Formel werden unerw\u00fcnschte Ger\u00fcche eingekapselt und neutralisiert. So sorgen Sie f\u00fcr eine saubere und frische Umgebung, ohne Hundegeruch. Und das ganz ohne schwere Parf\u00fcms! Verwenden Sie das Spray f\u00fcr Hundek\u00f6rbe, Sofas, Autositze, Kissen, Teppiche und mehr. Dieses Spray wurde speziell mit dem Wohlbefinden Ihres Hundes im Sinn entwickelt. Das Spray ist sicher und sanft f\u00fcr empfindliche Hundenasen. Schaffen Sie eine frische und angenehme Umgebung, wo immer Sie sind!<\/p>\n<p><b>Warum unser Spray w\u00e4hlen?<\/b><\/p>\n<p><strong>Bek\u00e4mpft unangenehme Ger\u00fcche:<\/strong> Packt hartn\u00e4ckige Ger\u00fcche an der Wurzel und sorgt f\u00fcr Frische immer und \u00fcberall!<\/p>\n<p><strong>Sorglos &amp; Sicher:<\/strong> Hergestellt aus 100% nat\u00fcrlichen Inhaltsstoffen.<\/p>\n<p><strong>F\u00fcr jeden Ort:<\/strong> Perfekt f\u00fcr Hundekorb, Auto, Sofa, Kissen und sogar die Kleidung Ihres Hundes.<\/p>\n","protected":false},"excerpt":{"rendered":"<p><span style=\"font-weight: 400;\">Leidet Ihr Sofa, Auto, Teppich oder Hundekissen unter l\u00e4stigem Hundegeruch? Keine Sorge, wir haben die L\u00f6sung! <\/span><\/p>\n<p><span style=\"font-weight: 400;\">Mit unserem speziell entwickelten Spray verschwindet der hartn\u00e4ckige Geruch. Hergestellt aus 100% nat\u00fcrlichen Inhaltsstoffen mit einer Kombination aus frischem Gr\u00fcnem Tee und der spritzigen Zitrusnote von Bergamotte. <\/span><\/p>\n<p><span style=\"font-weight: 400;\">So sind Sie immer und \u00fcberall f\u00fcr einen frischen und angenehmen Duft versorgt. Sicher f\u00fcr den t\u00e4glichen Gebrauch, zu Hause und unterwegs!<\/span><\/p>\n","protected":false},"featured_media":15750,"comment_status":"closed","ping_status":"closed","template":"","meta":{"_acf_changed":false,"_monsterinsights_skip_tracking":false,"_monsterinsights_sitenote_active":false,"_monsterinsights_sitenote_note":"","_monsterinsights_sitenote_category":0},"product_brand":[],"product_cat":[258,190,199,260,210,287,282],"product_tag":[],"class_list":{"0":"post-16425","1":"product","2":"type-product","3":"status-publish","4":"has-post-thumbnail","6":"product_cat-auto-kissenspray","7":"product_cat-duft-gruner-tee-bergamotte","8":"product_cat-dufte","9":"product_cat-heim-pflege","10":"product_cat-hunde","11":"product_cat-neu-bei-frenky-lewis","12":"product_cat-signature","14":"first","15":"instock","16":"taxable","17":"shipping-taxable","18":"purchasable","19":"product-type-simple"},"acf":[],"yoast_head":"<!-- This site is optimized with the Yoast SEO plugin v26.9 - https:\/\/yoast.com\/product\/yoast-seo-wordpress\/ -->\n<title>Car &amp; Pillow spray Green Tea &amp; Bergamot - Frenky Lewis<\/title>\n<meta name=\"robots\" content=\"index, follow, max-snippet:-1, max-image-preview:large, max-video-preview:-1\" \/>\n<link rel=\"canonical\" href=\"https:\/\/frenkylewis.com\/p\/car-pillow-spray-green-tea-bergamot\/\" \/>\n<meta property=\"og:locale\" content=\"de_DE\" \/>\n<meta property=\"og:type\" content=\"article\" \/>\n<meta property=\"og:title\" content=\"Car &amp; Pillow spray Green Tea &amp; Bergamot - Frenky Lewis\" \/>\n<meta property=\"og:description\" content=\"Leidet Ihr Sofa, Auto, Teppich oder Hundekissen unter l\u00e4stigem Hundegeruch? Keine Sorge, wir haben die L\u00f6sung!   Mit unserem speziell entwickelten Spray verschwindet der hartn\u00e4ckige Geruch. Hergestellt aus 100% nat\u00fcrlichen Inhaltsstoffen mit einer Kombination aus frischem Gr\u00fcnem Tee und der spritzigen Zitrusnote von Bergamotte.   So sind Sie immer und \u00fcberall f\u00fcr einen frischen und angenehmen Duft versorgt. Sicher f\u00fcr den t\u00e4glichen Gebrauch, zu Hause und unterwegs!\" \/>\n<meta property=\"og:url\" content=\"https:\/\/frenkylewis.com\/p\/car-pillow-spray-green-tea-bergamot\/\" \/>\n<meta property=\"og:site_name\" content=\"Frenky Lewis\" \/>\n<meta property=\"article:modified_time\" content=\"2026-03-09T20:15:15+00:00\" \/>\n<meta property=\"og:image\" content=\"https:\/\/frenkylewis.com\/wp-content\/uploads\/2024\/12\/18.png\" \/>\n\t<meta property=\"og:image:width\" content=\"1250\" \/>\n\t<meta property=\"og:image:height\" content=\"1250\" \/>\n\t<meta property=\"og:image:type\" content=\"image\/png\" \/>\n<meta name=\"twitter:card\" content=\"summary_large_image\" \/>\n<meta name=\"twitter:label1\" content=\"Gesch\u00e4tzte Lesezeit\" \/>\n\t<meta name=\"twitter:data1\" content=\"1\u00a0Minute\" \/>\n<script type=\"application\/ld+json\" class=\"yoast-schema-graph\">{\"@context\":\"https:\/\/schema.org\",\"@graph\":[{\"@type\":\"WebPage\",\"@id\":\"https:\/\/frenkylewis.com\/p\/car-pillow-spray-green-tea-bergamot\/\",\"url\":\"https:\/\/frenkylewis.com\/p\/car-pillow-spray-green-tea-bergamot\/\",\"name\":\"Car & Pillow spray Green Tea & Bergamot - Frenky Lewis\",\"isPartOf\":{\"@id\":\"https:\/\/frenkylewis.com\/#website\"},\"primaryImageOfPage\":{\"@id\":\"https:\/\/frenkylewis.com\/p\/car-pillow-spray-green-tea-bergamot\/#primaryimage\"},\"image\":{\"@id\":\"https:\/\/frenkylewis.com\/p\/car-pillow-spray-green-tea-bergamot\/#primaryimage\"},\"thumbnailUrl\":\"https:\/\/frenkylewis.com\/wp-content\/uploads\/2024\/12\/18.png\",\"datePublished\":\"2024-12-09T11:23:28+00:00\",\"dateModified\":\"2026-03-09T20:15:15+00:00\",\"breadcrumb\":{\"@id\":\"https:\/\/frenkylewis.com\/p\/car-pillow-spray-green-tea-bergamot\/#breadcrumb\"},\"inLanguage\":\"de\",\"potentialAction\":[{\"@type\":\"ReadAction\",\"target\":[\"https:\/\/frenkylewis.com\/p\/car-pillow-spray-green-tea-bergamot\/\"]}]},{\"@type\":\"ImageObject\",\"inLanguage\":\"de\",\"@id\":\"https:\/\/frenkylewis.com\/p\/car-pillow-spray-green-tea-bergamot\/#primaryimage\",\"url\":\"https:\/\/frenkylewis.com\/wp-content\/uploads\/2024\/12\/18.png\",\"contentUrl\":\"https:\/\/frenkylewis.com\/wp-content\/uploads\/2024\/12\/18.png\",\"width\":1250,\"height\":1250},{\"@type\":\"BreadcrumbList\",\"@id\":\"https:\/\/frenkylewis.com\/p\/car-pillow-spray-green-tea-bergamot\/#breadcrumb\",\"itemListElement\":[{\"@type\":\"ListItem\",\"position\":1,\"name\":\"Home\",\"item\":\"https:\/\/frenkylewis.com\/\"},{\"@type\":\"ListItem\",\"position\":2,\"name\":\"Shop\",\"item\":\"https:\/\/frenkylewis.com\/de\/shop\/\"},{\"@type\":\"ListItem\",\"position\":3,\"name\":\"Car &#038; Pillow spray Green Tea &#038; Bergamot\"}]},{\"@type\":\"WebSite\",\"@id\":\"https:\/\/frenkylewis.com\/#website\",\"url\":\"https:\/\/frenkylewis.com\/\",\"name\":\"Frenky Lewis\",\"description\":\"100% natural dogcare\",\"publisher\":{\"@id\":\"https:\/\/frenkylewis.com\/#organization\"},\"potentialAction\":[{\"@type\":\"SearchAction\",\"target\":{\"@type\":\"EntryPoint\",\"urlTemplate\":\"https:\/\/frenkylewis.com\/?s={search_term_string}\"},\"query-input\":{\"@type\":\"PropertyValueSpecification\",\"valueRequired\":true,\"valueName\":\"search_term_string\"}}],\"inLanguage\":\"de\"},{\"@type\":\"Organization\",\"@id\":\"https:\/\/frenkylewis.com\/#organization\",\"name\":\"Frenky Lewis\",\"url\":\"https:\/\/frenkylewis.com\/\",\"logo\":{\"@type\":\"ImageObject\",\"inLanguage\":\"de\",\"@id\":\"https:\/\/frenkylewis.com\/#\/schema\/logo\/image\/\",\"url\":\"https:\/\/frenkylewis.com\/wp-content\/uploads\/2022\/08\/logo-black.png\",\"contentUrl\":\"https:\/\/frenkylewis.com\/wp-content\/uploads\/2022\/08\/logo-black.png\",\"width\":2607,\"height\":661,\"caption\":\"Frenky Lewis\"},\"image\":{\"@id\":\"https:\/\/frenkylewis.com\/#\/schema\/logo\/image\/\"}}]}<\/script>\n<!-- \/ Yoast SEO plugin. -->","yoast_head_json":{"title":"Car & Pillow spray Green Tea & Bergamot - Frenky Lewis","robots":{"index":"index","follow":"follow","max-snippet":"max-snippet:-1","max-image-preview":"max-image-preview:large","max-video-preview":"max-video-preview:-1"},"canonical":"https:\/\/frenkylewis.com\/p\/car-pillow-spray-green-tea-bergamot\/","og_locale":"de_DE","og_type":"article","og_title":"Car & Pillow spray Green Tea & Bergamot - Frenky Lewis","og_description":"Leidet Ihr Sofa, Auto, Teppich oder Hundekissen unter l\u00e4stigem Hundegeruch? Keine Sorge, wir haben die L\u00f6sung!   Mit unserem speziell entwickelten Spray verschwindet der hartn\u00e4ckige Geruch. Hergestellt aus 100% nat\u00fcrlichen Inhaltsstoffen mit einer Kombination aus frischem Gr\u00fcnem Tee und der spritzigen Zitrusnote von Bergamotte.   So sind Sie immer und \u00fcberall f\u00fcr einen frischen und angenehmen Duft versorgt. Sicher f\u00fcr den t\u00e4glichen Gebrauch, zu Hause und unterwegs!","og_url":"https:\/\/frenkylewis.com\/p\/car-pillow-spray-green-tea-bergamot\/","og_site_name":"Frenky Lewis","article_modified_time":"2026-03-09T20:15:15+00:00","og_image":[{"width":1250,"height":1250,"url":"https:\/\/frenkylewis.com\/wp-content\/uploads\/2024\/12\/18.png","type":"image\/png"}],"twitter_card":"summary_large_image","twitter_misc":{"Gesch\u00e4tzte Lesezeit":"1\u00a0Minute"},"schema":{"@context":"https:\/\/schema.org","@graph":[{"@type":"WebPage","@id":"https:\/\/frenkylewis.com\/p\/car-pillow-spray-green-tea-bergamot\/","url":"https:\/\/frenkylewis.com\/p\/car-pillow-spray-green-tea-bergamot\/","name":"Car & Pillow spray Green Tea & Bergamot - Frenky Lewis","isPartOf":{"@id":"https:\/\/frenkylewis.com\/#website"},"primaryImageOfPage":{"@id":"https:\/\/frenkylewis.com\/p\/car-pillow-spray-green-tea-bergamot\/#primaryimage"},"image":{"@id":"https:\/\/frenkylewis.com\/p\/car-pillow-spray-green-tea-bergamot\/#primaryimage"},"thumbnailUrl":"https:\/\/frenkylewis.com\/wp-content\/uploads\/2024\/12\/18.png","datePublished":"2024-12-09T11:23:28+00:00","dateModified":"2026-03-09T20:15:15+00:00","breadcrumb":{"@id":"https:\/\/frenkylewis.com\/p\/car-pillow-spray-green-tea-bergamot\/#breadcrumb"},"inLanguage":"de","potentialAction":[{"@type":"ReadAction","target":["https:\/\/frenkylewis.com\/p\/car-pillow-spray-green-tea-bergamot\/"]}]},{"@type":"ImageObject","inLanguage":"de","@id":"https:\/\/frenkylewis.com\/p\/car-pillow-spray-green-tea-bergamot\/#primaryimage","url":"https:\/\/frenkylewis.com\/wp-content\/uploads\/2024\/12\/18.png","contentUrl":"https:\/\/frenkylewis.com\/wp-content\/uploads\/2024\/12\/18.png","width":1250,"height":1250},{"@type":"BreadcrumbList","@id":"https:\/\/frenkylewis.com\/p\/car-pillow-spray-green-tea-bergamot\/#breadcrumb","itemListElement":[{"@type":"ListItem","position":1,"name":"Home","item":"https:\/\/frenkylewis.com\/"},{"@type":"ListItem","position":2,"name":"Shop","item":"https:\/\/frenkylewis.com\/de\/shop\/"},{"@type":"ListItem","position":3,"name":"Car &#038; Pillow spray Green Tea &#038; Bergamot"}]},{"@type":"WebSite","@id":"https:\/\/frenkylewis.com\/#website","url":"https:\/\/frenkylewis.com\/","name":"Frenky Lewis","description":"100% natural dogcare","publisher":{"@id":"https:\/\/frenkylewis.com\/#organization"},"potentialAction":[{"@type":"SearchAction","target":{"@type":"EntryPoint","urlTemplate":"https:\/\/frenkylewis.com\/?s={search_term_string}"},"query-input":{"@type":"PropertyValueSpecification","valueRequired":true,"valueName":"search_term_string"}}],"inLanguage":"de"},{"@type":"Organization","@id":"https:\/\/frenkylewis.com\/#organization","name":"Frenky Lewis","url":"https:\/\/frenkylewis.com\/","logo":{"@type":"ImageObject","inLanguage":"de","@id":"https:\/\/frenkylewis.com\/#\/schema\/logo\/image\/","url":"https:\/\/frenkylewis.com\/wp-content\/uploads\/2022\/08\/logo-black.png","contentUrl":"https:\/\/frenkylewis.com\/wp-content\/uploads\/2022\/08\/logo-black.png","width":2607,"height":661,"caption":"Frenky Lewis"},"image":{"@id":"https:\/\/frenkylewis.com\/#\/schema\/logo\/image\/"}}]}},"_links":{"self":[{"href":"https:\/\/frenkylewis.com\/de\/wp-json\/wp\/v2\/product\/16425","targetHints":{"allow":["GET"]}}],"collection":[{"href":"https:\/\/frenkylewis.com\/de\/wp-json\/wp\/v2\/product"}],"about":[{"href":"https:\/\/frenkylewis.com\/de\/wp-json\/wp\/v2\/types\/product"}],"replies":[{"embeddable":true,"href":"https:\/\/frenkylewis.com\/de\/wp-json\/wp\/v2\/comments?post=16425"}],"wp:featuredmedia":[{"embeddable":true,"href":"https:\/\/frenkylewis.com\/de\/wp-json\/wp\/v2\/media\/15750"}],"wp:attachment":[{"href":"https:\/\/frenkylewis.com\/de\/wp-json\/wp\/v2\/media?parent=16425"}],"wp:term":[{"taxonomy":"product_brand","embeddable":true,"href":"https:\/\/frenkylewis.com\/de\/wp-json\/wp\/v2\/product_brand?post=16425"},{"taxonomy":"product_cat","embeddable":true,"href":"https:\/\/frenkylewis.com\/de\/wp-json\/wp\/v2\/product_cat?post=16425"},{"taxonomy":"product_tag","embeddable":true,"href":"https:\/\/frenkylewis.com\/de\/wp-json\/wp\/v2\/product_tag?post=16425"}],"curies":[{"name":"wp","href":"https:\/\/api.w.org\/{rel}","templated":true}]}}