{"id":16419,"date":"2024-12-09T12:25:03","date_gmt":"2024-12-09T11:25:03","guid":{"rendered":"https:\/\/frenkylewis.com\/p\/shampoo-foamer-de\/"},"modified":"2026-03-09T21:15:10","modified_gmt":"2026-03-09T20:15:10","slug":"shampoo-foamer-de","status":"publish","type":"product","link":"https:\/\/frenkylewis.com\/de\/p\/shampoo-foamer-de\/","title":{"rendered":"Shampoo Foamer"},"content":{"rendered":"<ul>\n<li><b>Nachhaltiges Design<\/b><span style=\"font-weight: 400;\">: Hergestellt aus hochwertigem Edelstahl.<\/span><\/li>\n<li><b>Effizient<\/b><span style=\"font-weight: 400;\">: Weniger Shampoo, maximaler Schaum.<\/span><\/li>\n<li><b>Einfach in der Anwendung<\/b><span style=\"font-weight: 400;\">: Keine Verschwendung, kein Aufwand.<\/span><\/li>\n<\/ul>\n","protected":false},"excerpt":{"rendered":"<p><span style=\"font-weight: 400;\">Unser Shampoo Foamer ist perfekt, um deinen Hund gleichm\u00e4\u00dfig und gr\u00fcndlich zu waschen. Massiere den Schaum sanft ein f\u00fcr ein gl\u00e4nzendes und sauberes Ergebnis &#8212; und einen gl\u00fccklichen Hund!<\/span><\/p>\n<p><span style=\"font-weight: 400;\">Mache jedes Bad zu einem Spa-Erlebnis. Bestelle deinen Shampoo-Aufsch\u00e4umer noch heute!<\/span><\/p>\n","protected":false},"featured_media":16654,"comment_status":"closed","ping_status":"closed","template":"","meta":{"_acf_changed":false,"_monsterinsights_skip_tracking":false,"_monsterinsights_sitenote_active":false,"_monsterinsights_sitenote_note":"","_monsterinsights_sitenote_category":0},"product_brand":[],"product_cat":[210,243],"product_tag":[],"class_list":{"0":"post-16419","1":"product","2":"type-product","3":"status-publish","4":"has-post-thumbnail","6":"product_cat-hunde","7":"product_cat-pflegeprodukte","9":"first","10":"outofstock","11":"taxable","12":"shipping-taxable","13":"purchasable","14":"product-type-simple"},"acf":[],"yoast_head":"<!-- This site is optimized with the Yoast SEO plugin v27.5 - https:\/\/yoast.com\/product\/yoast-seo-wordpress\/ -->\n<title>Shampoo Foamer - Frenky Lewis<\/title>\n<meta name=\"robots\" content=\"index, follow, max-snippet:-1, max-image-preview:large, max-video-preview:-1\" \/>\n<link rel=\"canonical\" href=\"https:\/\/frenkylewis.com\/de\/p\/shampoo-foamer-de\/\" \/>\n<meta property=\"og:locale\" content=\"de_DE\" \/>\n<meta property=\"og:type\" content=\"article\" \/>\n<meta property=\"og:title\" content=\"Shampoo Foamer - Frenky Lewis\" \/>\n<meta property=\"og:description\" content=\"Unser Shampoo Foamer ist perfekt, um deinen Hund gleichm\u00e4\u00dfig und gr\u00fcndlich zu waschen. Massiere den Schaum sanft ein f\u00fcr ein gl\u00e4nzendes und sauberes Ergebnis -- und einen gl\u00fccklichen Hund!  Mache jedes Bad zu einem Spa-Erlebnis. Bestelle deinen Shampoo-Aufsch\u00e4umer noch heute!\" \/>\n<meta property=\"og:url\" content=\"https:\/\/frenkylewis.com\/de\/p\/shampoo-foamer-de\/\" \/>\n<meta property=\"og:site_name\" content=\"Frenky Lewis\" \/>\n<meta property=\"article:modified_time\" content=\"2026-03-09T20:15:10+00:00\" \/>\n<meta property=\"og:image\" content=\"https:\/\/frenkylewis.com\/wp-content\/uploads\/2024\/12\/Packshot-Shampoo-Foamer-Vierkant-scaled.webp\" \/>\n\t<meta property=\"og:image:width\" content=\"2560\" \/>\n\t<meta property=\"og:image:height\" content=\"2560\" \/>\n\t<meta property=\"og:image:type\" content=\"image\/webp\" \/>\n<meta name=\"twitter:card\" content=\"summary_large_image\" \/>\n<script type=\"application\/ld+json\" class=\"yoast-schema-graph\">{\"@context\":\"https:\\\/\\\/schema.org\",\"@graph\":[{\"@type\":\"WebPage\",\"@id\":\"https:\\\/\\\/frenkylewis.com\\\/de\\\/p\\\/shampoo-foamer-de\\\/\",\"url\":\"https:\\\/\\\/frenkylewis.com\\\/de\\\/p\\\/shampoo-foamer-de\\\/\",\"name\":\"Shampoo Foamer - Frenky Lewis\",\"isPartOf\":{\"@id\":\"https:\\\/\\\/frenkylewis.com\\\/#website\"},\"primaryImageOfPage\":{\"@id\":\"https:\\\/\\\/frenkylewis.com\\\/de\\\/p\\\/shampoo-foamer-de\\\/#primaryimage\"},\"image\":{\"@id\":\"https:\\\/\\\/frenkylewis.com\\\/de\\\/p\\\/shampoo-foamer-de\\\/#primaryimage\"},\"thumbnailUrl\":\"https:\\\/\\\/frenkylewis.com\\\/wp-content\\\/uploads\\\/2024\\\/12\\\/Producten-frenkylewis26-50.png\",\"datePublished\":\"2024-12-09T11:25:03+00:00\",\"dateModified\":\"2026-03-09T20:15:10+00:00\",\"breadcrumb\":{\"@id\":\"https:\\\/\\\/frenkylewis.com\\\/de\\\/p\\\/shampoo-foamer-de\\\/#breadcrumb\"},\"inLanguage\":\"de\",\"potentialAction\":[{\"@type\":\"ReadAction\",\"target\":[\"https:\\\/\\\/frenkylewis.com\\\/de\\\/p\\\/shampoo-foamer-de\\\/\"]}]},{\"@type\":\"ImageObject\",\"inLanguage\":\"de\",\"@id\":\"https:\\\/\\\/frenkylewis.com\\\/de\\\/p\\\/shampoo-foamer-de\\\/#primaryimage\",\"url\":\"https:\\\/\\\/frenkylewis.com\\\/wp-content\\\/uploads\\\/2024\\\/12\\\/Producten-frenkylewis26-50.png\",\"contentUrl\":\"https:\\\/\\\/frenkylewis.com\\\/wp-content\\\/uploads\\\/2024\\\/12\\\/Producten-frenkylewis26-50.png\",\"width\":1240,\"height\":1240},{\"@type\":\"BreadcrumbList\",\"@id\":\"https:\\\/\\\/frenkylewis.com\\\/de\\\/p\\\/shampoo-foamer-de\\\/#breadcrumb\",\"itemListElement\":[{\"@type\":\"ListItem\",\"position\":1,\"name\":\"Home\",\"item\":\"https:\\\/\\\/frenkylewis.com\\\/\"},{\"@type\":\"ListItem\",\"position\":2,\"name\":\"Shop\",\"item\":\"https:\\\/\\\/frenkylewis.com\\\/de\\\/shop\\\/\"},{\"@type\":\"ListItem\",\"position\":3,\"name\":\"Shampoo Foamer\"}]},{\"@type\":\"WebSite\",\"@id\":\"https:\\\/\\\/frenkylewis.com\\\/#website\",\"url\":\"https:\\\/\\\/frenkylewis.com\\\/\",\"name\":\"Frenky Lewis\",\"description\":\"100% natural dogcare\",\"publisher\":{\"@id\":\"https:\\\/\\\/frenkylewis.com\\\/#organization\"},\"potentialAction\":[{\"@type\":\"SearchAction\",\"target\":{\"@type\":\"EntryPoint\",\"urlTemplate\":\"https:\\\/\\\/frenkylewis.com\\\/?s={search_term_string}\"},\"query-input\":{\"@type\":\"PropertyValueSpecification\",\"valueRequired\":true,\"valueName\":\"search_term_string\"}}],\"inLanguage\":\"de\"},{\"@type\":\"Organization\",\"@id\":\"https:\\\/\\\/frenkylewis.com\\\/#organization\",\"name\":\"Frenky Lewis\",\"url\":\"https:\\\/\\\/frenkylewis.com\\\/\",\"logo\":{\"@type\":\"ImageObject\",\"inLanguage\":\"de\",\"@id\":\"https:\\\/\\\/frenkylewis.com\\\/#\\\/schema\\\/logo\\\/image\\\/\",\"url\":\"https:\\\/\\\/frenkylewis.com\\\/wp-content\\\/uploads\\\/2022\\\/08\\\/logo-black.png\",\"contentUrl\":\"https:\\\/\\\/frenkylewis.com\\\/wp-content\\\/uploads\\\/2022\\\/08\\\/logo-black.png\",\"width\":2607,\"height\":661,\"caption\":\"Frenky Lewis\"},\"image\":{\"@id\":\"https:\\\/\\\/frenkylewis.com\\\/#\\\/schema\\\/logo\\\/image\\\/\"}}]}<\/script>\n<!-- \/ Yoast SEO plugin. -->","yoast_head_json":{"title":"Shampoo Foamer - Frenky Lewis","robots":{"index":"index","follow":"follow","max-snippet":"max-snippet:-1","max-image-preview":"max-image-preview:large","max-video-preview":"max-video-preview:-1"},"canonical":"https:\/\/frenkylewis.com\/de\/p\/shampoo-foamer-de\/","og_locale":"de_DE","og_type":"article","og_title":"Shampoo Foamer - Frenky Lewis","og_description":"Unser Shampoo Foamer ist perfekt, um deinen Hund gleichm\u00e4\u00dfig und gr\u00fcndlich zu waschen. Massiere den Schaum sanft ein f\u00fcr ein gl\u00e4nzendes und sauberes Ergebnis -- und einen gl\u00fccklichen Hund!  Mache jedes Bad zu einem Spa-Erlebnis. Bestelle deinen Shampoo-Aufsch\u00e4umer noch heute!","og_url":"https:\/\/frenkylewis.com\/de\/p\/shampoo-foamer-de\/","og_site_name":"Frenky Lewis","article_modified_time":"2026-03-09T20:15:10+00:00","og_image":[{"width":2560,"height":2560,"url":"https:\/\/frenkylewis.com\/wp-content\/uploads\/2024\/12\/Packshot-Shampoo-Foamer-Vierkant-scaled.webp","type":"image\/webp"}],"twitter_card":"summary_large_image","schema":{"@context":"https:\/\/schema.org","@graph":[{"@type":"WebPage","@id":"https:\/\/frenkylewis.com\/de\/p\/shampoo-foamer-de\/","url":"https:\/\/frenkylewis.com\/de\/p\/shampoo-foamer-de\/","name":"Shampoo Foamer - Frenky Lewis","isPartOf":{"@id":"https:\/\/frenkylewis.com\/#website"},"primaryImageOfPage":{"@id":"https:\/\/frenkylewis.com\/de\/p\/shampoo-foamer-de\/#primaryimage"},"image":{"@id":"https:\/\/frenkylewis.com\/de\/p\/shampoo-foamer-de\/#primaryimage"},"thumbnailUrl":"https:\/\/frenkylewis.com\/wp-content\/uploads\/2024\/12\/Producten-frenkylewis26-50.png","datePublished":"2024-12-09T11:25:03+00:00","dateModified":"2026-03-09T20:15:10+00:00","breadcrumb":{"@id":"https:\/\/frenkylewis.com\/de\/p\/shampoo-foamer-de\/#breadcrumb"},"inLanguage":"de","potentialAction":[{"@type":"ReadAction","target":["https:\/\/frenkylewis.com\/de\/p\/shampoo-foamer-de\/"]}]},{"@type":"ImageObject","inLanguage":"de","@id":"https:\/\/frenkylewis.com\/de\/p\/shampoo-foamer-de\/#primaryimage","url":"https:\/\/frenkylewis.com\/wp-content\/uploads\/2024\/12\/Producten-frenkylewis26-50.png","contentUrl":"https:\/\/frenkylewis.com\/wp-content\/uploads\/2024\/12\/Producten-frenkylewis26-50.png","width":1240,"height":1240},{"@type":"BreadcrumbList","@id":"https:\/\/frenkylewis.com\/de\/p\/shampoo-foamer-de\/#breadcrumb","itemListElement":[{"@type":"ListItem","position":1,"name":"Home","item":"https:\/\/frenkylewis.com\/"},{"@type":"ListItem","position":2,"name":"Shop","item":"https:\/\/frenkylewis.com\/de\/shop\/"},{"@type":"ListItem","position":3,"name":"Shampoo Foamer"}]},{"@type":"WebSite","@id":"https:\/\/frenkylewis.com\/#website","url":"https:\/\/frenkylewis.com\/","name":"Frenky Lewis","description":"100% natural dogcare","publisher":{"@id":"https:\/\/frenkylewis.com\/#organization"},"potentialAction":[{"@type":"SearchAction","target":{"@type":"EntryPoint","urlTemplate":"https:\/\/frenkylewis.com\/?s={search_term_string}"},"query-input":{"@type":"PropertyValueSpecification","valueRequired":true,"valueName":"search_term_string"}}],"inLanguage":"de"},{"@type":"Organization","@id":"https:\/\/frenkylewis.com\/#organization","name":"Frenky Lewis","url":"https:\/\/frenkylewis.com\/","logo":{"@type":"ImageObject","inLanguage":"de","@id":"https:\/\/frenkylewis.com\/#\/schema\/logo\/image\/","url":"https:\/\/frenkylewis.com\/wp-content\/uploads\/2022\/08\/logo-black.png","contentUrl":"https:\/\/frenkylewis.com\/wp-content\/uploads\/2022\/08\/logo-black.png","width":2607,"height":661,"caption":"Frenky Lewis"},"image":{"@id":"https:\/\/frenkylewis.com\/#\/schema\/logo\/image\/"}}]}},"_links":{"self":[{"href":"https:\/\/frenkylewis.com\/de\/wp-json\/wp\/v2\/product\/16419","targetHints":{"allow":["GET"]}}],"collection":[{"href":"https:\/\/frenkylewis.com\/de\/wp-json\/wp\/v2\/product"}],"about":[{"href":"https:\/\/frenkylewis.com\/de\/wp-json\/wp\/v2\/types\/product"}],"replies":[{"embeddable":true,"href":"https:\/\/frenkylewis.com\/de\/wp-json\/wp\/v2\/comments?post=16419"}],"wp:featuredmedia":[{"embeddable":true,"href":"https:\/\/frenkylewis.com\/de\/wp-json\/wp\/v2\/media\/16654"}],"wp:attachment":[{"href":"https:\/\/frenkylewis.com\/de\/wp-json\/wp\/v2\/media?parent=16419"}],"wp:term":[{"taxonomy":"product_brand","embeddable":true,"href":"https:\/\/frenkylewis.com\/de\/wp-json\/wp\/v2\/product_brand?post=16419"},{"taxonomy":"product_cat","embeddable":true,"href":"https:\/\/frenkylewis.com\/de\/wp-json\/wp\/v2\/product_cat?post=16419"},{"taxonomy":"product_tag","embeddable":true,"href":"https:\/\/frenkylewis.com\/de\/wp-json\/wp\/v2\/product_tag?post=16419"}],"curies":[{"name":"wp","href":"https:\/\/api.w.org\/{rel}","templated":true}]}}