{"id":16404,"date":"2024-12-15T19:17:32","date_gmt":"2024-12-15T18:17:32","guid":{"rendered":"https:\/\/frenkylewis.com\/p\/shampoo-trockenshampoo-conditioner-spray-gruner-tee-bergamotte-de\/"},"modified":"2026-03-09T21:15:07","modified_gmt":"2026-03-09T20:15:07","slug":"shampoo-trockenshampoo-conditioner-spray-gruner-tee-bergamotte-de","status":"publish","type":"product","link":"https:\/\/frenkylewis.com\/de\/p\/shampoo-trockenshampoo-conditioner-spray-gruner-tee-bergamotte-de\/","title":{"rendered":"Shampoo + Trockenshampoo\/Conditioner Spray &#8211; Gr\u00fcner Tee &#038; Bergamotte"},"content":{"rendered":"<p>Paket mit dem <a href=\"https:\/\/frenkylewis.com\/p\/natuurlijke-dog-perfume-30ml-noble-woods\/\">passenden Parf\u00fcm<\/a> vervollst\u00e4ndigen? Schau dir unser <a href=\"https:\/\/frenkylewis.com\/?post_type=product&#038;p=10047\">dreiteiliges Paket mit Shampoo, Conditioner\/Trockenshampoo und Parf\u00fcm<\/a> in diesen D\u00fcften an.<\/p>\n<p>Und wusstest du, dass wir auch Auto- &#038; Kissenspray und Anti Smell Spray in unserem Sortiment haben? Schau dir das <a href=\"https:\/\/frenkylewis.com\/de\/p\/auto-kissenspray-anti-smell-spray-gruner-tee-bergamotte-de\/\">Noble Woods Kombi-Paket dieser Duftsprays an.<\/a><\/p>\n<p>Doch lieber einzeln kaufen? Schau dir das gr\u00fcner Tee &#038; Bergamotte <a href=\"https:\/\/frenkylewis.com\/p\/natuurlijke-dog-shampoo-200ml-zwarte-eik-ceder-dennen\/\">Shampoo<\/a> und <a href=\"https:\/\/frenkylewis.com\/p\/natuurlijke-dog-conditioner-150ml-zwarte-eik-dennen-ceder\/\">Trockenshampoo\/Conditioner Spray<\/a> an.<\/p>\n","protected":false},"excerpt":{"rendered":"<p>Verw\u00f6hne deinen Hund maximal mit den frischen D\u00fcften von gr\u00fcnem Tee &#038; Bergamotte.<\/p>\n<p>Dieses Paket enth\u00e4lt zwei tierfreundliche Produkte aus unserer Noble Woods Duftlinie: das <a href=\"https:\/\/frenkylewis.com\/p\/natuurlijke-dog-shampoo-200ml-zwarte-eik-ceder-dennen\/\">200 ml Shampoo<\/a> und das <a href=\"https:\/\/frenkylewis.com\/p\/natuurlijke-dog-conditioner-150ml-zwarte-eik-dennen-ceder\/\">150 ml Trockenshampoo\/Conditioner Spray<\/a>.<\/p>\n","protected":false},"featured_media":15653,"comment_status":"closed","ping_status":"closed","template":"","meta":{"_acf_changed":false,"_monsterinsights_skip_tracking":false,"_monsterinsights_sitenote_active":false,"_monsterinsights_sitenote_note":"","_monsterinsights_sitenote_category":0},"product_brand":[],"product_cat":[190,199,175,296,243,282],"product_tag":[],"class_list":{"0":"post-16404","1":"product","2":"type-product","3":"status-publish","4":"has-post-thumbnail","6":"product_cat-duft-gruner-tee-bergamotte","7":"product_cat-dufte","8":"product_cat-geschenkpakete","9":"product_cat-geschenkset-shampoo-conditioner","10":"product_cat-pflegeprodukte","11":"product_cat-signature","13":"first","14":"instock","15":"taxable","16":"shipping-taxable","17":"purchasable","18":"product-type-simple"},"acf":[],"yoast_head":"<!-- This site is optimized with the Yoast SEO plugin v26.9 - https:\/\/yoast.com\/product\/yoast-seo-wordpress\/ -->\n<title>Shampoo + Trockenshampoo\/Conditioner Spray - Gr\u00fcner Tee &amp; Bergamotte - Frenky Lewis<\/title>\n<meta name=\"robots\" content=\"index, follow, max-snippet:-1, max-image-preview:large, max-video-preview:-1\" \/>\n<link rel=\"canonical\" href=\"https:\/\/frenkylewis.com\/p\/noble-woods-pakket-shampoo-droogshampoo-conditioner-spray\/\" \/>\n<meta property=\"og:locale\" content=\"de_DE\" \/>\n<meta property=\"og:type\" content=\"article\" \/>\n<meta property=\"og:title\" content=\"Shampoo + Trockenshampoo\/Conditioner Spray - Gr\u00fcner Tee &amp; Bergamotte - Frenky Lewis\" \/>\n<meta property=\"og:description\" content=\"Verw\u00f6hne deinen Hund maximal mit den frischen D\u00fcften von gr\u00fcnem Tee &amp; Bergamotte.  Dieses Paket enth\u00e4lt zwei tierfreundliche Produkte aus unserer Noble Woods Duftlinie: das 200 ml Shampoo und das 150 ml Trockenshampoo\/Conditioner Spray.\" \/>\n<meta property=\"og:url\" content=\"https:\/\/frenkylewis.com\/p\/noble-woods-pakket-shampoo-droogshampoo-conditioner-spray\/\" \/>\n<meta property=\"og:site_name\" content=\"Frenky Lewis\" \/>\n<meta property=\"article:modified_time\" content=\"2026-03-09T20:15:07+00:00\" \/>\n<meta property=\"og:image\" content=\"https:\/\/frenkylewis.com\/wp-content\/uploads\/2024\/12\/giftset-hond-dry-shampoo-en-conditioner-groen-200-ml.jpg\" \/>\n\t<meta property=\"og:image:width\" content=\"1080\" \/>\n\t<meta property=\"og:image:height\" content=\"1080\" \/>\n\t<meta property=\"og:image:type\" content=\"image\/jpeg\" \/>\n<meta name=\"twitter:card\" content=\"summary_large_image\" \/>\n<script type=\"application\/ld+json\" class=\"yoast-schema-graph\">{\"@context\":\"https:\/\/schema.org\",\"@graph\":[{\"@type\":\"WebPage\",\"@id\":\"https:\/\/frenkylewis.com\/p\/noble-woods-pakket-shampoo-droogshampoo-conditioner-spray\/\",\"url\":\"https:\/\/frenkylewis.com\/p\/noble-woods-pakket-shampoo-droogshampoo-conditioner-spray\/\",\"name\":\"Shampoo + Trockenshampoo\/Conditioner Spray - Gr\u00fcner Tee & Bergamotte - Frenky Lewis\",\"isPartOf\":{\"@id\":\"https:\/\/frenkylewis.com\/#website\"},\"primaryImageOfPage\":{\"@id\":\"https:\/\/frenkylewis.com\/p\/noble-woods-pakket-shampoo-droogshampoo-conditioner-spray\/#primaryimage\"},\"image\":{\"@id\":\"https:\/\/frenkylewis.com\/p\/noble-woods-pakket-shampoo-droogshampoo-conditioner-spray\/#primaryimage\"},\"thumbnailUrl\":\"https:\/\/frenkylewis.com\/wp-content\/uploads\/2024\/12\/giftset-hond-dry-shampoo-en-conditioner-groen-200-ml.jpg\",\"datePublished\":\"2024-12-15T18:17:32+00:00\",\"dateModified\":\"2026-03-09T20:15:07+00:00\",\"breadcrumb\":{\"@id\":\"https:\/\/frenkylewis.com\/p\/noble-woods-pakket-shampoo-droogshampoo-conditioner-spray\/#breadcrumb\"},\"inLanguage\":\"de\",\"potentialAction\":[{\"@type\":\"ReadAction\",\"target\":[\"https:\/\/frenkylewis.com\/p\/noble-woods-pakket-shampoo-droogshampoo-conditioner-spray\/\"]}]},{\"@type\":\"ImageObject\",\"inLanguage\":\"de\",\"@id\":\"https:\/\/frenkylewis.com\/p\/noble-woods-pakket-shampoo-droogshampoo-conditioner-spray\/#primaryimage\",\"url\":\"https:\/\/frenkylewis.com\/wp-content\/uploads\/2024\/12\/giftset-hond-dry-shampoo-en-conditioner-groen-200-ml.jpg\",\"contentUrl\":\"https:\/\/frenkylewis.com\/wp-content\/uploads\/2024\/12\/giftset-hond-dry-shampoo-en-conditioner-groen-200-ml.jpg\",\"width\":1080,\"height\":1080},{\"@type\":\"BreadcrumbList\",\"@id\":\"https:\/\/frenkylewis.com\/p\/noble-woods-pakket-shampoo-droogshampoo-conditioner-spray\/#breadcrumb\",\"itemListElement\":[{\"@type\":\"ListItem\",\"position\":1,\"name\":\"Home\",\"item\":\"https:\/\/frenkylewis.com\/\"},{\"@type\":\"ListItem\",\"position\":2,\"name\":\"Shop\",\"item\":\"https:\/\/frenkylewis.com\/de\/shop\/\"},{\"@type\":\"ListItem\",\"position\":3,\"name\":\"Shampoo + Trockenshampoo\/Conditioner Spray &#8211; Gr\u00fcner Tee &#038; Bergamotte\"}]},{\"@type\":\"WebSite\",\"@id\":\"https:\/\/frenkylewis.com\/#website\",\"url\":\"https:\/\/frenkylewis.com\/\",\"name\":\"Frenky Lewis\",\"description\":\"100% natural dogcare\",\"publisher\":{\"@id\":\"https:\/\/frenkylewis.com\/#organization\"},\"potentialAction\":[{\"@type\":\"SearchAction\",\"target\":{\"@type\":\"EntryPoint\",\"urlTemplate\":\"https:\/\/frenkylewis.com\/?s={search_term_string}\"},\"query-input\":{\"@type\":\"PropertyValueSpecification\",\"valueRequired\":true,\"valueName\":\"search_term_string\"}}],\"inLanguage\":\"de\"},{\"@type\":\"Organization\",\"@id\":\"https:\/\/frenkylewis.com\/#organization\",\"name\":\"Frenky Lewis\",\"url\":\"https:\/\/frenkylewis.com\/\",\"logo\":{\"@type\":\"ImageObject\",\"inLanguage\":\"de\",\"@id\":\"https:\/\/frenkylewis.com\/#\/schema\/logo\/image\/\",\"url\":\"https:\/\/frenkylewis.com\/wp-content\/uploads\/2022\/08\/logo-black.png\",\"contentUrl\":\"https:\/\/frenkylewis.com\/wp-content\/uploads\/2022\/08\/logo-black.png\",\"width\":2607,\"height\":661,\"caption\":\"Frenky Lewis\"},\"image\":{\"@id\":\"https:\/\/frenkylewis.com\/#\/schema\/logo\/image\/\"}}]}<\/script>\n<!-- \/ Yoast SEO plugin. -->","yoast_head_json":{"title":"Shampoo + Trockenshampoo\/Conditioner Spray - Gr\u00fcner Tee & Bergamotte - Frenky Lewis","robots":{"index":"index","follow":"follow","max-snippet":"max-snippet:-1","max-image-preview":"max-image-preview:large","max-video-preview":"max-video-preview:-1"},"canonical":"https:\/\/frenkylewis.com\/p\/noble-woods-pakket-shampoo-droogshampoo-conditioner-spray\/","og_locale":"de_DE","og_type":"article","og_title":"Shampoo + Trockenshampoo\/Conditioner Spray - Gr\u00fcner Tee & Bergamotte - Frenky Lewis","og_description":"Verw\u00f6hne deinen Hund maximal mit den frischen D\u00fcften von gr\u00fcnem Tee & Bergamotte.  Dieses Paket enth\u00e4lt zwei tierfreundliche Produkte aus unserer Noble Woods Duftlinie: das 200 ml Shampoo und das 150 ml Trockenshampoo\/Conditioner Spray.","og_url":"https:\/\/frenkylewis.com\/p\/noble-woods-pakket-shampoo-droogshampoo-conditioner-spray\/","og_site_name":"Frenky Lewis","article_modified_time":"2026-03-09T20:15:07+00:00","og_image":[{"width":1080,"height":1080,"url":"https:\/\/frenkylewis.com\/wp-content\/uploads\/2024\/12\/giftset-hond-dry-shampoo-en-conditioner-groen-200-ml.jpg","type":"image\/jpeg"}],"twitter_card":"summary_large_image","schema":{"@context":"https:\/\/schema.org","@graph":[{"@type":"WebPage","@id":"https:\/\/frenkylewis.com\/p\/noble-woods-pakket-shampoo-droogshampoo-conditioner-spray\/","url":"https:\/\/frenkylewis.com\/p\/noble-woods-pakket-shampoo-droogshampoo-conditioner-spray\/","name":"Shampoo + Trockenshampoo\/Conditioner Spray - Gr\u00fcner Tee & Bergamotte - Frenky Lewis","isPartOf":{"@id":"https:\/\/frenkylewis.com\/#website"},"primaryImageOfPage":{"@id":"https:\/\/frenkylewis.com\/p\/noble-woods-pakket-shampoo-droogshampoo-conditioner-spray\/#primaryimage"},"image":{"@id":"https:\/\/frenkylewis.com\/p\/noble-woods-pakket-shampoo-droogshampoo-conditioner-spray\/#primaryimage"},"thumbnailUrl":"https:\/\/frenkylewis.com\/wp-content\/uploads\/2024\/12\/giftset-hond-dry-shampoo-en-conditioner-groen-200-ml.jpg","datePublished":"2024-12-15T18:17:32+00:00","dateModified":"2026-03-09T20:15:07+00:00","breadcrumb":{"@id":"https:\/\/frenkylewis.com\/p\/noble-woods-pakket-shampoo-droogshampoo-conditioner-spray\/#breadcrumb"},"inLanguage":"de","potentialAction":[{"@type":"ReadAction","target":["https:\/\/frenkylewis.com\/p\/noble-woods-pakket-shampoo-droogshampoo-conditioner-spray\/"]}]},{"@type":"ImageObject","inLanguage":"de","@id":"https:\/\/frenkylewis.com\/p\/noble-woods-pakket-shampoo-droogshampoo-conditioner-spray\/#primaryimage","url":"https:\/\/frenkylewis.com\/wp-content\/uploads\/2024\/12\/giftset-hond-dry-shampoo-en-conditioner-groen-200-ml.jpg","contentUrl":"https:\/\/frenkylewis.com\/wp-content\/uploads\/2024\/12\/giftset-hond-dry-shampoo-en-conditioner-groen-200-ml.jpg","width":1080,"height":1080},{"@type":"BreadcrumbList","@id":"https:\/\/frenkylewis.com\/p\/noble-woods-pakket-shampoo-droogshampoo-conditioner-spray\/#breadcrumb","itemListElement":[{"@type":"ListItem","position":1,"name":"Home","item":"https:\/\/frenkylewis.com\/"},{"@type":"ListItem","position":2,"name":"Shop","item":"https:\/\/frenkylewis.com\/de\/shop\/"},{"@type":"ListItem","position":3,"name":"Shampoo + Trockenshampoo\/Conditioner Spray &#8211; Gr\u00fcner Tee &#038; Bergamotte"}]},{"@type":"WebSite","@id":"https:\/\/frenkylewis.com\/#website","url":"https:\/\/frenkylewis.com\/","name":"Frenky Lewis","description":"100% natural dogcare","publisher":{"@id":"https:\/\/frenkylewis.com\/#organization"},"potentialAction":[{"@type":"SearchAction","target":{"@type":"EntryPoint","urlTemplate":"https:\/\/frenkylewis.com\/?s={search_term_string}"},"query-input":{"@type":"PropertyValueSpecification","valueRequired":true,"valueName":"search_term_string"}}],"inLanguage":"de"},{"@type":"Organization","@id":"https:\/\/frenkylewis.com\/#organization","name":"Frenky Lewis","url":"https:\/\/frenkylewis.com\/","logo":{"@type":"ImageObject","inLanguage":"de","@id":"https:\/\/frenkylewis.com\/#\/schema\/logo\/image\/","url":"https:\/\/frenkylewis.com\/wp-content\/uploads\/2022\/08\/logo-black.png","contentUrl":"https:\/\/frenkylewis.com\/wp-content\/uploads\/2022\/08\/logo-black.png","width":2607,"height":661,"caption":"Frenky Lewis"},"image":{"@id":"https:\/\/frenkylewis.com\/#\/schema\/logo\/image\/"}}]}},"_links":{"self":[{"href":"https:\/\/frenkylewis.com\/de\/wp-json\/wp\/v2\/product\/16404","targetHints":{"allow":["GET"]}}],"collection":[{"href":"https:\/\/frenkylewis.com\/de\/wp-json\/wp\/v2\/product"}],"about":[{"href":"https:\/\/frenkylewis.com\/de\/wp-json\/wp\/v2\/types\/product"}],"replies":[{"embeddable":true,"href":"https:\/\/frenkylewis.com\/de\/wp-json\/wp\/v2\/comments?post=16404"}],"wp:featuredmedia":[{"embeddable":true,"href":"https:\/\/frenkylewis.com\/de\/wp-json\/wp\/v2\/media\/15653"}],"wp:attachment":[{"href":"https:\/\/frenkylewis.com\/de\/wp-json\/wp\/v2\/media?parent=16404"}],"wp:term":[{"taxonomy":"product_brand","embeddable":true,"href":"https:\/\/frenkylewis.com\/de\/wp-json\/wp\/v2\/product_brand?post=16404"},{"taxonomy":"product_cat","embeddable":true,"href":"https:\/\/frenkylewis.com\/de\/wp-json\/wp\/v2\/product_cat?post=16404"},{"taxonomy":"product_tag","embeddable":true,"href":"https:\/\/frenkylewis.com\/de\/wp-json\/wp\/v2\/product_tag?post=16404"}],"curies":[{"name":"wp","href":"https:\/\/api.w.org\/{rel}","templated":true}]}}