{"id":16395,"date":"2025-07-17T13:22:56","date_gmt":"2025-07-17T11:22:56","guid":{"rendered":"https:\/\/frenkylewis.com\/p\/holiday-paket-weise-rose-lavendel-ylang-ylang-de\/"},"modified":"2026-03-09T21:15:05","modified_gmt":"2026-03-09T20:15:05","slug":"holiday-paket-weise-rose-lavendel-ylang-ylang-de","status":"publish","type":"product","link":"https:\/\/frenkylewis.com\/de\/p\/holiday-paket-weise-rose-lavendel-ylang-ylang-de\/","title":{"rendered":"Holiday-Paket Wei\u00dfe Rose, Lavendel &#038; Ylang Ylang"},"content":{"rendered":"<p>Wusstest du, dass wir auch ein <a href=\"https:\/\/frenkylewis.com\/?post_type=product&#038;p=10041\">dreiteiliges Oc\u00e9an Paket<\/a> mit unserem Shampoo, Conditioner &#038; Parf\u00fcm haben? Oder schau dir unser <a href=\"https:\/\/frenkylewis.com\/de\/p\/auto-kissenspray-anti-smell-spray-weise-rose-lavendel-ylang-ylang-de\/\">Oc\u00e9an Duftsprays-Paket<\/a> mit Car &#038; Pillow Spray und dem Anti Smell Spray an.<\/p>\n","protected":false},"excerpt":{"rendered":"<p>Dieses Paket enth\u00e4lt:<\/p>\n<ul>\n<li>100 ml Auto- &#038; Kissenspray<\/li>\n<li>100 ml Anti Smell Spray<\/li>\n<li>30 ml Shampoo-Beutel<\/li>\n<\/ul>\n<p>Alle drei Produkte stammen aus unserer <a href=\"https:\/\/frenkylewis.com\/de\/c\/duft-weise-rose-lavendel-ylang-ylang\/\">Oc\u00e9an <\/a>Duftlinie. Verw\u00f6hne deinen Hund maximal mit den frischen D\u00fcften von wei\u00dfer Rose, Lavendel und Ylang Ylang.<\/p>\n","protected":false},"featured_media":14062,"comment_status":"closed","ping_status":"closed","template":"","meta":{"_acf_changed":false,"_monsterinsights_skip_tracking":false,"_monsterinsights_sitenote_active":false,"_monsterinsights_sitenote_note":"","_monsterinsights_sitenote_category":0},"product_brand":[],"product_cat":[196,199,207,175,243,282],"product_tag":[],"class_list":{"0":"post-16395","1":"product","2":"type-product","3":"status-publish","4":"has-post-thumbnail","6":"product_cat-duft-weise-rose-lavendel-ylang-ylang","7":"product_cat-dufte","8":"product_cat-feiertagspakete","9":"product_cat-geschenkpakete","10":"product_cat-pflegeprodukte","11":"product_cat-signature","13":"first","14":"instock","15":"taxable","16":"shipping-taxable","17":"purchasable","18":"product-type-simple"},"acf":[],"yoast_head":"<!-- This site is optimized with the Yoast SEO plugin v26.9 - https:\/\/yoast.com\/product\/yoast-seo-wordpress\/ -->\n<title>Holiday-Paket Wei\u00dfe Rose, Lavendel &amp; Ylang Ylang - Frenky Lewis<\/title>\n<meta name=\"robots\" content=\"index, follow, max-snippet:-1, max-image-preview:large, max-video-preview:-1\" \/>\n<link rel=\"canonical\" href=\"https:\/\/frenkylewis.com\/p\/ocean-holiday-pakket\/\" \/>\n<meta property=\"og:locale\" content=\"de_DE\" \/>\n<meta property=\"og:type\" content=\"article\" \/>\n<meta property=\"og:title\" content=\"Holiday-Paket Wei\u00dfe Rose, Lavendel &amp; Ylang Ylang - Frenky Lewis\" \/>\n<meta property=\"og:description\" content=\"Dieses Paket enth\u00e4lt:   100 ml Auto- &amp; Kissenspray  100 ml Anti Smell Spray  30 ml Shampoo-Beutel  Alle drei Produkte stammen aus unserer Oc\u00e9an Duftlinie. Verw\u00f6hne deinen Hund maximal mit den frischen D\u00fcften von wei\u00dfer Rose, Lavendel und Ylang Ylang.\" \/>\n<meta property=\"og:url\" content=\"https:\/\/frenkylewis.com\/p\/ocean-holiday-pakket\/\" \/>\n<meta property=\"og:site_name\" content=\"Frenky Lewis\" \/>\n<meta property=\"article:modified_time\" content=\"2026-03-09T20:15:05+00:00\" \/>\n<meta property=\"og:image\" content=\"https:\/\/frenkylewis.com\/wp-content\/uploads\/2025\/07\/holiday-pakket-hong-geur-shampoo-blauw-set.webp\" \/>\n\t<meta property=\"og:image:width\" content=\"1080\" \/>\n\t<meta property=\"og:image:height\" content=\"1080\" \/>\n\t<meta property=\"og:image:type\" content=\"image\/webp\" \/>\n<meta name=\"twitter:card\" content=\"summary_large_image\" \/>\n<script type=\"application\/ld+json\" class=\"yoast-schema-graph\">{\"@context\":\"https:\/\/schema.org\",\"@graph\":[{\"@type\":\"WebPage\",\"@id\":\"https:\/\/frenkylewis.com\/p\/ocean-holiday-pakket\/\",\"url\":\"https:\/\/frenkylewis.com\/p\/ocean-holiday-pakket\/\",\"name\":\"Holiday-Paket Wei\u00dfe Rose, Lavendel & Ylang Ylang - Frenky Lewis\",\"isPartOf\":{\"@id\":\"https:\/\/frenkylewis.com\/#website\"},\"primaryImageOfPage\":{\"@id\":\"https:\/\/frenkylewis.com\/p\/ocean-holiday-pakket\/#primaryimage\"},\"image\":{\"@id\":\"https:\/\/frenkylewis.com\/p\/ocean-holiday-pakket\/#primaryimage\"},\"thumbnailUrl\":\"https:\/\/frenkylewis.com\/wp-content\/uploads\/2025\/07\/holiday-pakket-hong-geur-shampoo-blauw-set.webp\",\"datePublished\":\"2025-07-17T11:22:56+00:00\",\"dateModified\":\"2026-03-09T20:15:05+00:00\",\"breadcrumb\":{\"@id\":\"https:\/\/frenkylewis.com\/p\/ocean-holiday-pakket\/#breadcrumb\"},\"inLanguage\":\"de\",\"potentialAction\":[{\"@type\":\"ReadAction\",\"target\":[\"https:\/\/frenkylewis.com\/p\/ocean-holiday-pakket\/\"]}]},{\"@type\":\"ImageObject\",\"inLanguage\":\"de\",\"@id\":\"https:\/\/frenkylewis.com\/p\/ocean-holiday-pakket\/#primaryimage\",\"url\":\"https:\/\/frenkylewis.com\/wp-content\/uploads\/2025\/07\/holiday-pakket-hong-geur-shampoo-blauw-set.webp\",\"contentUrl\":\"https:\/\/frenkylewis.com\/wp-content\/uploads\/2025\/07\/holiday-pakket-hong-geur-shampoo-blauw-set.webp\",\"width\":1080,\"height\":1080,\"caption\":\"holiday pakket hong geur shampoo blauw set\"},{\"@type\":\"BreadcrumbList\",\"@id\":\"https:\/\/frenkylewis.com\/p\/ocean-holiday-pakket\/#breadcrumb\",\"itemListElement\":[{\"@type\":\"ListItem\",\"position\":1,\"name\":\"Home\",\"item\":\"https:\/\/frenkylewis.com\/\"},{\"@type\":\"ListItem\",\"position\":2,\"name\":\"Shop\",\"item\":\"https:\/\/frenkylewis.com\/de\/shop\/\"},{\"@type\":\"ListItem\",\"position\":3,\"name\":\"Holiday-Paket Wei\u00dfe Rose, Lavendel &#038; Ylang Ylang\"}]},{\"@type\":\"WebSite\",\"@id\":\"https:\/\/frenkylewis.com\/#website\",\"url\":\"https:\/\/frenkylewis.com\/\",\"name\":\"Frenky Lewis\",\"description\":\"100% natural dogcare\",\"publisher\":{\"@id\":\"https:\/\/frenkylewis.com\/#organization\"},\"potentialAction\":[{\"@type\":\"SearchAction\",\"target\":{\"@type\":\"EntryPoint\",\"urlTemplate\":\"https:\/\/frenkylewis.com\/?s={search_term_string}\"},\"query-input\":{\"@type\":\"PropertyValueSpecification\",\"valueRequired\":true,\"valueName\":\"search_term_string\"}}],\"inLanguage\":\"de\"},{\"@type\":\"Organization\",\"@id\":\"https:\/\/frenkylewis.com\/#organization\",\"name\":\"Frenky Lewis\",\"url\":\"https:\/\/frenkylewis.com\/\",\"logo\":{\"@type\":\"ImageObject\",\"inLanguage\":\"de\",\"@id\":\"https:\/\/frenkylewis.com\/#\/schema\/logo\/image\/\",\"url\":\"https:\/\/frenkylewis.com\/wp-content\/uploads\/2022\/08\/logo-black.png\",\"contentUrl\":\"https:\/\/frenkylewis.com\/wp-content\/uploads\/2022\/08\/logo-black.png\",\"width\":2607,\"height\":661,\"caption\":\"Frenky Lewis\"},\"image\":{\"@id\":\"https:\/\/frenkylewis.com\/#\/schema\/logo\/image\/\"}}]}<\/script>\n<!-- \/ Yoast SEO plugin. -->","yoast_head_json":{"title":"Holiday-Paket Wei\u00dfe Rose, Lavendel & Ylang Ylang - Frenky Lewis","robots":{"index":"index","follow":"follow","max-snippet":"max-snippet:-1","max-image-preview":"max-image-preview:large","max-video-preview":"max-video-preview:-1"},"canonical":"https:\/\/frenkylewis.com\/p\/ocean-holiday-pakket\/","og_locale":"de_DE","og_type":"article","og_title":"Holiday-Paket Wei\u00dfe Rose, Lavendel & Ylang Ylang - Frenky Lewis","og_description":"Dieses Paket enth\u00e4lt:   100 ml Auto- & Kissenspray  100 ml Anti Smell Spray  30 ml Shampoo-Beutel  Alle drei Produkte stammen aus unserer Oc\u00e9an Duftlinie. Verw\u00f6hne deinen Hund maximal mit den frischen D\u00fcften von wei\u00dfer Rose, Lavendel und Ylang Ylang.","og_url":"https:\/\/frenkylewis.com\/p\/ocean-holiday-pakket\/","og_site_name":"Frenky Lewis","article_modified_time":"2026-03-09T20:15:05+00:00","og_image":[{"width":1080,"height":1080,"url":"https:\/\/frenkylewis.com\/wp-content\/uploads\/2025\/07\/holiday-pakket-hong-geur-shampoo-blauw-set.webp","type":"image\/webp"}],"twitter_card":"summary_large_image","schema":{"@context":"https:\/\/schema.org","@graph":[{"@type":"WebPage","@id":"https:\/\/frenkylewis.com\/p\/ocean-holiday-pakket\/","url":"https:\/\/frenkylewis.com\/p\/ocean-holiday-pakket\/","name":"Holiday-Paket Wei\u00dfe Rose, Lavendel & Ylang Ylang - Frenky Lewis","isPartOf":{"@id":"https:\/\/frenkylewis.com\/#website"},"primaryImageOfPage":{"@id":"https:\/\/frenkylewis.com\/p\/ocean-holiday-pakket\/#primaryimage"},"image":{"@id":"https:\/\/frenkylewis.com\/p\/ocean-holiday-pakket\/#primaryimage"},"thumbnailUrl":"https:\/\/frenkylewis.com\/wp-content\/uploads\/2025\/07\/holiday-pakket-hong-geur-shampoo-blauw-set.webp","datePublished":"2025-07-17T11:22:56+00:00","dateModified":"2026-03-09T20:15:05+00:00","breadcrumb":{"@id":"https:\/\/frenkylewis.com\/p\/ocean-holiday-pakket\/#breadcrumb"},"inLanguage":"de","potentialAction":[{"@type":"ReadAction","target":["https:\/\/frenkylewis.com\/p\/ocean-holiday-pakket\/"]}]},{"@type":"ImageObject","inLanguage":"de","@id":"https:\/\/frenkylewis.com\/p\/ocean-holiday-pakket\/#primaryimage","url":"https:\/\/frenkylewis.com\/wp-content\/uploads\/2025\/07\/holiday-pakket-hong-geur-shampoo-blauw-set.webp","contentUrl":"https:\/\/frenkylewis.com\/wp-content\/uploads\/2025\/07\/holiday-pakket-hong-geur-shampoo-blauw-set.webp","width":1080,"height":1080,"caption":"holiday pakket hong geur shampoo blauw set"},{"@type":"BreadcrumbList","@id":"https:\/\/frenkylewis.com\/p\/ocean-holiday-pakket\/#breadcrumb","itemListElement":[{"@type":"ListItem","position":1,"name":"Home","item":"https:\/\/frenkylewis.com\/"},{"@type":"ListItem","position":2,"name":"Shop","item":"https:\/\/frenkylewis.com\/de\/shop\/"},{"@type":"ListItem","position":3,"name":"Holiday-Paket Wei\u00dfe Rose, Lavendel &#038; Ylang Ylang"}]},{"@type":"WebSite","@id":"https:\/\/frenkylewis.com\/#website","url":"https:\/\/frenkylewis.com\/","name":"Frenky Lewis","description":"100% natural dogcare","publisher":{"@id":"https:\/\/frenkylewis.com\/#organization"},"potentialAction":[{"@type":"SearchAction","target":{"@type":"EntryPoint","urlTemplate":"https:\/\/frenkylewis.com\/?s={search_term_string}"},"query-input":{"@type":"PropertyValueSpecification","valueRequired":true,"valueName":"search_term_string"}}],"inLanguage":"de"},{"@type":"Organization","@id":"https:\/\/frenkylewis.com\/#organization","name":"Frenky Lewis","url":"https:\/\/frenkylewis.com\/","logo":{"@type":"ImageObject","inLanguage":"de","@id":"https:\/\/frenkylewis.com\/#\/schema\/logo\/image\/","url":"https:\/\/frenkylewis.com\/wp-content\/uploads\/2022\/08\/logo-black.png","contentUrl":"https:\/\/frenkylewis.com\/wp-content\/uploads\/2022\/08\/logo-black.png","width":2607,"height":661,"caption":"Frenky Lewis"},"image":{"@id":"https:\/\/frenkylewis.com\/#\/schema\/logo\/image\/"}}]}},"_links":{"self":[{"href":"https:\/\/frenkylewis.com\/de\/wp-json\/wp\/v2\/product\/16395","targetHints":{"allow":["GET"]}}],"collection":[{"href":"https:\/\/frenkylewis.com\/de\/wp-json\/wp\/v2\/product"}],"about":[{"href":"https:\/\/frenkylewis.com\/de\/wp-json\/wp\/v2\/types\/product"}],"replies":[{"embeddable":true,"href":"https:\/\/frenkylewis.com\/de\/wp-json\/wp\/v2\/comments?post=16395"}],"wp:featuredmedia":[{"embeddable":true,"href":"https:\/\/frenkylewis.com\/de\/wp-json\/wp\/v2\/media\/14062"}],"wp:attachment":[{"href":"https:\/\/frenkylewis.com\/de\/wp-json\/wp\/v2\/media?parent=16395"}],"wp:term":[{"taxonomy":"product_brand","embeddable":true,"href":"https:\/\/frenkylewis.com\/de\/wp-json\/wp\/v2\/product_brand?post=16395"},{"taxonomy":"product_cat","embeddable":true,"href":"https:\/\/frenkylewis.com\/de\/wp-json\/wp\/v2\/product_cat?post=16395"},{"taxonomy":"product_tag","embeddable":true,"href":"https:\/\/frenkylewis.com\/de\/wp-json\/wp\/v2\/product_tag?post=16395"}],"curies":[{"name":"wp","href":"https:\/\/api.w.org\/{rel}","templated":true}]}}