{"id":16389,"date":"2025-07-30T12:51:32","date_gmt":"2025-07-30T10:51:32","guid":{"rendered":"https:\/\/frenkylewis.com\/p\/welpenpaket-sandalwood-jasmine-vanilla-de\/"},"modified":"2026-03-09T21:15:04","modified_gmt":"2026-03-09T20:15:04","slug":"welpenpaket-sandalwood-jasmine-vanilla-de","status":"publish","type":"product","link":"https:\/\/frenkylewis.com\/de\/p\/welpenpaket-sandalwood-jasmine-vanilla-de\/","title":{"rendered":"Welpenpaket Sandalwood, Jasmine &#038; Vanilla"},"content":{"rendered":"<p>Wenn du uns den Namen deines Welpen schickst, tragen wir ihn auf der Box ein. So wird es ein personalisiertes Welpengeschenk!<\/p>\n<p>Wusstest du, dass wir auch ein <a href=\"https:\/\/frenkylewis.com\/?post_type=product&#038;p=10044\">dreiteiliges Wild Garden Paket<\/a> mit unserem Shampoo, Trockenshampoo\/Conditioner Spray &#038; Parf\u00fcm haben? Oder schau dir unser Paket mit den <a href=\"https:\/\/frenkylewis.com\/de\/p\/auto-kissenspray-anti-smell-spray-sandelholz-jasmin-vanille-de\/\">Wild Garden Duftsprays<\/a> an.<\/p>\n","protected":false},"excerpt":{"rendered":"<p>Dieses Paket enth\u00e4lt:<\/p>\n<ul>\n<li>200ml Hundeshampoo<\/li>\n<li>150ml Hunde-Conditioner &#038; Trockenshampoo<\/li>\n<li>Anti Smell Spray<\/li>\n<li>Hundespielzeug<\/li>\n<\/ul>\n<p>Verw\u00f6hne deinen Welpen maximal mit den frischen D\u00fcften von Sandelholz, Jasmin &#038; Vanille.<\/p>\n","protected":false},"featured_media":14894,"comment_status":"closed","ping_status":"closed","template":"","meta":{"_acf_changed":false,"_monsterinsights_skip_tracking":false,"_monsterinsights_sitenote_active":false,"_monsterinsights_sitenote_note":"","_monsterinsights_sitenote_category":0},"product_brand":[],"product_cat":[193,199,175,287,243,282,234],"product_tag":[],"class_list":{"0":"post-16389","1":"product","2":"type-product","3":"status-publish","4":"has-post-thumbnail","6":"product_cat-duft-sandelholz-jasmin-vanille","7":"product_cat-dufte","8":"product_cat-geschenkpakete","9":"product_cat-neu-bei-frenky-lewis","10":"product_cat-pflegeprodukte","11":"product_cat-signature","12":"product_cat-welpenpaket","14":"first","15":"instock","16":"taxable","17":"shipping-taxable","18":"purchasable","19":"product-type-simple"},"acf":[],"yoast_head":"<!-- This site is optimized with the Yoast SEO plugin v26.9 - https:\/\/yoast.com\/product\/yoast-seo-wordpress\/ -->\n<title>Welpenpaket Sandalwood, Jasmine &amp; Vanilla - Frenky Lewis<\/title>\n<meta name=\"robots\" content=\"index, follow, max-snippet:-1, max-image-preview:large, max-video-preview:-1\" \/>\n<link rel=\"canonical\" href=\"https:\/\/frenkylewis.com\/p\/puppy-pakket-sjv\/\" \/>\n<meta property=\"og:locale\" content=\"de_DE\" \/>\n<meta property=\"og:type\" content=\"article\" \/>\n<meta property=\"og:title\" content=\"Welpenpaket Sandalwood, Jasmine &amp; Vanilla - Frenky Lewis\" \/>\n<meta property=\"og:description\" content=\"Dieses Paket enth\u00e4lt:   200ml Hundeshampoo  150ml Hunde-Conditioner &amp; Trockenshampoo  Anti Smell Spray  Hundespielzeug     Verw\u00f6hne deinen Welpen maximal mit den frischen D\u00fcften von Sandelholz, Jasmin &amp; Vanille.\" \/>\n<meta property=\"og:url\" content=\"https:\/\/frenkylewis.com\/p\/puppy-pakket-sjv\/\" \/>\n<meta property=\"og:site_name\" content=\"Frenky Lewis\" \/>\n<meta property=\"article:modified_time\" content=\"2026-03-09T20:15:04+00:00\" \/>\n<meta property=\"og:image\" content=\"https:\/\/frenkylewis.com\/wp-content\/uploads\/2025\/08\/GS.SJV_.PUP-2-scaled.jpg\" \/>\n\t<meta property=\"og:image:width\" content=\"2560\" \/>\n\t<meta property=\"og:image:height\" content=\"2560\" \/>\n\t<meta property=\"og:image:type\" content=\"image\/jpeg\" \/>\n<meta name=\"twitter:card\" content=\"summary_large_image\" \/>\n<script type=\"application\/ld+json\" class=\"yoast-schema-graph\">{\"@context\":\"https:\/\/schema.org\",\"@graph\":[{\"@type\":\"WebPage\",\"@id\":\"https:\/\/frenkylewis.com\/p\/puppy-pakket-sjv\/\",\"url\":\"https:\/\/frenkylewis.com\/p\/puppy-pakket-sjv\/\",\"name\":\"Welpenpaket Sandalwood, Jasmine & Vanilla - Frenky Lewis\",\"isPartOf\":{\"@id\":\"https:\/\/frenkylewis.com\/#website\"},\"primaryImageOfPage\":{\"@id\":\"https:\/\/frenkylewis.com\/p\/puppy-pakket-sjv\/#primaryimage\"},\"image\":{\"@id\":\"https:\/\/frenkylewis.com\/p\/puppy-pakket-sjv\/#primaryimage\"},\"thumbnailUrl\":\"https:\/\/frenkylewis.com\/wp-content\/uploads\/2025\/08\/GS.SJV_.PUP-2-scaled.jpg\",\"datePublished\":\"2025-07-30T10:51:32+00:00\",\"dateModified\":\"2026-03-09T20:15:04+00:00\",\"breadcrumb\":{\"@id\":\"https:\/\/frenkylewis.com\/p\/puppy-pakket-sjv\/#breadcrumb\"},\"inLanguage\":\"de\",\"potentialAction\":[{\"@type\":\"ReadAction\",\"target\":[\"https:\/\/frenkylewis.com\/p\/puppy-pakket-sjv\/\"]}]},{\"@type\":\"ImageObject\",\"inLanguage\":\"de\",\"@id\":\"https:\/\/frenkylewis.com\/p\/puppy-pakket-sjv\/#primaryimage\",\"url\":\"https:\/\/frenkylewis.com\/wp-content\/uploads\/2025\/08\/GS.SJV_.PUP-2-scaled.jpg\",\"contentUrl\":\"https:\/\/frenkylewis.com\/wp-content\/uploads\/2025\/08\/GS.SJV_.PUP-2-scaled.jpg\",\"width\":2560,\"height\":2560},{\"@type\":\"BreadcrumbList\",\"@id\":\"https:\/\/frenkylewis.com\/p\/puppy-pakket-sjv\/#breadcrumb\",\"itemListElement\":[{\"@type\":\"ListItem\",\"position\":1,\"name\":\"Home\",\"item\":\"https:\/\/frenkylewis.com\/\"},{\"@type\":\"ListItem\",\"position\":2,\"name\":\"Shop\",\"item\":\"https:\/\/frenkylewis.com\/de\/shop\/\"},{\"@type\":\"ListItem\",\"position\":3,\"name\":\"Welpenpaket Sandalwood, Jasmine &#038; Vanilla\"}]},{\"@type\":\"WebSite\",\"@id\":\"https:\/\/frenkylewis.com\/#website\",\"url\":\"https:\/\/frenkylewis.com\/\",\"name\":\"Frenky Lewis\",\"description\":\"100% natural dogcare\",\"publisher\":{\"@id\":\"https:\/\/frenkylewis.com\/#organization\"},\"potentialAction\":[{\"@type\":\"SearchAction\",\"target\":{\"@type\":\"EntryPoint\",\"urlTemplate\":\"https:\/\/frenkylewis.com\/?s={search_term_string}\"},\"query-input\":{\"@type\":\"PropertyValueSpecification\",\"valueRequired\":true,\"valueName\":\"search_term_string\"}}],\"inLanguage\":\"de\"},{\"@type\":\"Organization\",\"@id\":\"https:\/\/frenkylewis.com\/#organization\",\"name\":\"Frenky Lewis\",\"url\":\"https:\/\/frenkylewis.com\/\",\"logo\":{\"@type\":\"ImageObject\",\"inLanguage\":\"de\",\"@id\":\"https:\/\/frenkylewis.com\/#\/schema\/logo\/image\/\",\"url\":\"https:\/\/frenkylewis.com\/wp-content\/uploads\/2022\/08\/logo-black.png\",\"contentUrl\":\"https:\/\/frenkylewis.com\/wp-content\/uploads\/2022\/08\/logo-black.png\",\"width\":2607,\"height\":661,\"caption\":\"Frenky Lewis\"},\"image\":{\"@id\":\"https:\/\/frenkylewis.com\/#\/schema\/logo\/image\/\"}}]}<\/script>\n<!-- \/ Yoast SEO plugin. -->","yoast_head_json":{"title":"Welpenpaket Sandalwood, Jasmine & Vanilla - Frenky Lewis","robots":{"index":"index","follow":"follow","max-snippet":"max-snippet:-1","max-image-preview":"max-image-preview:large","max-video-preview":"max-video-preview:-1"},"canonical":"https:\/\/frenkylewis.com\/p\/puppy-pakket-sjv\/","og_locale":"de_DE","og_type":"article","og_title":"Welpenpaket Sandalwood, Jasmine & Vanilla - Frenky Lewis","og_description":"Dieses Paket enth\u00e4lt:   200ml Hundeshampoo  150ml Hunde-Conditioner & Trockenshampoo  Anti Smell Spray  Hundespielzeug     Verw\u00f6hne deinen Welpen maximal mit den frischen D\u00fcften von Sandelholz, Jasmin & Vanille.","og_url":"https:\/\/frenkylewis.com\/p\/puppy-pakket-sjv\/","og_site_name":"Frenky Lewis","article_modified_time":"2026-03-09T20:15:04+00:00","og_image":[{"width":2560,"height":2560,"url":"https:\/\/frenkylewis.com\/wp-content\/uploads\/2025\/08\/GS.SJV_.PUP-2-scaled.jpg","type":"image\/jpeg"}],"twitter_card":"summary_large_image","schema":{"@context":"https:\/\/schema.org","@graph":[{"@type":"WebPage","@id":"https:\/\/frenkylewis.com\/p\/puppy-pakket-sjv\/","url":"https:\/\/frenkylewis.com\/p\/puppy-pakket-sjv\/","name":"Welpenpaket Sandalwood, Jasmine & Vanilla - Frenky Lewis","isPartOf":{"@id":"https:\/\/frenkylewis.com\/#website"},"primaryImageOfPage":{"@id":"https:\/\/frenkylewis.com\/p\/puppy-pakket-sjv\/#primaryimage"},"image":{"@id":"https:\/\/frenkylewis.com\/p\/puppy-pakket-sjv\/#primaryimage"},"thumbnailUrl":"https:\/\/frenkylewis.com\/wp-content\/uploads\/2025\/08\/GS.SJV_.PUP-2-scaled.jpg","datePublished":"2025-07-30T10:51:32+00:00","dateModified":"2026-03-09T20:15:04+00:00","breadcrumb":{"@id":"https:\/\/frenkylewis.com\/p\/puppy-pakket-sjv\/#breadcrumb"},"inLanguage":"de","potentialAction":[{"@type":"ReadAction","target":["https:\/\/frenkylewis.com\/p\/puppy-pakket-sjv\/"]}]},{"@type":"ImageObject","inLanguage":"de","@id":"https:\/\/frenkylewis.com\/p\/puppy-pakket-sjv\/#primaryimage","url":"https:\/\/frenkylewis.com\/wp-content\/uploads\/2025\/08\/GS.SJV_.PUP-2-scaled.jpg","contentUrl":"https:\/\/frenkylewis.com\/wp-content\/uploads\/2025\/08\/GS.SJV_.PUP-2-scaled.jpg","width":2560,"height":2560},{"@type":"BreadcrumbList","@id":"https:\/\/frenkylewis.com\/p\/puppy-pakket-sjv\/#breadcrumb","itemListElement":[{"@type":"ListItem","position":1,"name":"Home","item":"https:\/\/frenkylewis.com\/"},{"@type":"ListItem","position":2,"name":"Shop","item":"https:\/\/frenkylewis.com\/de\/shop\/"},{"@type":"ListItem","position":3,"name":"Welpenpaket Sandalwood, Jasmine &#038; Vanilla"}]},{"@type":"WebSite","@id":"https:\/\/frenkylewis.com\/#website","url":"https:\/\/frenkylewis.com\/","name":"Frenky Lewis","description":"100% natural dogcare","publisher":{"@id":"https:\/\/frenkylewis.com\/#organization"},"potentialAction":[{"@type":"SearchAction","target":{"@type":"EntryPoint","urlTemplate":"https:\/\/frenkylewis.com\/?s={search_term_string}"},"query-input":{"@type":"PropertyValueSpecification","valueRequired":true,"valueName":"search_term_string"}}],"inLanguage":"de"},{"@type":"Organization","@id":"https:\/\/frenkylewis.com\/#organization","name":"Frenky Lewis","url":"https:\/\/frenkylewis.com\/","logo":{"@type":"ImageObject","inLanguage":"de","@id":"https:\/\/frenkylewis.com\/#\/schema\/logo\/image\/","url":"https:\/\/frenkylewis.com\/wp-content\/uploads\/2022\/08\/logo-black.png","contentUrl":"https:\/\/frenkylewis.com\/wp-content\/uploads\/2022\/08\/logo-black.png","width":2607,"height":661,"caption":"Frenky Lewis"},"image":{"@id":"https:\/\/frenkylewis.com\/#\/schema\/logo\/image\/"}}]}},"_links":{"self":[{"href":"https:\/\/frenkylewis.com\/de\/wp-json\/wp\/v2\/product\/16389","targetHints":{"allow":["GET"]}}],"collection":[{"href":"https:\/\/frenkylewis.com\/de\/wp-json\/wp\/v2\/product"}],"about":[{"href":"https:\/\/frenkylewis.com\/de\/wp-json\/wp\/v2\/types\/product"}],"replies":[{"embeddable":true,"href":"https:\/\/frenkylewis.com\/de\/wp-json\/wp\/v2\/comments?post=16389"}],"wp:featuredmedia":[{"embeddable":true,"href":"https:\/\/frenkylewis.com\/de\/wp-json\/wp\/v2\/media\/14894"}],"wp:attachment":[{"href":"https:\/\/frenkylewis.com\/de\/wp-json\/wp\/v2\/media?parent=16389"}],"wp:term":[{"taxonomy":"product_brand","embeddable":true,"href":"https:\/\/frenkylewis.com\/de\/wp-json\/wp\/v2\/product_brand?post=16389"},{"taxonomy":"product_cat","embeddable":true,"href":"https:\/\/frenkylewis.com\/de\/wp-json\/wp\/v2\/product_cat?post=16389"},{"taxonomy":"product_tag","embeddable":true,"href":"https:\/\/frenkylewis.com\/de\/wp-json\/wp\/v2\/product_tag?post=16389"}],"curies":[{"name":"wp","href":"https:\/\/api.w.org\/{rel}","templated":true}]}}