{"id":16350,"date":"2022-08-05T09:00:46","date_gmt":"2022-08-05T07:00:46","guid":{"rendered":"https:\/\/frenkylewis.com\/p\/hands-free-leash-abby-green-25m-de\/"},"modified":"2026-03-09T21:14:53","modified_gmt":"2026-03-09T20:14:53","slug":"hands-free-leash-abby-green-25m-de","status":"publish","type":"product","link":"https:\/\/frenkylewis.com\/de\/p\/hands-free-leash-abby-green-25m-de\/","title":{"rendered":"Hands Free Leash &#8211; Abby Green &#8211; 2,5m"},"content":{"rendered":"<p><strong>Handgefertigt<\/strong> &#8211; Unsere Hundeleinen werden mit Freude und Leidenschaft in sozialen Werkst\u00e4tten in den Niederlanden und Deutschland handgefertigt.<\/p>\n<p><strong>Zeitgem\u00e4\u00dfe Designs<\/strong> &#8211; Mit 8 verschiedenen Designs ist f\u00fcr jeden ein Favorit dabei: auff\u00e4llig und farbenfroh oder eine ruhige Grundfarbe. Unsere Hands Free Leine kann auf 6 verschiedene Arten getragen werden und ist damit neben einem Modeaccessoire auch multifunktional.<\/p>\n<p><strong>Premium-Seil<\/strong> &#8211; Das Nylonseil, das wir verwenden, ist speziell f\u00fcr unsere Hundeleinen entwickelt worden. W\u00e4hrend die meisten Hundeleinen aus 12 bis 18 Str\u00e4ngen bestehen, bestehen unsere Leinen aus 48 Str\u00e4ngen. Diese feine Webart sorgt f\u00fcr Farbtiefe, eine luxuri\u00f6se Ausstrahlung und ein angenehmes Griffgef\u00fchl.<\/p>\n<p><strong>Stark und zuverl\u00e4ssig<\/strong> &#8211; Das Seil unserer Leinen wurde nach denselben Prinzipien wie Kletterseil entwickelt: stark, zuverl\u00e4ssig und schmutzabweisend. Die Befestigungsclips haben eine Bruchfestigkeit von nicht weniger als 240 kg und sind damit sicher f\u00fcr starke Hunde. Jede Leine wird von unserer Werkstatt getestet und streng kontrolliert.<\/p>\n<p><strong>Wasserabweisend &#8211;<\/strong> Die Leinen sind schmutz- und wasserabweisend und sch\u00fctzen vor Schimmel und F\u00e4ulnis. Die Lebensdauer einer Frenky Lewis Leine ist daher sehr lang: Sie h\u00e4lt ein Hundeleben lang, vorausgesetzt der Hund setzt seine Z\u00e4hne nicht ins Seil.<\/p>\n","protected":false},"excerpt":{"rendered":"<p>Handgefertigt &#8211; Unsere Hundeleinen werden mit Freude und Leidenschaft in sozialen Werkst\u00e4tten in den Niederlanden und Deutschland handgefertigt. Zeitgem\u00e4\u00dfe Designs &#8211; Mit 8 verschiedenen Designs ist f\u00fcr jeden ein Favorit dabei: auff\u00e4llig und farbenfroh oder eine ruhige Grundfarbe. Unsere Hands Free Leine kann auf 6 verschiedene Arten getragen werden und ist damit neben einem Modeaccessoire &#8230; <a title=\"Hands Free Leash &#8211; Abby Green &#8211; 2,5m\" class=\"read-more\" href=\"https:\/\/frenkylewis.com\/de\/p\/hands-free-leash-abby-green-25m-de\/\" aria-label=\"Mehr Informationen \u00fcber Hands Free Leash &#8211; Abby Green &#8211; 2,5m\">Weiterlesen<\/a><\/p>\n","protected":false},"featured_media":5195,"comment_status":"closed","ping_status":"closed","template":"","meta":{"_acf_changed":false,"_monsterinsights_skip_tracking":false,"_monsterinsights_sitenote_active":false,"_monsterinsights_sitenote_note":"","_monsterinsights_sitenote_category":0},"product_brand":[],"product_cat":[204,210],"product_tag":[],"class_list":{"0":"post-16350","1":"product","2":"type-product","3":"status-publish","4":"has-post-thumbnail","6":"product_cat-hands-free-hundeleinen","7":"product_cat-hunde","9":"first","10":"outofstock","11":"taxable","12":"shipping-taxable","13":"purchasable","14":"product-type-simple"},"acf":[],"yoast_head":"<!-- This site is optimized with the Yoast SEO plugin v26.9 - https:\/\/yoast.com\/product\/yoast-seo-wordpress\/ -->\n<title>Hands Free Leash - Abby Green - 2,5m - Frenky Lewis<\/title>\n<meta name=\"robots\" content=\"index, follow, max-snippet:-1, max-image-preview:large, max-video-preview:-1\" \/>\n<link rel=\"canonical\" href=\"https:\/\/frenkylewis.com\/p\/hands-free-leash-abby-green\/\" \/>\n<meta property=\"og:locale\" content=\"de_DE\" \/>\n<meta property=\"og:type\" content=\"article\" \/>\n<meta property=\"og:title\" content=\"Hands Free Leash - Abby Green - 2,5m - Frenky Lewis\" \/>\n<meta property=\"og:description\" content=\"Handgefertigt &#8211; Unsere Hundeleinen werden mit Freude und Leidenschaft in sozialen Werkst\u00e4tten in den Niederlanden und Deutschland handgefertigt. Zeitgem\u00e4\u00dfe Designs &#8211; Mit 8 verschiedenen Designs ist f\u00fcr jeden ein Favorit dabei: auff\u00e4llig und farbenfroh oder eine ruhige Grundfarbe. Unsere Hands Free Leine kann auf 6 verschiedene Arten getragen werden und ist damit neben einem Modeaccessoire ... Weiterlesen\" \/>\n<meta property=\"og:url\" content=\"https:\/\/frenkylewis.com\/p\/hands-free-leash-abby-green\/\" \/>\n<meta property=\"og:site_name\" content=\"Frenky Lewis\" \/>\n<meta property=\"article:modified_time\" content=\"2026-03-09T20:14:53+00:00\" \/>\n<meta property=\"og:image\" content=\"https:\/\/frenkylewis.com\/wp-content\/uploads\/2023\/01\/HFL-CloseWebshop-12-scaled.jpg\" \/>\n\t<meta property=\"og:image:width\" content=\"1439\" \/>\n\t<meta property=\"og:image:height\" content=\"2560\" \/>\n\t<meta property=\"og:image:type\" content=\"image\/jpeg\" \/>\n<meta name=\"twitter:card\" content=\"summary_large_image\" \/>\n<meta name=\"twitter:label1\" content=\"Gesch\u00e4tzte Lesezeit\" \/>\n\t<meta name=\"twitter:data1\" content=\"1\u00a0Minute\" \/>\n<script type=\"application\/ld+json\" class=\"yoast-schema-graph\">{\"@context\":\"https:\/\/schema.org\",\"@graph\":[{\"@type\":\"WebPage\",\"@id\":\"https:\/\/frenkylewis.com\/p\/hands-free-leash-abby-green\/\",\"url\":\"https:\/\/frenkylewis.com\/p\/hands-free-leash-abby-green\/\",\"name\":\"Hands Free Leash - Abby Green - 2,5m - Frenky Lewis\",\"isPartOf\":{\"@id\":\"https:\/\/frenkylewis.com\/#website\"},\"primaryImageOfPage\":{\"@id\":\"https:\/\/frenkylewis.com\/p\/hands-free-leash-abby-green\/#primaryimage\"},\"image\":{\"@id\":\"https:\/\/frenkylewis.com\/p\/hands-free-leash-abby-green\/#primaryimage\"},\"thumbnailUrl\":\"https:\/\/frenkylewis.com\/wp-content\/uploads\/2023\/01\/HFL-TOTWebshop-22-scaled.jpg\",\"datePublished\":\"2022-08-05T07:00:46+00:00\",\"dateModified\":\"2026-03-09T20:14:53+00:00\",\"breadcrumb\":{\"@id\":\"https:\/\/frenkylewis.com\/p\/hands-free-leash-abby-green\/#breadcrumb\"},\"inLanguage\":\"de\",\"potentialAction\":[{\"@type\":\"ReadAction\",\"target\":[\"https:\/\/frenkylewis.com\/p\/hands-free-leash-abby-green\/\"]}]},{\"@type\":\"ImageObject\",\"inLanguage\":\"de\",\"@id\":\"https:\/\/frenkylewis.com\/p\/hands-free-leash-abby-green\/#primaryimage\",\"url\":\"https:\/\/frenkylewis.com\/wp-content\/uploads\/2023\/01\/HFL-TOTWebshop-22-scaled.jpg\",\"contentUrl\":\"https:\/\/frenkylewis.com\/wp-content\/uploads\/2023\/01\/HFL-TOTWebshop-22-scaled.jpg\",\"width\":2560,\"height\":1439},{\"@type\":\"BreadcrumbList\",\"@id\":\"https:\/\/frenkylewis.com\/p\/hands-free-leash-abby-green\/#breadcrumb\",\"itemListElement\":[{\"@type\":\"ListItem\",\"position\":1,\"name\":\"Home\",\"item\":\"https:\/\/frenkylewis.com\/\"},{\"@type\":\"ListItem\",\"position\":2,\"name\":\"Shop\",\"item\":\"https:\/\/frenkylewis.com\/de\/shop\/\"},{\"@type\":\"ListItem\",\"position\":3,\"name\":\"Hands Free Leash &#8211; Abby Green &#8211; 2,5m\"}]},{\"@type\":\"WebSite\",\"@id\":\"https:\/\/frenkylewis.com\/#website\",\"url\":\"https:\/\/frenkylewis.com\/\",\"name\":\"Frenky Lewis\",\"description\":\"100% natural dogcare\",\"publisher\":{\"@id\":\"https:\/\/frenkylewis.com\/#organization\"},\"potentialAction\":[{\"@type\":\"SearchAction\",\"target\":{\"@type\":\"EntryPoint\",\"urlTemplate\":\"https:\/\/frenkylewis.com\/?s={search_term_string}\"},\"query-input\":{\"@type\":\"PropertyValueSpecification\",\"valueRequired\":true,\"valueName\":\"search_term_string\"}}],\"inLanguage\":\"de\"},{\"@type\":\"Organization\",\"@id\":\"https:\/\/frenkylewis.com\/#organization\",\"name\":\"Frenky Lewis\",\"url\":\"https:\/\/frenkylewis.com\/\",\"logo\":{\"@type\":\"ImageObject\",\"inLanguage\":\"de\",\"@id\":\"https:\/\/frenkylewis.com\/#\/schema\/logo\/image\/\",\"url\":\"https:\/\/frenkylewis.com\/wp-content\/uploads\/2022\/08\/logo-black.png\",\"contentUrl\":\"https:\/\/frenkylewis.com\/wp-content\/uploads\/2022\/08\/logo-black.png\",\"width\":2607,\"height\":661,\"caption\":\"Frenky Lewis\"},\"image\":{\"@id\":\"https:\/\/frenkylewis.com\/#\/schema\/logo\/image\/\"}}]}<\/script>\n<!-- \/ Yoast SEO plugin. -->","yoast_head_json":{"title":"Hands Free Leash - Abby Green - 2,5m - Frenky Lewis","robots":{"index":"index","follow":"follow","max-snippet":"max-snippet:-1","max-image-preview":"max-image-preview:large","max-video-preview":"max-video-preview:-1"},"canonical":"https:\/\/frenkylewis.com\/p\/hands-free-leash-abby-green\/","og_locale":"de_DE","og_type":"article","og_title":"Hands Free Leash - Abby Green - 2,5m - Frenky Lewis","og_description":"Handgefertigt &#8211; Unsere Hundeleinen werden mit Freude und Leidenschaft in sozialen Werkst\u00e4tten in den Niederlanden und Deutschland handgefertigt. Zeitgem\u00e4\u00dfe Designs &#8211; Mit 8 verschiedenen Designs ist f\u00fcr jeden ein Favorit dabei: auff\u00e4llig und farbenfroh oder eine ruhige Grundfarbe. Unsere Hands Free Leine kann auf 6 verschiedene Arten getragen werden und ist damit neben einem Modeaccessoire ... Weiterlesen","og_url":"https:\/\/frenkylewis.com\/p\/hands-free-leash-abby-green\/","og_site_name":"Frenky Lewis","article_modified_time":"2026-03-09T20:14:53+00:00","og_image":[{"width":1439,"height":2560,"url":"https:\/\/frenkylewis.com\/wp-content\/uploads\/2023\/01\/HFL-CloseWebshop-12-scaled.jpg","type":"image\/jpeg"}],"twitter_card":"summary_large_image","twitter_misc":{"Gesch\u00e4tzte Lesezeit":"1\u00a0Minute"},"schema":{"@context":"https:\/\/schema.org","@graph":[{"@type":"WebPage","@id":"https:\/\/frenkylewis.com\/p\/hands-free-leash-abby-green\/","url":"https:\/\/frenkylewis.com\/p\/hands-free-leash-abby-green\/","name":"Hands Free Leash - Abby Green - 2,5m - Frenky Lewis","isPartOf":{"@id":"https:\/\/frenkylewis.com\/#website"},"primaryImageOfPage":{"@id":"https:\/\/frenkylewis.com\/p\/hands-free-leash-abby-green\/#primaryimage"},"image":{"@id":"https:\/\/frenkylewis.com\/p\/hands-free-leash-abby-green\/#primaryimage"},"thumbnailUrl":"https:\/\/frenkylewis.com\/wp-content\/uploads\/2023\/01\/HFL-TOTWebshop-22-scaled.jpg","datePublished":"2022-08-05T07:00:46+00:00","dateModified":"2026-03-09T20:14:53+00:00","breadcrumb":{"@id":"https:\/\/frenkylewis.com\/p\/hands-free-leash-abby-green\/#breadcrumb"},"inLanguage":"de","potentialAction":[{"@type":"ReadAction","target":["https:\/\/frenkylewis.com\/p\/hands-free-leash-abby-green\/"]}]},{"@type":"ImageObject","inLanguage":"de","@id":"https:\/\/frenkylewis.com\/p\/hands-free-leash-abby-green\/#primaryimage","url":"https:\/\/frenkylewis.com\/wp-content\/uploads\/2023\/01\/HFL-TOTWebshop-22-scaled.jpg","contentUrl":"https:\/\/frenkylewis.com\/wp-content\/uploads\/2023\/01\/HFL-TOTWebshop-22-scaled.jpg","width":2560,"height":1439},{"@type":"BreadcrumbList","@id":"https:\/\/frenkylewis.com\/p\/hands-free-leash-abby-green\/#breadcrumb","itemListElement":[{"@type":"ListItem","position":1,"name":"Home","item":"https:\/\/frenkylewis.com\/"},{"@type":"ListItem","position":2,"name":"Shop","item":"https:\/\/frenkylewis.com\/de\/shop\/"},{"@type":"ListItem","position":3,"name":"Hands Free Leash &#8211; Abby Green &#8211; 2,5m"}]},{"@type":"WebSite","@id":"https:\/\/frenkylewis.com\/#website","url":"https:\/\/frenkylewis.com\/","name":"Frenky Lewis","description":"100% natural dogcare","publisher":{"@id":"https:\/\/frenkylewis.com\/#organization"},"potentialAction":[{"@type":"SearchAction","target":{"@type":"EntryPoint","urlTemplate":"https:\/\/frenkylewis.com\/?s={search_term_string}"},"query-input":{"@type":"PropertyValueSpecification","valueRequired":true,"valueName":"search_term_string"}}],"inLanguage":"de"},{"@type":"Organization","@id":"https:\/\/frenkylewis.com\/#organization","name":"Frenky Lewis","url":"https:\/\/frenkylewis.com\/","logo":{"@type":"ImageObject","inLanguage":"de","@id":"https:\/\/frenkylewis.com\/#\/schema\/logo\/image\/","url":"https:\/\/frenkylewis.com\/wp-content\/uploads\/2022\/08\/logo-black.png","contentUrl":"https:\/\/frenkylewis.com\/wp-content\/uploads\/2022\/08\/logo-black.png","width":2607,"height":661,"caption":"Frenky Lewis"},"image":{"@id":"https:\/\/frenkylewis.com\/#\/schema\/logo\/image\/"}}]}},"_links":{"self":[{"href":"https:\/\/frenkylewis.com\/de\/wp-json\/wp\/v2\/product\/16350","targetHints":{"allow":["GET"]}}],"collection":[{"href":"https:\/\/frenkylewis.com\/de\/wp-json\/wp\/v2\/product"}],"about":[{"href":"https:\/\/frenkylewis.com\/de\/wp-json\/wp\/v2\/types\/product"}],"replies":[{"embeddable":true,"href":"https:\/\/frenkylewis.com\/de\/wp-json\/wp\/v2\/comments?post=16350"}],"wp:featuredmedia":[{"embeddable":true,"href":"https:\/\/frenkylewis.com\/de\/wp-json\/wp\/v2\/media\/5195"}],"wp:attachment":[{"href":"https:\/\/frenkylewis.com\/de\/wp-json\/wp\/v2\/media?parent=16350"}],"wp:term":[{"taxonomy":"product_brand","embeddable":true,"href":"https:\/\/frenkylewis.com\/de\/wp-json\/wp\/v2\/product_brand?post=16350"},{"taxonomy":"product_cat","embeddable":true,"href":"https:\/\/frenkylewis.com\/de\/wp-json\/wp\/v2\/product_cat?post=16350"},{"taxonomy":"product_tag","embeddable":true,"href":"https:\/\/frenkylewis.com\/de\/wp-json\/wp\/v2\/product_tag?post=16350"}],"curies":[{"name":"wp","href":"https:\/\/api.w.org\/{rel}","templated":true}]}}